{"id":2,"date":"2025-06-26T10:21:53","date_gmt":"2025-06-26T10:21:53","guid":{"rendered":"https:\/\/sisu.ut.ee\/metafest\/?page_id=2"},"modified":"2025-06-27T17:19:31","modified_gmt":"2025-06-27T14:19:31","slug":"sample-page","status":"publish","type":"page","link":"https:\/\/sisu.ut.ee\/metafest\/","title":{"rendered":"Projektist"},"content":{"rendered":"<p><\/p>\n\n\n\n<p class=\"has-large-font-size\">Projektil \u201c<strong>\u00dchiskondlikult oluliste teemade metafoorne m\u00f5testamine ja eesti m\u00f5istemetafooride andmebaas<\/strong>\u201d (Metafest) on kaks eesm\u00e4rki: uurida eesti keeles kasutuses olevaid m\u00f5istemetafoore ja koondada eesti keele kohta tehtud metafooriuurimuste tulemused m\u00f5istemetafooride andmebaasi.<br>Oleme valinud uurimiseks<br>1) \u00fchiskonnaelu kriitilisi aspekte m\u00f5testavad metafoorid: \u00f6koloogiline kriis, rohep\u00f6\u00f6re, kliimamuutus, s\u00f5jad ja pandeemiad, ohtude tajumine ja m\u00f5istmine. Uurime, kas ja kuidas erinevad huvigrupid v\u00f5ivad m\u00f5istemetafoore rakendades ideoloogiaid ja hoiakuid kujundada.<br>2) inimkogemust peegeldavad metafoorid: meditsiinidiskursus, vaimne tervis, rasked haigused. Eesm\u00e4rk on v\u00e4lja tuua sagedasemad metafoorid, mis on seotud haigustest m\u00f5tlemise ja r\u00e4\u00e4kimisega (nt vaenlase, s\u00f5ja, masina metafoorid). N\u00e4idata korpusandmete pealt nende sagedasemaid kasutuskontekste ja kaasnevaid m\u00f5ttemustreid, anal\u00fc\u00fcsida metafooride osa toimetulekustrateegiates.<\/p>\n\n\n\n<hr class=\"wp-block-separator has-alpha-channel-opacity\">\n\n\n\n<p class=\"has-large-font-size\">Projekt (<a href=\"https:\/\/www.etis.ee\/Portal\/Projects\/Display\/2575053d-2107-408e-ada0-634567e96108\">EKKD-TA23<\/a>) kestab 2024-2027 ning seda rahastab haridus- ja teadusministeerium riikliku programmi \u201cEesti keel ja kultuurim\u00e4lu digiajastul\u201d kaudu.<\/p>\n\n\n\n<p><\/p>\n","protected":false},"excerpt":{"rendered":"<p>Projektil \u201c\u00dchiskondlikult oluliste teemade metafoorne m\u00f5testamine ja eesti m\u00f5istemetafooride andmebaas\u201d (Metafest) on kaks eesm\u00e4rki: uurida eesti keeles kasutuses olevaid m\u00f5istemetafoore ja koondada eesti keele kohta tehtud metafooriuurimuste tulemused m\u00f5istemetafooride andmebaasi.Oleme valinud uurimiseks1) \u00fchiskonnaelu kriitilisi aspekte m\u00f5testavad metafoorid: \u00f6koloogiline kriis, rohep\u00f6\u00f6re, &#8230;<\/p>\n","protected":false},"author":22,"featured_media":0,"parent":0,"menu_order":0,"comment_status":"closed","ping_status":"open","template":"","meta":{"_acf_changed":false,"inline_featured_image":false,"footnotes":""},"class_list":["post-2","page","type-page","status-publish","hentry"],"acf":[],"_links":{"self":[{"href":"https:\/\/sisu.ut.ee\/metafest\/wp-json\/wp\/v2\/pages\/2","targetHints":{"allow":["GET"]}}],"collection":[{"href":"https:\/\/sisu.ut.ee\/metafest\/wp-json\/wp\/v2\/pages"}],"about":[{"href":"https:\/\/sisu.ut.ee\/metafest\/wp-json\/wp\/v2\/types\/page"}],"author":[{"embeddable":true,"href":"https:\/\/sisu.ut.ee\/metafest\/wp-json\/wp\/v2\/users\/22"}],"replies":[{"embeddable":true,"href":"https:\/\/sisu.ut.ee\/metafest\/wp-json\/wp\/v2\/comments?post=2"}],"version-history":[{"count":6,"href":"https:\/\/sisu.ut.ee\/metafest\/wp-json\/wp\/v2\/pages\/2\/revisions"}],"predecessor-version":[{"id":96,"href":"https:\/\/sisu.ut.ee\/metafest\/wp-json\/wp\/v2\/pages\/2\/revisions\/96"}],"wp:attachment":[{"href":"https:\/\/sisu.ut.ee\/metafest\/wp-json\/wp\/v2\/media?parent=2"}],"curies":[{"name":"wp","href":"https:\/\/api.w.org\/{rel}","templated":true}]}}