{"id":101,"date":"2025-06-28T18:24:52","date_gmt":"2025-06-28T15:24:52","guid":{"rendered":"https:\/\/sisu.ut.ee\/metafest\/?page_id=101"},"modified":"2026-03-26T18:55:34","modified_gmt":"2026-03-26T16:55:34","slug":"seminar","status":"publish","type":"page","link":"https:\/\/sisu.ut.ee\/metafest\/seminar\/","title":{"rendered":"Seminar"},"content":{"rendered":"<p><\/p>\n\n\n\n<p class=\"has-large-font-size\">Alates 2025. aasta kevadsemestrist k\u00e4ib koos metafooriseminar. Loeme ja arutame teadusartikleid. <strong>K\u00f5ik huvilised on oodatud osalema!<\/strong><\/p>\n\n\n<div class=\"accordion-block mb-3\">\n\t\t<div class=\"accordion \" id=\"accordion-accordion-69e22a5ed5df6\">\n\t\t\t\t\t\t\t<div class=\"accordion-item accordion-item--white\">\n\t\t\t\t\t<h2 class=\"accordion-header\" id=\"accordion-69e22a5ed5df6-heading-1\">\n\t\t\t\t\t\t<button class=\"accordion-button collapsed\" type=\"button\" data-bs-toggle=\"collapse\" data-bs-target=\"#accordion-69e22a5ed5df6-collapse-1\" aria-expanded=\"true\" aria-controls=\"accordion-69e22a5ed5df6-collapse-1\">\n\t\t\t\t\t\t\tKevad 2026\n\t\t\t\t\t\t<\/button>\n\t\t\t\t\t<\/h2>\n\t\t\t\t\t<div id=\"accordion-69e22a5ed5df6-collapse-1\" class=\"accordion-collapse collapse \" aria-labelledby=\"accordion-69e22a5ed5df6-heading-1\">\n\t\t\t\t\t\t<div class=\"accordion-body\">\n\t\t\t\t\t\t\t<p>Seminarid toimuvad <strong><span class=\"TextRun SCXW5606302 BCX0\" lang=\"ET-EE\" xml:lang=\"ET-EE\" data-contrast=\"auto\"><span class=\"NormalTextRun SCXW5606302 BCX0\">neljap\u00e4eviti kell 16-18 Jakobi 2-<\/span><span class=\"NormalTextRun SCXW5606302 BCX0\">427<\/span><\/span><span class=\"EOP SCXW5606302 BCX0\" data-ccp-props=\"{}\">\u00a0<\/span><\/strong><\/p>\n<p><strong><span class=\"TextRun SCXW148079798 BCX0\" lang=\"EN-US\" xml:lang=\"EN-US\" data-contrast=\"auto\"><span class=\"NormalTextRun SCXW148079798 BCX0\">12. veebruar<\/span><\/span><\/strong><span class=\"TextRun SCXW148079798 BCX0\" lang=\"EN-US\" xml:lang=\"EN-US\" data-contrast=\"auto\"><span class=\"NormalTextRun SCXW148079798 BCX0\">:\u00a0<\/span><span class=\"NormalTextRun SCXW148079798 BCX0\">Dorst, Aletta G. 2011. Personification in discourse: Linguistic forms, conceptual\u00a0<\/span><span class=\"NormalTextRun SCXW148079798 BCX0\">structures<\/span><span class=\"NormalTextRun SCXW148079798 BCX0\">\u00a0and communicative functions.\u00a0<\/span><\/span><span class=\"TextRun SCXW148079798 BCX0\" lang=\"EN-US\" xml:lang=\"EN-US\" data-contrast=\"auto\"><span class=\"NormalTextRun SCXW148079798 BCX0\">Language and Literature<\/span><\/span><span class=\"TextRun SCXW148079798 BCX0\" lang=\"EN-US\" xml:lang=\"EN-US\" data-contrast=\"auto\"><span class=\"NormalTextRun SCXW148079798 BCX0\">. 113\u2013135.\u00a0<\/span><\/span><a class=\"Hyperlink SCXW148079798 BCX0\" href=\"https:\/\/doi.org\/10.1177\/0963947010395522\" target=\"_blank\" rel=\"noreferrer noopener\"><span class=\"TextRun Underlined SCXW148079798 BCX0\" lang=\"EN-US\" xml:lang=\"EN-US\" data-contrast=\"none\"><span class=\"NormalTextRun SCXW148079798 BCX0\" data-ccp-charstyle=\"Hyperlink\">https:\/\/doi.org\/10.1177\/0963947010395522<\/span><\/span><\/a><span class=\"TextRun SCXW148079798 BCX0\" lang=\"EN-US\" xml:lang=\"EN-US\" data-contrast=\"auto\"><span class=\"NormalTextRun SCXW148079798 BCX0\">.<\/span><span class=\"NormalTextRun SCXW148079798 BCX0\">\u00a0<\/span><\/span><span class=\"EOP SCXW148079798 BCX0\" data-ccp-props=\"{}\">\u00a0<\/span><\/p>\n<p><strong><span class=\"TextRun SCXW88437466 BCX0\" lang=\"EN-US\" xml:lang=\"EN-US\" data-contrast=\"auto\"><span class=\"NormalTextRun SCXW88437466 BCX0\">12. m\u00e4rts<\/span><\/span><\/strong><span class=\"TextRun SCXW88437466 BCX0\" lang=\"EN-US\" xml:lang=\"EN-US\" data-contrast=\"auto\"><span class=\"NormalTextRun SCXW88437466 BCX0\">:\u00a0<\/span><span class=\"NormalTextRun SCXW88437466 BCX0\">Strik<\/span><span class=\"NormalTextRun SCXW88437466 BCX0\">\u00a0Lievers, Francesca 2023. Types of metaphors and their structure: annotation guidelines between theory and practice. In: Prandi, M &amp; Rossi, M. (eds.)\u00a0<\/span><\/span><span class=\"TextRun SCXW88437466 BCX0\" lang=\"EN-US\" xml:lang=\"EN-US\" data-contrast=\"auto\"><span class=\"NormalTextRun SCXW88437466 BCX0\">Researching Metaphors. Towards a comprehensive account,\u00a0<\/span><\/span><span class=\"TextRun SCXW88437466 BCX0\" lang=\"EN-US\" xml:lang=\"EN-US\" data-contrast=\"auto\"><span class=\"NormalTextRun SCXW88437466 BCX0\">91-107. New York and London: Routledge.\u00a0<\/span><\/span><\/p>\n<p><strong><span class=\"TextRun SCXW227774349 BCX0\" lang=\"ET-EE\" xml:lang=\"ET-EE\" data-contrast=\"auto\"><span class=\"NormalTextRun SCXW227774349 BCX0\">26. m\u00e4rts<\/span><\/span><\/strong><span class=\"TextRun SCXW227774349 BCX0\" lang=\"ET-EE\" xml:lang=\"ET-EE\" data-contrast=\"auto\"><span class=\"NormalTextRun SCXW227774349 BCX0\">:\u00a0<\/span><\/span><span class=\"TextRun SCXW227774349 BCX0\" lang=\"EN-US\" xml:lang=\"EN-US\" data-contrast=\"none\"><span class=\"NormalTextRun SCXW227774349 BCX0\">Wojciech Lewandowski,\u00a0<\/span><span class=\"NormalTextRun SCXW227774349 BCX0\">\u015eeyda<\/span><span class=\"NormalTextRun SCXW227774349 BCX0\">\u00a0<\/span><span class=\"NormalTextRun SCXW227774349 BCX0\">\u00d6z\u00e7al\u0131\u015fkan<\/span><span class=\"NormalTextRun SCXW227774349 BCX0\">\u00a02025. Do metaphors we move by\u00a0<\/span><span class=\"NormalTextRun SCXW227774349 BCX0\">follow<\/span><span class=\"NormalTextRun SCXW227774349 BCX0\">\u00a0the same patterns across structurally different languages? \u2014\u00a0<\/span><\/span><span class=\"TextRun SCXW227774349 BCX0\" lang=\"EN-US\" xml:lang=\"EN-US\" data-contrast=\"none\"><span class=\"NormalTextRun SCXW227774349 BCX0\">Language Sciences<\/span><\/span><span class=\"TextRun SCXW227774349 BCX0\" lang=\"EN-US\" xml:lang=\"EN-US\" data-contrast=\"none\"><span class=\"NormalTextRun SCXW227774349 BCX0\">, Vol 112, November 2025, 101757.<\/span><span class=\"NormalTextRun SCXW227774349 BCX0\">\u00a0<\/span><span class=\"NormalTextRun SCXW227774349 BCX0\">\u00a0<\/span><\/span><a class=\"Hyperlink SCXW227774349 BCX0\" href=\"https:\/\/doi.org\/10.1016\/j.langsci.2025.101757\" target=\"_blank\" rel=\"noreferrer noopener\"><span class=\"TextRun SCXW227774349 BCX0\" lang=\"EN-US\" xml:lang=\"EN-US\" data-contrast=\"none\"><span class=\"NormalTextRun SCXW227774349 BCX0\" data-ccp-charstyle=\"Hyperlink\">https:\/\/doi.org\/10.1016\/j.langsci.2025.101757<\/span><\/span><\/a><span class=\"TextRun SCXW227774349 BCX0\" lang=\"EN-US\" xml:lang=\"EN-US\" data-contrast=\"none\"><span class=\"NormalTextRun SCXW227774349 BCX0\">\u00a0<\/span><\/span><span class=\"EOP SCXW227774349 BCX0\" data-ccp-props=\"{}\">\u00a0<\/span><\/p>\n<p><strong><span class=\"TextRun SCXW230605374 BCX0\" lang=\"EN-US\" xml:lang=\"EN-US\" data-contrast=\"auto\"><span class=\"NormalTextRun SCXW230605374 BCX0\">23. aprill:<\/span><\/span><\/strong><span class=\"TextRun SCXW230605374 BCX0\" lang=\"EN-US\" xml:lang=\"EN-US\" data-contrast=\"auto\"><span class=\"NormalTextRun SCXW230605374 BCX0\">\u00a0<\/span><span class=\"NormalTextRun SCXW230605374 BCX0\">Karin Rechsteiner, Andreas\u00a0<\/span><span class=\"NormalTextRun SCXW230605374 BCX0\">Maercker<\/span><span class=\"NormalTextRun SCXW230605374 BCX0\">, Eva Heim, Iara Meili 2020. Metaphors For Trauma: A Cross-Cultural Qualitative Comparison in Brazil, India, Poland, and Switzerland.\u00a0<\/span><\/span><span class=\"TextRun SCXW230605374 BCX0\" lang=\"EN-US\" xml:lang=\"EN-US\" data-contrast=\"auto\"><span class=\"NormalTextRun SCXW230605374 BCX0\">Journal of Traumatic Stress<\/span><\/span><span class=\"TextRun SCXW230605374 BCX0\" lang=\"EN-US\" xml:lang=\"EN-US\" data-contrast=\"auto\"><span class=\"NormalTextRun SCXW230605374 BCX0\">.<\/span><span class=\"NormalTextRun SCXW230605374 BCX0\">\u00a0Volume33, Issue5, Pages 643-653.\u00a0<\/span><\/span><a class=\"Hyperlink SCXW230605374 BCX0\" href=\"https:\/\/doi.org\/10.1002\/jts.22533\" target=\"_blank\" rel=\"noreferrer noopener\"><span class=\"TextRun SCXW230605374 BCX0\" lang=\"EN-US\" xml:lang=\"EN-US\" data-contrast=\"none\"><span class=\"NormalTextRun SCXW230605374 BCX0\" data-ccp-charstyle=\"Hyperlink\">https:\/\/doi.org\/10.1002\/jts.22533<\/span><\/span><\/a><span class=\"TextRun SCXW230605374 BCX0\" lang=\"EN-US\" xml:lang=\"EN-US\" data-contrast=\"none\"><span class=\"NormalTextRun SCXW230605374 BCX0\">\u00a0<\/span><\/span><span class=\"EOP SCXW230605374 BCX0\" data-ccp-props=\"{}\">\u00a0<\/span><\/p>\n<p><span class=\"TextRun SCXW184382927 BCX0\" lang=\"EN-US\" xml:lang=\"EN-US\" data-contrast=\"auto\"><strong><span class=\"NormalTextRun SCXW184382927 BCX0\">07. mai<\/span><\/strong><span class=\"NormalTextRun SCXW184382927 BCX0\">:\u00a0<\/span><span class=\"NormalTextRun SCXW184382927 BCX0\">Molly Xie Pan 2023. Personification metaphors in Chinese video ads: Insights from data analytics. In\u00a0<\/span><span class=\"NormalTextRun SCXW184382927 BCX0\">Dennis Tay, Molly Xie Pan<\/span><span class=\"NormalTextRun SCXW184382927 BCX0\">\u00a0(eds.)<\/span><span class=\"NormalTextRun SCXW184382927 BCX0\">\u00a0<\/span><\/span><span class=\"TextRun SCXW184382927 BCX0\" lang=\"EN-US\" xml:lang=\"EN-US\" data-contrast=\"auto\"><span class=\"NormalTextRun SCXW184382927 BCX0\">Data Analytics in Cognitive Linguistics. Methods and Ins<\/span><span class=\"NormalTextRun SCXW184382927 BCX0\">i<\/span><span class=\"NormalTextRun SCXW184382927 BCX0\">ghts,\u00a0<\/span><\/span><span class=\"TextRun SCXW184382927 BCX0\" lang=\"EN-US\" xml:lang=\"EN-US\" data-contrast=\"auto\"><span class=\"NormalTextRun SCXW184382927 BCX0\">169-1<\/span><span class=\"NormalTextRun SCXW184382927 BCX0\">96.\u00a0<\/span><span class=\"NormalTextRun SCXW184382927 BCX0\">De Gruyter Mouton.<\/span><span class=\"NormalTextRun SCXW184382927 BCX0\">\u00a0<\/span><\/span><span class=\"EOP SCXW184382927 BCX0\" data-ccp-props=\"{}\">\u00a0<\/span><\/p>\n<p><strong><span class=\"NormalTextRun SCXW122005338 BCX0\">28. mai<\/span><\/strong><span class=\"NormalTextRun SCXW122005338 BCX0\">:\u00a0<\/span><span class=\"NormalTextRun SCXW122005338 BCX0\">Uurimisr\u00fchma artiklid<\/span><span class=\"NormalTextRun SCXW122005338 BCX0\">\u00a0ja<\/span><span class=\"NormalTextRun SCXW122005338 BCX0\">\u00a0andmebaas<\/span><\/p>\n\n\t\t\t\t\t\t<\/div>\n\t\t\t\t\t<\/div>\n\t\t\t\t<\/div>\n\t\t\t\t\t\t\t<div class=\"accordion-item accordion-item--white\">\n\t\t\t\t\t<h2 class=\"accordion-header\" id=\"accordion-69e22a5ed5df6-heading-2\">\n\t\t\t\t\t\t<button class=\"accordion-button collapsed\" type=\"button\" data-bs-toggle=\"collapse\" data-bs-target=\"#accordion-69e22a5ed5df6-collapse-2\" aria-expanded=\"true\" aria-controls=\"accordion-69e22a5ed5df6-collapse-2\">\n\t\t\t\t\t\t\t2025 s\u00fcgis\n\t\t\t\t\t\t<\/button>\n\t\t\t\t\t<\/h2>\n\t\t\t\t\t<div id=\"accordion-69e22a5ed5df6-collapse-2\" class=\"accordion-collapse collapse \" aria-labelledby=\"accordion-69e22a5ed5df6-heading-2\">\n\t\t\t\t\t\t<div class=\"accordion-body\">\n\t\t\t\t\t\t\t<p>Seminarid toimuvad neljap\u00e4eviti kell 16.00-17.30 Lossi 3-126<\/p>\n<p><strong>18. september<\/strong>: vaatame Michele Feisti loengut \u201eSpace to think\u201c (RaAM14, 2021 Vilnius)<\/p>\n<p><strong>25. september<\/strong>: K\u00f6vecses, Zolt\u00e1n. \u201cLevels of metaphor\u201d Cognitive Linguistics, vol. 28, no. 2, 2017, pp. 321-347. https:\/\/doi.org\/10.1515\/cog-2016-0052<\/p>\n<p><strong>16. oktoober<\/strong>: Flusberg, S. J. &amp; Thibodeau, P. H. (2023). Why is mother earth on life support? Metaphors in environmental discourse. <em>TopiCS. Topics in Cognitive Science, Special Issue on the Conceptual Foundations of Sustainability<\/em>. https:\/\/doi.org\/10.1111\/tops.12651<\/p>\n<p><strong>30 oktoober<\/strong>: Raet, Mai &amp; Ene Vainik 2025. \u00dche kriisi kaks n\u00e4gu. Koroonapandeemiaga toimetuleku metafoorne m\u00f5testamine kriisijuhtide pilgu l\u00e4bi. \u2014 <em>Keel ja Kirjandus <\/em>nr 10. <u><a href=\"https:\/\/doi.org\/10.54013\/kk814a2\" data-auth=\"NotApplicable\">https:\/\/doi.org\/10.54013\/kk814a2<\/a><\/u><\/p>\n<p>Soovi korral lisalugemiseks (saadan soovijatele, kirjutage julgelt): Brdar, Mario, Brdar-Szab\u00f3, Rita and Perak, Benedikt. \u201cChapter\u00a09. Metaphor repositories and cross-linguistic comparison: Ontological eggs and chickens\u201d. Metaphor and Metonymy in the Digital Age: Theory and methods for building repositories of figurative language, edited by Marianna Bolognesi, Mario Brdar and Kristina \u0160. Despot, John Benjamins Publishing Company, 2019, pp. 225-252. <u><a href=\"https:\/\/doi.org\/10.1075\/milcc.8.10brd\" data-auth=\"NotApplicable\">https:\/\/doi.org\/10.1075\/milcc.8.10brd<\/a><\/u><\/p>\n<p><strong>13. november<\/strong>: Massimiliano Ostinelli, David Luna, Torsten Ringberg. 2014 When up brings you down: The effects of imagined vertical movements on motivation, performance, and consumer behavior. <em>Journal of Consumer Psychology: Volume 24, Issue 2. <\/em><em>Sensory perception, embodiment, and grounded cognition: Implications for consumer behavior<\/em>, Pages 271-283. https:\/\/doi.org\/10.1016\/j.jcps.2013.12.001<\/p>\n<p><strong>11. detsember<\/strong>: Praktiline t\u00f6\u00f6 raamatuga George Lakoff\u00a0 &amp; Mark Johnson 2011 [1980] \u201cMetafoorid, mille j\u00e4rgi me elame\u201d.<\/p>\n\n\t\t\t\t\t\t<\/div>\n\t\t\t\t\t<\/div>\n\t\t\t\t<\/div>\n\t\t\t\t\t<\/div>\n\t<\/div>\n\n\n<div class=\"accordion-block mb-3\">\n\t\t<div class=\"accordion \" id=\"accordion-accordion-69e22a5ed6479\">\n\t\t\t\t\t\t\t<div class=\"accordion-item accordion-item--white\">\n\t\t\t\t\t<h2 class=\"accordion-header\" id=\"accordion-69e22a5ed6479-heading-1\">\n\t\t\t\t\t\t<button class=\"accordion-button collapsed\" type=\"button\" data-bs-toggle=\"collapse\" data-bs-target=\"#accordion-69e22a5ed6479-collapse-1\" aria-expanded=\"true\" aria-controls=\"accordion-69e22a5ed6479-collapse-1\">\n\t\t\t\t\t\t\t2025 kevad\n\t\t\t\t\t\t<\/button>\n\t\t\t\t\t<\/h2>\n\t\t\t\t\t<div id=\"accordion-69e22a5ed6479-collapse-1\" class=\"accordion-collapse collapse \" aria-labelledby=\"accordion-69e22a5ed6479-heading-1\">\n\t\t\t\t\t\t<div class=\"accordion-body\">\n\t\t\t\t\t\t\t<ul>\n<li><strong>18. veebruar: Z. K\u00f6vecses (2020).\u00a0\u00a0<\/strong><em>Extended Conceptual Metaphor Theory<\/em> peat\u00fckk 1 \u201eA Brief Outline of \u201cStandard\u201d Conceptual Metaphor Theory and Some Outstanding Issues\u201c. Terve raamat on RaRa v\u00f5rgus loetav (<a href=\"https:\/\/www.ester.ee\/record=b5603136*est\">https:\/\/www.ester.ee\/record=b5603136*est<\/a>).<\/li>\n<li><strong>11. m\u00e4rts: G. J. Steen (2023)<\/strong> \u201eThinking by metaphor, fast and slow: Deliberate Metaphor Theory offers a new mode for metaphor and its comprehension.\u201c <em>Frontiers in Psychology<\/em>, 14. <a href=\"https:\/\/doi.org\/10.3389\/fpsyg.2023.1242888\">Link <\/a>Soovi korral v\u00f5ib lisaks lugeda ka \u00fcht varasemat artiklit samal teemal: Reijnierse, W. G., Burgers, C. F., Krennmayr, T., &amp; Steen, G. J. (2018). DMIP: A method for identifying potentially deliberate metaphor in language use. Corpus Pragmatics, 2(2), 129-147. <a href=\"https:\/\/doi.org\/10.1007\/s41701-017-0026-7\">https:\/\/doi.org\/10.1007\/s41701-017-0026-7<\/a><\/li>\n<\/ul>\n<ul>\n<li><strong>1. aprill: <\/strong>Lynn Cameroni &amp; Robert Masleni toimetatud raamatust <em>Metaphor Analysis. Research Practice in Applied Linguistics, Social Sciences and the Humanities<\/em>. <strong>2010<\/strong> Equinox, Loeme peat\u00fckke 6 ja 7, mis tegelevad praktilise metafooride tuvastamisega. Kel jaksu, v\u00f5ib lugeda j\u00e4tkuks ka peat\u00fckki 8.<\/li>\n<li><strong>29, aprill:<\/strong>\u00a0Esimene ja teine peat\u00fckk (ja kes j\u00f5uab, siis soovi korral ka 11. peat\u00fckk) <strong>Jonathan Charteris-Black<\/strong>i raamatust <strong>Corpus Approaches to Critical Metaphor Analysis (2004)<\/strong>.<\/li>\n<li><strong>13. mai<\/strong>: <strong>Marta Coll-Florit , Salvador Climent (2023).<\/strong> Metaphor repositories: the case of the mental health metaphor dictionary. <em>Digital Scholarship in the Humanities<\/em>, Volume 38, Issue 4, December 2023, Pages 1440\u20131452, <a href=\"https:\/\/doi.org\/10.1093\/llc\/fqad058\">https:\/\/doi.org\/10.1093\/llc\/fqad058<\/a><\/li>\n<li><strong>3. juuni: Musolff, Andreas (2021)<\/strong>. Researching political metaphor cross-culturally: English, Hungarian, Greek and Turkish L1-based interpretations of the Nation as Body metaphor. <em>Journal of Pragmatics<\/em><br>\nVolume 183, Pages 121-131, <a href=\"https:\/\/doi.org\/10.1016\/j.pragma.2021.07.011\">https:\/\/doi.org\/10.1016\/j.pragma.2021.07.011<\/a><\/li>\n<\/ul>\n\n\t\t\t\t\t\t<\/div>\n\t\t\t\t\t<\/div>\n\t\t\t\t<\/div>\n\t\t\t\t\t<\/div>\n\t<\/div>\n","protected":false},"excerpt":{"rendered":"<p>Alates 2025. aasta kevadsemestrist k\u00e4ib koos metafooriseminar. Loeme ja arutame teadusartikleid. K\u00f5ik huvilised on oodatud osalema!<\/p>\n","protected":false},"author":22,"featured_media":0,"parent":0,"menu_order":0,"comment_status":"closed","ping_status":"closed","template":"","meta":{"_acf_changed":false,"inline_featured_image":false,"footnotes":""},"class_list":["post-101","page","type-page","status-publish","hentry"],"acf":[],"_links":{"self":[{"href":"https:\/\/sisu.ut.ee\/metafest\/wp-json\/wp\/v2\/pages\/101","targetHints":{"allow":["GET"]}}],"collection":[{"href":"https:\/\/sisu.ut.ee\/metafest\/wp-json\/wp\/v2\/pages"}],"about":[{"href":"https:\/\/sisu.ut.ee\/metafest\/wp-json\/wp\/v2\/types\/page"}],"author":[{"embeddable":true,"href":"https:\/\/sisu.ut.ee\/metafest\/wp-json\/wp\/v2\/users\/22"}],"replies":[{"embeddable":true,"href":"https:\/\/sisu.ut.ee\/metafest\/wp-json\/wp\/v2\/comments?post=101"}],"version-history":[{"count":12,"href":"https:\/\/sisu.ut.ee\/metafest\/wp-json\/wp\/v2\/pages\/101\/revisions"}],"predecessor-version":[{"id":169,"href":"https:\/\/sisu.ut.ee\/metafest\/wp-json\/wp\/v2\/pages\/101\/revisions\/169"}],"wp:attachment":[{"href":"https:\/\/sisu.ut.ee\/metafest\/wp-json\/wp\/v2\/media?parent=101"}],"curies":[{"name":"wp","href":"https:\/\/api.w.org\/{rel}","templated":true}]}}