{"id":7,"date":"2024-04-04T05:07:39","date_gmt":"2024-04-04T02:07:39","guid":{"rendered":"https:\/\/sisu.ut.ee\/mererita\/avaleht\/"},"modified":"2024-05-07T11:18:16","modified_gmt":"2024-05-07T08:18:16","slug":"avaleht","status":"publish","type":"page","link":"https:\/\/sisu.ut.ee\/mererita\/","title":{"rendered":"Projektist"},"content":{"rendered":"<p><span style=\"line-height: 150%;\">Mere \u00f6kos\u00fcsteemi m\u00f5jutavad nii maismaal kui ka L\u00e4\u00e4nemeres toimuvad enamasti inimtegevusest p\u00f5hjustatud muutused. Paraku puudub suure osa Eesti mereala kohta kompleksne alusteave, et:<\/span><\/p>\n<ul>\n<li class=\"Default\"><span style=\"line-height: 150%;\">hinnata mere\u00f6kos\u00fcsteeme;<\/span><\/li>\n<li class=\"Default\"><span style=\"line-height: 150%;\">arendada sinimajandust;<\/span><\/li>\n<li class=\"Default\"><span style=\"line-height: 150%;\">kaitsta mereelupaikasid;<\/span><\/li>\n<li class=\"Default\"><span style=\"line-height: 150%;\">kavandada ja rakendada asjakohasid meetmeid.<\/span><\/li>\n<\/ul>\n<p><span style=\"line-height: 150%;\"><a href=\"https:\/\/eur-lex.europa.eu\/legal-content\/ET\/TXT\/?qid=1569521978084&amp;uri=CELEX:02008L0056-20170607\">Euroopa Liidu merestrateegia raamdirektiiv<\/a> kohustab iga riiki v\u00e4lja t\u00f6\u00f6tama ja kasutusele v\u00f5tma meetmeid, mille eesm\u00e4rgiks on: <\/span><\/p>\n<ul>\n<li style=\"margin-top: 0cm; margin-right: 0cm; margin-bottom: .0001pt;\"><span style=\"line-height: 150%;\">kaitsta ja s\u00e4ilitada merekeskkonda, hoida \u00e4ra selle seisundi halvenemine v\u00f5i taastada v\u00f5imaluse korral mere\u00f6kos\u00fcsteemid piirkondades, kus need on kahjustatud;<\/span><\/li>\n<li style=\"margin-bottom: .0001pt;\"><span style=\"line-height: 150%;\"><span style=\"line-height: 150%;\">hoida \u00e4ra ja v\u00e4hendada heiteid merekeskkonda, et j\u00e4rk-j\u00e4rgult k\u00f5rvaldada reostus ning tagada, et see ei m\u00f5jutaks ega ohustaks oluliselt mere elustiku mitmekesisust, mere \u00f6kos\u00fcsteeme, inimese tervist ega mere \u00f5igusp\u00e4raseid kasutusviise.<\/span><\/span><\/li>\n<\/ul>\n<p><span style=\"line-height: 150%;\">Mereala keskkonnaseisundit ja inimtegevuse m\u00f5ju on seni hinnatud punktip\u00f5histel ja aegridade-kesksetel vaatlustel ning anal\u00fc\u00fcsidel \u2013 paraku on see taganud pikaajalise seireteabe vaid kindlate seirejaamade kohta. Et anal\u00fc\u00fcsi aluseks saaks v\u00f5tta \u00f6kos\u00fcsteemi tervikuna, tuleb mereala keskkonnaseisundit ning inimtegevuse m\u00f5ju sellele hinnata pindalalisest aspektist \u2013 selleks on vaja luua uuenduslikud teadusp\u00f5hised seire- ja hindamismeetodid. Kuigi uued tehnoloogilised lahendused (n\u00e4iteks s\u00f5ltumatud <i>in-situ <\/i>vaatlused ja DNA anal\u00fc\u00fcsil p\u00f5hinevad meetodid) on mereteadusuuringutes laialdaselt kasutusel, on nende rakendamine keskkonnaseires endiselt harv. <\/span><\/p>\n<p><span style=\"line-height: 150%;\">Projekti \u201eEesti mereala innovaatiliste anal\u00fc\u00fcsi- ja hinnangumeetodite arendamine ning testimine pilootalal\u201c (mereRITA) <b>eesm\u00e4rgiks on arendada mereala seire-, anal\u00fc\u00fcsi- ja hindamismeetodeid<\/b>, mis aitavad merestrateegia ja <a href=\"https:\/\/eur-lex.europa.eu\/legal-content\/ET\/TXT\/?qid=1458570354471&amp;uri=CELEX:31992L0043\">Euroopa Liidu loodusdirektiivi<\/a> n\u00f5uetest l\u00e4htuvalt hinnata mereala seisundit ning seda m\u00f5jutavaid survetegureid. <\/span><\/p>\n<p><span style=\"line-height: 150%;\">Projekti mereRITA elluviimisel arendatakse v\u00e4lja senisest aja- ja kuluefektiivsemad hindamismeetodid, mida kasutatakse:<\/span><\/p>\n<ul>\n<li style=\"margin-top: 0cm; margin-right: 0cm; margin-bottom: .0001pt;\"><span style=\"line-height: 150%;\">merep\u00f5hja koosluste ning majanduslikult oluliste kalaliikide koelmualade keskkonnaseisundi ja survetegurite hindamisel ning<\/span><\/li>\n<li style=\"margin-top: 0cm; margin-right: 0cm; margin-bottom: .0001pt;\"><span style=\"line-height: 150%;\">erinevate meremajandamise, reostuskoormuse ja v\u00f5\u00f5rliikide sissetalumise hindamisel. <\/span><\/li>\n<\/ul>\n<p><span style=\"line-height: 150%;\">Projekti elluviimise peamised piirkonnad on:<\/span><\/p>\n<ul>\n<li style=\"margin-top: 0cm; margin-right: 0cm; margin-bottom: .0001pt;\"><span style=\"line-height: 150%;\">Saaremaast l\u00e4\u00e4nde j\u00e4\u00e4v majandusv\u00f6\u00f6ndi piirini ulatuv mereala;<\/span><\/li>\n<li style=\"margin-top: 0cm; margin-right: 0cm; margin-bottom: .0001pt;\"><span style=\"line-height: 150%;\">Saaremaa rannikumere K\u00fcbassaare, S\u00f5rve ja Pammana poolsaarte piirkond (kalade koelmualade uuringud); <\/span><\/li>\n<li style=\"margin-top: 0cm; margin-right: 0cm; margin-bottom: .0001pt;\"><span style=\"line-height: 150%;\">Muuga sadama akvatoorium keskkonna DNA-d anal\u00fc\u00fcsimiseks (v\u00f5\u00f5rliikide varajaseks avastamiseks). <\/span><\/li>\n<\/ul>\n<p><span style=\"line-height: 150%;\">Projekt mereRITA kestab 01.01.2019-31.12.2021, selle kogumaksumuseks on 947 369,24 eurot. <\/span><\/p>\n<p><span style=\"line-height: 150%;\">Projekti rahastab Euroopa Regionaalarengu Fond SA Eesti Teadusagentuur programmi \u201eValdkondliku teadus-ja arendustegevuse tugevdamise\u201c (RITA) tegevusest 1 \u201eStrateegilise teadus- ja arendustegevuse toetamine\u201d. <\/span><\/p>\n","protected":false},"excerpt":{"rendered":"<p>Mere \u00f6kos\u00fcsteemi m\u00f5jutavad nii maismaal kui ka L\u00e4\u00e4nemeres toimuvad enamasti inimtegevusest p\u00f5hjustatud muutused. Paraku puudub suure osa Eesti mereala kohta kompleksne alusteave, et: hinnata mere\u00f6kos\u00fcsteeme; arendada sinimajandust; kaitsta mereelupaikasid; kavandada ja rakendada asjakohasid meetmeid. Euroopa Liidu merestrateegia raamdirektiiv kohustab iga &#8230;<\/p>\n","protected":false},"author":187,"featured_media":0,"parent":0,"menu_order":0,"comment_status":"closed","ping_status":"closed","template":"","meta":{"_acf_changed":false,"inline_featured_image":false,"footnotes":""},"class_list":["post-7","page","type-page","status-publish","hentry"],"acf":[],"_links":{"self":[{"href":"https:\/\/sisu.ut.ee\/mererita\/wp-json\/wp\/v2\/pages\/7","targetHints":{"allow":["GET"]}}],"collection":[{"href":"https:\/\/sisu.ut.ee\/mererita\/wp-json\/wp\/v2\/pages"}],"about":[{"href":"https:\/\/sisu.ut.ee\/mererita\/wp-json\/wp\/v2\/types\/page"}],"author":[{"embeddable":true,"href":"https:\/\/sisu.ut.ee\/mererita\/wp-json\/wp\/v2\/users\/187"}],"replies":[{"embeddable":true,"href":"https:\/\/sisu.ut.ee\/mererita\/wp-json\/wp\/v2\/comments?post=7"}],"version-history":[{"count":5,"href":"https:\/\/sisu.ut.ee\/mererita\/wp-json\/wp\/v2\/pages\/7\/revisions"}],"predecessor-version":[{"id":129,"href":"https:\/\/sisu.ut.ee\/mererita\/wp-json\/wp\/v2\/pages\/7\/revisions\/129"}],"wp:attachment":[{"href":"https:\/\/sisu.ut.ee\/mererita\/wp-json\/wp\/v2\/media?parent=7"}],"curies":[{"name":"wp","href":"https:\/\/api.w.org\/{rel}","templated":true}]}}