{"id":4,"date":"2024-04-04T05:07:39","date_gmt":"2024-04-04T02:07:39","guid":{"rendered":"https:\/\/sisu.ut.ee\/mererita\/juhtkomisjon-0\/"},"modified":"2024-05-07T11:41:21","modified_gmt":"2024-05-07T08:41:21","slug":"juhtkomisjon-0","status":"publish","type":"page","link":"https:\/\/sisu.ut.ee\/mererita\/juhtkomisjon-0\/","title":{"rendered":"Partnerid"},"content":{"rendered":"<h2>Tartu \u00dclikooli Eesti Mereinstituut<\/h2>\n<ul>\n<li><span style=\"line-height: 150%;\"><b><span style=\"line-height: 150%;\"><span style=\"color: #565656;\">Georg Martin<\/span><\/span><\/b><span style=\"line-height: 150%;\"><span style=\"color: #565656;\">, projekti konsortsiumi juht, georg.martin@ut.ee<\/span><\/span><\/span><\/li>\n<li><span style=\"line-height: 150%;\"><b><span style=\"line-height: 150%;\"><span style=\"color: #565656;\">Kristina Tiivel<\/span><\/span><\/b><span style=\"line-height: 150%;\"><span style=\"color: #565656;\">, projektijuht, teaduskommunikatsioon, kristina.tiivel@ut.ee<\/span><\/span><\/span><\/li>\n<li><span style=\"line-height: 150%;\"><b><span style=\"line-height: 150%;\"><span style=\"color: #565656;\">Jonne Kotta<\/span><\/span><\/b><span style=\"line-height: 150%;\"><span style=\"color: #565656;\">, WP4 p\u00f5hit\u00e4itja<\/span><\/span><\/span><\/li>\n<li><span style=\"line-height: 150%;\"><b><span style=\"line-height: 150%;\"><span style=\"color: #565656;\">Kaire Torn<\/span><\/span><\/b><span style=\"line-height: 150%;\"><span style=\"color: #565656;\">, WP3 p\u00f5hit\u00e4itja<\/span><\/span><\/span><\/li>\n<li><span style=\"line-height: 150%;\"><b><span style=\"line-height: 150%;\"><span style=\"color: #565656;\">Kristjan Herk\u00fcl<\/span><\/span><\/b><span style=\"line-height: 150%;\"><span style=\"color: #565656;\">, merep\u00f5hja elupaikade kaardistamine<\/span><\/span><\/span><\/li>\n<li><span style=\"line-height: 150%;\"><b><span style=\"line-height: 150%;\"><span style=\"color: #565656;\">Kiran Liversage<\/span><\/span><\/b><span style=\"line-height: 150%;\"><span style=\"color: #565656;\">, WP4 p\u00f5hit\u00e4itja<\/span><\/span><\/span><\/li>\n<li><span style=\"line-height: 150%;\"><b><span style=\"line-height: 150%;\"><span style=\"color: #565656;\">Tiit Kutser<\/span><\/span><\/b><span style=\"line-height: 150%;\"><span style=\"color: #565656;\">, mereuuringud kaugseire meetoditega<\/span><\/span><\/span><\/li>\n<li><span style=\"line-height: 150%;\"><b><span style=\"line-height: 150%;\"><span style=\"color: #565656;\">Ele Vahtm\u00e4e<\/span><\/span><\/b><span style=\"line-height: 150%;\"><span style=\"color: #565656;\">, mereuuringud kaugseire meetoditega<\/span><\/span><\/span><\/li>\n<li><span style=\"line-height: 150%;\"><b><span style=\"line-height: 150%;\"><span style=\"color: #565656;\">Markus Vetemaa<\/span><\/span><\/b><span style=\"line-height: 150%;\"><span style=\"color: #565656;\">, noorkalade arvukuse uuringud ning otoliitide mikrokeemia, kudealade ja elupaikade uuringud<\/span><\/span><\/span><\/li>\n<li><span style=\"line-height: 150%;\"><b><span style=\"line-height: 150%;\"><span style=\"color: #565656;\">Mehis Rohtla<\/span><\/span><\/b><span style=\"line-height: 150%;\"><span style=\"color: #565656;\">, noorkalade arvukuse uuringud ning otoliitide mikrokeemia, kudealade ja elupaikade uuringud<\/span><\/span><\/span><\/li>\n<li><span style=\"line-height: 150%;\"><b><span style=\"line-height: 150%;\"><span style=\"color: #565656;\">Roland Svirgsden<\/span><\/span><\/b><span style=\"line-height: 150%;\"><span style=\"color: #565656;\">, noorkalade arvukuse uuringud ning otoliitide mikrokeemia, kudealade ja elupaikade uuringud<\/span><\/span><\/span><\/li>\n<\/ul>\n<p style=\"margin-bottom: .0001pt;\">\n<\/p><h2>Eesti Maa\u00fclikooli veterinaarmeditsiini ja loomakasvatuse instituudi vesiviljeluse \u00f5ppetool<\/h2>\n<ul>\n<li><span style=\"line-height: 150%;\"><b><span style=\"line-height: 150%;\"><span style=\"color: #565656;\">Anti Vasem\u00e4gi<\/span><\/span><\/b><span style=\"line-height: 150%;\"><span style=\"color: #565656;\">, kalade uuringud DNA-p\u00f5histe meetoditega<\/span><\/span><\/span><\/li>\n<li><span style=\"line-height: 150%;\"><b><span style=\"line-height: 150%;\"><span style=\"color: #565656;\">Veljo Kisand<\/span><\/span><\/b><span style=\"line-height: 150%;\"><span style=\"color: #565656;\">, kalade uuringud DNA-p\u00f5histe meetoditega, keskkonna DNA metoodikate v\u00e4ljat\u00f6\u00f6tamine<\/span><\/span><\/span><\/li>\n<li><span style=\"line-height: 150%;\"><b><span style=\"line-height: 150%;\"><span style=\"color: #565656;\">Kristel Panksep<\/span><\/span><\/b><span style=\"line-height: 150%;\"><span style=\"color: #565656;\">, keskkonna DNA-p\u00f5histe meetodite v\u00e4ljat\u00f6\u00f6tamine, teaduskommunikatsioon<\/span><\/span><\/span><\/li>\n<\/ul>\n<p style=\"margin-bottom: .0001pt;\">\n<\/p><h2>Tallinna Tehnika\u00fclikooli Meres\u00fcsteemide Instituut<\/h2>\n<ul>\n<li><span style=\"line-height: 150%;\"><b><span style=\"line-height: 150%;\"><span style=\"color: #565656;\">Urmas Lips<\/span><\/span><\/b><span style=\"line-height: 150%;\"><span style=\"color: #565656;\">, veesamba elupaikade uuringud<\/span><\/span><\/span><\/li>\n<li><span style=\"line-height: 150%;\"><b><span style=\"line-height: 150%;\"><span style=\"color: #565656;\">Taavi Liblik<\/span><\/span><\/b><span style=\"line-height: 150%;\"><span style=\"color: #565656;\">, veesamba elupaikade uuringud<\/span><\/span><\/span><\/li>\n<li><span style=\"line-height: 150%;\"><b><span style=\"line-height: 150%;\"><span style=\"color: #565656;\">Silvie Lainela<\/span><\/span><\/b><span style=\"line-height: 150%;\"><span style=\"color: #565656;\">, merevee happelisuse indikaator<\/span><\/span><\/span><\/li>\n<li><span style=\"line-height: 150%;\"><b><span style=\"line-height: 150%;\"><span style=\"color: #565656;\">Inga Lips<\/span><\/span><\/b><span style=\"line-height: 150%;\"><span style=\"color: #565656;\">, merevee happelisuse indikaatorite uuringud<\/span><\/span><\/span><\/li>\n<\/ul>\n<p style=\"margin-bottom: .0001pt;\">\n<\/p><h2>Tallinna Tehnika\u00fclikooli Geoloogia Instituut<\/h2>\n<ul>\n<li><span style=\"line-height: 150%;\"><b><span style=\"line-height: 150%;\"><span style=\"color: #565656;\">Tiiu Alliksaar<\/span><\/span><\/b><span style=\"line-height: 150%;\"><span style=\"color: #565656;\">, merep\u00f5hja geoloogilised uuringud<\/span><\/span><\/span><\/li>\n<li><span style=\"line-height: 150%;\"><b><span style=\"line-height: 150%;\"><span style=\"color: #565656;\">Atko Heinsalu<\/span><\/span><\/b><span style=\"line-height: 150%;\"><span style=\"color: #565656;\">, merep\u00f5hja geoloogilised uuringud<\/span><\/span><\/span><\/li>\n<\/ul>\n","protected":false},"excerpt":{"rendered":"<p>Tartu \u00dclikooli Eesti Mereinstituut Georg Martin, projekti konsortsiumi juht, georg.martin@ut.ee Kristina Tiivel, projektijuht, teaduskommunikatsioon, kristina.tiivel@ut.ee Jonne Kotta, WP4 p\u00f5hit\u00e4itja Kaire Torn, WP3 p\u00f5hit\u00e4itja Kristjan Herk\u00fcl, merep\u00f5hja elupaikade kaardistamine Kiran Liversage, WP4 p\u00f5hit\u00e4itja Tiit Kutser, mereuuringud kaugseire meetoditega Ele Vahtm\u00e4e, mereuuringud &#8230;<\/p>\n","protected":false},"author":187,"featured_media":0,"parent":0,"menu_order":0,"comment_status":"closed","ping_status":"closed","template":"","meta":{"_acf_changed":false,"inline_featured_image":false,"footnotes":""},"class_list":["post-4","page","type-page","status-publish","hentry"],"acf":[],"_links":{"self":[{"href":"https:\/\/sisu.ut.ee\/mererita\/wp-json\/wp\/v2\/pages\/4","targetHints":{"allow":["GET"]}}],"collection":[{"href":"https:\/\/sisu.ut.ee\/mererita\/wp-json\/wp\/v2\/pages"}],"about":[{"href":"https:\/\/sisu.ut.ee\/mererita\/wp-json\/wp\/v2\/types\/page"}],"author":[{"embeddable":true,"href":"https:\/\/sisu.ut.ee\/mererita\/wp-json\/wp\/v2\/users\/187"}],"replies":[{"embeddable":true,"href":"https:\/\/sisu.ut.ee\/mererita\/wp-json\/wp\/v2\/comments?post=4"}],"version-history":[{"count":3,"href":"https:\/\/sisu.ut.ee\/mererita\/wp-json\/wp\/v2\/pages\/4\/revisions"}],"predecessor-version":[{"id":150,"href":"https:\/\/sisu.ut.ee\/mererita\/wp-json\/wp\/v2\/pages\/4\/revisions\/150"}],"wp:attachment":[{"href":"https:\/\/sisu.ut.ee\/mererita\/wp-json\/wp\/v2\/media?parent=4"}],"curies":[{"name":"wp","href":"https:\/\/api.w.org\/{rel}","templated":true}]}}