{"id":13,"date":"2024-04-04T05:07:39","date_gmt":"2024-04-04T02:07:39","guid":{"rendered":"https:\/\/sisu.ut.ee\/mererita\/rita\/"},"modified":"2024-05-07T11:29:10","modified_gmt":"2024-05-07T08:29:10","slug":"rita","status":"publish","type":"page","link":"https:\/\/sisu.ut.ee\/mererita\/rita\/","title":{"rendered":"RITA"},"content":{"rendered":"<p class=\"Default\"><span style=\"line-height: 150%;\">Valdkondliku teadus-ja arendustegevuse tugevdamise ehk riigi <a href=\"https:\/\/www.etag.ee\/rahastamine\/rakendusuuringute-toetused\/rita-rakendusuuringud\/\">teadus- ja arendustegevuse toetamise programmi RITA<\/a> kaudu toetab Eesti Teadusagentuur<b> Eesti riigi vajadustest l\u00e4htuvate sotsiaal-majanduslike eesm\u00e4rkidega rakendusuuringute l\u00e4biviimist<\/b>. <\/span><\/p>\n<p class=\"Default\"><span style=\"line-height: 150%;\">L\u00e4biviidavate uuringute eesm\u00e4rk on <b>suurendada riigi rolli teaduse strateegilisel suunamisel<\/b> ning <b>teadus- ja arendusasutuste v\u00f5imekust \u00fchiskondlikult oluliste uuringute l\u00e4biviimisel<\/b>.<b> <\/b><\/span><\/p>\n<p class=\"Default\"><span style=\"line-height: 150%;\">Projekti mereRITA toetab Eesti Teadusagentuur tegevuse 1 \u201eStrateegilise teadus- ja arendustegevuse toetamine\u201c alt, mille eesm\u00e4rgiks on: <\/span><\/p>\n<ul>\n<li class=\"Default\"><span style=\"line-height: 150%;\">suurendada riigi rolli teaduse strateegilisel suunamisel ja prioriteetide m\u00e4\u00e4ramisel (suurendada riigi rolli \u201etarga tellijana\u201c); <\/span><\/li>\n<li class=\"Default\"><span style=\"line-height: 150%;\">t\u00f5sta teadus- ja arendusasutuste v\u00f5imekust selliseid uuringuid l\u00e4bi viia; <\/span><\/li>\n<li class=\"Default\"><span style=\"line-height: 150%;\">t\u00f5sta riigi v\u00f5imekust uuringutest saadavaid tulemusi rakendada. <\/span><\/li>\n<\/ul>\n","protected":false},"excerpt":{"rendered":"<p>Valdkondliku teadus-ja arendustegevuse tugevdamise ehk riigi teadus- ja arendustegevuse toetamise programmi RITA kaudu toetab Eesti Teadusagentuur Eesti riigi vajadustest l\u00e4htuvate sotsiaal-majanduslike eesm\u00e4rkidega rakendusuuringute l\u00e4biviimist. L\u00e4biviidavate uuringute eesm\u00e4rk on suurendada riigi rolli teaduse strateegilisel suunamisel ning teadus- ja arendusasutuste v\u00f5imekust \u00fchiskondlikult &#8230;<\/p>\n","protected":false},"author":187,"featured_media":0,"parent":0,"menu_order":0,"comment_status":"closed","ping_status":"closed","template":"","meta":{"_acf_changed":false,"inline_featured_image":false,"footnotes":""},"class_list":["post-13","page","type-page","status-publish","hentry"],"acf":[],"_links":{"self":[{"href":"https:\/\/sisu.ut.ee\/mererita\/wp-json\/wp\/v2\/pages\/13","targetHints":{"allow":["GET"]}}],"collection":[{"href":"https:\/\/sisu.ut.ee\/mererita\/wp-json\/wp\/v2\/pages"}],"about":[{"href":"https:\/\/sisu.ut.ee\/mererita\/wp-json\/wp\/v2\/types\/page"}],"author":[{"embeddable":true,"href":"https:\/\/sisu.ut.ee\/mererita\/wp-json\/wp\/v2\/users\/187"}],"replies":[{"embeddable":true,"href":"https:\/\/sisu.ut.ee\/mererita\/wp-json\/wp\/v2\/comments?post=13"}],"version-history":[{"count":2,"href":"https:\/\/sisu.ut.ee\/mererita\/wp-json\/wp\/v2\/pages\/13\/revisions"}],"predecessor-version":[{"id":136,"href":"https:\/\/sisu.ut.ee\/mererita\/wp-json\/wp\/v2\/pages\/13\/revisions\/136"}],"wp:attachment":[{"href":"https:\/\/sisu.ut.ee\/mererita\/wp-json\/wp\/v2\/media?parent=13"}],"curies":[{"name":"wp","href":"https:\/\/api.w.org\/{rel}","templated":true}]}}