{"id":12,"date":"2024-04-04T05:07:39","date_gmt":"2024-04-04T02:07:39","guid":{"rendered":"https:\/\/sisu.ut.ee\/mererita\/galerii\/"},"modified":"2024-04-04T05:08:54","modified_gmt":"2024-04-04T02:08:54","slug":"galerii","status":"publish","type":"page","link":"https:\/\/sisu.ut.ee\/mererita\/galerii\/","title":{"rendered":"Galerii"},"content":{"rendered":"<p>\n\t<img loading=\"lazy\" decoding=\"async\" width=\"2560\" height=\"2560\" class=\"alignnone wp-image-43\" src=\"https:\/\/sisu.ut.ee\/wp-content\/uploads\/sites\/356\/2._etapi_seminar-scaled.jpg\" title=\"2._etapi_seminar.jpg\" alt=\"2. etapi seminar\" srcset=\"https:\/\/sisu.ut.ee\/wp-content\/uploads\/sites\/356\/2._etapi_seminar-scaled.jpg 2560w, https:\/\/sisu.ut.ee\/wp-content\/uploads\/sites\/356\/2._etapi_seminar-300x300.jpg 300w, https:\/\/sisu.ut.ee\/wp-content\/uploads\/sites\/356\/2._etapi_seminar-1024x1024.jpg 1024w, https:\/\/sisu.ut.ee\/wp-content\/uploads\/sites\/356\/2._etapi_seminar-150x150.jpg 150w, https:\/\/sisu.ut.ee\/wp-content\/uploads\/sites\/356\/2._etapi_seminar-768x768.jpg 768w, https:\/\/sisu.ut.ee\/wp-content\/uploads\/sites\/356\/2._etapi_seminar-1536x1536.jpg 1536w, https:\/\/sisu.ut.ee\/wp-content\/uploads\/sites\/356\/2._etapi_seminar-2048x2048.jpg 2048w, https:\/\/sisu.ut.ee\/wp-content\/uploads\/sites\/356\/2._etapi_seminar-1920x1920.jpg 1920w\" sizes=\"auto, (max-width: 2560px) 100vw, 2560px\">\n<\/p>\n<p>\n\t\u00a0\n<\/p>\n<p>\n\t<img loading=\"lazy\" decoding=\"async\" width=\"2560\" height=\"2560\" class=\"alignnone wp-image-44\" src=\"https:\/\/sisu.ut.ee\/wp-content\/uploads\/sites\/356\/befunky-collage_7-scaled.jpg\" title=\"befunky-collage_7.jpg\" alt=\"eDNA labor\" srcset=\"https:\/\/sisu.ut.ee\/wp-content\/uploads\/sites\/356\/befunky-collage_7-scaled.jpg 2560w, https:\/\/sisu.ut.ee\/wp-content\/uploads\/sites\/356\/befunky-collage_7-300x300.jpg 300w, https:\/\/sisu.ut.ee\/wp-content\/uploads\/sites\/356\/befunky-collage_7-1024x1024.jpg 1024w, https:\/\/sisu.ut.ee\/wp-content\/uploads\/sites\/356\/befunky-collage_7-150x150.jpg 150w, https:\/\/sisu.ut.ee\/wp-content\/uploads\/sites\/356\/befunky-collage_7-768x768.jpg 768w, https:\/\/sisu.ut.ee\/wp-content\/uploads\/sites\/356\/befunky-collage_7-1536x1536.jpg 1536w, https:\/\/sisu.ut.ee\/wp-content\/uploads\/sites\/356\/befunky-collage_7-2048x2048.jpg 2048w, https:\/\/sisu.ut.ee\/wp-content\/uploads\/sites\/356\/befunky-collage_7-1920x1920.jpg 1920w\" sizes=\"auto, (max-width: 2560px) 100vw, 2560px\">\n<\/p>\n<p>\n\t\u00a0\n<\/p>\n<p>\n\t<img loading=\"lazy\" decoding=\"async\" width=\"2560\" height=\"2560\" class=\"alignnone wp-image-45\" src=\"https:\/\/sisu.ut.ee\/wp-content\/uploads\/sites\/356\/befunky-collage_4_01-scaled.jpg\" title=\"befunky-collage_4_01.jpg\" alt=\"qPCR\" srcset=\"https:\/\/sisu.ut.ee\/wp-content\/uploads\/sites\/356\/befunky-collage_4_01-scaled.jpg 2560w, https:\/\/sisu.ut.ee\/wp-content\/uploads\/sites\/356\/befunky-collage_4_01-300x300.jpg 300w, https:\/\/sisu.ut.ee\/wp-content\/uploads\/sites\/356\/befunky-collage_4_01-1024x1024.jpg 1024w, https:\/\/sisu.ut.ee\/wp-content\/uploads\/sites\/356\/befunky-collage_4_01-150x150.jpg 150w, https:\/\/sisu.ut.ee\/wp-content\/uploads\/sites\/356\/befunky-collage_4_01-768x768.jpg 768w, https:\/\/sisu.ut.ee\/wp-content\/uploads\/sites\/356\/befunky-collage_4_01-1536x1536.jpg 1536w, https:\/\/sisu.ut.ee\/wp-content\/uploads\/sites\/356\/befunky-collage_4_01-2048x2048.jpg 2048w, https:\/\/sisu.ut.ee\/wp-content\/uploads\/sites\/356\/befunky-collage_4_01-1920x1920.jpg 1920w\" sizes=\"auto, (max-width: 2560px) 100vw, 2560px\"><img loading=\"lazy\" decoding=\"async\" width=\"2560\" height=\"2560\" class=\"alignnone wp-image-41\" src=\"https:\/\/sisu.ut.ee\/wp-content\/uploads\/sites\/356\/befunky-collage_2_02-scaled.jpg\" title=\"befunky-collage_2_02.jpg\" alt=\"sete\" srcset=\"https:\/\/sisu.ut.ee\/wp-content\/uploads\/sites\/356\/befunky-collage_2_02-scaled.jpg 2560w, https:\/\/sisu.ut.ee\/wp-content\/uploads\/sites\/356\/befunky-collage_2_02-300x300.jpg 300w, https:\/\/sisu.ut.ee\/wp-content\/uploads\/sites\/356\/befunky-collage_2_02-1024x1024.jpg 1024w, https:\/\/sisu.ut.ee\/wp-content\/uploads\/sites\/356\/befunky-collage_2_02-150x150.jpg 150w, https:\/\/sisu.ut.ee\/wp-content\/uploads\/sites\/356\/befunky-collage_2_02-768x768.jpg 768w, https:\/\/sisu.ut.ee\/wp-content\/uploads\/sites\/356\/befunky-collage_2_02-1536x1536.jpg 1536w, https:\/\/sisu.ut.ee\/wp-content\/uploads\/sites\/356\/befunky-collage_2_02-2048x2048.jpg 2048w, https:\/\/sisu.ut.ee\/wp-content\/uploads\/sites\/356\/befunky-collage_2_02-1920x1920.jpg 1920w\" sizes=\"auto, (max-width: 2560px) 100vw, 2560px\">\n<\/p>\n<p>\n\t<img loading=\"lazy\" decoding=\"async\" width=\"2560\" height=\"2560\" class=\"alignnone wp-image-40\" src=\"https:\/\/sisu.ut.ee\/wp-content\/uploads\/sites\/356\/befunky-collage_osoon-scaled.jpg\" title=\"befunky-collage_osoon.jpg\" alt=\"osoon\" srcset=\"https:\/\/sisu.ut.ee\/wp-content\/uploads\/sites\/356\/befunky-collage_osoon-scaled.jpg 2560w, https:\/\/sisu.ut.ee\/wp-content\/uploads\/sites\/356\/befunky-collage_osoon-300x300.jpg 300w, https:\/\/sisu.ut.ee\/wp-content\/uploads\/sites\/356\/befunky-collage_osoon-1024x1024.jpg 1024w, https:\/\/sisu.ut.ee\/wp-content\/uploads\/sites\/356\/befunky-collage_osoon-150x150.jpg 150w, https:\/\/sisu.ut.ee\/wp-content\/uploads\/sites\/356\/befunky-collage_osoon-768x768.jpg 768w, https:\/\/sisu.ut.ee\/wp-content\/uploads\/sites\/356\/befunky-collage_osoon-1536x1536.jpg 1536w, https:\/\/sisu.ut.ee\/wp-content\/uploads\/sites\/356\/befunky-collage_osoon-2048x2048.jpg 2048w, https:\/\/sisu.ut.ee\/wp-content\/uploads\/sites\/356\/befunky-collage_osoon-1920x1920.jpg 1920w\" sizes=\"auto, (max-width: 2560px) 100vw, 2560px\"><img loading=\"lazy\" decoding=\"async\" width=\"2560\" height=\"1727\" class=\"alignnone wp-image-39\" src=\"https:\/\/sisu.ut.ee\/wp-content\/uploads\/sites\/356\/befunky-collage_2-scaled.jpg\" title=\"befunky-collage_2.jpg\" alt=\"v\u00e4lit\u00f6\u00f6d\" srcset=\"https:\/\/sisu.ut.ee\/wp-content\/uploads\/sites\/356\/befunky-collage_2-scaled.jpg 2560w, https:\/\/sisu.ut.ee\/wp-content\/uploads\/sites\/356\/befunky-collage_2-300x202.jpg 300w, https:\/\/sisu.ut.ee\/wp-content\/uploads\/sites\/356\/befunky-collage_2-1024x691.jpg 1024w, https:\/\/sisu.ut.ee\/wp-content\/uploads\/sites\/356\/befunky-collage_2-768x518.jpg 768w, https:\/\/sisu.ut.ee\/wp-content\/uploads\/sites\/356\/befunky-collage_2-1536x1036.jpg 1536w, https:\/\/sisu.ut.ee\/wp-content\/uploads\/sites\/356\/befunky-collage_2-2048x1382.jpg 2048w, https:\/\/sisu.ut.ee\/wp-content\/uploads\/sites\/356\/befunky-collage_2-1920x1295.jpg 1920w\" sizes=\"auto, (max-width: 2560px) 100vw, 2560px\"><img loading=\"lazy\" decoding=\"async\" width=\"2560\" height=\"2560\" class=\"alignnone wp-image-38\" src=\"https:\/\/sisu.ut.ee\/wp-content\/uploads\/sites\/356\/befunky-collage_1-scaled.jpg\" title=\"seminar collage.jpg\" alt=\"1. etapi seminar\" srcset=\"https:\/\/sisu.ut.ee\/wp-content\/uploads\/sites\/356\/befunky-collage_1-scaled.jpg 2560w, https:\/\/sisu.ut.ee\/wp-content\/uploads\/sites\/356\/befunky-collage_1-300x300.jpg 300w, https:\/\/sisu.ut.ee\/wp-content\/uploads\/sites\/356\/befunky-collage_1-1024x1024.jpg 1024w, https:\/\/sisu.ut.ee\/wp-content\/uploads\/sites\/356\/befunky-collage_1-150x150.jpg 150w, https:\/\/sisu.ut.ee\/wp-content\/uploads\/sites\/356\/befunky-collage_1-768x768.jpg 768w, https:\/\/sisu.ut.ee\/wp-content\/uploads\/sites\/356\/befunky-collage_1-1536x1536.jpg 1536w, https:\/\/sisu.ut.ee\/wp-content\/uploads\/sites\/356\/befunky-collage_1-2048x2048.jpg 2048w, https:\/\/sisu.ut.ee\/wp-content\/uploads\/sites\/356\/befunky-collage_1-1920x1920.jpg 1920w\" sizes=\"auto, (max-width: 2560px) 100vw, 2560px\">\n<\/p>\n<p>\n\t<img loading=\"lazy\" decoding=\"async\" width=\"2560\" height=\"828\" class=\"alignnone wp-image-37\" src=\"https:\/\/sisu.ut.ee\/wp-content\/uploads\/sites\/356\/projekti_tegevused_1-scaled.jpg\" title=\"merep\u00f5hja elupaikade kaardistamine\" alt=\"merep\u00f5hja elupaikade kaardistamine\" srcset=\"https:\/\/sisu.ut.ee\/wp-content\/uploads\/sites\/356\/projekti_tegevused_1-scaled.jpg 2560w, https:\/\/sisu.ut.ee\/wp-content\/uploads\/sites\/356\/projekti_tegevused_1-300x97.jpg 300w, https:\/\/sisu.ut.ee\/wp-content\/uploads\/sites\/356\/projekti_tegevused_1-1024x331.jpg 1024w, https:\/\/sisu.ut.ee\/wp-content\/uploads\/sites\/356\/projekti_tegevused_1-768x248.jpg 768w, https:\/\/sisu.ut.ee\/wp-content\/uploads\/sites\/356\/projekti_tegevused_1-1536x497.jpg 1536w, https:\/\/sisu.ut.ee\/wp-content\/uploads\/sites\/356\/projekti_tegevused_1-2048x663.jpg 2048w, https:\/\/sisu.ut.ee\/wp-content\/uploads\/sites\/356\/projekti_tegevused_1-1920x621.jpg 1920w\" sizes=\"auto, (max-width: 2560px) 100vw, 2560px\"><img loading=\"lazy\" decoding=\"async\" width=\"2560\" height=\"2560\" class=\"alignnone wp-image-34\" src=\"https:\/\/sisu.ut.ee\/wp-content\/uploads\/sites\/356\/2.4.1_edna-scaled.jpg\" title=\"2.4.1_edna.jpg\" alt=\"keskkonna DNA-p\u00f5histe meetodite v\u00e4ljat\u00f6\u00f6tamine\" srcset=\"https:\/\/sisu.ut.ee\/wp-content\/uploads\/sites\/356\/2.4.1_edna-scaled.jpg 2560w, https:\/\/sisu.ut.ee\/wp-content\/uploads\/sites\/356\/2.4.1_edna-300x300.jpg 300w, https:\/\/sisu.ut.ee\/wp-content\/uploads\/sites\/356\/2.4.1_edna-1024x1024.jpg 1024w, https:\/\/sisu.ut.ee\/wp-content\/uploads\/sites\/356\/2.4.1_edna-150x150.jpg 150w, https:\/\/sisu.ut.ee\/wp-content\/uploads\/sites\/356\/2.4.1_edna-768x768.jpg 768w, https:\/\/sisu.ut.ee\/wp-content\/uploads\/sites\/356\/2.4.1_edna-1536x1536.jpg 1536w, https:\/\/sisu.ut.ee\/wp-content\/uploads\/sites\/356\/2.4.1_edna-2048x2048.jpg 2048w, https:\/\/sisu.ut.ee\/wp-content\/uploads\/sites\/356\/2.4.1_edna-1920x1920.jpg 1920w\" sizes=\"auto, (max-width: 2560px) 100vw, 2560px\">\n<\/p>\n<p>\n\t<img loading=\"lazy\" decoding=\"async\" width=\"2560\" height=\"2342\" class=\"alignnone wp-image-36\" src=\"https:\/\/sisu.ut.ee\/wp-content\/uploads\/sites\/356\/projekti_tegevused-scaled.jpg\" title=\"projekti_tegevused.jpg\" alt=\"mereuuringud kaugseire meetoditega, veesamba elupaikade uuringud ning merep\u00f5hja geoloogilised uuringud\" srcset=\"https:\/\/sisu.ut.ee\/wp-content\/uploads\/sites\/356\/projekti_tegevused-scaled.jpg 2560w, https:\/\/sisu.ut.ee\/wp-content\/uploads\/sites\/356\/projekti_tegevused-300x274.jpg 300w, https:\/\/sisu.ut.ee\/wp-content\/uploads\/sites\/356\/projekti_tegevused-1024x937.jpg 1024w, https:\/\/sisu.ut.ee\/wp-content\/uploads\/sites\/356\/projekti_tegevused-768x703.jpg 768w, https:\/\/sisu.ut.ee\/wp-content\/uploads\/sites\/356\/projekti_tegevused-1536x1405.jpg 1536w, https:\/\/sisu.ut.ee\/wp-content\/uploads\/sites\/356\/projekti_tegevused-2048x1874.jpg 2048w, https:\/\/sisu.ut.ee\/wp-content\/uploads\/sites\/356\/projekti_tegevused-1920x1756.jpg 1920w\" sizes=\"auto, (max-width: 2560px) 100vw, 2560px\"><img loading=\"lazy\" decoding=\"async\" width=\"2560\" height=\"2342\" class=\"alignnone wp-image-35\" src=\"https:\/\/sisu.ut.ee\/wp-content\/uploads\/sites\/356\/pike_spawner_abundance-scaled.jpg\" title=\"pike spawner\" alt=\"pike\" srcset=\"https:\/\/sisu.ut.ee\/wp-content\/uploads\/sites\/356\/pike_spawner_abundance-scaled.jpg 2560w, https:\/\/sisu.ut.ee\/wp-content\/uploads\/sites\/356\/pike_spawner_abundance-300x274.jpg 300w, https:\/\/sisu.ut.ee\/wp-content\/uploads\/sites\/356\/pike_spawner_abundance-1024x937.jpg 1024w, https:\/\/sisu.ut.ee\/wp-content\/uploads\/sites\/356\/pike_spawner_abundance-768x703.jpg 768w, https:\/\/sisu.ut.ee\/wp-content\/uploads\/sites\/356\/pike_spawner_abundance-1536x1405.jpg 1536w, https:\/\/sisu.ut.ee\/wp-content\/uploads\/sites\/356\/pike_spawner_abundance-2048x1874.jpg 2048w, https:\/\/sisu.ut.ee\/wp-content\/uploads\/sites\/356\/pike_spawner_abundance-1920x1756.jpg 1920w\" sizes=\"auto, (max-width: 2560px) 100vw, 2560px\">\n<\/p>\n<p>\n\t\u00a0<\/p>\n","protected":false},"excerpt":{"rendered":"<p>\u00a0 \u00a0 \u00a0<\/p>\n","protected":false},"author":187,"featured_media":0,"parent":0,"menu_order":0,"comment_status":"closed","ping_status":"closed","template":"","meta":{"_acf_changed":false,"inline_featured_image":false,"footnotes":""},"class_list":["post-12","page","type-page","status-publish","hentry"],"acf":[],"_links":{"self":[{"href":"https:\/\/sisu.ut.ee\/mererita\/wp-json\/wp\/v2\/pages\/12","targetHints":{"allow":["GET"]}}],"collection":[{"href":"https:\/\/sisu.ut.ee\/mererita\/wp-json\/wp\/v2\/pages"}],"about":[{"href":"https:\/\/sisu.ut.ee\/mererita\/wp-json\/wp\/v2\/types\/page"}],"author":[{"embeddable":true,"href":"https:\/\/sisu.ut.ee\/mererita\/wp-json\/wp\/v2\/users\/187"}],"replies":[{"embeddable":true,"href":"https:\/\/sisu.ut.ee\/mererita\/wp-json\/wp\/v2\/comments?post=12"}],"version-history":[{"count":1,"href":"https:\/\/sisu.ut.ee\/mererita\/wp-json\/wp\/v2\/pages\/12\/revisions"}],"predecessor-version":[{"id":110,"href":"https:\/\/sisu.ut.ee\/mererita\/wp-json\/wp\/v2\/pages\/12\/revisions\/110"}],"wp:attachment":[{"href":"https:\/\/sisu.ut.ee\/mererita\/wp-json\/wp\/v2\/media?parent=12"}],"curies":[{"name":"wp","href":"https:\/\/api.w.org\/{rel}","templated":true}]}}