{"id":11,"date":"2024-04-04T05:07:39","date_gmt":"2024-04-04T02:07:39","guid":{"rendered":"https:\/\/sisu.ut.ee\/mererita\/publikatsioonid\/"},"modified":"2024-05-07T11:36:38","modified_gmt":"2024-05-07T08:36:38","slug":"publikatsioonid","status":"publish","type":"page","link":"https:\/\/sisu.ut.ee\/mererita\/publikatsioonid\/","title":{"rendered":"Uudised ja publikatsioonid"},"content":{"rendered":"<ul>\n<li>Eesti mereala keskkonna ja loodusv\u00e4\u00e4rtuste hindamise ja seire innovaatilised lahendused (mereRITA) l\u00f5pukonverents \u201cMonitoring of the environmental status and fish stocks of the Baltic Sea \u2013 new challenges and innovative approaches.\u201d toimub 25-26.\u00a0novembril\u00a02021 Tallinna \u00dclikoolis Maximum saalis (Narva mnt 29, auditoorium A002). Rohkem infot on leitav alammen\u00fc\u00fc\u00a0\u201cFinal conference\u201d alt<\/li>\n<li>25. mail toimunud mereRITA 2. etapi avalik seminar on t\u00e4ies mahus j\u00e4relvaadatav lehek\u00fcljel\u00a0<a id=\"LPlnk986719\" href=\"http:\/\/worksup.com\/\" target=\"_blank\" rel=\"noopener noreferrer\" data-auth=\"NotApplicable\" data-linkindex=\"0\">worksup.com<\/a>, eventID:\u00a0#MERERITA 2021<\/li>\n<li>Eesti mereala keskkonna ja loodusv\u00e4\u00e4rtuste hindamise ja seire innovaatilised lahendused (mereRITA) 2. etapi seminar toimub 25. mail 2021 Tallinna \u00dclikoolis Maximum saalis (Narva mnt 29, auditoorium A002), kell 13.00-17.00<\/li>\n<\/ul>\n<p><span lang=\"EN-US\" style=\"background: white;\"><span style=\"color: #222222;\">Seminar toimub h\u00fcbriid\u00fcritusena \u2013 v\u00f5imalik on osaleda nii kohapeal kui ka l\u00e4bi veebi (otse\u00fclekanne).\u00a0<\/span><\/span><span lang=\"SV\" style=\"background: white;\"><span style=\"color: #222222;\">Veebis osalejatele saadame t\u00e4psema info nende e-postile p\u00e4ev enne seminari. Kogu seminarip\u00e4ev koos ettekannetega on hiljem kuu aja jooksul j\u00e4relvaadatav. Seminar on osalejatele tasuta. <\/span><\/span><\/p>\n<p><span lang=\"EN-US\" style=\"background: white;\"><span style=\"color: #222222;\">Palume kohale tulla tervena. \u00dcritusel j\u00e4rgime hajutatuse n\u00f5uet, seega on\u00a0kohalolijate arv\u00a0piiratud vastavalt kehtivatele ruumi t\u00e4ituvuse n\u00f5uetele. Kohaletulijatel palume kanda maski, selle puudumisel\u00a0saad selle korraldajalt. Desinfitseerimisvahendite olemasolu on tagatud korraldaja poolt.<\/span><\/span><\/p>\n<p><span lang=\"SV\" style=\"background: white;\"><span style=\"color: #222222;\">Registreerimise l\u00f5ppt\u00e4htaeg:<\/span><\/span><br>\n<span lang=\"SV\" style=\"background: white;\"><span style=\"color: #222222;\">Kohapeal osalejatele: 21.05.2021 kell 13.00<\/span><\/span><br>\n<span lang=\"SV\" style=\"background: white;\"><span style=\"color: #222222;\">Veebi kaudu osalejatele: 24.05.2021 kell 13.00<\/span><\/span><\/p>\n<p><b>Registreerimine: <\/b><a href=\"http:\/\/www.tlu.ee\/mererita\" target=\"_blank\" rel=\"noopener\"><span lang=\"EN-GB\" style=\"background: white;\"><span style=\"color: #1155cc;\">http:\/\/www.tlu.ee\/mererita<\/span><\/span><\/a><\/p>\n<p>Lisainfo: Kristina Tiivel,Kristina.tiivel@gmail.com, +372 5088517<\/p>\n<p><span lang=\"SV\" style=\"background: white;\"><span style=\"color: #222222;\">NB! Juhul, kui Te p\u00e4rast registreerumist ei saa seminaril siiski osaleda, palume loobumisest teavitada aadressil <\/span><\/span><a href=\"mailto:konverents@tlu.ee\" target=\"_blank\" rel=\"noopener\"><span lang=\"SV\" style=\"background: white;\"><span style=\"color: #1155cc;\">konverents@tlu.ee<\/span><\/span><\/a><\/p>\n<p><strong>P\u00c4EVAKAVA:<\/strong><\/p>\n<p><span style=\"line-height: normal;\"><span lang=\"ET\">12.30-13.00\u00a0\u00a0\u00a0\u00a0 Tervituskohvi kerge suupistega registreerimislaua juurde<\/span><\/span><\/p>\n<p><span style=\"line-height: normal;\"><span lang=\"ET\">13.00-13.10 \u00a0\u00a0\u00a0 Avas\u00f5nad,<i> Georg Martin,<\/i> <\/span><i><span lang=\"ET\"><span style=\"background: white;\"><span style=\"color: #222222;\">Tartu \u00dclikooli Eesti mereinstituut<\/span><\/span><\/span><\/i><\/span><\/p>\n<p><span style=\"line-height: normal;\"><span lang=\"ET\">13.10-14.00\u00a0\u00a0\u00a0\u00a0 <b>Keynote presentation<\/b>: <\/span><span style=\"background: white;\"><span style=\"color: black;\">Fish habitats \u2013 why are they important and how do we map and monitor them<i>?\u201d, Ulf Bergstr\u00f6m, Swedish University of Agricultural Science (SLU)<\/i><\/span><\/span><\/span><\/p>\n<p><span style=\"line-height: normal;\"><span lang=\"ET\" style=\"background: white;\"><span style=\"color: black;\">14.00-14.20\u00a0\u00a0\u00a0\u00a0\u00a0<\/span><\/span><span lang=\"ET\"><span style=\"background: white;\"><span style=\"color: black;\">Otoliidi mikrokeemia meetodite kasutamine kalade t\u00e4iendi tekke uurimisel, <i>Roland Svirgsden<\/i>,<\/span><\/span><\/span><i><span lang=\"ET\"><span style=\"background: white;\"><span style=\"color: #222222;\"> Tartu \u00dclikooli Eesti mereinstituut<\/span><\/span><\/span><\/i><\/span><\/p>\n<p><span style=\"line-height: normal;\"><span lang=\"ET\"><span style=\"background: white;\"><span style=\"color: #222222;\">14.20-14.40\u00a0\u00a0\u00a0\u00a0 Kohvipaus kerge suupistega<\/span><\/span><\/span><\/span><\/p>\n<p><span style=\"line-height: normal;\"><span lang=\"ET\"><span style=\"background: white;\"><span style=\"color: #222222;\">14.40-15.00\u00a0\u00a0\u00a0\u00a0 <\/span><\/span><\/span><span lang=\"ET\"><span style=\"background: white;\"><span style=\"color: #222222;\">L\u00e4\u00e4nemere biogeokeemiliste omaduste seire kaugseire meetoditega, <em>Tiit Kutser,<\/em>\u00a0<\/span><\/span><\/span><i><span lang=\"ET\"><span style=\"background: white;\"><span style=\"color: #222222;\">Tartu \u00dclikooli Eesti mereinstituut<\/span><\/span><\/span><\/i><\/span><\/p>\n<p><span style=\"line-height: normal;\"><span lang=\"ET\">15.00-15.20<\/span>\u00a0\u00a0\u00a0\u00a0 <span lang=\"ET\">Mere elupaikade kirjeldamise parandamise v\u00f5imalused kasutades autonoomseid m\u00f5\u00f5tmisi ja andmeprodukte<\/span><span lang=\"ET\"><span style=\"background: white;\">, <i>Taavi Liblik<\/i>, <i>Tallinna Tehnika\u00fclikooli Meres\u00fcsteemide Instituut<\/i><\/span><\/span><\/span><\/p>\n<p><span style=\"line-height: normal;\"><span lang=\"ET\">15.20-15.40<span style=\"background: white;\">\u00a0\u00a0\u00a0\u00a0 Anorgaanilise s\u00fcsinikuringe seiramissoovitused. Hapestumise indikaator<span style=\"color: #222222;\">, <i>Silvie Lainela<\/i>, <i>Tallinna Tehnika\u00fclikooli Meres\u00fcsteemide Instituut<\/i><\/span><\/span><\/span><\/span><\/p>\n<p><span style=\"line-height: normal;\"><span lang=\"ET\"><span style=\"background: white;\"><span style=\"color: #222222;\">15.40-16.00\u00a0\u00a0\u00a0\u00a0 <\/span><\/span><\/span><span lang=\"ET\">Teaduslike otsustustugede roll meremajandamisel,<\/span><i><span lang=\"ET\"><span style=\"background: white;\"><span style=\"color: #222222;\"> Jonne Kotta, Tartu \u00dclikooli Eesti mereinstituut<\/span><\/span><\/span><\/i><\/span><\/p>\n<p><span style=\"line-height: normal;\"><span lang=\"ET\"><span style=\"background: white;\"><span style=\"color: #222222;\">16.00-\u00a0\u00a0\u00a0\u00a0\u00a0\u00a0\u00a0\u00a0\u00a0\u00a0\u00a0\u00a0\u00a0 Arutelu ja seminari l\u00f5petamine<\/span><\/span><\/span><\/span><\/p>\n<ul>\n<li>MereRita uuringukonsortsiumi juht <strong>Georg Martin<\/strong> annab projekti k\u00e4ek\u00e4igust \u00fclevaate Vikerraadio teadusrubriigis <a title=\"\" href=\"https:\/\/vikerraadio.err.ee\/media\/video\/1165135\" target=\"_blank\" rel=\"noopener\" data-url=\"https:\/\/vikerraadio.err.ee\/media\/video\/1165135\">\u201cNutikas\u201d.<\/a>\u00a0Kuula j\u00e4rele!<\/li>\n<li>MereRita projekti tegevusi tutvustatakse loodus- ja keskkonnasaates\u00a0<a title=\"\" href=\"https:\/\/etv.err.ee\/1146172\/voorliigid-merekeskkonnas\" target=\"_blank\" rel=\"noopener\" data-url=\"https:\/\/etv.err.ee\/1146172\/voorliigid-merekeskkonnas\">\u201cOsoon\u201d<\/a>. Vaata j\u00e4rele!<\/li>\n<li>Teadlased uurivad Eesti mereala uuendusliku keskkonna DNA meetodiga. Loe l\u00e4hemalt\u00a0<a title=\"\" href=\"https:\/\/novaator.err.ee\/1031794\/teadlased-uurivad-eesti-mereala-uuendusliku-keskkonna-dna-meetodiga\" target=\"_blank\" rel=\"noopener\" data-url=\"https:\/\/novaator.err.ee\/1031794\/teadlased-uurivad-eesti-mereala-uuendusliku-keskkonna-dna-meetodiga\">Novaatorist<\/a><\/li>\n<li>Eesti mereala keskkonna ja loodusv\u00e4\u00e4rtuste hindamise ja seire innovaatilised lahendused (mereRITA) 1. etapi seminar toimub\u00a0<b>5 veebruaril 2020<\/b>\u00a0Keskkonnaminsteeriumi 1. korruse saalis, kell\u00a0<b>13.00-17.00.<\/b>\u00a0Kavas on esitleda projekti esimesi tulemusi ja arutada merekeskkonna hindamise ja seire teemadel. T\u00e4psem ajakava selgub jaanuari alguses. \u00dcritusele saab registreerida j\u00e4rgmisel\u00a0lingil:\u00a0<a href=\"https:\/\/forms.gle\/EFmrZhwL1k6kVhvg9\" target=\"_blank\" rel=\"noopener\">https:\/\/forms.gle\/EFmrZhwL1k6kVhvg9<\/a>\u00a0 \u00a0 \u00a0 Info ja kontakt:\u00a0<a href=\"mailto:kristina.tiivel@ut.ee\" target=\"_blank\" rel=\"noopener\">kristina.tiivel@ut.ee<\/a>\u00a0(5088517)<\/li>\n<\/ul>\n<p><strong><span style=\"line-height: normal;\">P\u00c4EVAKAVA<\/span><\/strong><\/p>\n<p><span style=\"line-height: normal;\">13.00-13.10 Avas\u00f5nad KeM, ETAG\u00a0<\/span><\/p>\n<p><span style=\"line-height: normal;\">13.10-13.20 Projekti tutvustus, <i>Georg Martin,<\/i> <i><span style=\"background: white;\"><span style=\"color: #222222;\">Tartu \u00dclikooli Eesti mereinstituut\u00a0<\/span><\/span><\/i><\/span><span class=\"file media-element file-os-files-link\" data-file_info=\"%7B%22fid%22:%2247471%22,%22view_mode%22:%22os_files_link%22,%22type%22:%22media%22%7D\"><img decoding=\"async\" class=\"file-icon\" src=\"\/profiles\/openscholar\/modules\/os\/modules\/os_files\/icons\/application-pdf.svg\" alt=\"\"> <a href=\"https:\/\/sisu.ut.ee\/wp-content\/uploads\/sites\/356\/mererita_tutvustus_gm.pdf\">esitlus<\/a><\/span><\/p>\n<p><span style=\"line-height: normal;\">13.20-14.00 <b>Keynote presentation<\/b>: <span style=\"color: black;\">eDNA-based monitoring: from futuristic ideas towards applicable approaches, <i>Rein Brys,<\/i><\/span><span style=\"background: white;\"><span style=\"color: black;\"> <i>Research Institute for Nature and Forest\u200b \u2013 INBO, Belgium<\/i><\/span><\/span><\/span><\/p>\n<p><span style=\"line-height: normal;\"><span lang=\"EN-GB\" style=\"background: white;\"><span style=\"color: black;\">14.00-14.20 <\/span><\/span><span style=\"color: #212121;\">eDNA based methodology for early detection of alien (cryptic) species\u200b in the Baltic Sea, <i>Kristel Panksep, Veljo Kisand ja Anti Vasema\u00e4gi, Eesti Maa\u00fclikool\u00a0<\/i><\/span><\/span><span class=\"file media-element file-os-files-link\" data-file_info=\"%7B%22fid%22:%2247484%22,%22view_mode%22:%22os_files_link%22,%22type%22:%22media%22%7D\"><img decoding=\"async\" class=\"file-icon\" src=\"\/profiles\/openscholar\/modules\/os\/modules\/os_files\/icons\/application-pdf.svg\" alt=\"\"> <a href=\"https:\/\/sisu.ut.ee\/wp-content\/uploads\/sites\/356\/05.02.2020_ettekanne_kp_kodulehele.pdf\">esitlus<\/a><\/span><\/p>\n<p><span style=\"line-height: normal;\"><span style=\"background: white;\"><span style=\"color: #222222;\">14.20-14.40 Kohvipaus<\/span><\/span><\/span><\/p>\n<p><span style=\"line-height: normal;\"><span style=\"background: white;\"><span style=\"color: #222222;\">14.40-15.00 Optilise kaugseire kasutamine merep\u00f5hja elupaikade kaardistamisel, <i>Kristjan Herk\u00fcl,\u00a0<\/i><\/span><\/span><i><span style=\"background: white;\"><span style=\"color: #222222;\">Tartu \u00dclikooli Eesti mereinstituut\u00a0<\/span><\/span><\/i><\/span><span class=\"file media-element file-os-files-link\" data-file_info=\"%7B%22fid%22:%2247477%22,%22view_mode%22:%22os_files_link%22,%22type%22:%22media%22%7D\"><img decoding=\"async\" class=\"file-icon\" src=\"\/profiles\/openscholar\/modules\/os\/modules\/os_files\/icons\/application-pdf.svg\" alt=\"\"> <a href=\"https:\/\/sisu.ut.ee\/wp-content\/uploads\/sites\/356\/2020_rita_seminar_kristjan_herkul.pdf\">esitlus<\/a><\/span><\/p>\n<p><span style=\"line-height: normal;\">15.00-15.20<span style=\"background: white;\"><span style=\"color: #222222;\"> Mereliste elupaigat\u00fc\u00fcpide seisundi seire ja hindamise metoodika, <i>Kaire Torn, Tartu \u00dclikooli Eesti mereinstituut\u00a0<\/i><\/span><\/span><\/span><span class=\"file media-element file-os-files-link\" data-file_info=\"%7B%22fid%22:%2247475%22,%22view_mode%22:%22os_files_link%22,%22type%22:%22media%22%7D\"><img decoding=\"async\" class=\"file-icon\" src=\"\/profiles\/openscholar\/modules\/os\/modules\/os_files\/icons\/application-pdf.svg\" alt=\"\"> <a href=\"https:\/\/sisu.ut.ee\/wp-content\/uploads\/sites\/356\/3.1_seminar.pdf\">esitlus<\/a><\/span><\/p>\n<p><span style=\"line-height: normal;\">15.20-15.40 <span style=\"background: white;\"><span style=\"color: #222222;\">Survetegurite kumulatiivsete m\u00f5jude hindamise raamistik, <i>Jonne Kotta<\/i>,<i> Tartu \u00dclikooli Eesti mereinstituut\u00a0<\/i><\/span><\/span><\/span><span class=\"file media-element file-os-files-link\" data-file_info=\"%7B%22fid%22:%2247476%22,%22view_mode%22:%22os_files_link%22,%22type%22:%22media%22%7D\"><img decoding=\"async\" class=\"file-icon\" src=\"\/profiles\/openscholar\/modules\/os\/modules\/os_files\/icons\/application-pdf.svg\" alt=\"\"> <a href=\"https:\/\/sisu.ut.ee\/wp-content\/uploads\/sites\/356\/2020_01_15_tallinn_kumulatiivsed_mojud_1.pdf\">esitlus<\/a><\/span><\/p>\n<p><span style=\"line-height: normal;\"><span style=\"background: white;\"><span style=\"color: #222222;\">15.40-16.00 <\/span><\/span><span style=\"background: white;\">L\u00e4\u00e4nemere kesk- ja idaosa s\u00fcvakihtide d\u00fcnaamika<span style=\"color: #222222;\">, <i>Taavi Liblik<\/i>, <i>Tallinna Tehnika\u00fclikooli Meres\u00fcsteemide Instituut\u00a0<\/i><\/span><\/span><\/span><span class=\"file media-element file-os-files-link\" data-file_info=\"%7B%22fid%22:%2247478%22,%22view_mode%22:%22os_files_link%22,%22type%22:%22media%22%7D\"><img decoding=\"async\" class=\"file-icon\" src=\"\/profiles\/openscholar\/modules\/os\/modules\/os_files\/icons\/application-pdf.svg\" alt=\"\"> <a href=\"https:\/\/sisu.ut.ee\/wp-content\/uploads\/sites\/356\/liblik_rita20200205.pdf\">esitlus<\/a><\/span><\/p>\n<p><span style=\"line-height: normal;\"><span style=\"background: white;\"><span style=\"color: #222222;\">16.00-16.20 Arutelu <\/span><\/span><\/span><\/p>\n<ul>\n<li>Sinivetikad\u00a0hakkasid soojade ilmade t\u00f5ttu saarte randades vohama tavalisest varem.\u00a0Loe l\u00e4hemalt: https:\/\/majandus24.postimees.ee\/6714705\/sinivetikaoitsengud-on-joudnud-eesti-saarte-randadesse<\/li>\n<li>Uuringukonsortsiumi juht\u00a0<strong>Georg Martin<\/strong>\u00a0ja keskkonnaministeeriumi teadusn\u00f5unik\u00a0<strong>Katariina Viik<\/strong>\u00a0tutvustavad projekti\u00a0Vikerraadio teadusrubriigis \u201cNutikas\u201d. Kuula intervjuud:\u00a0<a href=\"https:\/\/vikerraadio.err.ee\/uudispluss\/nutikas\/925018\/940620\" target=\"_blank\" rel=\"noopener\">https:\/\/vikerraadio.err.ee\/uudispluss\/nutikas\/925018\/940620<\/a><\/li>\n<\/ul>\n","protected":false},"excerpt":{"rendered":"<p>Eesti mereala keskkonna ja loodusv\u00e4\u00e4rtuste hindamise ja seire innovaatilised lahendused (mereRITA) l\u00f5pukonverents \u201cMonitoring of the environmental status and fish stocks of the Baltic Sea \u2013 new challenges and innovative approaches.\u201d toimub 25-26.\u00a0novembril\u00a02021 Tallinna \u00dclikoolis Maximum saalis (Narva mnt 29, auditoorium &#8230;<\/p>\n","protected":false},"author":187,"featured_media":0,"parent":0,"menu_order":0,"comment_status":"closed","ping_status":"closed","template":"","meta":{"_acf_changed":false,"inline_featured_image":false,"footnotes":""},"class_list":["post-11","page","type-page","status-publish","hentry"],"acf":[],"_links":{"self":[{"href":"https:\/\/sisu.ut.ee\/mererita\/wp-json\/wp\/v2\/pages\/11","targetHints":{"allow":["GET"]}}],"collection":[{"href":"https:\/\/sisu.ut.ee\/mererita\/wp-json\/wp\/v2\/pages"}],"about":[{"href":"https:\/\/sisu.ut.ee\/mererita\/wp-json\/wp\/v2\/types\/page"}],"author":[{"embeddable":true,"href":"https:\/\/sisu.ut.ee\/mererita\/wp-json\/wp\/v2\/users\/187"}],"replies":[{"embeddable":true,"href":"https:\/\/sisu.ut.ee\/mererita\/wp-json\/wp\/v2\/comments?post=11"}],"version-history":[{"count":2,"href":"https:\/\/sisu.ut.ee\/mererita\/wp-json\/wp\/v2\/pages\/11\/revisions"}],"predecessor-version":[{"id":144,"href":"https:\/\/sisu.ut.ee\/mererita\/wp-json\/wp\/v2\/pages\/11\/revisions\/144"}],"wp:attachment":[{"href":"https:\/\/sisu.ut.ee\/mererita\/wp-json\/wp\/v2\/media?parent=11"}],"curies":[{"name":"wp","href":"https:\/\/api.w.org\/{rel}","templated":true}]}}