{"id":8,"date":"2024-04-04T07:11:31","date_gmt":"2024-04-04T04:11:31","guid":{"rendered":"https:\/\/sisu.ut.ee\/meditsiinivaldkonna-digipadevus\/suhtlus-digikanalites\/"},"modified":"2024-04-04T07:11:41","modified_gmt":"2024-04-04T04:11:41","slug":"suhtlus-digikanalites","status":"publish","type":"page","link":"https:\/\/sisu.ut.ee\/meditsiinivaldkonna-digipadevus\/suhtlus-digikanalites\/","title":{"rendered":"Suhtlus digikanalites"},"content":{"rendered":"<h3>\n\tSuhtlus ja koost\u00f6\u00f6 digitaalsetes kanalites ning patsientide v\u00f5imestamine tehnoloogia abil<br>\n<\/h3>\n<p>\n\tSuhtlus on meditsiinivaldkonna t\u00f6\u00f6 \u00fcks alustaladest. Tervisesse puutuvad teemad on isiklikud ja on oluline, et digitaalsete kommunikatsiooni- ja koost\u00f6\u00f6kanalite kasutamine ei muudaks seda kogemust v\u00e4hem inimlikuks, vaid lisaks dimensioone, mis k\u00f5igi osapoolte kaasatust ja vastutustunnet v\u00f5imendavad ning koost\u00f6\u00f6d tugevdavad. Selleks on oluline, et meditsiinivaldkonna \u00fclikoolil\u00f5petaja:\n<\/p>\n<ul>\n<li>\n\t\tevib hoiakut, et digikanalites suhtlus on vahetu suhtlusega v\u00f5rdv\u00e4\u00e4rselt vastuv\u00f5etav;\n\t<\/li>\n<li>\n\t\toskab valida veebisuhtluseks viisi ja v\u00f5imaluse, mis vastab k\u00f5ige paremini soovitud eesm\u00e4rgile, kohandada suhtlusformaati ja -viisi vastavalt auditooriumile;\n\t<\/li>\n<li>\n\t\tkasutab mitmeid digitaalseid koost\u00f6\u00f6vahendeid ressursside, teadmiste ja sisu loomisel ja jagamisel, oskab anda ja vastu v\u00f5tta tagasisidet;\n\t<\/li>\n<li>\n\t\toskab digitaalsetes kanalites toiminguid vastavalt vajadusele dokumenteerida ning e-konsultatsiooni teel n\u00f5ustada;\n\t<\/li>\n<li>\n\t\ttunneb Eesti e-tervise keskkondasid ja nende v\u00f5imalusi;\n\t<\/li>\n<li>\n\t\toskab rakendada netiketi aspekte, sh omab strateegiaid ebasobiva k\u00e4itumise avastamiseks;\n\t<\/li>\n<li>\n\t\tm\u00f5istab kultuurilisi erinevusi suhtlustavades ja e-keskkondade eetilisi k\u00fcsimusi.\n\t<\/li>\n<\/ul>\n<p>\n\t\u00a0\n<\/p>\n<h3 style=\"text-align: center\">\n\tP\u00c4DEVUSE KUJUNDAMINE T\u00dc MV \u00d5PPEKAVADES<br>\n<\/h3>\n<ul>\n<\/ul>\n<p>\n\t<\/p><div class=\"accordion mb-3\">\n        <div class=\"accordion-item accordion-item--white\">\n        <h2 class=\"accordion-header\" id=\"accordion-69e04f81051e6-heading\">\n            <button class=\"accordion-button collapsed\" type=\"button\" data-bs-toggle=\"collapse\" data-bs-target=\"#accordion-69e04f81051e6-collapse\" aria-expanded=\"true\" aria-controls=\"accordion-69e04f81051e6-collapse\">Arstiteadus<\/button>\n        <\/h2>\n        <div id=\"accordion-69e04f81051e6-collapse\" class=\"accordion-collapse collapse\" aria-labelledby=\"accordion-69e04f81051e6-heading\">\n            <div class=\"accordion-body\"><span data-sheets-formula-bar-text-style=\"font-size:11px;color:#000000;font-weight:normal;text-decoration:none;font-family:'docs-Roboto';font-style:normal;text-decoration-skip-ink:none;\">\u00dcldarsti tasemel digitaalsetes kanalites dokumenteerimine; nt. oskab dokumenteerida haigusjuhtu Kliinikumi EHL-i s\u00fcsteemis. Oskab suhelda ja konsulteerida patsienti kasutades digitaalseid kanaleid; \u00fchiste digitaalsete konspektide tegemine.<\/span><\/div>\n        <\/div>\n        <\/div>\n    <\/div>\n\n<p>\n\t<\/p><div class=\"accordion mb-3\">\n        <div class=\"accordion-item accordion-item--white\">\n        <h2 class=\"accordion-header\" id=\"accordion-69e04f81051eb-heading\">\n            <button class=\"accordion-button collapsed\" type=\"button\" data-bs-toggle=\"collapse\" data-bs-target=\"#accordion-69e04f81051eb-collapse\" aria-expanded=\"true\" aria-controls=\"accordion-69e04f81051eb-collapse\">F\u00fcsioteraapia<\/button>\n        <\/h2>\n        <div id=\"accordion-69e04f81051eb-collapse\" class=\"accordion-collapse collapse\" aria-labelledby=\"accordion-69e04f81051eb-heading\">\n            <div class=\"accordion-body\">sisu<\/div>\n        <\/div>\n        <\/div>\n    <\/div>\n\n<p>\n\t<\/p><div class=\"accordion mb-3\">\n        <div class=\"accordion-item accordion-item--white\">\n        <h2 class=\"accordion-header\" id=\"accordion-69e04f81051ef-heading\">\n            <button class=\"accordion-button collapsed\" type=\"button\" data-bs-toggle=\"collapse\" data-bs-target=\"#accordion-69e04f81051ef-collapse\" aria-expanded=\"true\" aria-controls=\"accordion-69e04f81051ef-collapse\">Hambaarstiteadus<\/button>\n        <\/h2>\n        <div id=\"accordion-69e04f81051ef-collapse\" class=\"accordion-collapse collapse\" aria-labelledby=\"accordion-69e04f81051ef-heading\">\n            <div class=\"accordion-body\">\n\n<p><!--td {border: 1px solid #ccc;}br {mso-data-placement:same-cell;}--><br>\n\tOskab suhelda netiketi reeglite j\u00e4rgi (Professionaalne areng I)<br>Oskab dokumenteerida haigusjuhtu Kliinikumi ehl-i s\u00fcsteemis (ARST.01.111 Suu- ja hambahaigused I)<br>2.1 Suhtlemine tehnoloogiliste vahendite abil<br>\u00d5ppet\u00f6\u00f6sisene suhtlemine \u00f5ppej\u00f5u ja \u00fcli\u00f5pilaste vahel l\u00e4bi mitmesuguste vahendite (Moodle, Teams, Zoom, BBB, e-portfoolio).<br>2.2 Info ja sisu jagamine<br>Oskab jagada erialast teavet ja informatsiooni mitmel erineval moel.<br>2.3 Kodanikuaktiivsus veebis<br>Oskab kasutada erinevaid e-teenuseid ( p\u00e4ringu v\u00f5imalused erinevates e-keskkondades, h\u00e4\u00e4letamisest, toetamisest jne.)<br>2.4 Koost\u00f6\u00f6 digitaalsete kanalite kaudu<br>Oskab kasutada erinevaid digikanaleid koost\u00f6\u00f6 t\u00f5hustamise eesm\u00e4rgil ( MS Office online, Google vahendid, Teams, Zoom, BBB).<br>2.5 Netikett<br>Oskab veebis viisakalt suhelda ja k\u00e4ituda.<br>2.6 Digitaalse identiteedi haldamine<br>Oskab k\u00e4itud nii, et isikustatud andmed oleksid kaitstud.<br>Digitaalse identiteedi haldamine \u2013 \u00fcli\u00f5pilane kujundab ja haldab oma digitaalset identiteeti ning j\u00e4lgib oma digitaalset jalaj\u00e4lge.<\/p><\/div>\n        <\/div>\n        <\/div>\n    <\/div>\n\n<p>\n\t<\/p><div class=\"accordion mb-3\">\n        <div class=\"accordion-item accordion-item--white\">\n        <h2 class=\"accordion-header\" id=\"accordion-69e04f81051f2-heading\">\n            <button class=\"accordion-button collapsed\" type=\"button\" data-bs-toggle=\"collapse\" data-bs-target=\"#accordion-69e04f81051f2-collapse\" aria-expanded=\"true\" aria-controls=\"accordion-69e04f81051f2-collapse\">Kehaline kasvatus ja sport<\/button>\n        <\/h2>\n        <div id=\"accordion-69e04f81051f2-collapse\" class=\"accordion-collapse collapse\" aria-labelledby=\"accordion-69e04f81051f2-heading\">\n            <div class=\"accordion-body\">\n\n<p><!--br {mso-data-placement:same-cell;}--><br>\n\tKlubitarkvara, millel ka suhtluskomponent (treeningute juhtimine distantsilt): Sportlyzer, Quanter<br>Treeningute juhtimine distantsilt<br>Online treeningp\u00e4evikud,<br>E-kool, Stuudium<\/p><\/div>\n        <\/div>\n        <\/div>\n    <\/div>\n\n<p>\n\t<\/p><div class=\"accordion mb-3\">\n        <div class=\"accordion-item accordion-item--white\">\n        <h2 class=\"accordion-header\" id=\"accordion-69e04f81051f4-heading\">\n            <button class=\"accordion-button collapsed\" type=\"button\" data-bs-toggle=\"collapse\" data-bs-target=\"#accordion-69e04f81051f4-collapse\" aria-expanded=\"true\" aria-controls=\"accordion-69e04f81051f4-collapse\">Proviisori\u00f5pe<\/button>\n        <\/h2>\n        <div id=\"accordion-69e04f81051f4-collapse\" class=\"accordion-collapse collapse\" aria-labelledby=\"accordion-69e04f81051f4-heading\">\n            <div class=\"accordion-body\">\n\n<p><!--td {border: 1px solid #ccc;}br {mso-data-placement:same-cell;}--><br>\n\tDigikanalite kaudu edastatava ravimialase info edastamise p\u00f5hialuste ja v\u00f5imaluste tundmine.<\/p><\/div>\n        <\/div>\n        <\/div>\n    <\/div>\n\n<p>\n\t<\/p><div class=\"accordion mb-3\">\n        <div class=\"accordion-item accordion-item--white\">\n        <h2 class=\"accordion-header\" id=\"accordion-69e04f81051f6-heading\">\n            <button class=\"accordion-button collapsed\" type=\"button\" data-bs-toggle=\"collapse\" data-bs-target=\"#accordion-69e04f81051f6-collapse\" aria-expanded=\"true\" aria-controls=\"accordion-69e04f81051f6-collapse\">Rahvatervishoid<\/button>\n        <\/h2>\n        <div id=\"accordion-69e04f81051f6-collapse\" class=\"accordion-collapse collapse\" aria-labelledby=\"accordion-69e04f81051f6-heading\">\n            <div class=\"accordion-body\">sisu<\/div>\n        <\/div>\n        <\/div>\n    <\/div>\n\n<p>\n\t<\/p><div class=\"accordion mb-3\">\n        <div class=\"accordion-item accordion-item--white\">\n        <h2 class=\"accordion-header\" id=\"accordion-69e04f81051f8-heading\">\n            <button class=\"accordion-button collapsed\" type=\"button\" data-bs-toggle=\"collapse\" data-bs-target=\"#accordion-69e04f81051f8-collapse\" aria-expanded=\"true\" aria-controls=\"accordion-69e04f81051f8-collapse\">\u00d5endusteadus<\/button>\n        <\/h2>\n        <div id=\"accordion-69e04f81051f8-collapse\" class=\"accordion-collapse collapse\" aria-labelledby=\"accordion-69e04f81051f8-heading\">\n            <div class=\"accordion-body\">\n\n<ul>\n<li>\n\t\tOskused leida ja kasutada sobivaid digikeskondi ning digitarkvara suhtlemiseks ning s\u00f5numite edastamiseks (n\u00e4iteks enese tuvustamiseks, potentsiaalsete uuritavate uurimist\u00f6\u00f6sse kutsumiseks, patsientide teavitamiseks- juhendamiseks jne), et algatada koost\u00f6\u00f6d ning kaugsuhtlust v\u00f5i osaleda selles.\n\t<\/li>\n<li>\n\t\tTeadmised digitaalsete suhtluskeskkondade tugevustest ja n\u00f5rkustest ning ohtudest ning oskused tugevusi \u00e4ra kasutada ning ohte minimaliseerida.\n\t<\/li>\n<li>\n\t\tOskused\u00a0enda k\u00e4itumist digikeskkondades j\u00e4lgida, kriitiliselt hinnata ning reguleerida.<\/li><\/ul><\/div>\n        <\/div>\n        <\/div>\n    <\/div>\n\t\n\n<p><!--br {mso-data-placement:same-cell;}--><\/p>\n","protected":false},"excerpt":{"rendered":"<p>Suhtlus ja koost\u00f6\u00f6 digitaalsetes kanalites ning patsientide v\u00f5imestamine tehnoloogia abil Suhtlus on meditsiinivaldkonna t\u00f6\u00f6 \u00fcks alustaladest. Tervisesse puutuvad teemad on isiklikud ja on oluline, et digitaalsete kommunikatsiooni- ja koost\u00f6\u00f6kanalite kasutamine ei muudaks seda kogemust v\u00e4hem inimlikuks, vaid lisaks dimensioone, mis &#8230;<\/p>\n","protected":false},"author":253,"featured_media":0,"parent":0,"menu_order":0,"comment_status":"closed","ping_status":"closed","template":"","meta":{"_acf_changed":false,"inline_featured_image":false,"footnotes":""},"class_list":["post-8","page","type-page","status-publish","hentry"],"acf":[],"_links":{"self":[{"href":"https:\/\/sisu.ut.ee\/meditsiinivaldkonna-digipadevus\/wp-json\/wp\/v2\/pages\/8","targetHints":{"allow":["GET"]}}],"collection":[{"href":"https:\/\/sisu.ut.ee\/meditsiinivaldkonna-digipadevus\/wp-json\/wp\/v2\/pages"}],"about":[{"href":"https:\/\/sisu.ut.ee\/meditsiinivaldkonna-digipadevus\/wp-json\/wp\/v2\/types\/page"}],"author":[{"embeddable":true,"href":"https:\/\/sisu.ut.ee\/meditsiinivaldkonna-digipadevus\/wp-json\/wp\/v2\/users\/253"}],"replies":[{"embeddable":true,"href":"https:\/\/sisu.ut.ee\/meditsiinivaldkonna-digipadevus\/wp-json\/wp\/v2\/comments?post=8"}],"version-history":[{"count":1,"href":"https:\/\/sisu.ut.ee\/meditsiinivaldkonna-digipadevus\/wp-json\/wp\/v2\/pages\/8\/revisions"}],"predecessor-version":[{"id":56,"href":"https:\/\/sisu.ut.ee\/meditsiinivaldkonna-digipadevus\/wp-json\/wp\/v2\/pages\/8\/revisions\/56"}],"wp:attachment":[{"href":"https:\/\/sisu.ut.ee\/meditsiinivaldkonna-digipadevus\/wp-json\/wp\/v2\/media?parent=8"}],"curies":[{"name":"wp","href":"https:\/\/api.w.org\/{rel}","templated":true}]}}