{"id":7,"date":"2024-04-04T07:11:31","date_gmt":"2024-04-04T04:11:31","guid":{"rendered":"https:\/\/sisu.ut.ee\/meditsiinivaldkonna-digipadevus\/teadusinfo-otsing\/"},"modified":"2024-04-04T07:11:41","modified_gmt":"2024-04-04T04:11:41","slug":"teadusinfo-otsing","status":"publish","type":"page","link":"https:\/\/sisu.ut.ee\/meditsiinivaldkonna-digipadevus\/teadusinfo-otsing\/","title":{"rendered":"Teadusinfo otsing"},"content":{"rendered":"<h3>\n\t<span data-sheets-userformat='{\"2\":15359,\"3\":{\"1\":0},\"4\":[null,2,16773836],\"5\":{\"1\":[{\"1\":2,\"2\":0,\"5\":[null,2,0]},{\"1\":0,\"2\":0,\"3\":3},{\"1\":1,\"2\":0,\"4\":1}]},\"6\":{\"1\":[{\"1\":2,\"2\":0,\"5\":[null,2,0]},{\"1\":0,\"2\":0,\"3\":3},{\"1\":1,\"2\":0,\"4\":1}]},\"7\":{\"1\":[{\"1\":2,\"2\":0,\"5\":[null,2,0]},{\"1\":0,\"2\":0,\"3\":3},{\"1\":1,\"2\":0,\"4\":1}]},\"8\":{\"1\":[{\"1\":2,\"2\":0,\"5\":[null,2,0]},{\"1\":0,\"2\":0,\"3\":3},{\"1\":1,\"2\":0,\"4\":1}]},\"9\":1,\"10\":1,\"11\":4,\"12\":0,\"14\":[null,2,0],\"15\":\"Roboto\",\"16\":17}' data-sheets-value='{\"1\":2,\"2\":\"teadusliku info otsingustrateegiate kujundamine ja rakendamine: otsingus\u00fcsteemide ehitus, toimimine, usaldusv\u00e4\u00e4rsus, kriitiline hindamine ja erialane kasutamine, andmebaasid ja infokanalid\"}'>Teadusliku info otsingustrateegiate kujundamine ja rakendamine: otsingus\u00fcsteemide ehitus, toimimine, usaldusv\u00e4\u00e4rsus, kriitiline hindamine ja erialane kasutamine, andmebaasid ja infokanalid<\/span><br>\n<\/h3>\n<p><!--br {mso-data-placement:same-cell;}--><br>\n\tMeditsiinivaldkond eeldab teadus- ja t\u00f5endusp\u00f5hisust. Seda iseloomustavad s\u00fcsteemsus ning kriitiline m\u00f5tlemine. Nende tagamiseks on meditsiinivaldkonna \u00fclikoolil\u00f5petaja kujundanud ja rakendab teadusliku info otsingustrateegiaid:\n<\/p>\n<ul>\n<li>\n\t\ttunneb erialan\u00f5uetele vastava infoga kanaleid (otsingus\u00fcsteemid, andmebaasid, repositooriumid jne), nende \u00fclesehitust ja toimimist (sh puuduste ja riskide ning nende m\u00f5ju osas usaldusv\u00e4\u00e4rsusele) ning oskab neis navigeerida;\n\t<\/li>\n<li>\n\t\toskab valitud infokanaleid ja nendes sisalduva info usaldusv\u00e4\u00e4rsust kriitliselt hinnata;\n\t<\/li>\n<li>\n\t\toskab formuleerida probleemi ja kohandada infootsingut vastavalt info kasutamise eesm\u00e4rgile (nt diagnostika, ravi, patsientidele selgitamine jne);\n\t<\/li>\n<li>\n\t\ttunneb oma eriala uusimaid uurimismeetodeid ja uurimistulemusi.\n\t<\/li>\n<\/ul>\n<p>\n\t\u00a0\n<\/p>\n<h3 style=\"text-align: center\">\n\tP\u00c4DEVUSE KUJUNDAMINE T\u00dc MV \u00d5PPEKAVADES<br>\n<\/h3>\n<ul>\n<\/ul>\n<p>\n\t<\/p><div class=\"accordion mb-3\">\n        <div class=\"accordion-item accordion-item--white\">\n        <h2 class=\"accordion-header\" id=\"accordion-69e04f8254254-heading\">\n            <button class=\"accordion-button collapsed\" type=\"button\" data-bs-toggle=\"collapse\" data-bs-target=\"#accordion-69e04f8254254-collapse\" aria-expanded=\"true\" aria-controls=\"accordion-69e04f8254254-collapse\">Arstiteadus<\/button>\n        <\/h2>\n        <div id=\"accordion-69e04f8254254-collapse\" class=\"accordion-collapse collapse\" aria-labelledby=\"accordion-69e04f8254254-heading\">\n            <div class=\"accordion-body\">\n\n<p>\n\t<span data-sheets-formula-bar-text-style=\"font-size:11px;color:#000000;font-weight:normal;text-decoration:none;font-family:''docs-Roboto'';font-style:normal;text-decoration-skip-ink:none;\">Arstiteaduse erialased infokanalid (miinimumkomplekt): PubMed, Medscape, Up ToDate, Cochrane Library, <\/span><a class=\"waffle-rich-text-link\" data-sheets-formula-bar-text-link=\"http:\/\/clinicaltrials.gov\/\" data-sheets-formula-bar-text-style=\"font-size:11px;color:#1155cc;font-weight:normal;text-decoration:underline;font-family:''docs-Roboto'';font-style:normal;text-decoration-skip-ink:none;\">ClinicalTrials.gov<\/a><span data-sheets-formula-bar-text-style=\"font-size:11px;color:#000000;font-weight:normal;text-decoration:none;font-family:''docs-Roboto'';font-style:normal;text-decoration-skip-ink:none;\">, AccessMedicine, Google Scholars, Web of Science, Patholgyoutlines, Ravimiregister, ravimite koostoimete andmebaas Inxbase ning MDCalc. Nende andmebaaside puhul peab teadma, mis on nende t\u00f6\u00f6p\u00f5him\u00f5tted ning mis on nende v\u00f5imalused ja piiratused.<\/span><\/p><\/div>\n        <\/div>\n        <\/div>\n    <\/div>\n\n<p>\n\t<\/p><div class=\"accordion mb-3\">\n        <div class=\"accordion-item accordion-item--white\">\n        <h2 class=\"accordion-header\" id=\"accordion-69e04f825425b-heading\">\n            <button class=\"accordion-button collapsed\" type=\"button\" data-bs-toggle=\"collapse\" data-bs-target=\"#accordion-69e04f825425b-collapse\" aria-expanded=\"true\" aria-controls=\"accordion-69e04f825425b-collapse\">F\u00fcsioteraapia<\/button>\n        <\/h2>\n        <div id=\"accordion-69e04f825425b-collapse\" class=\"accordion-collapse collapse\" aria-labelledby=\"accordion-69e04f825425b-heading\">\n            <div class=\"accordion-body\">sisu<\/div>\n        <\/div>\n        <\/div>\n    <\/div>\n\n<p>\n\t<\/p><div class=\"accordion mb-3\">\n        <div class=\"accordion-item accordion-item--white\">\n        <h2 class=\"accordion-header\" id=\"accordion-69e04f825425e-heading\">\n            <button class=\"accordion-button collapsed\" type=\"button\" data-bs-toggle=\"collapse\" data-bs-target=\"#accordion-69e04f825425e-collapse\" aria-expanded=\"true\" aria-controls=\"accordion-69e04f825425e-collapse\">Hambaarstiteadus<\/button>\n        <\/h2>\n        <div id=\"accordion-69e04f825425e-collapse\" class=\"accordion-collapse collapse\" aria-labelledby=\"accordion-69e04f825425e-heading\">\n            <div class=\"accordion-body\">\n\n<p>\n\t\u00a0\n<\/p>\n<p><!--td {border: 1px solid #ccc;}br {mso-data-placement:same-cell;}--><br>\n\tMEDLINE andmebaasi otsingus\u00fcsteemid PubMed, Ovid, Cochrane ja teised (ARST.01.108 Professionaalne areng I ; ARST.01.110 Teadusprojekt; ARST 01.103 M\u00e4lumisf\u00fcsioloogia I; Tervise edendamine ARTH.04.044)1.1.Info otsimine \u2013 oskab kasutada erinevaid teadusandmebaase (Pubmed, Web of Science, Scopus).<br>1.2. Info hindamine \u2013 oskab tekstide sisu anal\u00fc\u00fcsida ja v\u00f5rrelda.<br>1.3. Info talletamine ja taasesitamine \u2013 oskab kogutud andmeid t\u00f6\u00f6delda ja korrastada. Kasutab korrektset viitamist uue teksti loomisel. Oskab teksti-, pildi-, heli- ja videofaile taasesitada.<br>Erialakirjanduse leidmine, lugemine, anal\u00fc\u00fcs ja viitamine on olulised oskused nii referaatide kui ka teadusprojekti koostamisel.<\/p><\/div>\n        <\/div>\n        <\/div>\n    <\/div>\n\n<p>\n\t<\/p><div class=\"accordion mb-3\">\n        <div class=\"accordion-item accordion-item--white\">\n        <h2 class=\"accordion-header\" id=\"accordion-69e04f8254260-heading\">\n            <button class=\"accordion-button collapsed\" type=\"button\" data-bs-toggle=\"collapse\" data-bs-target=\"#accordion-69e04f8254260-collapse\" aria-expanded=\"true\" aria-controls=\"accordion-69e04f8254260-collapse\">Kehaline kasvatus ja sport<\/button>\n        <\/h2>\n        <div id=\"accordion-69e04f8254260-collapse\" class=\"accordion-collapse collapse\" aria-labelledby=\"accordion-69e04f8254260-heading\">\n            <div class=\"accordion-body\">\n\n<p>\n\tErialased infokanalid (miinimumkomplekt): Pubmed, Google Scholar, Sport Discus,Treenerite kutseregister, \u00d5petajate register, Kehalise kasvatuse Liit.<\/p><\/div>\n        <\/div>\n        <\/div>\n    <\/div>\n\n<p>\n\t<\/p><div class=\"accordion mb-3\">\n        <div class=\"accordion-item accordion-item--white\">\n        <h2 class=\"accordion-header\" id=\"accordion-69e04f8254263-heading\">\n            <button class=\"accordion-button collapsed\" type=\"button\" data-bs-toggle=\"collapse\" data-bs-target=\"#accordion-69e04f8254263-collapse\" aria-expanded=\"true\" aria-controls=\"accordion-69e04f8254263-collapse\">Proviisori\u00f5pe<\/button>\n        <\/h2>\n        <div id=\"accordion-69e04f8254263-collapse\" class=\"accordion-collapse collapse\" aria-labelledby=\"accordion-69e04f8254263-heading\">\n            <div class=\"accordion-body\">\n\n<p><!--td {border: 1px solid #ccc;}br {mso-data-placement:same-cell;}--><br>\n\terialased infokanalid:<br>PubMed, Medscape, Cochrane Library, Up ToDate, ClinicalTrials.gov, AccessMedicine, Google Scholars, Web of Science, European Commission \u2013 medicinal products, Food and Drug Administration, European Medicines Agency, ravimiamet (erinevad registrid: ravimiregister, tegevuslubade register \u2013 struktuuri tundmine ja info leidmise oskus), Eesti haigekassa, sotsiaalministeeriumi, terviseameti, sotsiaalameti kodulehed erialaseks tegevuseks vajaliku lisainfo otsimiseks, ravimite koostoimete andmebaasid, ravimite stabiilsuse ja sobivuse andmebaas Stabilis.org, riigiteataja kasutamise oskus ravimialaste \u00f5igusaktide leidmiseks. Loetletud allikad vajalikud ravimialase erialakirjanduse ja \u00f5igusaktide kasutamiseks enamasti k\u00f5igis proviisori\u00f5ppe erialaainetes nii teoreetiliste teadmiste t\u00e4iendamiseks kui ka praktikumi\/seminari\u00fclesannete lahendamiseks. Eraldi v\u00f5iks v\u00e4lja tuua ARFA.00.057 Uurimist\u00f6\u00f6. European Pharmacopeia (Farmatseutiline keemia, Farmatseutilised abiained, Farmatseutiline tehnoloogia) ATC.<\/p><\/div>\n        <\/div>\n        <\/div>\n    <\/div>\n\n<p>\n\t<\/p><div class=\"accordion mb-3\">\n        <div class=\"accordion-item accordion-item--white\">\n        <h2 class=\"accordion-header\" id=\"accordion-69e04f8254266-heading\">\n            <button class=\"accordion-button collapsed\" type=\"button\" data-bs-toggle=\"collapse\" data-bs-target=\"#accordion-69e04f8254266-collapse\" aria-expanded=\"true\" aria-controls=\"accordion-69e04f8254266-collapse\">Rahvatervishoid<\/button>\n        <\/h2>\n        <div id=\"accordion-69e04f8254266-collapse\" class=\"accordion-collapse collapse\" aria-labelledby=\"accordion-69e04f8254266-heading\">\n            <div class=\"accordion-body\">sisu<\/div>\n        <\/div>\n        <\/div>\n    <\/div>\n\n<p>\n\t<\/p><div class=\"accordion mb-3\">\n        <div class=\"accordion-item accordion-item--white\">\n        <h2 class=\"accordion-header\" id=\"accordion-69e04f8254268-heading\">\n            <button class=\"accordion-button collapsed\" type=\"button\" data-bs-toggle=\"collapse\" data-bs-target=\"#accordion-69e04f8254268-collapse\" aria-expanded=\"true\" aria-controls=\"accordion-69e04f8254268-collapse\">\u00d5endusteadus<\/button>\n        <\/h2>\n        <div id=\"accordion-69e04f8254268-collapse\" class=\"accordion-collapse collapse\" aria-labelledby=\"accordion-69e04f8254268-heading\">\n            <div class=\"accordion-body\">\n\n<p>\n\tInfootsingute tegemise oskuses erialaselt olulistes elektroonsetes andmebaasides (EBSCohost andmebaasid, PubMed, Medscape, Scopus, Web of Science, CINAHL, Cochrane Library, Google Scholars, E-kataloog ESTER ja Eesti artikliandmebaasid), andmekogudes (Tervisestatistika ja terviseuuringute andmebaas, teised Tervise Arengu Instituudi hallatavad \u00a0registrid, erialaliselt olulised registrid nagu n\u00e4iteks tervishoiut\u00f6\u00f6tajate riiklik register, e-tervise infos\u00fcsteem, Riigi Teataja elektroonne keskkond jms) ning organisatsioonide veebilehtedel (T\u00dc inimuuringute eetika komitee, Eetikaveeb jt).<\/p><\/div>\n        <\/div>\n        <\/div>\n    <\/div>\n","protected":false},"excerpt":{"rendered":"<p>Teadusliku info otsingustrateegiate kujundamine ja rakendamine: otsingus\u00fcsteemide ehitus, toimimine, usaldusv\u00e4\u00e4rsus, kriitiline hindamine ja erialane kasutamine, andmebaasid ja infokanalid Meditsiinivaldkond eeldab teadus- ja t\u00f5endusp\u00f5hisust. Seda iseloomustavad s\u00fcsteemsus ning kriitiline m\u00f5tlemine. Nende tagamiseks on meditsiinivaldkonna \u00fclikoolil\u00f5petaja kujundanud ja rakendab teadusliku info otsingustrateegiaid: &#8230;<\/p>\n","protected":false},"author":253,"featured_media":0,"parent":0,"menu_order":0,"comment_status":"closed","ping_status":"closed","template":"","meta":{"_acf_changed":false,"inline_featured_image":false,"footnotes":""},"class_list":["post-7","page","type-page","status-publish","hentry"],"acf":[],"_links":{"self":[{"href":"https:\/\/sisu.ut.ee\/meditsiinivaldkonna-digipadevus\/wp-json\/wp\/v2\/pages\/7","targetHints":{"allow":["GET"]}}],"collection":[{"href":"https:\/\/sisu.ut.ee\/meditsiinivaldkonna-digipadevus\/wp-json\/wp\/v2\/pages"}],"about":[{"href":"https:\/\/sisu.ut.ee\/meditsiinivaldkonna-digipadevus\/wp-json\/wp\/v2\/types\/page"}],"author":[{"embeddable":true,"href":"https:\/\/sisu.ut.ee\/meditsiinivaldkonna-digipadevus\/wp-json\/wp\/v2\/users\/253"}],"replies":[{"embeddable":true,"href":"https:\/\/sisu.ut.ee\/meditsiinivaldkonna-digipadevus\/wp-json\/wp\/v2\/comments?post=7"}],"version-history":[{"count":1,"href":"https:\/\/sisu.ut.ee\/meditsiinivaldkonna-digipadevus\/wp-json\/wp\/v2\/pages\/7\/revisions"}],"predecessor-version":[{"id":57,"href":"https:\/\/sisu.ut.ee\/meditsiinivaldkonna-digipadevus\/wp-json\/wp\/v2\/pages\/7\/revisions\/57"}],"wp:attachment":[{"href":"https:\/\/sisu.ut.ee\/meditsiinivaldkonna-digipadevus\/wp-json\/wp\/v2\/media?parent=7"}],"curies":[{"name":"wp","href":"https:\/\/api.w.org\/{rel}","templated":true}]}}