{"id":6,"date":"2024-04-04T07:11:31","date_gmt":"2024-04-04T04:11:31","guid":{"rendered":"https:\/\/sisu.ut.ee\/meditsiinivaldkonna-digipadevus\/mv-opivara\/"},"modified":"2024-04-17T13:09:08","modified_gmt":"2024-04-17T10:09:08","slug":"mv-opivara","status":"publish","type":"page","link":"https:\/\/sisu.ut.ee\/meditsiinivaldkonna-digipadevus\/mv-opivara\/","title":{"rendered":"MV digip\u00e4devuse \u00f5pivara"},"content":{"rendered":"<div class=\"wp-block-columns is-layout-flex wp-container-core-columns-is-layout-9d6595d7 wp-block-columns-is-layout-flex\">\n<div class=\"wp-block-column is-layout-flow wp-block-column-is-layout-flow\" style=\"flex-basis:66.66%\">\n<h2 style=\"text-align: left;\">Meditsiiniteaduste valdkonna digip\u00e4devuse \u00f5pivara<\/h2>\n<p>Digip\u00e4devuse \u00f5pivara on esitatud meditsiiniteaduste valdkonna digip\u00e4devuse mudelit j\u00e4rgides seitsme teemana:<\/p>\n<ol>\n<li><a title=\"\" href=\"https:\/\/sisu.ut.ee\/meditsiinivaldkonna-digipadevus\/teadusinfo-otsing\" data-url=\"https:\/\/sisu.ut.ee\/meditsiinivaldkonna-digipadevus\/teadusinfo-otsing\">Teadusinfo otsing<\/a><\/li>\n<li><a title=\"\" href=\"https:\/\/sisu.ut.ee\/meditsiinivaldkonna-digipadevus\/info-t%C3%B6%C3%B6tlemine-0\" data-url=\"https:\/\/sisu.ut.ee\/meditsiinivaldkonna-digipadevus\/info-t%C3%B6%C3%B6tlemine-0\">Info t\u00f6\u00f6tlemine<\/a><\/li>\n<li><a title=\"\" href=\"https:\/\/sisu.ut.ee\/meditsiinivaldkonna-digipadevus\/teadussisu-loomine\" data-url=\"https:\/\/sisu.ut.ee\/meditsiinivaldkonna-digipadevus\/teadussisu-loomine\">Teadussisu loomine<\/a><\/li>\n<li><a title=\"\" href=\"https:\/\/sisu.ut.ee\/meditsiinivaldkonna-digipadevus\/suhtlus-digikanalites\" data-url=\"https:\/\/sisu.ut.ee\/meditsiinivaldkonna-digipadevus\/suhtlus-digikanalites\">Suhtlus digikanalites<\/a><\/li>\n<li><a title=\"\" href=\"https:\/\/sisu.ut.ee\/meditsiinivaldkonna-digipadevus\/isiklik-digih%C3%BCgieen-0\" data-url=\"https:\/\/sisu.ut.ee\/meditsiinivaldkonna-digipadevus\/isiklik-digih%C3%BCgieen-0\">Isiklik digih\u00fcgieen<\/a><\/li>\n<li><a title=\"\" href=\"https:\/\/sisu.ut.ee\/meditsiinivaldkonna-digipadevus\/k%C3%BCberturvalisus-0\" data-url=\"https:\/\/sisu.ut.ee\/meditsiinivaldkonna-digipadevus\/k%C3%BCberturvalisus-0\">K\u00fcberturvalisus<\/a><\/li>\n<li><a title=\"\" href=\"https:\/\/sisu.ut.ee\/meditsiinivaldkonna-digipadevus\/digilahenduste-kasutamine\" data-url=\"https:\/\/sisu.ut.ee\/meditsiinivaldkonna-digipadevus\/digilahenduste-kasutamine\">Digilahenduste kasutamine<\/a><\/li>\n<\/ol>\n<h3>\u00d5pivara \u00fclesehitus<\/h3>\n<p>Iga teema k\u00e4sitlemine h\u00f5lmab kolme osa:<\/p>\n<ol>\n<li>Teema detailsem kirjeldus meditsiiniteaduste valdkonna digip\u00e4devuse mudelis.<\/li>\n<li>Teemaga seotud p\u00e4devuste detailsed kirjeldused meditsiiniteaduste valdkonna \u00f5ppekavade l\u00f5ikes.<\/li>\n<li>Teema \u00f5pivarad, mis h\u00f5lmavad nii valdkonna\u00fcleseid kui ka spetsiifiliste erialade materjale.<\/li>\n<\/ol>\n<h3>Digip\u00e4devuse alusoskused<\/h3>\n<p>\u00dclaltoodud teemak\u00e4sitlused h\u00f5lmavad meditsiiniteaduste valdkonna spetsiifilisi aspekte. Kui vajad \u00fcldisemat digip\u00e4devuse-alast eneset\u00e4iendust, alusta palun <a title=\"\" href=\"https:\/\/sisu.ut.ee\/meditsiinivaldkonna-digipadevus\/digip%C3%A4devuse-alusoskused-0\" data-url=\"https:\/\/sisu.ut.ee\/meditsiinivaldkonna-digipadevus\/digip%C3%A4devuse-alusoskused-0\">digip\u00e4devuse alusoskuste lehek\u00fcljelt<\/a>.<\/p>\n<\/div>\n\n\n\n<div class=\"wp-block-column is-layout-flow wp-block-column-is-layout-flow\" style=\"flex-basis:33.33%\">\n<figure id=\"bg\">\n  <svg version=\"1.1\" xmlns=\"http:\/\/www.w3.org\/2000\/svg\" xmlns:xlink=\"http:\/\/www.w3.org\/1999\/xlink\" viewbox=\"0 0 564 437\" preserveaspectratio=\"xMinYMin meet\">\n    <image width=\"564\" height=\"437\" xlink:href=\"https:\/\/sisu.ut.ee\/wp-content\/uploads\/sites\/490\/screenshot_2021-05-05_at_13.58.03.png\">\n    <\/image>\n    <a xlink:href=\"https:\/\/sisu.ut.ee\/meditsiinivaldkonna-digipadevus\/teadusinfo-otsing\" target=\"_top\" rel=\"noopener\">\n      <circle cx=\"83\" cy=\"293\" r=\"70\" fill=\"transparent\" opacity=\"0.5\"><\/circle>\n    <\/a>\n    <a xlink:href=\"https:\/\/sisu.ut.ee\/meditsiinivaldkonna-digipadevus\/info-tootlemine-0\" target=\"_top\" rel=\"noopener\">\n       <circle cx=\"215\" cy=\"218\" r=\"70\" fill=\"transparent\" opacity=\"0.5\" width=\"154\" height=\"135\"><\/circle>\n    <\/a>\n    <a xlink:href=\"https:\/\/sisu.ut.ee\/meditsiinivaldkonna-digipadevus\/teadussisu-loomine\" target=\"_top\" rel=\"noopener\">\n      <circle cx=\"83\" cy=\"145\" r=\"70\" fill=\"transparent\" opacity=\"0.5\" width=\"154\" height=\"135\"><\/circle>\n    <\/a>\n    <a xlink:href=\"https:\/\/sisu.ut.ee\/meditsiinivaldkonna-digipadevus\/suhtlus-digikanalites\" target=\"_top\" rel=\"noopener\">\n       <circle cx=\"348\" cy=\"145\" r=\"70\" fill=\"transparent\" opacity=\"0.5\" width=\"154\" height=\"135\"><\/circle>\n    <\/a>\n    <a xlink:href=\"https:\/\/sisu.ut.ee\/meditsiinivaldkonna-digipadevus\/isiklik-digihugieen-0\" target=\"_top\" rel=\"noopener\">\n       <circle cx=\"481\" cy=\"73\" r=\"70\" fill=\"transparent\" opacity=\"0.5\" width=\"154\" height=\"135\"><\/circle>\n    <\/a>\n    <a xlink:href=\"https:\/\/sisu.ut.ee\/meditsiinivaldkonna-digipadevus\/kuberturvalisus-0\" target=\"_top\" rel=\"noopener\">\n           <circle cx=\"481\" cy=\"365\" r=\"70\" fill=\"transparent\" opacity=\"0.5\" width=\"154\" height=\"135\"><\/circle>\n    <\/a>\n    <a xlink:href=\"https:\/\/sisu.ut.ee\/meditsiinivaldkonna-digipadevus\/digilahenduste-kasutamine\" target=\"_top\" rel=\"noopener\">\n           <circle cx=\"215\" cy=\"365\" r=\"70\" fill=\"transparent\" opacity=\"0.5\" width=\"154\" height=\"135\"><\/circle>\n    <\/a>\n  <\/svg>\n<\/figure>\n\n<style>\n  #bg {\n    position: relative;\n    width: 100%;\n    padding-bottom: 77%;\n    vertical-align: middle;\n    margin: 0;\n    overflow: hidden;\n  }\n\n  #bg svg {\n    display: inline-block;\n    position: absolute;\n    top: 0;\n    left: 0;\n  }\n\n<\/style>\n<\/div>\n<\/div>\n","protected":false},"excerpt":{"rendered":"<p>Meditsiiniteaduste valdkonna digip\u00e4devuse \u00f5pivara Digip\u00e4devuse \u00f5pivara on esitatud meditsiiniteaduste valdkonna digip\u00e4devuse mudelit j\u00e4rgides seitsme teemana: Teadusinfo otsing Info t\u00f6\u00f6tlemine Teadussisu loomine Suhtlus digikanalites Isiklik digih\u00fcgieen K\u00fcberturvalisus Digilahenduste kasutamine \u00d5pivara \u00fclesehitus Iga teema k\u00e4sitlemine h\u00f5lmab kolme osa: Teema detailsem kirjeldus meditsiiniteaduste &#8230;<\/p>\n","protected":false},"author":253,"featured_media":0,"parent":0,"menu_order":0,"comment_status":"closed","ping_status":"closed","template":"","meta":{"_acf_changed":false,"inline_featured_image":false,"footnotes":""},"class_list":["post-6","page","type-page","status-publish","hentry"],"acf":[],"_links":{"self":[{"href":"https:\/\/sisu.ut.ee\/meditsiinivaldkonna-digipadevus\/wp-json\/wp\/v2\/pages\/6","targetHints":{"allow":["GET"]}}],"collection":[{"href":"https:\/\/sisu.ut.ee\/meditsiinivaldkonna-digipadevus\/wp-json\/wp\/v2\/pages"}],"about":[{"href":"https:\/\/sisu.ut.ee\/meditsiinivaldkonna-digipadevus\/wp-json\/wp\/v2\/types\/page"}],"author":[{"embeddable":true,"href":"https:\/\/sisu.ut.ee\/meditsiinivaldkonna-digipadevus\/wp-json\/wp\/v2\/users\/253"}],"replies":[{"embeddable":true,"href":"https:\/\/sisu.ut.ee\/meditsiinivaldkonna-digipadevus\/wp-json\/wp\/v2\/comments?post=6"}],"version-history":[{"count":3,"href":"https:\/\/sisu.ut.ee\/meditsiinivaldkonna-digipadevus\/wp-json\/wp\/v2\/pages\/6\/revisions"}],"predecessor-version":[{"id":79,"href":"https:\/\/sisu.ut.ee\/meditsiinivaldkonna-digipadevus\/wp-json\/wp\/v2\/pages\/6\/revisions\/79"}],"wp:attachment":[{"href":"https:\/\/sisu.ut.ee\/meditsiinivaldkonna-digipadevus\/wp-json\/wp\/v2\/media?parent=6"}],"curies":[{"name":"wp","href":"https:\/\/api.w.org\/{rel}","templated":true}]}}