{"id":5,"date":"2024-04-04T07:11:31","date_gmt":"2024-04-04T04:11:31","guid":{"rendered":"https:\/\/sisu.ut.ee\/meditsiinivaldkonna-digipadevus\/mv-digipadevuse-mudel\/"},"modified":"2024-04-17T12:54:39","modified_gmt":"2024-04-17T09:54:39","slug":"mv-digipadevuse-mudel","status":"publish","type":"page","link":"https:\/\/sisu.ut.ee\/meditsiinivaldkonna-digipadevus\/mv-digipadevuse-mudel\/","title":{"rendered":"Meditsiiniteaduste valdkonna digip\u00e4devuse mudel"},"content":{"rendered":"<h2 dir=\"ltr\" style=\"text-align: left;\">Meditsiiniteaduste valdkonna digip\u00e4devuse mudel<\/h2>\n<p>Meditsiiniteaduste valdkonna digip\u00e4devuse mudeli aluseks on <a title=\"\" href=\"https:\/\/ec.europa.eu\/jrc\/en\/digcomp\/digital-competence-framework\" target=\"_blank\" rel=\"noopener\" data-url=\"https:\/\/ec.europa.eu\/jrc\/en\/digcomp\/digital-competence-framework\">Euroopa kodaniku digip\u00e4devuse raamistik DigComp<\/a>, mis h\u00f5lmab viide valdkonda jaotatud 21 digip\u00e4devuse osaoskust. Sellele raamistikule toetudes kaardistati meditsiiniteaduste valdkonna jaoks olulised oskused ning s\u00f5nastati nende kirjeldused valdkonna vaatenurgast.<\/p>\n<p>Tulemuseks on meditsiiniteaduste valdkonna digip\u00e4devuse kolmetasandiline \u00fcldmudel (vt j\u00e4rgnev joonis). See toetub vundamendis digip\u00e4devuse <strong>alusoskustele<\/strong>, mille kujundamist nii \u00fcli\u00f5pilastel kui \u00f5ppej\u00f5ududel toetab <a title=\"\" href=\"https:\/\/sisu.ut.ee\/meditsiinivaldkonna-digipadevus\/digip%C3%A4devuse-alusoskused-0\" data-url=\"https:\/\/sisu.ut.ee\/meditsiinivaldkonna-digipadevus\/digip%C3%A4devuse-alusoskused-0\">digip\u00e4devuse alusoskuste \u00f5pivara<\/a>. Oma p\u00f5hiosas h\u00f5lmab mudel <a title=\"\" href=\"https:\/\/sisu.ut.ee\/meditsiinivaldkonna-digipadevus\/mv-opivara\" data-url=\"https:\/\/sisu.ut.ee\/meditsiinivaldkonna-digipadevus\/mv-opivara\">meditsiiniteaduste valdkonna jaoks oluliste \u00f5piv\u00e4ljunditena kirjeldatud digip\u00e4devuse-alaseid teadmisi ja oskuseid<\/a>, mida erialati t\u00e4psustatakse konkreetsete, \u00f5ppekavas kindlat kohta omavate oskuste ja teadmistega. Koos toetavad alusoskused ning meditsiiniteaduste valdkonna- ja erialaspetsiifilised teadmised ja oskused soovitud digip\u00e4devuse-alaste <strong>katushoiakute<\/strong> kujunemist stuudiumi l\u00f5puks.<\/p>\n<p style=\"text-align: center;\"><img loading=\"lazy\" decoding=\"async\" width=\"983\" height=\"662\" class=\"alignnone wp-image-18\" title=\"Meditsiinivaldkonna digipa\u0308devuse mudel\" src=\"https:\/\/sisu.ut.ee\/wp-content\/uploads\/sites\/490\/meditsiinivaldkonna_digipadevuse_mudel.png\" alt=\"Meditsiinivaldkonna digipa\u0308devuse mudel\" srcset=\"https:\/\/sisu.ut.ee\/wp-content\/uploads\/sites\/490\/meditsiinivaldkonna_digipadevuse_mudel.png 983w, https:\/\/sisu.ut.ee\/wp-content\/uploads\/sites\/490\/meditsiinivaldkonna_digipadevuse_mudel-300x202.png 300w, https:\/\/sisu.ut.ee\/wp-content\/uploads\/sites\/490\/meditsiinivaldkonna_digipadevuse_mudel-768x517.png 768w\" sizes=\"auto, (max-width: 983px) 100vw, 983px\"><\/p>\n<p>K\u00e4esolevas lehestikus on meditsiiniteaduste valdkonnas oluliste alusoskuste ning valdkonnaspetsiifiliste teadmiste ja oskuste \u00f5ppematerjalid esitatud vastavalt <a title=\"\" href=\"https:\/\/sisu.ut.ee\/meditsiinivaldkonna-digipadevus\/digip%C3%A4devuse-alusoskused-0\" data-url=\"https:\/\/sisu.ut.ee\/meditsiinivaldkonna-digipadevus\/digip%C3%A4devuse-alusoskused-0\">\u201cDigip\u00e4devuse alusoskuste\u201d<\/a> ja <a title=\"\" href=\"https:\/\/sisu.ut.ee\/meditsiinivaldkonna-digipadevus\/mv-opivara\" data-url=\"https:\/\/sisu.ut.ee\/meditsiinivaldkonna-digipadevus\/mv-opivara\">\u201cMeditsiiniteaduste valdkonna digip\u00e4devuse \u00f5pivara\u201d<\/a> alamlehtedel.<\/p>\n","protected":false},"excerpt":{"rendered":"<p>Meditsiiniteaduste valdkonna digip\u00e4devuse mudel Meditsiiniteaduste valdkonna digip\u00e4devuse mudeli aluseks on Euroopa kodaniku digip\u00e4devuse raamistik DigComp, mis h\u00f5lmab viide valdkonda jaotatud 21 digip\u00e4devuse osaoskust. Sellele raamistikule toetudes kaardistati meditsiiniteaduste valdkonna jaoks olulised oskused ning s\u00f5nastati nende kirjeldused valdkonna vaatenurgast. Tulemuseks on &#8230;<\/p>\n","protected":false},"author":253,"featured_media":0,"parent":0,"menu_order":0,"comment_status":"closed","ping_status":"closed","template":"","meta":{"_acf_changed":false,"inline_featured_image":false,"footnotes":""},"class_list":["post-5","page","type-page","status-publish","hentry"],"acf":[],"_links":{"self":[{"href":"https:\/\/sisu.ut.ee\/meditsiinivaldkonna-digipadevus\/wp-json\/wp\/v2\/pages\/5","targetHints":{"allow":["GET"]}}],"collection":[{"href":"https:\/\/sisu.ut.ee\/meditsiinivaldkonna-digipadevus\/wp-json\/wp\/v2\/pages"}],"about":[{"href":"https:\/\/sisu.ut.ee\/meditsiinivaldkonna-digipadevus\/wp-json\/wp\/v2\/types\/page"}],"author":[{"embeddable":true,"href":"https:\/\/sisu.ut.ee\/meditsiinivaldkonna-digipadevus\/wp-json\/wp\/v2\/users\/253"}],"replies":[{"embeddable":true,"href":"https:\/\/sisu.ut.ee\/meditsiinivaldkonna-digipadevus\/wp-json\/wp\/v2\/comments?post=5"}],"version-history":[{"count":2,"href":"https:\/\/sisu.ut.ee\/meditsiinivaldkonna-digipadevus\/wp-json\/wp\/v2\/pages\/5\/revisions"}],"predecessor-version":[{"id":71,"href":"https:\/\/sisu.ut.ee\/meditsiinivaldkonna-digipadevus\/wp-json\/wp\/v2\/pages\/5\/revisions\/71"}],"wp:attachment":[{"href":"https:\/\/sisu.ut.ee\/meditsiinivaldkonna-digipadevus\/wp-json\/wp\/v2\/media?parent=5"}],"curies":[{"name":"wp","href":"https:\/\/api.w.org\/{rel}","templated":true}]}}