{"id":4,"date":"2024-04-04T07:11:31","date_gmt":"2024-04-04T04:11:31","guid":{"rendered":"https:\/\/sisu.ut.ee\/meditsiinivaldkonna-digipadevus\/avaleht\/"},"modified":"2024-04-17T12:54:21","modified_gmt":"2024-04-17T09:54:21","slug":"avaleht","status":"publish","type":"page","link":"https:\/\/sisu.ut.ee\/meditsiinivaldkonna-digipadevus\/","title":{"rendered":"Avaleht"},"content":{"rendered":"<h2 style=\"text-align: left;\">MEDITSIINITEADUSTE VALDKONNA DIGIP\u00c4DEVUS TARTU \u00dcLIKOOLIS<\/h2>\n<p>K\u00e4esolev lehestik koondab meditsiiniteaduste valdkonna erialadele olulise digip\u00e4devuse \u00f5pivara. Allpool saad l\u00e4hemalt tutvuda, mida digip\u00e4devuse all m\u00f5istame, kuidas k\u00e4esolevad materjalid koostatud on ning kuidas neid kasutada.<\/p>\n<h3>Mis on digip\u00e4devus?<\/h3>\n<p>Digip\u00e4devus on enam-v\u00e4hem k\u00f5ik tavalised teadmised, oskused ja hoiakud, mida me iga p\u00e4ev digikeskkondades v\u00f5i digivahendeid kasutades rakendame. Endalegi m\u00e4rkamatult oleme p\u00e4ris digip\u00e4devad, sest tihti on meie kasutatavad digivahendid h\u00e4sti intuitiivsete ja kergesti kasutatavate funktsioonidega. T\u00f5husaimad on need aga siis, kui oskame neid teadlikult endale sobivaimaks kohandada ja nii \u201ekapotialuseid\u201c protsesse kui ka saadud tulemusi kriitiliselt hinnata.<\/p>\n<h3><a title=\"\" href=\"https:\/\/sisu.ut.ee\/meditsiinivaldkonna-digipadevus\/mv-digipadevuse-mudel\" data-url=\"https:\/\/sisu.ut.ee\/meditsiinivaldkonna-digipadevus\/mv-digipadevuse-mudel\"><img loading=\"lazy\" decoding=\"async\" width=\"464\" height=\"311\" class=\"alignnone wp-image-17\" style=\"float: right;\" title=\"screenshot_2021-05-06_at_08.25.38.png\" src=\"https:\/\/sisu.ut.ee\/wp-content\/uploads\/sites\/490\/screenshot_2021-05-06_at_08.25.38.png\" alt=\"Mudel\" srcset=\"https:\/\/sisu.ut.ee\/wp-content\/uploads\/sites\/490\/screenshot_2021-05-06_at_08.25.38.png 464w, https:\/\/sisu.ut.ee\/wp-content\/uploads\/sites\/490\/screenshot_2021-05-06_at_08.25.38-300x201.png 300w\" sizes=\"auto, (max-width: 464px) 100vw, 464px\"><\/a>Mida t\u00e4hendab digip\u00e4devus meditsiiniteaduste valdkonnas?<\/h3>\n<p>Meditsiiniteaduste valdkonnas olulise digip\u00e4devuse kirjeldamiseks on koostatud <a title=\"\" href=\"https:\/\/sisu.ut.ee\/meditsiinivaldkonna-digipadevus\/mv-digipadevuse-mudel\" data-url=\"https:\/\/sisu.ut.ee\/meditsiinivaldkonna-digipadevus\/mv-digipadevuse-mudel\">meditsiiniteaduste valdkonna digip\u00e4devuse mudel<\/a>. See esitab meditsiiniteaduste valdkonna jaoks olulise digip\u00e4devuse kolmel tasandil: alusoskused, valdkondlikud teadmised ja oskused ning katushoiakud. Nende sisulise t\u00e4henduse ja rakendusaladega saad tutvuda <a title=\"\" href=\"https:\/\/sisu.ut.ee\/meditsiinivaldkonna-digipadevus\/mv-digipadevuse-mudel\" data-url=\"https:\/\/sisu.ut.ee\/meditsiinivaldkonna-digipadevus\/mv-digipadevuse-mudel\">mudeli kirjelduse lehel<\/a> ning vastavalt <a title=\"\" href=\"https:\/\/sisu.ut.ee\/meditsiinivaldkonna-digipadevus\/digip%C3%A4devuse-alusoskused-0\" data-url=\"https:\/\/sisu.ut.ee\/meditsiinivaldkonna-digipadevus\/digip%C3%A4devuse-alusoskused-0\">alusoskuste<\/a> ja <a title=\"\" href=\"https:\/\/sisu.ut.ee\/meditsiinivaldkonna-digipadevus\/mv-opivara\" data-url=\"https:\/\/sisu.ut.ee\/meditsiinivaldkonna-digipadevus\/mv-opivara\">valdkondlike teadmiste ja oskuste lehek\u00fclgedel<\/a>.<\/p>\n<h3>Kuidas seda lehestikku kasutada?<\/h3>\n<p>Lehestik koondab \u00f5pivara nii digip\u00e4devuse <a title=\"\" href=\"https:\/\/sisu.ut.ee\/meditsiinivaldkonna-digipadevus\/digip%C3%A4devuse-alusoskused-0\" data-url=\"https:\/\/sisu.ut.ee\/meditsiinivaldkonna-digipadevus\/digip%C3%A4devuse-alusoskused-0\">alusoskuste<\/a> kui ka <a title=\"\" href=\"https:\/\/sisu.ut.ee\/meditsiinivaldkonna-digipadevus\/mv-opivara\" data-url=\"https:\/\/sisu.ut.ee\/meditsiinivaldkonna-digipadevus\/mv-opivara\">meditsiiniteaduste valdkonna spetsiifiliste teadmiste ja oskuste<\/a> kohta. Kui vajad eneset\u00e4iendust alusoskuste osas, v\u00f5ib alustada enesetestist, mis aitab oma praeguseid teadmisi ja oskusi teadvustada ning suunab materjalide juurde, mis v\u00f5iks praegust taset arvestades olla oluliseimad:\u00a0<a title=\"\" href=\"https:\/\/sisu.ut.ee\/digipadevus\/quiz\/enesetest\" target=\"_blank\" rel=\"noopener\" data-url=\"https:\/\/sisu.ut.ee\/digipadevus\/quiz\/enesetest\">https:\/\/sisu.ut.ee\/digipadevus\/quiz\/enesetest<\/a>. Kui soovid kujundada enda (\u00fcli\u00f5pilase\/\u00f5ppej\u00f5una) v\u00f5i \u00fcli\u00f5pilaste\u00a0(\u00f5ppej\u00f5una) meditsiiniteaduste valdkonna spetsiifilisi digip\u00e4devust, tutvu <a title=\"\" href=\"https:\/\/sisu.ut.ee\/meditsiinivaldkonna-digipadevus\/mv-opivara\" data-url=\"https:\/\/sisu.ut.ee\/meditsiinivaldkonna-digipadevus\/mv-opivara\">valdkondlike teadmiste ja oskuste lehek\u00fclgedega<\/a>. Sealsed materjalid on esitatud kolmeosalistena:<\/p>\n<ol>\n<li>Teema detailsem kirjeldus meditsiiniteaduste valdkonna digip\u00e4devuse mudelis.<\/li>\n<li>Teemaga seotud p\u00e4devuste detailsed kirjeldused meditsiiniteaduste valdkonna \u00f5ppekavade l\u00f5ikes.<\/li>\n<li>Teema \u00f5pivarad, mis h\u00f5lmavad nii valdkonna\u00fcleseid kui ka spetsiifiliste erialade materjale.<\/li>\n<\/ol>\n<h3>Kuidas need materjalid koostatud on?<\/h3>\n<p>K\u00e4esolev materjal on valminud <strong>Haridus- ja noorteameti IT Akadeemia programmi<\/strong> toel. Kui sul on h\u00e4id soovitusi ja ettepanekuid, missuguseid teemasid v\u00f5i juba olemasolevaid \u00f5pivarasid lehestik lisaks praegustele h\u00f5lmata v\u00f5iks, anna sellest teada meditsiiniteaduste valdkonna \u00f5ppeprodekaan Anti Kaldale (anti.kalda@ut.ee) v\u00f5i \u00fclamen\u00fc\u00fc lingist <em>Anna tagasisidet<\/em>.<\/p>\n<p style=\"text-align: center;\"><img loading=\"lazy\" decoding=\"async\" width=\"1000\" height=\"292\" class=\"alignnone wp-image-16\" style=\"width: 250px; height: 73px;\" title=\"it_akadeemia_logo_rgb_1000_px.png\" src=\"https:\/\/sisu.ut.ee\/wp-content\/uploads\/sites\/490\/it_akadeemia_logo_rgb_1000_px.png\" alt=\"Logo\" srcset=\"https:\/\/sisu.ut.ee\/wp-content\/uploads\/sites\/490\/it_akadeemia_logo_rgb_1000_px.png 1000w, https:\/\/sisu.ut.ee\/wp-content\/uploads\/sites\/490\/it_akadeemia_logo_rgb_1000_px-300x88.png 300w, https:\/\/sisu.ut.ee\/wp-content\/uploads\/sites\/490\/it_akadeemia_logo_rgb_1000_px-768x224.png 768w\" sizes=\"auto, (max-width: 1000px) 100vw, 1000px\"><\/p>\n","protected":false},"excerpt":{"rendered":"<p>MEDITSIINITEADUSTE VALDKONNA DIGIP\u00c4DEVUS TARTU \u00dcLIKOOLIS K\u00e4esolev lehestik koondab meditsiiniteaduste valdkonna erialadele olulise digip\u00e4devuse \u00f5pivara. Allpool saad l\u00e4hemalt tutvuda, mida digip\u00e4devuse all m\u00f5istame, kuidas k\u00e4esolevad materjalid koostatud on ning kuidas neid kasutada. Mis on digip\u00e4devus? Digip\u00e4devus on enam-v\u00e4hem k\u00f5ik tavalised teadmised, &#8230;<\/p>\n","protected":false},"author":253,"featured_media":0,"parent":0,"menu_order":0,"comment_status":"closed","ping_status":"closed","template":"","meta":{"_acf_changed":false,"inline_featured_image":false,"footnotes":""},"class_list":["post-4","page","type-page","status-publish","hentry"],"acf":[],"_links":{"self":[{"href":"https:\/\/sisu.ut.ee\/meditsiinivaldkonna-digipadevus\/wp-json\/wp\/v2\/pages\/4","targetHints":{"allow":["GET"]}}],"collection":[{"href":"https:\/\/sisu.ut.ee\/meditsiinivaldkonna-digipadevus\/wp-json\/wp\/v2\/pages"}],"about":[{"href":"https:\/\/sisu.ut.ee\/meditsiinivaldkonna-digipadevus\/wp-json\/wp\/v2\/types\/page"}],"author":[{"embeddable":true,"href":"https:\/\/sisu.ut.ee\/meditsiinivaldkonna-digipadevus\/wp-json\/wp\/v2\/users\/253"}],"replies":[{"embeddable":true,"href":"https:\/\/sisu.ut.ee\/meditsiinivaldkonna-digipadevus\/wp-json\/wp\/v2\/comments?post=4"}],"version-history":[{"count":2,"href":"https:\/\/sisu.ut.ee\/meditsiinivaldkonna-digipadevus\/wp-json\/wp\/v2\/pages\/4\/revisions"}],"predecessor-version":[{"id":70,"href":"https:\/\/sisu.ut.ee\/meditsiinivaldkonna-digipadevus\/wp-json\/wp\/v2\/pages\/4\/revisions\/70"}],"wp:attachment":[{"href":"https:\/\/sisu.ut.ee\/meditsiinivaldkonna-digipadevus\/wp-json\/wp\/v2\/media?parent=4"}],"curies":[{"name":"wp","href":"https:\/\/api.w.org\/{rel}","templated":true}]}}