{"id":3,"date":"2024-04-04T07:11:31","date_gmt":"2024-04-04T04:11:31","guid":{"rendered":"https:\/\/sisu.ut.ee\/meditsiinivaldkonna-digipadevus\/tekstirobotid\/"},"modified":"2025-01-14T14:37:46","modified_gmt":"2025-01-14T12:37:46","slug":"tekstirobotid","status":"publish","type":"page","link":"https:\/\/sisu.ut.ee\/meditsiinivaldkonna-digipadevus\/tekstirobotid\/","title":{"rendered":"Tekstirobotid"},"content":{"rendered":"<h2 style=\"text-align: left;\">Tekstirobotid<\/h2>\n<ul>\n<li style=\"list-style-type: none\">\n<ul>\n<li>\u00d5ppimine ja \u00f5petamine tehisintellekti ajastul: kuidas kasutada tekstiroboteid \u00f5ppet\u00f6\u00f6s \u2013\u00a0<a href=\"https:\/\/sisu.ut.ee\/ti\/\">https:\/\/sisu.ut.ee\/ti\/<\/a><\/li>\n<li>Tekstiroboti kasutamisest \u00fcli\u00f5pilastele E-\u00f5ppija k\u00e4siraamatus\u00a0\u2013\u00a0 <a title=\"\" href=\"https:\/\/sisu.ut.ee\/eoppija\/tekstiroboti-kasutamisest\" target=\"_blank\" rel=\"noopener\" data-url=\"https:\/\/sisu.ut.ee\/eoppija\/tekstiroboti-kasutamisest\">https:\/\/sisu.ut.ee\/eoppija\/tekstiroboti-kasutamisest<\/a><\/li>\n<li>Tartu \u00dclikooli suunis tekstiroboti kasutamiseks \u00f5ppet\u00f6\u00f6s \u2013\u00a0<a title=\"\" href=\"https:\/\/ut.ee\/et\/sisu\/tartu-ulikooli-suunis-tekstiroboti-kasutamiseks-oppetoos\" target=\"_blank\" rel=\"noopener\" data-url=\"https:\/\/ut.ee\/et\/sisu\/tartu-ulikooli-suunis-tekstiroboti-kasutamiseks-oppetoos\">https:\/\/ut.ee\/et\/sisu\/tartu-ulikooli-suunis-tekstiroboti-kasutamiseks-oppetoos<\/a><\/li>\n<li>Tekstirobotitest T\u00dc E-\u00f5ppe ajakirjas \u2013\u00a0<a title=\"\" href=\"https:\/\/etu.ut.ee\/tag\/ti\/\" target=\"_blank\" rel=\"noopener\" data-url=\"https:\/\/etu.ut.ee\/tag\/ti\/\">https:\/\/etu.ut.ee\/tag\/ti\/<\/a><\/li>\n<li>Juhised Microsoft Copiloti\u2019i kasutamise kohta Microsoft Edge\u2019i ja Google Chrome veebilehitsejas \u2013\u00a0<a title=\"\" href=\"https:\/\/wiki.ut.ee\/display\/AA\/Microsoft+Copilot\" target=\"_blank\" rel=\"noopener\" data-url=\"https:\/\/wiki.ut.ee\/display\/AA\/Microsoft+Copilot\">https:\/\/wiki.ut.ee\/display\/AA\/Microsoft+Copilot<\/a><\/li>\n<\/ul>\n<\/li>\n<\/ul>\n","protected":false},"excerpt":{"rendered":"<p>Tekstirobotid \u00d5ppimine ja \u00f5petamine tehisintellekti ajastul: kuidas kasutada tekstiroboteid \u00f5ppet\u00f6\u00f6s \u2013\u00a0https:\/\/sisu.ut.ee\/ti\/ Tekstiroboti kasutamisest \u00fcli\u00f5pilastele E-\u00f5ppija k\u00e4siraamatus\u00a0\u2013\u00a0 https:\/\/sisu.ut.ee\/eoppija\/tekstiroboti-kasutamisest Tartu \u00dclikooli suunis tekstiroboti kasutamiseks \u00f5ppet\u00f6\u00f6s \u2013\u00a0https:\/\/ut.ee\/et\/sisu\/tartu-ulikooli-suunis-tekstiroboti-kasutamiseks-oppetoos Tekstirobotitest T\u00dc E-\u00f5ppe ajakirjas \u2013\u00a0https:\/\/etu.ut.ee\/tag\/ti\/ Juhised Microsoft Copiloti\u2019i kasutamise kohta Microsoft Edge\u2019i ja Google Chrome veebilehitsejas &#8230;<\/p>\n","protected":false},"author":253,"featured_media":0,"parent":0,"menu_order":0,"comment_status":"closed","ping_status":"closed","template":"","meta":{"_acf_changed":false,"inline_featured_image":false,"footnotes":""},"class_list":["post-3","page","type-page","status-publish","hentry"],"acf":[],"_links":{"self":[{"href":"https:\/\/sisu.ut.ee\/meditsiinivaldkonna-digipadevus\/wp-json\/wp\/v2\/pages\/3","targetHints":{"allow":["GET"]}}],"collection":[{"href":"https:\/\/sisu.ut.ee\/meditsiinivaldkonna-digipadevus\/wp-json\/wp\/v2\/pages"}],"about":[{"href":"https:\/\/sisu.ut.ee\/meditsiinivaldkonna-digipadevus\/wp-json\/wp\/v2\/types\/page"}],"author":[{"embeddable":true,"href":"https:\/\/sisu.ut.ee\/meditsiinivaldkonna-digipadevus\/wp-json\/wp\/v2\/users\/253"}],"replies":[{"embeddable":true,"href":"https:\/\/sisu.ut.ee\/meditsiinivaldkonna-digipadevus\/wp-json\/wp\/v2\/comments?post=3"}],"version-history":[{"count":3,"href":"https:\/\/sisu.ut.ee\/meditsiinivaldkonna-digipadevus\/wp-json\/wp\/v2\/pages\/3\/revisions"}],"predecessor-version":[{"id":89,"href":"https:\/\/sisu.ut.ee\/meditsiinivaldkonna-digipadevus\/wp-json\/wp\/v2\/pages\/3\/revisions\/89"}],"wp:attachment":[{"href":"https:\/\/sisu.ut.ee\/meditsiinivaldkonna-digipadevus\/wp-json\/wp\/v2\/media?parent=3"}],"curies":[{"name":"wp","href":"https:\/\/api.w.org\/{rel}","templated":true}]}}