{"id":14,"date":"2024-04-04T07:11:32","date_gmt":"2024-04-04T04:11:32","guid":{"rendered":"https:\/\/sisu.ut.ee\/meditsiinivaldkonna-digipadevus\/isiklik-digihugieen-0\/"},"modified":"2024-04-04T07:11:41","modified_gmt":"2024-04-04T04:11:41","slug":"isiklik-digihugieen-0","status":"publish","type":"page","link":"https:\/\/sisu.ut.ee\/meditsiinivaldkonna-digipadevus\/isiklik-digihugieen-0\/","title":{"rendered":"Isiklik digih\u00fcgieen"},"content":{"rendered":"<h3>\n\tIsiklik digih\u00fcgieen: enda digitaalse identiteedi, privaatsuse, isikuandmete, seadmete jmt kaitse<br>\n<\/h3>\n<p>\n\tDigitaalsete kommunikatsiooni- ja koost\u00f6\u00f6kanalite kasutamise kasvuga kaasnevad nende v\u00e4\u00e4r- ja liigkasutuse riskid. Nende maandamiseks on oluline, et meditsiinivaldkonna \u00fclikoolil\u00f5petaja:\n<\/p>\n<ul>\n<li>\n\t\ton l\u00e4bi m\u00f5elnud (personaalse) digih\u00fcgieeni isikliku t\u00e4henduse ning mida see praktikas t\u00e4hendab;\n\t<\/li>\n<li>\n\t\tteab, millist m\u00f5ju avaldab digivahendite liigkasutamine ja oskab sellest hoiduda.\n\t<\/li>\n<li>\n\t\toskab kujundada ja vastavalt vajadusele kasutada ja kaitsta oma digitaalset identiteeti\/identiteete;\n\t<\/li>\n<li>\n\t\tteab, miks ja kuidas digiseadmeid kaitsta ning ajakohastab oma turvastrateegiaid: oskab anal\u00fc\u00fcsida ohte ja riske ning k\u00e4sitleda nende maandamist nii \u00fcldkasutatavate kui erialaspetsiifiliste seadmete kasutamisel.\n\t<\/li>\n<li>\n\t\toskab \u00e4ra tunda digis\u00f5ltuvust, tunneb seda v\u00e4hendavaid ning preventatiivsed meetmeid ning oskab neid rakendada;\n\t<\/li>\n<li>\n\t\ttunneb ja oskab rakendada vahendeid ja meetodeid, mis aitavad muuta digivahendite kasutamist v\u00e4hem kahjulikuks.\n\t<\/li>\n<\/ul>\n<p>\n\t\u00a0\n<\/p>\n<h3 style=\"text-align: center\">\n\tP\u00c4DEVUSE KUJUNDAMINE T\u00dc MV \u00d5PPEKAVADES<br>\n<\/h3>\n<ul>\n<\/ul>\n<p>\n\t<\/p><div class=\"accordion mb-3\">\n        <div class=\"accordion-item accordion-item--white\">\n        <h2 class=\"accordion-header\" id=\"accordion-69e00d9f2b1b5-heading\">\n            <button class=\"accordion-button collapsed\" type=\"button\" data-bs-toggle=\"collapse\" data-bs-target=\"#accordion-69e00d9f2b1b5-collapse\" aria-expanded=\"true\" aria-controls=\"accordion-69e00d9f2b1b5-collapse\">Arstiteadus<\/button>\n        <\/h2>\n        <div id=\"accordion-69e00d9f2b1b5-collapse\" class=\"accordion-collapse collapse\" aria-labelledby=\"accordion-69e00d9f2b1b5-heading\">\n            <div class=\"accordion-body\"><span data-sheets-formula-bar-text-style=\"font-size:11px;color:#000000;font-weight:normal;text-decoration:none;font-family:'docs-Roboto';font-style:normal;text-decoration-skip-ink:none;\">Oskab kujundada oma digitaalse t\u00f6\u00f6keskkonda ja t\u00f6\u00f6r\u00fctmi efektiivselt ning ohutult. Teab netis\u00f5ltuvuse tunnuseid, prof\u00fclaktika ja ravi p\u00f5him\u00f5tteid.<\/span><\/div>\n        <\/div>\n        <\/div>\n    <\/div>\n\n<p>\n\t<\/p><div class=\"accordion mb-3\">\n        <div class=\"accordion-item accordion-item--white\">\n        <h2 class=\"accordion-header\" id=\"accordion-69e00d9f2b1ba-heading\">\n            <button class=\"accordion-button collapsed\" type=\"button\" data-bs-toggle=\"collapse\" data-bs-target=\"#accordion-69e00d9f2b1ba-collapse\" aria-expanded=\"true\" aria-controls=\"accordion-69e00d9f2b1ba-collapse\">F\u00fcsioteraapia<\/button>\n        <\/h2>\n        <div id=\"accordion-69e00d9f2b1ba-collapse\" class=\"accordion-collapse collapse\" aria-labelledby=\"accordion-69e00d9f2b1ba-heading\">\n            <div class=\"accordion-body\">sisu<\/div>\n        <\/div>\n        <\/div>\n    <\/div>\n\n<p>\n\t<\/p><div class=\"accordion mb-3\">\n        <div class=\"accordion-item accordion-item--white\">\n        <h2 class=\"accordion-header\" id=\"accordion-69e00d9f2b1be-heading\">\n            <button class=\"accordion-button collapsed\" type=\"button\" data-bs-toggle=\"collapse\" data-bs-target=\"#accordion-69e00d9f2b1be-collapse\" aria-expanded=\"true\" aria-controls=\"accordion-69e00d9f2b1be-collapse\">Hambaarstiteadus<\/button>\n        <\/h2>\n        <div id=\"accordion-69e00d9f2b1be-collapse\" class=\"accordion-collapse collapse\" aria-labelledby=\"accordion-69e00d9f2b1be-heading\">\n            <div class=\"accordion-body\">\n\n<p><!--td {border: 1px solid #ccc;}br {mso-data-placement:same-cell;}--><br>\n\tOskab t\u00f6\u00f6aega planeerida kasutades arvutit ja nutiseadmeid vastavalt vajadusele (Professionaalne areng I)4.1. Seadmete kaitsmine. \u00f5pilane rakendab ohutus- ja turvameetmeid, et v\u00e4ltida f\u00fc\u00fcsilisi ning virtuaalseid riske.Oskab n\u00e4ha ja \u00e4ra tunda digis\u00f5ltuvusele viitavat k\u00e4itumist (loomisel)<br>Teab digiseadmete liigkasutamisest tulenevaid ohtusid ning m\u00f5ju tervisele<br>4.2. isikuandmete kaitsmine<br>Isikuandmete kaitsmine \u2013 \u00fcli\u00f5pilane arvestab digitegevustes teiste inimeste privaatsust ja \u00fchiseid kasutustingimusi ning kaitseb oma isikuandmeid ja ennast veebipettuste, ohtude ning ku\u0308berkiusamise eest.<br>Oskab kasutada Kliinikumi digitaalset haiguslugu ja Eesti Pildipanka<br>Kliinilises t\u00f6\u00f6d on oluline patsientide isikuandmete turvalisus.<br>4.3. tervise kaitsmine<br>\u00dcli\u00f5pilane v\u00e4ldib digitehnoloogia ja digitaalse info kasutamisest tulenevaid terviseriske.<br>4.4. Keskkonna kaitsmine \u2013 \u00dcli\u00f5pilane teadvustab digitehnoloogia m\u00f5ju keskkonnale.<br>5.1. Tehniliste probleemide lahendamine.<br>\u00dcli\u00f5pilane teeb veaotsinguga kindlaks tehnilised probleemid ning leiab v\u00f5imalikud lahendused (veaotsingust kuni komplekssemate probleemideni).<br>5.2. Vajaduste v\u00e4ljaselgitamine ja neile tehnoloogiliste lahenduste leidmine.<br>\u00dcli\u00f5pilane valib ning hindab kriitiliselt enda vajaduste j\u00e4rgi sobivaid tehnoloogilisi v\u00f5imalusi ja digilahendusi.<br>5.3. Innovatsioon ja tehnoloogia loov kasutamine<br>\u00dcli\u00f5pilane rakendab tehnoloogiat loovalt enesev\u00e4ljendamiseks ja probleemidele uudsete lahenduste leidmiseks.<br>5.4. Digip\u00e4devuse l\u00fcnkade v\u00e4ljaselgitamine \u2013 \u00f5pilane hoiab end kursis uute arengusuundadega digitehnoloogias, selgitab j\u00e4rjepidevalt oma digip\u00e4devuse puuduj\u00e4\u00e4ke, arendab ennast ning toetab teisi digip\u00e4devuse arendamises.<\/p><\/div>\n        <\/div>\n        <\/div>\n    <\/div>\n\n<p>\n\t<\/p><div class=\"accordion mb-3\">\n        <div class=\"accordion-item accordion-item--white\">\n        <h2 class=\"accordion-header\" id=\"accordion-69e00d9f2b1c2-heading\">\n            <button class=\"accordion-button collapsed\" type=\"button\" data-bs-toggle=\"collapse\" data-bs-target=\"#accordion-69e00d9f2b1c2-collapse\" aria-expanded=\"true\" aria-controls=\"accordion-69e00d9f2b1c2-collapse\">Kehaline kasvatus ja sport<\/button>\n        <\/h2>\n        <div id=\"accordion-69e00d9f2b1c2-collapse\" class=\"accordion-collapse collapse\" aria-labelledby=\"accordion-69e00d9f2b1c2-heading\">\n            <div class=\"accordion-body\">\n\n<p><!--br {mso-data-placement:same-cell;}--><br>\n\tNetis\u00f5ltuvus ja k\u00e4itumine. Tervisekasvatuse aine.<br>Rahva- ja tervisesport.<\/p><\/div>\n        <\/div>\n        <\/div>\n    <\/div>\n\n<p>\n\t<\/p><div class=\"accordion mb-3\">\n        <div class=\"accordion-item accordion-item--white\">\n        <h2 class=\"accordion-header\" id=\"accordion-69e00d9f2b1c4-heading\">\n            <button class=\"accordion-button collapsed\" type=\"button\" data-bs-toggle=\"collapse\" data-bs-target=\"#accordion-69e00d9f2b1c4-collapse\" aria-expanded=\"true\" aria-controls=\"accordion-69e00d9f2b1c4-collapse\">Proviisori\u00f5pe<\/button>\n        <\/h2>\n        <div id=\"accordion-69e00d9f2b1c4-collapse\" class=\"accordion-collapse collapse\" aria-labelledby=\"accordion-69e00d9f2b1c4-heading\">\n            <div class=\"accordion-body\">\n\n<p><!--td {border: 1px solid #ccc;}br {mso-data-placement:same-cell;}--><br>\n\tTeadmised netis\u00f5ltuvuse ja selle v\u00f5imaliku ennetamise kohta.<\/p><\/div>\n        <\/div>\n        <\/div>\n    <\/div>\n\n<p>\n\t<\/p><div class=\"accordion mb-3\">\n        <div class=\"accordion-item accordion-item--white\">\n        <h2 class=\"accordion-header\" id=\"accordion-69e00d9f2b1c5-heading\">\n            <button class=\"accordion-button collapsed\" type=\"button\" data-bs-toggle=\"collapse\" data-bs-target=\"#accordion-69e00d9f2b1c5-collapse\" aria-expanded=\"true\" aria-controls=\"accordion-69e00d9f2b1c5-collapse\">Rahvatervishoid<\/button>\n        <\/h2>\n        <div id=\"accordion-69e00d9f2b1c5-collapse\" class=\"accordion-collapse collapse\" aria-labelledby=\"accordion-69e00d9f2b1c5-heading\">\n            <div class=\"accordion-body\">sisu<\/div>\n        <\/div>\n        <\/div>\n    <\/div>\n\n<p>\n\t<\/p><div class=\"accordion mb-3\">\n        <div class=\"accordion-item accordion-item--white\">\n        <h2 class=\"accordion-header\" id=\"accordion-69e00d9f2b1c7-heading\">\n            <button class=\"accordion-button collapsed\" type=\"button\" data-bs-toggle=\"collapse\" data-bs-target=\"#accordion-69e00d9f2b1c7-collapse\" aria-expanded=\"true\" aria-controls=\"accordion-69e00d9f2b1c7-collapse\">\u00d5endusteadus<\/button>\n        <\/h2>\n        <div id=\"accordion-69e00d9f2b1c7-collapse\" class=\"accordion-collapse collapse\" aria-labelledby=\"accordion-69e00d9f2b1c7-heading\">\n            <div class=\"accordion-body\">\n\n<ul>\n<li>\n\t\tOskused kujundada tervislikku digitaalset t\u00f6\u00f6keskkonda nii enda kui teiste jaoks (\u00f5ppija, \u00f5ppej\u00f5u, juhi ja uurijana) ning reguleerida digit\u00f6\u00f6 ajakasutust l\u00e4htudes f\u00fc\u00fcsilise ja vaimse tervise s\u00e4ilitamise ning edendamise p\u00f5him\u00f5tetest.\n\t<\/li>\n<li>\n\t\tTeadlikkus digivahendite keskkonnaj\u00e4ljest, oskused luua j\u00e4tkusuutlikku digikeskkonda, v\u00e4ltida digipr\u00fcgi kuhjumist ning kaitsta oma digikeskkondi, -vahendeid ja -seadmeid.<\/li><\/ul><\/div>\n        <\/div>\n        <\/div>\n    <\/div>\n\t\n\n<p>\n\t\u00a0\n<\/p>\n<h3 style=\"text-align: center\">\n\t\u00d5PIRESSURSID<br>\n<\/h3>\n<p>\n\t<\/p><div class=\"accordion mb-3\">\n        <div class=\"accordion-item accordion-item--white\">\n        <h2 class=\"accordion-header\" id=\"accordion-69e00d9f2b1ca-heading\">\n            <button class=\"accordion-button collapsed\" type=\"button\" data-bs-toggle=\"collapse\" data-bs-target=\"#accordion-69e00d9f2b1ca-collapse\" aria-expanded=\"true\" aria-controls=\"accordion-69e00d9f2b1ca-collapse\">Tervislik nutikasutus \u2013 unistus v\u00f5i reaalne v\u00f5imalus? K\u00e4tlin Konstabel<\/button>\n        <\/h2>\n        <div id=\"accordion-69e00d9f2b1ca-collapse\" class=\"accordion-collapse collapse\" aria-labelledby=\"accordion-69e00d9f2b1ca-heading\">\n            <div class=\"accordion-body\">\n\n<p>\n\tK\u00e4tlin Konstabeli ettekanne \u201cTervislik nutikasutus \u2013 unistus v\u00f5i reaalne v\u00f5imalus?\u201d T\u00dc meditsiiniteaduste valdkonna 19.03.2021 veebikonverentsil \u201cDigipahed ja digipahad meditsiinis\u201d\u00a0peatub probleemse nutikasutusega seotud m\u00f5nedel levinumatel probleemidel nagu liigne nutikasutus, r\u00f6\u00f6pr\u00e4hklemine, suhtlussegadused ja k\u00fcberturvalisuse inimlikud riskitegurid.\n<\/p>\n<p style=\"text-align: center\">\n\t<\/p><div class=\"ratio ratio-16x9 mb-3\"><div class=\"video-placeholder-wrapper video-placeholder-wrapper--16x9\">\n\t\t\t    <div class=\"video-placeholder d-flex justify-content-center align-items-center\">\n\t\t\t        <div class=\"overlay text-white p-2 w-100 text-center d-block justify-content-center align-items-center\">\n\t\t\t            <div>Kolmandate osapoolte sisu n\u00e4gemiseks palun n\u00f5ustu k\u00fcpsistega.<\/div>\n\t\t\t            <button class=\"btn btn-secondary btn-sm mt-1 consent-change\">Muuda n\u00f5usolekut<\/button>\n\t\t\t        <\/div>\n\t\t\t    <\/div>\n\t\t\t<\/div>\n<\/div>\n\n<p>\n\t<\/p><\/div>\n        <\/div>\n        <\/div>\n    <\/div>\n","protected":false},"excerpt":{"rendered":"<p>Isiklik digih\u00fcgieen: enda digitaalse identiteedi, privaatsuse, isikuandmete, seadmete jmt kaitse Digitaalsete kommunikatsiooni- ja koost\u00f6\u00f6kanalite kasutamise kasvuga kaasnevad nende v\u00e4\u00e4r- ja liigkasutuse riskid. Nende maandamiseks on oluline, et meditsiinivaldkonna \u00fclikoolil\u00f5petaja: on l\u00e4bi m\u00f5elnud (personaalse) digih\u00fcgieeni isikliku t\u00e4henduse ning mida see praktikas &#8230;<\/p>\n","protected":false},"author":253,"featured_media":0,"parent":0,"menu_order":0,"comment_status":"closed","ping_status":"closed","template":"","meta":{"_acf_changed":false,"inline_featured_image":false,"footnotes":""},"class_list":["post-14","page","type-page","status-publish","hentry"],"acf":[],"_links":{"self":[{"href":"https:\/\/sisu.ut.ee\/meditsiinivaldkonna-digipadevus\/wp-json\/wp\/v2\/pages\/14","targetHints":{"allow":["GET"]}}],"collection":[{"href":"https:\/\/sisu.ut.ee\/meditsiinivaldkonna-digipadevus\/wp-json\/wp\/v2\/pages"}],"about":[{"href":"https:\/\/sisu.ut.ee\/meditsiinivaldkonna-digipadevus\/wp-json\/wp\/v2\/types\/page"}],"author":[{"embeddable":true,"href":"https:\/\/sisu.ut.ee\/meditsiinivaldkonna-digipadevus\/wp-json\/wp\/v2\/users\/253"}],"replies":[{"embeddable":true,"href":"https:\/\/sisu.ut.ee\/meditsiinivaldkonna-digipadevus\/wp-json\/wp\/v2\/comments?post=14"}],"version-history":[{"count":1,"href":"https:\/\/sisu.ut.ee\/meditsiinivaldkonna-digipadevus\/wp-json\/wp\/v2\/pages\/14\/revisions"}],"predecessor-version":[{"id":50,"href":"https:\/\/sisu.ut.ee\/meditsiinivaldkonna-digipadevus\/wp-json\/wp\/v2\/pages\/14\/revisions\/50"}],"wp:attachment":[{"href":"https:\/\/sisu.ut.ee\/meditsiinivaldkonna-digipadevus\/wp-json\/wp\/v2\/media?parent=14"}],"curies":[{"name":"wp","href":"https:\/\/api.w.org\/{rel}","templated":true}]}}