{"id":13,"date":"2024-04-04T07:11:32","date_gmt":"2024-04-04T04:11:32","guid":{"rendered":"https:\/\/sisu.ut.ee\/meditsiinivaldkonna-digipadevus\/info-tootlemine-0\/"},"modified":"2024-04-04T07:11:41","modified_gmt":"2024-04-04T04:11:41","slug":"info-tootlemine-0","status":"publish","type":"page","link":"https:\/\/sisu.ut.ee\/meditsiinivaldkonna-digipadevus\/info-tootlemine-0\/","title":{"rendered":"Info t\u00f6\u00f6tlemine"},"content":{"rendered":"<h3>\n\tInfo t\u00f6\u00f6tlemine, andmeanal\u00fc\u00fcs ja info t\u00f5lgendamine vastavalt erialaspetsiifikale<br>\n<\/h3>\n<p><!--br {mso-data-placement:same-cell;}--><br>\n\tT\u00f6\u00f6 meditsiinivaldkonnas h\u00f5lmab erinevate digitaalsete uurimismeetodite m\u00f5istmist ning rakendamisoskust. See t\u00e4hendab, et meditsiinivaldkonna \u00fclikoolil\u00f5petaja:\n<\/p>\n<ul>\n<li>\n\t\tvaldab kriitilist ja anal\u00fc\u00fctilist m\u00f5tlemist erialaste teadmiste hankimise meetodite ning nende otsustusprotsessis kasutamise suhtes (andmeanal\u00fc\u00fcs, uurimistulemuste t\u00f5lgendamine);\n\t<\/li>\n<li>\n\t\tvaldab erialaseks t\u00f6\u00f6ks vajalikke info t\u00f6\u00f6tlemise ja t\u00f5lgendamise meetodeid;\n\t<\/li>\n<li>\n\t\toskab (n\u00e4iteks programmeerimise teel) leida\/luua, kasutada ja kohandada endale vajalikke digitaalseid t\u00f6\u00f6 -ja anal\u00fc\u00fcsivahendeid.\n\t<\/li>\n<\/ul>\n<p>\n\t\u00a0\n<\/p>\n<h3 style=\"text-align: center\">\n\tP\u00c4DEVUSE KUJUNDAMINE T\u00dc MV \u00d5PPEKAVADES<br>\n<\/h3>\n<ul>\n<\/ul>\n<p>\n\t<\/p><div class=\"accordion mb-3\">\n        <div class=\"accordion-item accordion-item--white\">\n        <h2 class=\"accordion-header\" id=\"accordion-69e00d9f24536-heading\">\n            <button class=\"accordion-button collapsed\" type=\"button\" data-bs-toggle=\"collapse\" data-bs-target=\"#accordion-69e00d9f24536-collapse\" aria-expanded=\"true\" aria-controls=\"accordion-69e00d9f24536-collapse\">Arstiteadus<\/button>\n        <\/h2>\n        <div id=\"accordion-69e00d9f24536-collapse\" class=\"accordion-collapse collapse\" aria-labelledby=\"accordion-69e00d9f24536-heading\">\n            <div class=\"accordion-body\"><span data-sheets-formula-bar-text-style=\"font-size:11px;color:#000000;font-weight:normal;text-decoration:none;font-family:'docs-Roboto';font-style:normal;text-decoration-skip-ink:none;\">Erialased oskused m\u00f5\u00f5tmisandmetest vajaliku info koondamiseks; meditsiiniliste andmete anal\u00fc\u00fcsimine digitaalsete vahenditega (n\u00e4iteks Holter uuring jms). M\u00f5istab digitaalse patohistoloogilise diagnostika printsiipe ja selle kriitilist hindamist (Patoanatoomia MVBS.10.001).<\/span><\/div>\n        <\/div>\n        <\/div>\n    <\/div>\n\n<p>\n\t<\/p><div class=\"accordion mb-3\">\n        <div class=\"accordion-item accordion-item--white\">\n        <h2 class=\"accordion-header\" id=\"accordion-69e00d9f2453d-heading\">\n            <button class=\"accordion-button collapsed\" type=\"button\" data-bs-toggle=\"collapse\" data-bs-target=\"#accordion-69e00d9f2453d-collapse\" aria-expanded=\"true\" aria-controls=\"accordion-69e00d9f2453d-collapse\">F\u00fcsioteraapia<\/button>\n        <\/h2>\n        <div id=\"accordion-69e00d9f2453d-collapse\" class=\"accordion-collapse collapse\" aria-labelledby=\"accordion-69e00d9f2453d-heading\">\n            <div class=\"accordion-body\">sisu<\/div>\n        <\/div>\n        <\/div>\n    <\/div>\n\n<p>\n\t<\/p><div class=\"accordion mb-3\">\n        <div class=\"accordion-item accordion-item--white\">\n        <h2 class=\"accordion-header\" id=\"accordion-69e00d9f24540-heading\">\n            <button class=\"accordion-button collapsed\" type=\"button\" data-bs-toggle=\"collapse\" data-bs-target=\"#accordion-69e00d9f24540-collapse\" aria-expanded=\"true\" aria-controls=\"accordion-69e00d9f24540-collapse\">Hambaarstiteadus<\/button>\n        <\/h2>\n        <div id=\"accordion-69e00d9f24540-collapse\" class=\"accordion-collapse collapse\" aria-labelledby=\"accordion-69e00d9f24540-heading\">\n            <div class=\"accordion-body\">\n\n<p><!--td {border: 1px solid #ccc;}br {mso-data-placement:same-cell;}--><br>\n\tOskab kasutada ja anal\u00fc\u00fcsida digitaalseid r\u00f6ntgen\u00fclesv\u00f5tteid Eesti Pildipangas: siht\u00fclesv\u00f5tted hammastest, ortopantomogrammid, 3D \u00fclesv\u00f5tted (ARST.01.111 Suu- ja hambahaigused I).<\/p><\/div>\n        <\/div>\n        <\/div>\n    <\/div>\n\n<p>\n\t<\/p><div class=\"accordion mb-3\">\n        <div class=\"accordion-item accordion-item--white\">\n        <h2 class=\"accordion-header\" id=\"accordion-69e00d9f24543-heading\">\n            <button class=\"accordion-button collapsed\" type=\"button\" data-bs-toggle=\"collapse\" data-bs-target=\"#accordion-69e00d9f24543-collapse\" aria-expanded=\"true\" aria-controls=\"accordion-69e00d9f24543-collapse\">Kehaline kasvatus ja sport<\/button>\n        <\/h2>\n        <div id=\"accordion-69e00d9f24543-collapse\" class=\"accordion-collapse collapse\" aria-labelledby=\"accordion-69e00d9f24543-heading\">\n            <div class=\"accordion-body\">\n\n<p><!--br {mso-data-placement:same-cell;}--><br>\n\tHapnikutesti anal\u00fc\u00fcs;<br>T\u00f6\u00f6v\u00f5ime hindamine kasutades erinevaid objektiivseid parameetreid;<br>Treeningprotsessi anal\u00fc\u00fcs \u2013 (online) treeningp\u00e4evikud.<\/p><\/div>\n        <\/div>\n        <\/div>\n    <\/div>\n\n<p>\n\t<\/p><div class=\"accordion mb-3\">\n        <div class=\"accordion-item accordion-item--white\">\n        <h2 class=\"accordion-header\" id=\"accordion-69e00d9f24547-heading\">\n            <button class=\"accordion-button collapsed\" type=\"button\" data-bs-toggle=\"collapse\" data-bs-target=\"#accordion-69e00d9f24547-collapse\" aria-expanded=\"true\" aria-controls=\"accordion-69e00d9f24547-collapse\">Proviisori\u00f5pe<\/button>\n        <\/h2>\n        <div id=\"accordion-69e00d9f24547-collapse\" class=\"accordion-collapse collapse\" aria-labelledby=\"accordion-69e00d9f24547-heading\">\n            <div class=\"accordion-body\">\n\n<p><!--td {border: 1px solid #ccc;}br {mso-data-placement:same-cell;}--><br>\n\tRavimite ja nende kasutamisega seotud andmebaaside ja veebilahenduste kriitiline hindamine ja kasutamisprintsiipide tundmine \u2013 \u00f5ppekava erialaained. Ravimite k\u00e4itlemisel apteegis kasutatavad IT lahendused ja tarkvara (digiretsepti andmebaas, tarkvara ravimite tellimiseks, laovaru haldamiseks ja ravimite v\u00e4ljastamiseks) \u2013 ARFA.02.071 Apteegipraktika.<\/p><\/div>\n        <\/div>\n        <\/div>\n    <\/div>\n\n<p>\n\t<\/p><div class=\"accordion mb-3\">\n        <div class=\"accordion-item accordion-item--white\">\n        <h2 class=\"accordion-header\" id=\"accordion-69e00d9f24549-heading\">\n            <button class=\"accordion-button collapsed\" type=\"button\" data-bs-toggle=\"collapse\" data-bs-target=\"#accordion-69e00d9f24549-collapse\" aria-expanded=\"true\" aria-controls=\"accordion-69e00d9f24549-collapse\">Rahvatervishoid<\/button>\n        <\/h2>\n        <div id=\"accordion-69e00d9f24549-collapse\" class=\"accordion-collapse collapse\" aria-labelledby=\"accordion-69e00d9f24549-heading\">\n            <div class=\"accordion-body\">sisu<\/div>\n        <\/div>\n        <\/div>\n    <\/div>\n\n<p>\n\t<\/p><div class=\"accordion mb-3\">\n        <div class=\"accordion-item accordion-item--white\">\n        <h2 class=\"accordion-header\" id=\"accordion-69e00d9f2454b-heading\">\n            <button class=\"accordion-button collapsed\" type=\"button\" data-bs-toggle=\"collapse\" data-bs-target=\"#accordion-69e00d9f2454b-collapse\" aria-expanded=\"true\" aria-controls=\"accordion-69e00d9f2454b-collapse\">\u00d5endusteadus<\/button>\n        <\/h2>\n        <div id=\"accordion-69e00d9f2454b-collapse\" class=\"accordion-collapse collapse\" aria-labelledby=\"accordion-69e00d9f2454b-heading\">\n            <div class=\"accordion-body\">Leitud info anal\u00fc\u00fcsimise, kriitilise hindamise, esitamise ja kasutamise oskus ehk oskus leida ja kasutada sobivaid kontroll-lehti originaaluuringute kvaliteedi hindamiseks, oskuses allikatele ja andmekogudele korrektselt viidata, kasutatavat infot t\u00f5lgendada, etteantud juhiseid j\u00e4rgida ning infograafikuid koostada ja esitleda.<\/div>\n        <\/div>\n        <\/div>\n    <\/div>\n","protected":false},"excerpt":{"rendered":"<p>Info t\u00f6\u00f6tlemine, andmeanal\u00fc\u00fcs ja info t\u00f5lgendamine vastavalt erialaspetsiifikale T\u00f6\u00f6 meditsiinivaldkonnas h\u00f5lmab erinevate digitaalsete uurimismeetodite m\u00f5istmist ning rakendamisoskust. See t\u00e4hendab, et meditsiinivaldkonna \u00fclikoolil\u00f5petaja: valdab kriitilist ja anal\u00fc\u00fctilist m\u00f5tlemist erialaste teadmiste hankimise meetodite ning nende otsustusprotsessis kasutamise suhtes (andmeanal\u00fc\u00fcs, uurimistulemuste t\u00f5lgendamine); valdab &#8230;<\/p>\n","protected":false},"author":253,"featured_media":0,"parent":0,"menu_order":0,"comment_status":"closed","ping_status":"closed","template":"","meta":{"_acf_changed":false,"inline_featured_image":false,"footnotes":""},"class_list":["post-13","page","type-page","status-publish","hentry"],"acf":[],"_links":{"self":[{"href":"https:\/\/sisu.ut.ee\/meditsiinivaldkonna-digipadevus\/wp-json\/wp\/v2\/pages\/13","targetHints":{"allow":["GET"]}}],"collection":[{"href":"https:\/\/sisu.ut.ee\/meditsiinivaldkonna-digipadevus\/wp-json\/wp\/v2\/pages"}],"about":[{"href":"https:\/\/sisu.ut.ee\/meditsiinivaldkonna-digipadevus\/wp-json\/wp\/v2\/types\/page"}],"author":[{"embeddable":true,"href":"https:\/\/sisu.ut.ee\/meditsiinivaldkonna-digipadevus\/wp-json\/wp\/v2\/users\/253"}],"replies":[{"embeddable":true,"href":"https:\/\/sisu.ut.ee\/meditsiinivaldkonna-digipadevus\/wp-json\/wp\/v2\/comments?post=13"}],"version-history":[{"count":1,"href":"https:\/\/sisu.ut.ee\/meditsiinivaldkonna-digipadevus\/wp-json\/wp\/v2\/pages\/13\/revisions"}],"predecessor-version":[{"id":51,"href":"https:\/\/sisu.ut.ee\/meditsiinivaldkonna-digipadevus\/wp-json\/wp\/v2\/pages\/13\/revisions\/51"}],"wp:attachment":[{"href":"https:\/\/sisu.ut.ee\/meditsiinivaldkonna-digipadevus\/wp-json\/wp\/v2\/media?parent=13"}],"curies":[{"name":"wp","href":"https:\/\/api.w.org\/{rel}","templated":true}]}}