{"id":12,"date":"2024-04-04T07:11:32","date_gmt":"2024-04-04T04:11:32","guid":{"rendered":"https:\/\/sisu.ut.ee\/meditsiinivaldkonna-digipadevus\/digipadevuse-alusoskused-0\/"},"modified":"2024-04-17T12:54:54","modified_gmt":"2024-04-17T09:54:54","slug":"digipadevuse-alusoskused-0","status":"publish","type":"page","link":"https:\/\/sisu.ut.ee\/meditsiinivaldkonna-digipadevus\/digipadevuse-alusoskused-0\/","title":{"rendered":"Digip\u00e4devuse alusoskused"},"content":{"rendered":"<h2 style=\"text-align: left;\">Digip\u00e4devuse alusoskused<\/h2>\n<p><a title=\"\" href=\"https:\/\/sisu.ut.ee\/digipadevus\" target=\"_blank\" rel=\"noopener\" data-url=\"https:\/\/sisu.ut.ee\/digipadevus\">Digip\u00e4devuse alusoskuste \u00f5pivara<\/a> eesm\u00e4rk on koondada materjale, mis toetavad digip\u00e4devuse teadvustamist, kujundamist baastasemel ja enesetestimist. Lehestiku koostamisel on l\u00e4htutud eelk\u00f5ige \u00fcli\u00f5pilaste ja t\u00f6\u00f6tajate igap\u00e4evastest vajadustest, et kujundada ja t\u00e4iendada \u00fcldist digip\u00e4devust ja \u00fclekantavaid teadmisi, oskusi ja hoiakuid erialateadmiste ja -oskuste omandamiseks ja edasiandmiseks.<\/p>\n<p>Materjalid on jagatud viie teema vahel, mis p\u00f5hinevad Euroopa kodaniku digip\u00e4devuse raamistikul (DigComp) ja mida on kohandatud \u00fclikooli konteksti jaoks. Need teemad on:<\/p>\n<ol>\n<li><a title=\"\" href=\"https:\/\/sisu.ut.ee\/digipadevus\/book\/informatsioon\" target=\"_blank\" rel=\"noopener\" data-url=\"https:\/\/sisu.ut.ee\/digipadevus\/book\/informatsioon\">Infokirjaoskus<\/a><\/li>\n<li><a title=\"\" href=\"https:\/\/sisu.ut.ee\/digipadevus\/book\/suhtlemine\" target=\"_blank\" rel=\"noopener\" data-url=\"https:\/\/sisu.ut.ee\/digipadevus\/book\/suhtlemine\">Identiteet, suhtlemine ja koost\u00f6\u00f6<\/a><\/li>\n<li><a title=\"\" href=\"https:\/\/sisu.ut.ee\/digipadevus\/book\/sisuloome\" target=\"_blank\" rel=\"noopener\" data-url=\"https:\/\/sisu.ut.ee\/digipadevus\/book\/sisuloome\">Looming ja autorikaitse<\/a><\/li>\n<li><a title=\"\" href=\"https:\/\/sisu.ut.ee\/digipadevus\/book\/seadmed-andmed\" target=\"_blank\" rel=\"noopener\" data-url=\"https:\/\/sisu.ut.ee\/digipadevus\/book\/seadmed-andmed\">Kaitstus<\/a><\/li>\n<li><a title=\"\" href=\"https:\/\/sisu.ut.ee\/digipadevus\/book\/isiklik-digiareng\" target=\"_blank\" rel=\"noopener\" data-url=\"https:\/\/sisu.ut.ee\/digipadevus\/book\/isiklik-digiareng\">Digilahenduste kasutamine<\/a><\/li>\n<\/ol>\n<p>Et teha kindlaks oma digip\u00e4devuse tase, v\u00f5ib alustada enesetestist, mis aitab oma praeguseid teadmisi ja oskusi teadvustada ning suunab materjalide juurde, mis v\u00f5iks praegust taset arvestades olla olulisimad:\u00a0<a title=\"\" href=\"https:\/\/sisu.ut.ee\/digipadevus\/quiz\/enesetest\" target=\"_blank\" rel=\"noopener\" data-url=\"https:\/\/sisu.ut.ee\/digipadevus\/quiz\/enesetest\">https:\/\/sisu.ut.ee\/digipadevus\/quiz\/enesetest<\/a>.<\/p>\n","protected":false},"excerpt":{"rendered":"<p>Digip\u00e4devuse alusoskused Digip\u00e4devuse alusoskuste \u00f5pivara eesm\u00e4rk on koondada materjale, mis toetavad digip\u00e4devuse teadvustamist, kujundamist baastasemel ja enesetestimist. Lehestiku koostamisel on l\u00e4htutud eelk\u00f5ige \u00fcli\u00f5pilaste ja t\u00f6\u00f6tajate igap\u00e4evastest vajadustest, et kujundada ja t\u00e4iendada \u00fcldist digip\u00e4devust ja \u00fclekantavaid teadmisi, oskusi ja hoiakuid erialateadmiste &#8230;<\/p>\n","protected":false},"author":253,"featured_media":0,"parent":0,"menu_order":0,"comment_status":"closed","ping_status":"closed","template":"","meta":{"_acf_changed":false,"inline_featured_image":false,"footnotes":""},"class_list":["post-12","page","type-page","status-publish","hentry"],"acf":[],"_links":{"self":[{"href":"https:\/\/sisu.ut.ee\/meditsiinivaldkonna-digipadevus\/wp-json\/wp\/v2\/pages\/12","targetHints":{"allow":["GET"]}}],"collection":[{"href":"https:\/\/sisu.ut.ee\/meditsiinivaldkonna-digipadevus\/wp-json\/wp\/v2\/pages"}],"about":[{"href":"https:\/\/sisu.ut.ee\/meditsiinivaldkonna-digipadevus\/wp-json\/wp\/v2\/types\/page"}],"author":[{"embeddable":true,"href":"https:\/\/sisu.ut.ee\/meditsiinivaldkonna-digipadevus\/wp-json\/wp\/v2\/users\/253"}],"replies":[{"embeddable":true,"href":"https:\/\/sisu.ut.ee\/meditsiinivaldkonna-digipadevus\/wp-json\/wp\/v2\/comments?post=12"}],"version-history":[{"count":2,"href":"https:\/\/sisu.ut.ee\/meditsiinivaldkonna-digipadevus\/wp-json\/wp\/v2\/pages\/12\/revisions"}],"predecessor-version":[{"id":72,"href":"https:\/\/sisu.ut.ee\/meditsiinivaldkonna-digipadevus\/wp-json\/wp\/v2\/pages\/12\/revisions\/72"}],"wp:attachment":[{"href":"https:\/\/sisu.ut.ee\/meditsiinivaldkonna-digipadevus\/wp-json\/wp\/v2\/media?parent=12"}],"curies":[{"name":"wp","href":"https:\/\/api.w.org\/{rel}","templated":true}]}}