{"id":11,"date":"2024-04-04T07:11:32","date_gmt":"2024-04-04T04:11:32","guid":{"rendered":"https:\/\/sisu.ut.ee\/meditsiinivaldkonna-digipadevus\/teadussisu-loomine\/"},"modified":"2024-04-04T07:11:41","modified_gmt":"2024-04-04T04:11:41","slug":"teadussisu-loomine","status":"publish","type":"page","link":"https:\/\/sisu.ut.ee\/meditsiinivaldkonna-digipadevus\/teadussisu-loomine\/","title":{"rendered":"Teadussisu loomine"},"content":{"rendered":"<h3>\n\tTeadussisu loomine ja avaldamine, autorsuse m\u00e4\u00e4ratlemine ja kaitse<br>\n<\/h3>\n<p><!--br {mso-data-placement:same-cell;}--><br>\n\tMeditsiinivaldkonnas professionaalina tegutsemine eeldab oskust end erinevates digitaalsetes formaatides erialaselt v\u00e4ljendada. See t\u00e4hendab, et meditsiinivaldkonna \u00fclikoolil\u00f5petaja:\n<\/p>\n<ul>\n<li>\n\t\tteab ja oskab luua eri formaatides (nt tekstid, tabelid, pildid, audio, multimeedia jne) elektroonilist sisu, sh olemasolevaid sisu\u00fchikuid taaskasutades;\n\t<\/li>\n<li>\n\t\tteab erialaseid ja avalikkusele suunatud v\u00f5rgustikke, veebikogukondasid, sisujagamisplatvorme ning panustab neisse kas \u00fcksinda v\u00f5i teistega koost\u00f6\u00f6s infot luues, edastades v\u00f5i jagades;\n\t<\/li>\n<li>\n\t\tteab, kuidas m\u00e4\u00e4ratleda ja jagada sisu jagamise piiranguid nii enda kui teiste t\u00f6\u00f6de juures (autori\u00f5igused ja erialaselt enimlevinud litsentsid), oskab viidata kasutatud info allikatele.\n\t<\/li>\n<\/ul>\n<p>\n\t\u00a0\n<\/p>\n<h3 style=\"text-align: center\">\n\tP\u00c4DEVUSE KUJUNDAMINE T\u00dc MV \u00d5PPEKAVADES<br>\n<\/h3>\n<ul>\n<\/ul>\n<p>\n\t<\/p><div class=\"accordion mb-3\">\n        <div class=\"accordion-item accordion-item--white\">\n        <h2 class=\"accordion-header\" id=\"accordion-69e03a1d1dc33-heading\">\n            <button class=\"accordion-button collapsed\" type=\"button\" data-bs-toggle=\"collapse\" data-bs-target=\"#accordion-69e03a1d1dc33-collapse\" aria-expanded=\"true\" aria-controls=\"accordion-69e03a1d1dc33-collapse\">Arstiteadus<\/button>\n        <\/h2>\n        <div id=\"accordion-69e03a1d1dc33-collapse\" class=\"accordion-collapse collapse\" aria-labelledby=\"accordion-69e03a1d1dc33-heading\">\n            <div class=\"accordion-body\"><span data-sheets-formula-bar-text-style=\"font-size:11px;color:#000000;font-weight:normal;text-decoration:none;font-family:'docs-Roboto';font-style:normal;text-decoration-skip-ink:none;\">Detailne juhend digitaalsete \u00fcli\u00f5pilast\u00f6\u00f6de (digitaalsete referaatide) koostamiseks. Eesm\u00e4rk on julgustada \u00fcli\u00f5pilaste t\u00f6id vormistama temaatiliste (kliinilised erialad) veebilehtede jmt-na, mis sisaldavad infot teksti, video, piltide\/skeemide jm multimeediana.<\/span><\/div>\n        <\/div>\n        <\/div>\n    <\/div>\n\n<p>\n\t<\/p><div class=\"accordion mb-3\">\n        <div class=\"accordion-item accordion-item--white\">\n        <h2 class=\"accordion-header\" id=\"accordion-69e03a1d1dc38-heading\">\n            <button class=\"accordion-button collapsed\" type=\"button\" data-bs-toggle=\"collapse\" data-bs-target=\"#accordion-69e03a1d1dc38-collapse\" aria-expanded=\"true\" aria-controls=\"accordion-69e03a1d1dc38-collapse\">F\u00fcsioteraapia<\/button>\n        <\/h2>\n        <div id=\"accordion-69e03a1d1dc38-collapse\" class=\"accordion-collapse collapse\" aria-labelledby=\"accordion-69e03a1d1dc38-heading\">\n            <div class=\"accordion-body\">sisu<\/div>\n        <\/div>\n        <\/div>\n    <\/div>\n\n<p>\n\t<\/p><div class=\"accordion mb-3\">\n        <div class=\"accordion-item accordion-item--white\">\n        <h2 class=\"accordion-header\" id=\"accordion-69e03a1d1dc3b-heading\">\n            <button class=\"accordion-button collapsed\" type=\"button\" data-bs-toggle=\"collapse\" data-bs-target=\"#accordion-69e03a1d1dc3b-collapse\" aria-expanded=\"true\" aria-controls=\"accordion-69e03a1d1dc3b-collapse\">Hambaarstiteadus<\/button>\n        <\/h2>\n        <div id=\"accordion-69e03a1d1dc3b-collapse\" class=\"accordion-collapse collapse\" aria-labelledby=\"accordion-69e03a1d1dc3b-heading\">\n            <div class=\"accordion-body\">\n\n<p><!--td {border: 1px solid #ccc;}br {mso-data-placement:same-cell;}--><br>\n\tLoob isikliku elektroonse \u00f5pimapi kogudes sinna pilte, tekstifaile, aruandeid (ARST.01.108 Professionaalne areng I)<br>Oskab koostada referaati, teadusprojekti j\u00e4rgides viitamise reegleid (ARST.01.110 Teadusprojekt)<br><\/p><\/div>\n        <\/div>\n        <\/div>\n    <\/div>\n\n<p>\n\t<\/p><div class=\"accordion mb-3\">\n        <div class=\"accordion-item accordion-item--white\">\n        <h2 class=\"accordion-header\" id=\"accordion-69e03a1d1dc3d-heading\">\n            <button class=\"accordion-button collapsed\" type=\"button\" data-bs-toggle=\"collapse\" data-bs-target=\"#accordion-69e03a1d1dc3d-collapse\" aria-expanded=\"true\" aria-controls=\"accordion-69e03a1d1dc3d-collapse\">Kehaline kasvatus ja sport<\/button>\n        <\/h2>\n        <div id=\"accordion-69e03a1d1dc3d-collapse\" class=\"accordion-collapse collapse\" aria-labelledby=\"accordion-69e03a1d1dc3d-heading\">\n            <div class=\"accordion-body\">\n\n<p><!--br {mso-data-placement:same-cell;}--><br>\n\tErialased referaadid, uurimused;<br>Magistrit\u00f6\u00f6;<br>Treeneriregister, erialaliitude infokanalid;<br>Autori\u00f5igusega kaitstud treeningprogrammid: Les Mills, Crossfit;<br>Spordi\u00fcritused, reklaam.<\/p><\/div>\n        <\/div>\n        <\/div>\n    <\/div>\n\n<p>\n\t<\/p><div class=\"accordion mb-3\">\n        <div class=\"accordion-item accordion-item--white\">\n        <h2 class=\"accordion-header\" id=\"accordion-69e03a1d1dc3f-heading\">\n            <button class=\"accordion-button collapsed\" type=\"button\" data-bs-toggle=\"collapse\" data-bs-target=\"#accordion-69e03a1d1dc3f-collapse\" aria-expanded=\"true\" aria-controls=\"accordion-69e03a1d1dc3f-collapse\">Proviisori\u00f5pe<\/button>\n        <\/h2>\n        <div id=\"accordion-69e03a1d1dc3f-collapse\" class=\"accordion-collapse collapse\" aria-labelledby=\"accordion-69e03a1d1dc3f-heading\">\n            <div class=\"accordion-body\">\n\n<p><!--td {border: 1px solid #ccc;}br {mso-data-placement:same-cell;}--><br>\n\tReferaatide, raportite, praktilise laboratoorset\u00f6\u00f6 protokollide ning uurimist\u00f6\u00f6 koostamine, vormistamine ja esitamine. E-portfolio koostamine ja t\u00e4itmine: ARFA.01.082 Sotsiaalfarmaatsia ja ravimite ohutus ning ARFA.02.071 Apteegipraktika. \u00dcli\u00f5pilased teavad autori\u00f5iguste p\u00f5him\u00f5tteid ning oskavad n\u00f5uetekohaselt viidata kasutatud allikatele.<\/p><\/div>\n        <\/div>\n        <\/div>\n    <\/div>\n\n<p>\n\t<\/p><div class=\"accordion mb-3\">\n        <div class=\"accordion-item accordion-item--white\">\n        <h2 class=\"accordion-header\" id=\"accordion-69e03a1d1dc40-heading\">\n            <button class=\"accordion-button collapsed\" type=\"button\" data-bs-toggle=\"collapse\" data-bs-target=\"#accordion-69e03a1d1dc40-collapse\" aria-expanded=\"true\" aria-controls=\"accordion-69e03a1d1dc40-collapse\">Rahvatervishoid<\/button>\n        <\/h2>\n        <div id=\"accordion-69e03a1d1dc40-collapse\" class=\"accordion-collapse collapse\" aria-labelledby=\"accordion-69e03a1d1dc40-heading\">\n            <div class=\"accordion-body\">sisu<\/div>\n        <\/div>\n        <\/div>\n    <\/div>\n\n<p>\n\t<\/p><div class=\"accordion mb-3\">\n        <div class=\"accordion-item accordion-item--white\">\n        <h2 class=\"accordion-header\" id=\"accordion-69e03a1d1dc42-heading\">\n            <button class=\"accordion-button collapsed\" type=\"button\" data-bs-toggle=\"collapse\" data-bs-target=\"#accordion-69e03a1d1dc42-collapse\" aria-expanded=\"true\" aria-controls=\"accordion-69e03a1d1dc42-collapse\">\u00d5endusteadus<\/button>\n        <\/h2>\n        <div id=\"accordion-69e03a1d1dc42-collapse\" class=\"accordion-collapse collapse\" aria-labelledby=\"accordion-69e03a1d1dc42-heading\">\n            <div class=\"accordion-body\">Info\/andmete ladustamise ja organiseerimise oskus, info ja sisu strukureerimine ja liigitamine, infohaldamise v\u00f5tted viidete haldurite (Zotero, Mendeley jt) kasutamine, statistikaprogrammide kasutamine.<\/div>\n        <\/div>\n        <\/div>\n    <\/div>\n","protected":false},"excerpt":{"rendered":"<p>Teadussisu loomine ja avaldamine, autorsuse m\u00e4\u00e4ratlemine ja kaitse Meditsiinivaldkonnas professionaalina tegutsemine eeldab oskust end erinevates digitaalsetes formaatides erialaselt v\u00e4ljendada. See t\u00e4hendab, et meditsiinivaldkonna \u00fclikoolil\u00f5petaja: teab ja oskab luua eri formaatides (nt tekstid, tabelid, pildid, audio, multimeedia jne) elektroonilist sisu, sh &#8230;<\/p>\n","protected":false},"author":253,"featured_media":0,"parent":0,"menu_order":0,"comment_status":"closed","ping_status":"closed","template":"","meta":{"_acf_changed":false,"inline_featured_image":false,"footnotes":""},"class_list":["post-11","page","type-page","status-publish","hentry"],"acf":[],"_links":{"self":[{"href":"https:\/\/sisu.ut.ee\/meditsiinivaldkonna-digipadevus\/wp-json\/wp\/v2\/pages\/11","targetHints":{"allow":["GET"]}}],"collection":[{"href":"https:\/\/sisu.ut.ee\/meditsiinivaldkonna-digipadevus\/wp-json\/wp\/v2\/pages"}],"about":[{"href":"https:\/\/sisu.ut.ee\/meditsiinivaldkonna-digipadevus\/wp-json\/wp\/v2\/types\/page"}],"author":[{"embeddable":true,"href":"https:\/\/sisu.ut.ee\/meditsiinivaldkonna-digipadevus\/wp-json\/wp\/v2\/users\/253"}],"replies":[{"embeddable":true,"href":"https:\/\/sisu.ut.ee\/meditsiinivaldkonna-digipadevus\/wp-json\/wp\/v2\/comments?post=11"}],"version-history":[{"count":1,"href":"https:\/\/sisu.ut.ee\/meditsiinivaldkonna-digipadevus\/wp-json\/wp\/v2\/pages\/11\/revisions"}],"predecessor-version":[{"id":53,"href":"https:\/\/sisu.ut.ee\/meditsiinivaldkonna-digipadevus\/wp-json\/wp\/v2\/pages\/11\/revisions\/53"}],"wp:attachment":[{"href":"https:\/\/sisu.ut.ee\/meditsiinivaldkonna-digipadevus\/wp-json\/wp\/v2\/media?parent=11"}],"curies":[{"name":"wp","href":"https:\/\/api.w.org\/{rel}","templated":true}]}}