{"id":10,"date":"2024-04-04T07:11:32","date_gmt":"2024-04-04T04:11:32","guid":{"rendered":"https:\/\/sisu.ut.ee\/meditsiinivaldkonna-digipadevus\/sundmused\/"},"modified":"2024-04-17T13:26:09","modified_gmt":"2024-04-17T10:26:09","slug":"sundmused","status":"publish","type":"page","link":"https:\/\/sisu.ut.ee\/meditsiinivaldkonna-digipadevus\/sundmused\/","title":{"rendered":"S\u00fcndmused"},"content":{"rendered":"<h3 style=\"text-align: left;\">TULEVASED JA TOIMUNUD S\u00dcNDMUSED<\/h3>\n<p><\/p><div class=\"accordion mb-3\">\n        <div class=\"accordion-item accordion-item--white\">\n        <h2 class=\"accordion-header\" id=\"accordion-69e03a1d6f0dd-heading\">\n            <button class=\"accordion-button collapsed\" type=\"button\" data-bs-toggle=\"collapse\" data-bs-target=\"#accordion-69e03a1d6f0dd-collapse\" aria-expanded=\"true\" aria-controls=\"accordion-69e03a1d6f0dd-collapse\">T\u00dc MV digip\u00e4devuse kogemus- ja visiooniseminar \u201cSuhtlus ja koost\u00f6\u00f6 digitaalsete keskkondade kasutamisel\u201d\u00a0(14.05.2021)<\/button>\n        <\/h2>\n        <div id=\"accordion-69e03a1d6f0dd-collapse\" class=\"accordion-collapse collapse\" aria-labelledby=\"accordion-69e03a1d6f0dd-heading\">\n            <div class=\"accordion-body\">\n<p><img loading=\"lazy\" decoding=\"async\" width=\"1205\" height=\"676\" class=\"alignnone wp-image-21\" style=\"width: 620px; height: 348px; float: right;\" title=\"screenshot_2021-05-19_at_08.40.03.png\" src=\"https:\/\/sisu.ut.ee\/wp-content\/uploads\/sites\/490\/screenshot_2021-05-19_at_08.40.03.png\" alt=\"14. mai\" srcset=\"https:\/\/sisu.ut.ee\/wp-content\/uploads\/sites\/490\/screenshot_2021-05-19_at_08.40.03.png 1205w, https:\/\/sisu.ut.ee\/wp-content\/uploads\/sites\/490\/screenshot_2021-05-19_at_08.40.03-300x168.png 300w, https:\/\/sisu.ut.ee\/wp-content\/uploads\/sites\/490\/screenshot_2021-05-19_at_08.40.03-1024x574.png 1024w, https:\/\/sisu.ut.ee\/wp-content\/uploads\/sites\/490\/screenshot_2021-05-19_at_08.40.03-768x431.png 768w\" sizes=\"auto, (max-width: 1205px) 100vw, 1205px\">Seminari eesm\u00e4rk on anda \u00fclevaade digip\u00e4devuse kujundamisest T\u00dc meditsiinivaldkonnas ning vahetada erialase digip\u00e4devuse \u00f5petamise kogemusi keskendudes digitaalsetes keskkondades toimuvale suhtlusele ja koost\u00f6\u00f6le.\u00a0See on osa Tartu \u00dclikooli meditsiiniteaduste valdkonna digip\u00e4devuse arendamise programmist. Konverentsi juhatab arst-resident Gerhard Grents.<\/p>\n<p>Videosalvestus:\u00a0<a title=\"\" style=\"word-wrap: break-word;\" href=\"https:\/\/panopto.ut.ee\/Panopto\/Pages\/Viewer.aspx?id=b100f845-b420-4add-8371-ad2c005a314a\" target=\"_blank\" rel=\"noopener\" data-url=\"https:\/\/panopto.ut.ee\/Panopto\/Pages\/Viewer.aspx?id=b100f845-b420-4add-8371-ad2c005a314a\">https:\/\/panopto.ut.ee\/Panopto\/Pages\/Viewer.aspx?id=b100f845-b420-4add-8371-ad2c005a314a<\/a><\/p>\n<p>Ettekanded (pdf):<\/p>\n<ul>\n<li>Aime Keis \u2013 <a href=\"https:\/\/sisu.ut.ee\/wp-content\/uploads\/sites\/490\/aime_keis.pdf\" data-fid=\"62243\">Digip\u00e4devus meditsiinieetikas<\/a>.<\/li>\n<li>Ave Minajeva \u2013 <a href=\"https:\/\/sisu.ut.ee\/wp-content\/uploads\/sites\/490\/ave_minajeva.pdf\" data-fid=\"62244\">Digikeskkond oli tiimi\u00f5ppe seminarideks parim<\/a>.<\/li>\n<li>Inga Karton \u2013\u00a0<a href=\"https:\/\/sisu.ut.ee\/wp-content\/uploads\/sites\/490\/inga_karton.pdf\" data-fid=\"62245\">Vahendatud vs vahetu suhtlemine digip\u00e4devuse vaatenurgast<\/a>.<\/li>\n<li>Kristiina Sepp \u2013\u00a0<a href=\"https:\/\/sisu.ut.ee\/wp-content\/uploads\/sites\/490\/kristiina_sepp.pdf\" data-fid=\"62246\">Digitaalsete keskkondade kasutamine proviisori\u00f5ppes suhtluse ja koost\u00f6\u00f6 edendamisel<\/a>.<\/li>\n<li>Jelena Sokk \u2013 <a href=\"https:\/\/sisu.ut.ee\/wp-content\/uploads\/sites\/490\/jelena_sokk.pdf\" data-fid=\"62247\">Zoom keskkonna kasutamine \u00f5ppet\u00f6\u00f6s avardab \u00f5petamise v\u00f5imalusi<\/a>.<\/li>\n<\/ul>\n<p><\/p><\/div>\n        <\/div>\n        <\/div>\n    <\/div>\n<p><\/p><div class=\"accordion mb-3\">\n        <div class=\"accordion-item accordion-item--white\">\n        <h2 class=\"accordion-header\" id=\"accordion-69e03a1d6f0e7-heading\">\n            <button class=\"accordion-button collapsed\" type=\"button\" data-bs-toggle=\"collapse\" data-bs-target=\"#accordion-69e03a1d6f0e7-collapse\" aria-expanded=\"true\" aria-controls=\"accordion-69e03a1d6f0e7-collapse\">T\u00dc MV digip\u00e4devuse konverents II \u201cDigipahed ja digipahad meditsiinis\u201d (19.03.2021)<\/button>\n        <\/h2>\n        <div id=\"accordion-69e03a1d6f0e7-collapse\" class=\"accordion-collapse collapse\" aria-labelledby=\"accordion-69e03a1d6f0e7-heading\">\n            <div class=\"accordion-body\">\n<p><img loading=\"lazy\" decoding=\"async\" width=\"1920\" height=\"1080\" class=\"alignnone wp-image-22\" style=\"width: 620px; height: 349px; float: right;\" title=\"1920_x_1080_1.jpg\" src=\"https:\/\/sisu.ut.ee\/wp-content\/uploads\/sites\/490\/1920_x_1080_1.jpg\" alt=\"19. m\u00e4rts\" srcset=\"https:\/\/sisu.ut.ee\/wp-content\/uploads\/sites\/490\/1920_x_1080_1.jpg 1920w, https:\/\/sisu.ut.ee\/wp-content\/uploads\/sites\/490\/1920_x_1080_1-300x169.jpg 300w, https:\/\/sisu.ut.ee\/wp-content\/uploads\/sites\/490\/1920_x_1080_1-1024x576.jpg 1024w, https:\/\/sisu.ut.ee\/wp-content\/uploads\/sites\/490\/1920_x_1080_1-768x432.jpg 768w, https:\/\/sisu.ut.ee\/wp-content\/uploads\/sites\/490\/1920_x_1080_1-1536x864.jpg 1536w\" sizes=\"auto, (max-width: 1920px) 100vw, 1920px\">Konverents annab osalejatele \u00fclevaate privaatsusest, andmekaitsest, digih\u00fcgieenist ja digitaalsest enesekaitsest. See on osa Tartu \u00dclikooli meditsiiniteaduste valdkonna digip\u00e4devuse arendamise programmist. Konverentsi juhatab arst-resident Gerhard Grents.<\/p>\n<p>Videosalvestus: <a title=\"\" href=\"https:\/\/panopto.ut.ee\/Panopto\/Pages\/Viewer.aspx?id=fc13c268-14d7-4c65-9412-ad1d0179fcb7\" target=\"_blank\" rel=\"noopener\" data-url=\"https:\/\/panopto.ut.ee\/Panopto\/Pages\/Viewer.aspx?id=fc13c268-14d7-4c65-9412-ad1d0179fcb7\">https:\/\/panopto.ut.ee\/Panopto\/Pages\/ Viewer.aspx?id=fc13c268-14d7-4c65-9412-ad1d0179fcb7<\/a><\/p>\n<p>Ettekanded (videosalvestused):<\/p>\n<ul>\n<li>Triin Siil (Cybernetica AS) \u2013\u00a0<a title=\"\" href=\"https:\/\/panopto.ut.ee\/Panopto\/Pages\/Viewer.aspx?id=058fcea4-f301-4fd4-bf38-ad190099913b\" target=\"_blank\" rel=\"noopener\" data-url=\"https:\/\/panopto.ut.ee\/Panopto\/Pages\/Viewer.aspx?id=058fcea4-f301-4fd4-bf38-ad190099913b\">eTervis ja privaatsus ei pea olema vastuolus, 1. osa<\/a>.<\/li>\n<li>Liina Kamm (Cybernetica AS) \u2013\u00a0<a title=\"\" href=\"https:\/\/panopto.ut.ee\/Panopto\/Pages\/Viewer.aspx?id=12def2ae-de72-4ba6-8921-ad1d0148b9f4\" target=\"_blank\" rel=\"noopener\" data-url=\"https:\/\/panopto.ut.ee\/Panopto\/Pages\/Viewer.aspx?id=12def2ae-de72-4ba6-8921-ad1d0148b9f4\">eTervis ja privaatsus ei pea olema vastuolus, 2. osa<\/a>.<\/li>\n<li>Priit Koovit (Tartu \u00dclikooli Kliinikumi andmekaitse ja infoturbe juht) \u2013\u00a0<a title=\"\" href=\"https:\/\/panopto.ut.ee\/Panopto\/Pages\/Viewer.aspx?id=fd78ce92-983a-4aff-8f97-ad1d0171d961\" target=\"_blank\" rel=\"noopener\" data-url=\"https:\/\/panopto.ut.ee\/Panopto\/Pages\/Viewer.aspx?id=fd78ce92-983a-4aff-8f97-ad1d0171d961\">Esikohal on inimene<\/a>.<\/li>\n<li>K\u00e4tlin Konstabel (ps\u00fchholoog, pere- ja paariterapeut) \u2013 <a title=\"\" href=\"https:\/\/panopto.ut.ee\/Panopto\/Pages\/Viewer.aspx?id=56bde201-67b8-4e00-9374-acf00117fbee\" target=\"_blank\" rel=\"noopener\" data-url=\"https:\/\/panopto.ut.ee\/Panopto\/Pages\/Viewer.aspx?id=56bde201-67b8-4e00-9374-acf00117fbee\">Tervislik nutikasutus<\/a>.\u00a0<\/li><\/ul><\/div>\n        <\/div>\n        <\/div>\n    <\/div>\n\n<p><\/p><div class=\"accordion mb-3\">\n        <div class=\"accordion-item accordion-item--white\">\n        <h2 class=\"accordion-header\" id=\"accordion-69e03a1d6f0ee-heading\">\n            <button class=\"accordion-button collapsed\" type=\"button\" data-bs-toggle=\"collapse\" data-bs-target=\"#accordion-69e03a1d6f0ee-collapse\" aria-expanded=\"true\" aria-controls=\"accordion-69e03a1d6f0ee-collapse\">T\u00dc MV digip\u00e4devuse kogemusseminar \u201cInfokirjaoskus\u201d (26.02.2021)<\/button>\n        <\/h2>\n        <div id=\"accordion-69e03a1d6f0ee-collapse\" class=\"accordion-collapse collapse\" aria-labelledby=\"accordion-69e03a1d6f0ee-heading\">\n            <div class=\"accordion-body\">\n<p><img loading=\"lazy\" decoding=\"async\" width=\"1592\" height=\"880\" class=\"alignnone wp-image-23\" style=\"width: 620px; height: 343px; float: right;\" title=\"screenshot_2021-05-19_at_08.50.03.png\" src=\"https:\/\/sisu.ut.ee\/wp-content\/uploads\/sites\/490\/screenshot_2021-05-19_at_08.50.03.png\" alt=\"26. veebruar\" srcset=\"https:\/\/sisu.ut.ee\/wp-content\/uploads\/sites\/490\/screenshot_2021-05-19_at_08.50.03.png 1592w, https:\/\/sisu.ut.ee\/wp-content\/uploads\/sites\/490\/screenshot_2021-05-19_at_08.50.03-300x166.png 300w, https:\/\/sisu.ut.ee\/wp-content\/uploads\/sites\/490\/screenshot_2021-05-19_at_08.50.03-1024x566.png 1024w, https:\/\/sisu.ut.ee\/wp-content\/uploads\/sites\/490\/screenshot_2021-05-19_at_08.50.03-768x425.png 768w, https:\/\/sisu.ut.ee\/wp-content\/uploads\/sites\/490\/screenshot_2021-05-19_at_08.50.03-1536x849.png 1536w\" sizes=\"auto, (max-width: 1592px) 100vw, 1592px\">Digip\u00e4devuse kogemusseminaris jagame n\u00e4iteid erinevates \u00f5ppekavades juba \u00f5ppet\u00f6\u00f6sse integreeritud digip\u00e4devuse kohta. Seekord on fookuses infokirjaoskus.<\/p>\n<p>Videosalvestus: <a title=\"\" href=\"https:\/\/bbb.ut.ee\/playback\/presentation\/2.0\/playback.html?meetingId=94d5347d73d0dadd919be11a4cc860fa5d3fd9e9-1614339936381\" target=\"_blank\" rel=\"noopener\" data-url=\"https:\/\/bbb.ut.ee\/playback\/presentation\/2.0\/playback.html?meetingId=94d5347d73d0dadd919be11a4cc860fa5d3fd9e9-1614339936381\">https:\/\/bbb.ut.ee\/playback\/presentation\/2.0\/playback.html?meetingId=94d5347d73d0dadd919be11a4cc860fa5d3fd9e9-1614339936381<\/a>.<\/p>\n<p>Ettekanded (pdf):<\/p>\n<ul>\n<li>Tanel M\u00e4llo \u2013 <a title=\"\" href=\"https:\/\/sisu.ut.ee\/sites\/default\/files\/digipadevus\/files\/mv_kogemusseminar_26.02.2021.pdf\" target=\"_blank\" rel=\"noopener\" data-url=\"https:\/\/sisu.ut.ee\/sites\/default\/files\/digipadevus\/files\/mv_kogemusseminar_26.02.2021.pdf\">Millal on infokirjaoskus?<\/a><\/li>\n<li>Katrin Lang \u2013 <a title=\"\" href=\"https:\/\/sisu.ut.ee\/sites\/default\/files\/digipadevus\/files\/1._toenduspohise_infootsingu_opetamine_katrin_lang.pdf\" target=\"_blank\" rel=\"noopener\" data-url=\"https:\/\/sisu.ut.ee\/sites\/default\/files\/digipadevus\/files\/1._toenduspohise_infootsingu_opetamine_katrin_lang.pdf\">T\u00f5endusp\u00f5hise infootsingu \u00f5petamine epidemioloogia ja biostatistika kursusel<\/a>.<\/li>\n<li>Ivika Rande \u2013 <a title=\"\" href=\"https:\/\/sisu.ut.ee\/sites\/default\/files\/digipadevus\/files\/2._ivika_rande.pdf\" target=\"_blank\" rel=\"noopener\" data-url=\"https:\/\/sisu.ut.ee\/sites\/default\/files\/digipadevus\/files\/2._ivika_rande.pdf\">Research Work for Students<\/a>.<\/li>\n<li>Kersti Teder \u2013 <a title=\"\" href=\"https:\/\/sisu.ut.ee\/sites\/default\/files\/digipadevus\/files\/3._kersti_teder_-_biofarmaatsia.pdf\" target=\"_blank\" rel=\"noopener\" data-url=\"https:\/\/sisu.ut.ee\/sites\/default\/files\/digipadevus\/files\/3._kersti_teder_-_biofarmaatsia.pdf\">Biofarmaatsia<\/a>.<\/li>\n<li>Luule Medijainen \u2013 <a title=\"\" href=\"https:\/\/sisu.ut.ee\/sites\/default\/files\/digipadevus\/files\/4._luule_medijainen.pdf\" target=\"_blank\" rel=\"noopener\" data-url=\"https:\/\/sisu.ut.ee\/sites\/default\/files\/digipadevus\/files\/4._luule_medijainen.pdf\">Nutridata abil kompetentsemaks<\/a>.<\/li>\n<li>Ere Uibu \u2013 <a title=\"\" href=\"https:\/\/sisu.ut.ee\/sites\/default\/files\/digipadevus\/files\/juhis_oma_uurimistoo_infograafik.pdf\" target=\"_blank\" rel=\"noopener\" data-url=\"https:\/\/sisu.ut.ee\/sites\/default\/files\/digipadevus\/files\/juhis_oma_uurimistoo_infograafik.pdf\">Infograafiku koostamine<\/a>.<\/li>\n<\/ul>\n<p><\/p><\/div>\n        <\/div>\n        <\/div>\n    <\/div>\n<p><\/p><div class=\"accordion mb-3\">\n        <div class=\"accordion-item accordion-item--white\">\n        <h2 class=\"accordion-header\" id=\"accordion-69e03a1d6f0f4-heading\">\n            <button class=\"accordion-button collapsed\" type=\"button\" data-bs-toggle=\"collapse\" data-bs-target=\"#accordion-69e03a1d6f0f4-collapse\" aria-expanded=\"true\" aria-controls=\"accordion-69e03a1d6f0f4-collapse\">T\u00dc MV digip\u00e4devuse konverents \u201cQuo vadis\u00a0meditsiiniteaduste digip\u00e4devus?\u201d (22.01.2021)<\/button>\n        <\/h2>\n        <div id=\"accordion-69e03a1d6f0f4-collapse\" class=\"accordion-collapse collapse\" aria-labelledby=\"accordion-69e03a1d6f0f4-heading\">\n            <div class=\"accordion-body\">\n<p><img loading=\"lazy\" decoding=\"async\" class=\"alignnone wp-image-21\" style=\"float: right;\" title=\"MV AI konverents\" src=\"https:\/\/sisu.ut.ee\/wp-content\/uploads\/sites\/490\/screenshot_2021-05-19_at_08.40.03.png\" alt=\"MV AI konverents\" width=\"624\" height=\"350\" srcset=\"https:\/\/sisu.ut.ee\/wp-content\/uploads\/sites\/490\/screenshot_2021-05-19_at_08.40.03.png 1205w, https:\/\/sisu.ut.ee\/wp-content\/uploads\/sites\/490\/screenshot_2021-05-19_at_08.40.03-300x168.png 300w, https:\/\/sisu.ut.ee\/wp-content\/uploads\/sites\/490\/screenshot_2021-05-19_at_08.40.03-1024x574.png 1024w, https:\/\/sisu.ut.ee\/wp-content\/uploads\/sites\/490\/screenshot_2021-05-19_at_08.40.03-768x431.png 768w\" sizes=\"auto, (max-width: 624px) 100vw, 624px\"><\/p>\n<p>Toimumise aeg:\u00a022. jaanuaril 2021 kell 11-16<br>\nToimumise koht:\u00a0veebikonverents Worksupi keskkonnas, t\u00f6\u00f6toad Zoomi keskkonnas<\/p>\n<p>Ettekanded (videosalvestused):<\/p>\n<ul>\n<li>Margus Lember (meditsiiniteaduste valdkonna dekaan) \u2013\u00a0<a title=\"\" href=\"https:\/\/panopto.ut.ee\/Panopto\/Pages\/Viewer.aspx?id=02271557-3abf-4aa3-88ae-acbe00e9de00\" target=\"_blank\" rel=\"noopener\" data-url=\"https:\/\/panopto.ut.ee\/Panopto\/Pages\/Viewer.aspx?id=02271557-3abf-4aa3-88ae-acbe00e9de00\">Konverentsi avas\u00f5nad<\/a>.<\/li>\n<li>Jaak Vilo (akadeemik ja T\u00dc bioinformaatika professor, T\u00dc Arvutiteaduste instituudi juhataja) \u2013\u00a0<a title=\"\" href=\"https:\/\/panopto.ut.ee\/Panopto\/Pages\/Viewer.aspx?id=fe8f4aad-1fc0-4c1a-8e7c-acbd00ee00b2\" target=\"_blank\" rel=\"noopener\" data-url=\"https:\/\/panopto.ut.ee\/Panopto\/Pages\/Viewer.aspx?id=fe8f4aad-1fc0-4c1a-8e7c-acbd00ee00b2\">Tehisintellekt (AI) ei tee haiget (ai)<\/a>.<\/li>\n<li>Kadri Simm (praktilise filosoofia kaasprofessor, T\u00dc Filosoofia ja semiootika instituut) \u2013\u00a0<a title=\"\" href=\"https:\/\/panopto.ut.ee\/Panopto\/Pages\/Viewer.aspx?id=d06edc37-94fe-4c97-8e16-acbd00eeb146\" target=\"_blank\" rel=\"noopener\" data-url=\"https:\/\/panopto.ut.ee\/Panopto\/Pages\/Viewer.aspx?id=d06edc37-94fe-4c97-8e16-acbd00eeb146\">ehisintellekt ja meditsiinieetika<\/a>.<\/li>\n<li>Margus Lember,\u00a0Jaak Vilo,\u00a0Kadri Simm\u00a0ja\u00a0Jarek M\u00e4estu\u00a0\u2013\u00a0<a title=\"\" href=\"https:\/\/panopto.ut.ee\/Panopto\/Pages\/Viewer.aspx?id=8f775575-0208-4806-801d-acbd00f03797\" target=\"_blank\" rel=\"noopener\" data-url=\"https:\/\/panopto.ut.ee\/Panopto\/Pages\/Viewer.aspx?id=8f775575-0208-4806-801d-acbd00f03797\">Arutelu \u201cTervishoiu t\u00f6\u00f6taja aastal 2032\u201d<\/a>.<\/li>\n<\/ul>\n<p>14.00 \u2013 15.00 Digip\u00e4devuse arendamine meditsiiniteaduste \u00f5ppekavades:<\/p>\n<ul>\n<li>arsti- ja hambaarstiteaduse t\u00f6\u00f6tuba<\/li>\n<li>proviisori\u00f5ppe t\u00f6\u00f6tuba<\/li>\n<li>sporditeaduste ja f\u00fcsioteraapia t\u00f6\u00f6tuba<\/li>\n<li>rahvatervishoiu ja \u00f5endusteaduse t\u00f6\u00f6tuba<\/li>\n<\/ul>\n<p>15.00 \u2013\u00a016.00 \u00dchine arutelu ja kokkuv\u00f5te<\/p><\/div>\n        <\/div>\n        <\/div>\n    <\/div>\n<p><\/p><div class=\"accordion mb-3\">\n        <div class=\"accordion-item accordion-item--white\">\n        <h2 class=\"accordion-header\" id=\"accordion-69e03a1d6f0fd-heading\">\n            <button class=\"accordion-button collapsed\" type=\"button\" data-bs-toggle=\"collapse\" data-bs-target=\"#accordion-69e03a1d6f0fd-collapse\" aria-expanded=\"true\" aria-controls=\"accordion-69e03a1d6f0fd-collapse\">T\u00dc MV digip\u00e4devuse kogemus- ja visiooniseminar (11.12.2020)<\/button>\n        <\/h2>\n        <div id=\"accordion-69e03a1d6f0fd-collapse\" class=\"accordion-collapse collapse\" aria-labelledby=\"accordion-69e03a1d6f0fd-heading\">\n            <div class=\"accordion-body\">\n<p><img loading=\"lazy\" decoding=\"async\" width=\"826\" height=\"453\" class=\"alignnone wp-image-25\" style=\"width: 620px; height: 340px; float: right;\" title=\"screenshot_2021-05-19_at_09.07.00.png\" src=\"https:\/\/sisu.ut.ee\/wp-content\/uploads\/sites\/490\/screenshot_2021-05-19_at_09.07.00.png\" alt=\"11. detsember\" srcset=\"https:\/\/sisu.ut.ee\/wp-content\/uploads\/sites\/490\/screenshot_2021-05-19_at_09.07.00.png 826w, https:\/\/sisu.ut.ee\/wp-content\/uploads\/sites\/490\/screenshot_2021-05-19_at_09.07.00-300x165.png 300w, https:\/\/sisu.ut.ee\/wp-content\/uploads\/sites\/490\/screenshot_2021-05-19_at_09.07.00-768x421.png 768w\" sizes=\"auto, (max-width: 826px) 100vw, 826px\">Videosalvestus:\u00a0<a title=\"\" href=\"https:\/\/panopto.ut.ee\/Panopto\/Pages\/Viewer.aspx?id=2f40afe9-9326-4be0-9003-ac8e00c32b3b\" target=\"_blank\" rel=\"noopener\" data-url=\"https:\/\/panopto.ut.ee\/Panopto\/Pages\/Viewer.aspx?id=2f40afe9-9326-4be0-9003-ac8e00c32b3b\">https:\/\/panopto.ut.ee\/Panopto\/ Pages\/Viewer.aspx?id=2f40afe9-9326-4be0-9003-ac8e00c32b3b<\/a><\/p>\n<p>Ettekanded (pdf):<\/p>\n<ul>\n<li>Anti Kalda \u2013\u00a0<a title=\"\" href=\"https:\/\/sisu.ut.ee\/sites\/default\/files\/digipadevus\/files\/anti_-_mv_digipadevuse_arendamise_seminar_ettekanne.pdf\" target=\"_blank\" rel=\"noopener\" data-url=\"https:\/\/sisu.ut.ee\/sites\/default\/files\/digipadevus\/files\/anti_-_mv_digipadevuse_arendamise_seminar_ettekanne.pdf\">Digip\u00e4devus T\u00dc MV-s \u2013 mis tehtud, mis teoksil?<\/a><\/li>\n<li>Tanel M\u00e4llo \u2013 <a title=\"\" href=\"https:\/\/sisu.ut.ee\/sites\/default\/files\/digipadevus\/files\/tanel_-_digipadevus_tu_meditsiinivaldkonna_oppekavades.pdf\" target=\"_blank\" rel=\"noopener\" data-url=\"https:\/\/sisu.ut.ee\/sites\/default\/files\/digipadevus\/files\/tanel_-_digipadevus_tu_meditsiinivaldkonna_oppekavades.pdf\">MV digip\u00e4devuse mudeli tutvustamine.<\/a><\/li>\n<li>Ave Minajeva \u2013 <a title=\"\" href=\"https:\/\/panopto.ut.ee\/Panopto\/Pages\/Viewer.aspx?id=de5d405e-8b44-4f0b-b590-ac8900cbeef8\" target=\"_blank\" rel=\"noopener\" data-url=\"https:\/\/panopto.ut.ee\/Panopto\/Pages\/Viewer.aspx?id=de5d405e-8b44-4f0b-b590-ac8900cbeef8\">Digip\u00e4devuse kogemused patoanatoomia \u00f5petamises arstiteaduse \u00f5ppekava 3. kursusel.<\/a><\/li>\n<li>Kai Part \u2013 <a title=\"\" href=\"https:\/\/sisu.ut.ee\/sites\/default\/files\/digipadevus\/files\/kai_part_ettekanne_digipadevused.pdf\" target=\"_blank\" rel=\"noopener\" data-url=\"https:\/\/sisu.ut.ee\/sites\/default\/files\/digipadevus\/files\/kai_part_ettekanne_digipadevused.pdf\">Digivahendite kasutamine kliinilises \u00f5ppet\u00f6\u00f6s.<\/a><\/li>\n<li>Daisy Volmer \u2013 <a title=\"\" href=\"https:\/\/sisu.ut.ee\/sites\/default\/files\/digipadevus\/files\/daisy_digitaalse_farmatseutilise_hoole_ope_eestis.pdf\" target=\"_blank\" rel=\"noopener\" data-url=\"https:\/\/sisu.ut.ee\/sites\/default\/files\/digipadevus\/files\/daisy_digitaalse_farmatseutilise_hoole_ope_eestis.pdf\">Digitaalse farmatseutilise hoole \u00f5ppe ja rakendamise v\u00f5imalused Eestis.<\/a><\/li>\n<li>Aave Hannus \u2013 <a title=\"\" href=\"https:\/\/sisu.ut.ee\/sites\/default\/files\/digipadevus\/files\/aave_harjumuse_videopaevik_hannus2020.pdf\" target=\"_blank\" rel=\"noopener\" data-url=\"https:\/\/sisu.ut.ee\/sites\/default\/files\/digipadevus\/files\/aave_harjumuse_videopaevik_hannus2020.pdf\">Videop\u00e4eviku kasutamise v\u00f5imalusi \u00f5ppija iseseisva t\u00f6\u00f6 dokumenteerimisel ja hindamisel.<\/a><\/li>\n<li>Gerhard Grents \u2013 <a title=\"\" href=\"https:\/\/sisu.ut.ee\/sites\/default\/files\/digipadevus\/files\/gerhard_telemeditsiin3.pdf\" target=\"_blank\" rel=\"noopener\" data-url=\"https:\/\/sisu.ut.ee\/sites\/default\/files\/digipadevus\/files\/gerhard_telemeditsiin3.pdf\">Telemeditsiin meil ja mujal.<\/a><\/li>\n<li>Jarek M\u00e4estu \u2013 <a title=\"\" href=\"https:\/\/sisu.ut.ee\/sites\/default\/files\/digipadevus\/files\/jarek_-_digipadevuste_kogemusseminar.pdf\" target=\"_blank\" rel=\"noopener\" data-url=\"https:\/\/sisu.ut.ee\/sites\/default\/files\/digipadevus\/files\/jarek_-_digipadevuste_kogemusseminar.pdf\">Millised v\u00f5iksid olla v\u00f5imalused ja vajadused sensortehnoloogiate kasutamiseks meditsiiniteaduste valdkonnas?<\/a><\/li>\n<\/ul>\n<p><\/p><\/div>\n        <\/div>\n        <\/div>\n    <\/div>\n","protected":false},"excerpt":{"rendered":"<p>TULEVASED JA TOIMUNUD S\u00dcNDMUSED T\u00dc MV digip\u00e4devuse kogemus- ja visiooniseminar \u201cSuhtlus ja koost\u00f6\u00f6 digitaalsete keskkondade kasutamisel\u201d\u00a0(14.05.2021) Seminari eesm\u00e4rk on anda \u00fclevaade digip\u00e4devuse kujundamisest T\u00dc meditsiinivaldkonnas ning vahetada erialase digip\u00e4devuse \u00f5petamise kogemusi keskendudes digitaalsetes keskkondades toimuvale suhtlusele ja koost\u00f6\u00f6le.\u00a0See on osa &#8230;<\/p>\n","protected":false},"author":253,"featured_media":0,"parent":0,"menu_order":0,"comment_status":"closed","ping_status":"closed","template":"","meta":{"_acf_changed":false,"inline_featured_image":false,"footnotes":""},"class_list":["post-10","page","type-page","status-publish","hentry"],"acf":[],"_links":{"self":[{"href":"https:\/\/sisu.ut.ee\/meditsiinivaldkonna-digipadevus\/wp-json\/wp\/v2\/pages\/10","targetHints":{"allow":["GET"]}}],"collection":[{"href":"https:\/\/sisu.ut.ee\/meditsiinivaldkonna-digipadevus\/wp-json\/wp\/v2\/pages"}],"about":[{"href":"https:\/\/sisu.ut.ee\/meditsiinivaldkonna-digipadevus\/wp-json\/wp\/v2\/types\/page"}],"author":[{"embeddable":true,"href":"https:\/\/sisu.ut.ee\/meditsiinivaldkonna-digipadevus\/wp-json\/wp\/v2\/users\/253"}],"replies":[{"embeddable":true,"href":"https:\/\/sisu.ut.ee\/meditsiinivaldkonna-digipadevus\/wp-json\/wp\/v2\/comments?post=10"}],"version-history":[{"count":5,"href":"https:\/\/sisu.ut.ee\/meditsiinivaldkonna-digipadevus\/wp-json\/wp\/v2\/pages\/10\/revisions"}],"predecessor-version":[{"id":87,"href":"https:\/\/sisu.ut.ee\/meditsiinivaldkonna-digipadevus\/wp-json\/wp\/v2\/pages\/10\/revisions\/87"}],"wp:attachment":[{"href":"https:\/\/sisu.ut.ee\/meditsiinivaldkonna-digipadevus\/wp-json\/wp\/v2\/media?parent=10"}],"curies":[{"name":"wp","href":"https:\/\/api.w.org\/{rel}","templated":true}]}}