{"id":4,"date":"2024-04-04T02:50:32","date_gmt":"2024-04-03T23:50:32","guid":{"rendered":"https:\/\/sisu.ut.ee\/meditsiinieetika\/veebiressursid\/"},"modified":"2024-04-04T02:50:34","modified_gmt":"2024-04-03T23:50:34","slug":"veebiressursid","status":"publish","type":"page","link":"https:\/\/sisu.ut.ee\/meditsiinieetika\/veebiressursid\/","title":{"rendered":"Ressursid internetis"},"content":{"rendered":"<p><strong><\/strong><\/p>\n<p><strong>\u00d5pikud ja k\u00e4siraamatud<\/strong><\/p>\n<ul>\n<li><a href=\"http:\/\/www.wma.net\/en\/30publications\/30ethicsmanual\/pdf\/ethics_manual_estonian.pdf\">Williams JR. WMA arstieetika k\u00e4siraamat<\/a>\u00a0<\/li>\n<li><a href=\"http:\/\/www.qcc.cuny.edu\/SocialSciences\/ppecorino\/MEDICAL_ETHICS_TEXT\/default.htm\">Pecorino PA. Medical Ethics. Online textbook<\/a>\u00a0<\/li>\n<li><a href=\"https:\/\/ec.europa.eu\/research\/science-society\/document_library\/pdf_06\/textbook-on-ethics-report_en.pdf\">Hughes J (toimetaja). European Textbook on Ethics in Research<\/a>\u00a0\u00a0\u00a0<\/li>\n<li><a href=\"http:\/\/sgh.org.sa\/Portals\/0\/Articles\/Public%20Health%20Ethics%20Key%20-%20Concepts%20and%20Issues%20in%20Policy%20and%20Practice.pdf\">Dawson A (toimetaja). Public Health Ethics: Key Concepts and Issues in Policy and Practice<\/a>\u00a0<\/li>\n<li><a href=\"http:\/\/journalofethics.ama-assn.org\/site\/cases.html\">Juhtumite kollektsioon ajakirjas AMA Journal of Ethics<\/a><\/li>\n<\/ul>\n<p><strong>Alusdokumendid<\/strong><\/p>\n<ul>\n<li><a href=\"https:\/\/arstideliit.ee\/hippokratese-vanne\">Hippokratese vanne<\/a><\/li>\n<li><a href=\"https:\/\/arstideliit.ee\/wp-content\/uploads\/2011\/10\/Eesti_arstieetika_koodeks.pdf\">Eesti arstieeetika koodeks<\/a><\/li>\n<li><a href=\"http:\/\/ojs.utlib.ee\/index.php\/EA\/article\/viewFile\/10912\/6097\">WMA rahvusvaheline meditsiinieetika koodeks<\/a><\/li>\n<li><a href=\"http:\/\/ojs.utlib.ee\/index.php\/EA\/article\/viewFile\/10912\/6097\">WMA Genfi deklaratsioon<\/a><\/li>\n<li><a href=\"http:\/\/www.ena.ee\/images\/stories\/attachments\/article\/405\/Eestikeelne_%C3%B5e_eetikakoodeks.pdf\">Rahvusvahelise \u00d5dede N\u00f5ukogu eetikakoodeks<\/a>\u00a0 \u00a0<\/li>\n<li><a href=\"http:\/\/www.wma.net\/en\/30publications\/10policies\/b3\/\">WMA Helsingi deklaratsioon<\/a><\/li>\n<li><a href=\"http:\/\/portal.unesco.org\/en\/ev.php-URL_ID=31058&amp;URL_DO=DO_TOPIC&amp;URL_SECTION=201.html\">UNESCO bioeetika ja inim\u00f5iguste \u00fclddeklaratsioon<\/a><\/li>\n<li><a href=\"https:\/\/www.riigiteataja.ee\/akt\/78570\">Oviedo konventsioon<\/a><\/li>\n<li><a href=\"https:\/\/www.apha.org\/~\/media\/files\/pdf\/membergroups\/ethics_brochure.ashx\">USA rahvatervishoiu eetilise praktika p\u00f5him\u00f5tted<\/a><\/li>\n<\/ul>\n<p><strong>Perioodilised v\u00e4ljaanded<\/strong><\/p>\n<ul>\n<li><a style=\"background-color: #ffffff\" href=\"http:\/\/peh-med.biomedcentral.com\/\" target=\"_blank\" rel=\"noopener\">Philosophy, Ethics, and Humanities in Medicine<\/a><\/li>\n<li><a href=\"http:\/\/jme.bmj.com\/\" target=\"_blank\" rel=\"noopener\">BMJ Journal of Medical Ethics<\/a><\/li>\n<li><a href=\"http:\/\/www.clinicalethics.com\/\" target=\"_blank\" rel=\"noopener\">Journal of Clinical Ethics<\/a><\/li>\n<li><a href=\"http:\/\/cet.sagepub.com\/\" target=\"_blank\" rel=\"noopener\">Clinical Ethics<\/a><\/li>\n<li><a href=\"http:\/\/eu.wiley.com\/WileyCDA\/WileyTitle\/productCd-BIOE.html\" target=\"_blank\" rel=\"noopener\">Bioethics<\/a><\/li>\n<li><a href=\"http:\/\/www.tandfonline.com\/loi\/uajb20\" target=\"_blank\" rel=\"noopener\">American Journal of Bioethics<\/a><\/li>\n<li><a href=\"http:\/\/journals.cambridge.org\/action\/displayJournal?jid=CQH\" target=\"_blank\" rel=\"noopener\">Cambridge Quarterly of Healthcare Ethics<\/a><\/li>\n<li><a href=\"http:\/\/mh.bmj.com\/\" target=\"_blank\" rel=\"noopener\">BMJ Medical Humanities<\/a><\/li>\n<li><a href=\"http:\/\/www.springer.com\/series\/6414?detailsPage=titles\" target=\"_blank\" rel=\"noopener\">Philosophy and Medicine<\/a><\/li>\n<li><a href=\"http:\/\/link.springer.com\/journal\/10730\" target=\"_blank\" rel=\"noopener\">Healthcare Ethics Committee Forum<\/a><\/li>\n<li><a href=\"http:\/\/www.thehastingscenter.org\/publications-resources\/irb-ethics-human-research\/\" target=\"_blank\" rel=\"noopener\">IRB: Ethics &amp; Human Research<\/a><\/li>\n<\/ul>\n<p><strong>Institutsioonid<\/strong><\/p>\n<ul>\n<li><a href=\"http:\/\/bioethics-international.org\/?show=index\" target=\"_blank\" rel=\"noopener\">Rahvusvaheline Bioeetika Assotsiatsioon<\/a><\/li>\n<li><a href=\"http:\/\/espmh.org\/\" target=\"_blank\" rel=\"noopener\">Euroopa Meditsiini- ja Tervishoiufilosoofia \u00dching<\/a><\/li>\n<li><a href=\"http:\/\/www.wma.net\/en\/20activities\/10ethics\/index.html\" target=\"_blank\" rel=\"noopener\">Maailma Arstide Liidu eetika sektsioon<\/a><\/li>\n<li><a href=\"http:\/\/www.unesco.org\/new\/en\/social-and-human-sciences\/themes\/bioethics\/\" target=\"_blank\" rel=\"noopener\">UNESCO bioeetika sektsioon<\/a><\/li>\n<li><a href=\"http:\/\/www.coe.int\/en\/web\/bioethics\/home\" target=\"_blank\" rel=\"noopener\">Euroopa N\u00f5ukogu bioeetika komitee<\/a><\/li>\n<li><a href=\"http:\/\/nuffieldbioethics.org\/\" target=\"_blank\" rel=\"noopener\">\u00dchendkuningriigi Nuffieldi bioeetika n\u00f5ukogu<\/a><\/li>\n<li><a href=\"http:\/\/www.thehastingscenter.org\/\" target=\"_blank\" rel=\"noopener\">Hastingsi keskus<\/a> New Yorgis<\/li>\n<li><a href=\"https:\/\/bioethics.georgetown.edu\/\" target=\"_blank\" rel=\"noopener\">Bioeetika raamatukogu USA Georgetowni \u00fclikoolis<\/a><\/li>\n<li><a href=\"http:\/\/www.bioethics.gov\/\" target=\"_blank\" rel=\"noopener\">USA presidendi bioeetika teemade uurimise komisjon<\/a><\/li>\n<li><a href=\"http:\/\/www.bioethics.nih.gov\/\" target=\"_blank\" rel=\"noopener\">USA riiklike terviseinstituutide (NIH) bioeetika ressursid internetis<\/a><\/li>\n<\/ul>\n<p><strong>Portaalid<\/strong><\/p>\n<ul>\n<li><a href=\"http:\/\/www.bioethics.net\/\" target=\"_blank\" rel=\"noopener\">Bioethics.net<\/a><\/li>\n<li><a href=\"https:\/\/lane.stanford.edu\/portals\/ethics.html\" target=\"_blank\" rel=\"noopener\">Stanfordi \u00fclikooli arstiteaduskonna meditsiiniraamatukogu biomeditsiinieetikast<\/a><\/li>\n<li><a href=\"http:\/\/ethicsweb.org\/portal\" target=\"_blank\" rel=\"noopener\">Ethicsweb<\/a><\/li>\n<li><a href=\"http:\/\/www.eetika.ee\/\" target=\"_blank\" rel=\"noopener\">Eetikaveeb<\/a><\/li>\n<\/ul>\n","protected":false},"excerpt":{"rendered":"<p>\u00d5pikud ja k\u00e4siraamatud Williams JR. WMA arstieetika k\u00e4siraamat\u00a0 Pecorino PA. Medical Ethics. Online textbook\u00a0 Hughes J (toimetaja). European Textbook on Ethics in Research\u00a0\u00a0\u00a0 Dawson A (toimetaja). Public Health Ethics: Key Concepts and Issues in Policy and Practice\u00a0 Juhtumite kollektsioon ajakirjas &#8230;<\/p>\n","protected":false},"author":82,"featured_media":0,"parent":0,"menu_order":0,"comment_status":"closed","ping_status":"closed","template":"","meta":{"_acf_changed":false,"inline_featured_image":false,"footnotes":""},"class_list":["post-4","page","type-page","status-publish","hentry"],"acf":[],"_links":{"self":[{"href":"https:\/\/sisu.ut.ee\/meditsiinieetika\/wp-json\/wp\/v2\/pages\/4","targetHints":{"allow":["GET"]}}],"collection":[{"href":"https:\/\/sisu.ut.ee\/meditsiinieetika\/wp-json\/wp\/v2\/pages"}],"about":[{"href":"https:\/\/sisu.ut.ee\/meditsiinieetika\/wp-json\/wp\/v2\/types\/page"}],"author":[{"embeddable":true,"href":"https:\/\/sisu.ut.ee\/meditsiinieetika\/wp-json\/wp\/v2\/users\/82"}],"replies":[{"embeddable":true,"href":"https:\/\/sisu.ut.ee\/meditsiinieetika\/wp-json\/wp\/v2\/comments?post=4"}],"version-history":[{"count":1,"href":"https:\/\/sisu.ut.ee\/meditsiinieetika\/wp-json\/wp\/v2\/pages\/4\/revisions"}],"predecessor-version":[{"id":15,"href":"https:\/\/sisu.ut.ee\/meditsiinieetika\/wp-json\/wp\/v2\/pages\/4\/revisions\/15"}],"wp:attachment":[{"href":"https:\/\/sisu.ut.ee\/meditsiinieetika\/wp-json\/wp\/v2\/media?parent=4"}],"curies":[{"name":"wp","href":"https:\/\/api.w.org\/{rel}","templated":true}]}}