{"id":3,"date":"2024-04-04T02:50:32","date_gmt":"2024-04-03T23:50:32","guid":{"rendered":"https:\/\/sisu.ut.ee\/meditsiinieetika\/avaleht\/"},"modified":"2024-04-29T14:27:24","modified_gmt":"2024-04-29T11:27:24","slug":"avaleht","status":"publish","type":"page","link":"https:\/\/sisu.ut.ee\/meditsiinieetika\/","title":{"rendered":"Avaleht"},"content":{"rendered":"<p style=\"text-align: center;\">See sait on p\u00fchendatud meditsiinieetika-alastele materjalidele.<br>\nSait funktsioneerib \u00fchtlasi Andres Soosaare k\u00f5rgkooli\u00f5piku<\/p>\n<p style=\"text-align: center;\">\u201cMeditsiinieetika\u201d<\/p>\n<p style=\"text-align: center;\">lisamaterjale sisaldava veebikoduna.<\/p>\n<p><img loading=\"lazy\" decoding=\"async\" class=\"aligncenter\" src=\"\/wp-content\/uploads\/sites\/176\/meditsiinieetika_par.jpg\" width=\"457\" height=\"697\"><\/p>\n","protected":false},"excerpt":{"rendered":"<p>See sait on p\u00fchendatud meditsiinieetika-alastele materjalidele. Sait funktsioneerib \u00fchtlasi Andres Soosaare k\u00f5rgkooli\u00f5piku \u201cMeditsiinieetika\u201d lisamaterjale sisaldava veebikoduna.<\/p>\n","protected":false},"author":82,"featured_media":0,"parent":0,"menu_order":0,"comment_status":"closed","ping_status":"closed","template":"","meta":{"_acf_changed":false,"inline_featured_image":false,"footnotes":""},"class_list":["post-3","page","type-page","status-publish","hentry"],"acf":[],"_links":{"self":[{"href":"https:\/\/sisu.ut.ee\/meditsiinieetika\/wp-json\/wp\/v2\/pages\/3","targetHints":{"allow":["GET"]}}],"collection":[{"href":"https:\/\/sisu.ut.ee\/meditsiinieetika\/wp-json\/wp\/v2\/pages"}],"about":[{"href":"https:\/\/sisu.ut.ee\/meditsiinieetika\/wp-json\/wp\/v2\/types\/page"}],"author":[{"embeddable":true,"href":"https:\/\/sisu.ut.ee\/meditsiinieetika\/wp-json\/wp\/v2\/users\/82"}],"replies":[{"embeddable":true,"href":"https:\/\/sisu.ut.ee\/meditsiinieetika\/wp-json\/wp\/v2\/comments?post=3"}],"version-history":[{"count":2,"href":"https:\/\/sisu.ut.ee\/meditsiinieetika\/wp-json\/wp\/v2\/pages\/3\/revisions"}],"predecessor-version":[{"id":21,"href":"https:\/\/sisu.ut.ee\/meditsiinieetika\/wp-json\/wp\/v2\/pages\/3\/revisions\/21"}],"wp:attachment":[{"href":"https:\/\/sisu.ut.ee\/meditsiinieetika\/wp-json\/wp\/v2\/media?parent=3"}],"curies":[{"name":"wp","href":"https:\/\/api.w.org\/{rel}","templated":true}]}}