{"id":162,"date":"2025-11-03T12:18:50","date_gmt":"2025-11-03T10:18:50","guid":{"rendered":"https:\/\/sisu.ut.ee\/research-example\/?page_id=162"},"modified":"2025-11-03T12:18:50","modified_gmt":"2025-11-03T10:18:50","slug":"pelle-jakovits","status":"publish","type":"page","link":"https:\/\/sisu.ut.ee\/mc\/people\/pelle-jakovits\/","title":{"rendered":"Pelle Jakovits"},"content":{"rendered":"<p>Pelle Jakovits, Ph.D. is an associate professor in the Institute of Computer Science, the University of Tartu. He received his Ph.D. in University of Tartu in 2017 on the topic \u201cAdapting scientific computing algorithms to distributed computing frameworks\u201d. His current interest in the informatics research are parallel computing, Scientific Computing on the Cloud, distributed programming model MapReduce and it\u2019s alternatives.<\/p>\n\n\n\n<p><strong>Education:<\/strong>\u00a0Doctor\u2019s Degree, 2017, (sup) Satish Narayana Srirama, Adapting Scientific Computing Algorithms to Distributed Computing Frameworks, University of Tartu, Faculty of Science and Technology, Institute of Computer Science.<\/p>\n\n\n\n<p><strong>Occupation: Associate Professor of Distributed Systems,\u00a0<\/strong>University of Tartu, Institute of Computer Science<\/p>\n\n\n\n<p><strong>Publications:\u00a0<a href=\"https:\/\/scholar.google.com\/citations?user=3XcbEuQAAAAJ&amp;hl=en\">Google Scholar profile<\/a><\/strong><\/p>\n\n\n\n<h3 class=\"wp-block-heading\">Contact information<\/h3>\n\n\n\n<figure class=\"wp-block-table\"><table class=\"table table-hover\"><tbody><tr><td>Address<\/td><td>Institute of Computer Science<br>University of Tartu<br>Narva mnt 18 \u2013 3040<br>Tartu 51009, Estonia<\/td><\/tr><tr><td>Phone<\/td><td>+ 372 737 6419<\/td><\/tr><tr><td>Email<\/td><td>jakovits@ut.ee<\/td><\/tr><\/tbody><\/table><\/figure>\n\n\n\n<h3 class=\"wp-block-heading\">Projects<\/h3>\n\n\n\n<ul class=\"wp-block-list\">\n<li>Robo M.D<\/li>\n\n\n\n<li>REMICS<\/li>\n\n\n\n<li>RADON<\/li>\n\n\n\n<li>SciCloud<\/li>\n\n\n\n<li>Stratus<\/li>\n\n\n\n<li>D2CM<\/li>\n<\/ul>\n\n\n\n<h2 class=\"wp-block-heading\">Supervised dissertations<\/h2>\n\n\n\n<ul class=\"wp-block-list\">\n<li>Shivananda Rangappa Poojara, doktorikraad, 2024, (juh) Pelle Jakovits; Satish Narayana Srirama, Design and Orchestration of Scalable, Event-Driven Serverless Data Pipelines for Internet of Things (IoT) Applications. (S\u00fcndmustep\u00f5histe, skaleeruvate ja serverivabade andmetorude disain ja orkestreerimine asjade Interneti rakenduste jaoks.), Tartu \u00dclikool, Loodus- ja t\u00e4ppisteaduste valdkond, arvutiteaduse instituut<\/li>\n\n\n\n<li>Sergei Eensalu, magistrikraad, 2025, (juh) Pelle Jakovits; Gert Kanter, Budget Monitoring Web Application for Managing EU Projects (Eelarve j\u00e4lgimise veebirakendus Euroopa Liidu projektide haldamiseks), Tartu \u00dclikool, Loodus- ja t\u00e4ppisteaduste valdkond, arvutiteaduse instituut<\/li>\n\n\n\n<li>Joonas Praks, magistrikraad, 2024, (juh) Pelle Jakovits, Anomaly Detection and Imputation for Tartu Traffic Sensors (Anomaaliate tuvastamine ning andmel\u00fcnkade t\u00e4itmine Tartu liiklussensorite n\u00e4itel), Tartu \u00dclikool, Loodus- ja t\u00e4ppisteaduste valdkond, arvutiteaduse instituut<\/li>\n\n\n\n<li>Thi Song Huong Pham, magistrikraad, 2024, (juh) Matti Siekkinen; Pelle Jakovits, Fault-Tolerant Distributed Database for Public Key Infrastructure (T\u00f5rketaluv hajutatud andmebaas avaliku v\u00f5tme infrastruktuuri jaoks), Tartu \u00dclikool, Loodus- ja t\u00e4ppisteaduste valdkond, arvutiteaduse instituut<\/li>\n\n\n\n<li>Kaspar Kadalipp, magistrikraad, 2024, (juh) Pelle Jakovits, Knowledge Graphs for Cataloging and Making Sense of Smart City Data (Teemamudel targa linna andmetest \u00fclevaate saamiseks), Tartu \u00dclikool, Loodus- ja t\u00e4ppisteaduste valdkond, arvutiteaduse instituut<\/li>\n\n\n\n<li>Artem Grukhal, magistrikraad, 2023, (juh) Pelle Jakovits, Data Acquisition and Preparation Toolbox for Cumulocity-based Solutions (Andmete kogumise ja ettevalmistamise t\u00f6\u00f6riist Cumulocity-p\u00f5histe lahenduste jaoks), Tartu \u00dclikool, Loodus- ja t\u00e4ppisteaduste valdkond, arvutiteaduse instituut<\/li>\n\n\n\n<li>Elizaveta Nikolaeva, magistrikraad, 2023, (juh) Pelle Jakovits, Analyzing the Solar Energy Potential of Smart Cities (Tarkade linnade p\u00e4ikeseenergia potentsiaali anal\u00fc\u00fcsimine), Tartu \u00dclikool, Loodus- ja t\u00e4ppisteaduste valdkond, arvutiteaduse instituut<\/li>\n\n\n\n<li>Artjom Valdas, magistrikraad, 2023, (juh) Chinmaya Kumar Dehury; Pelle Jakovits, ML-TOSCA: ML pipeline modelling and orchestration using TOSCA (ML-TOSCA: ML torujuhtme modelleerimine ja orkestreerimine TOSCA abil), Tartu \u00dclikool, Loodus- ja t\u00e4ppisteaduste valdkond, arvutiteaduse instituut<\/li>\n\n\n\n<li><a href=\"https:\/\/www.etis.ee\/Portal\/Mentorships\/Display\/738807f1-784b-4587-89b4-655c227eda59\">Anupam Rakshit, magistrikraad, 2022, (juh) Pelle Jakovits,<strong>\u00a0Pragmatic Comparison of Machine Learning Models to Detect the Type of Attacks in an IoT Network Traffic\u00a0<\/strong>(Masin\u00f5ppemudelite pragmaatiline v\u00f5rdlus r\u00fcnnakute t\u00fc\u00fcbi tuvastamiseks asjade interneti v\u00f5rguliikluses), Tallinna Tehnika\u00fclikool, Infotehnoloogia teaduskond, Tarkvarateaduse instituut<\/a><\/li>\n\n\n\n<li><a href=\"https:\/\/www.etis.ee\/Portal\/Mentorships\/Display\/42188da9-eec8-449f-bf5d-6dc3fd6e5a3e\">Manish Gupta, magistrikraad, 2022, (juh) Chinmaya Kumar Dehury; Pelle Jakovits,\u00a0<strong>Google Dataflow Orchestration Using TOSCA in the Hybrid Cloud<\/strong>\u00a0(Google Dataflow orkestreerimine TOSCA abil h\u00fcbriidpilves), Tartu \u00dclikool, Loodus- ja t\u00e4ppisteaduste valdkond, arvutiteaduse instituut<\/a><\/li>\n\n\n\n<li><a href=\"https:\/\/www.etis.ee\/Portal\/Mentorships\/Display\/7acc0b8b-5c41-45ae-8bea-d7e68404c5d2\">Soltan Garayev, magistrikraad, 2021, (juh) Pelle Jakovits,\u00a0<strong>Scheme Design in Non-Relational Model Database to Migrate Data from Relational Model Database<\/strong>\u00a0(Skeemi kujundamine mittesuhtes olevas mudeli andmebaasis andmete r\u00e4ndamiseks suhteliste mudelite andmebaasist), Tartu \u00dclikool, Loodus- ja t\u00e4ppisteaduste valdkond, arvutiteaduse instituut<\/a><\/li>\n\n\n\n<li><a href=\"https:\/\/www.etis.ee\/Portal\/Mentorships\/Display\/f979a4ed-0d8b-4f86-9bfc-141227eb0b96\">Mansur Alizada, magistrikraad, 2021, (juh) Pelle Jakovits,\u00a0<strong>Real Time vs Micro-batching in Streaming Data Processing: Performance and Guidelines\u00a0<\/strong>(Reaalaeg versus micro-batching voogedastusandmete t\u00f6\u00f6tlemises: j\u00f5udlus ja p\u00f5hisuunad), Tartu \u00dclikool, Loodus- ja t\u00e4ppisteaduste valdkond, arvutiteaduse instituut<\/a><\/li>\n\n\n\n<li><a href=\"https:\/\/www.etis.ee\/Portal\/Mentorships\/Display\/2df94180-0f80-4769-9641-97de7b7c8c82\">Afsana Khan, magistrikraad, 2021, (juh) Pelle Jakovits; Mainak Adhikari,\u00a0<strong>Synthetic Sensor Data Generation for Authentic IoT Device Emulation<\/strong>\u00a0(S\u00fcnteetiliste sensoriandmete genereerimine IoT-seadmete autentseks emuleerimiseks), Tartu \u00dclikool, Loodus- ja t\u00e4ppisteaduste valdkond, arvutiteaduse instituut<\/a><\/li>\n\n\n\n<li><a href=\"https:\/\/www.etis.ee\/Portal\/Mentorships\/Display\/c43afd24-68d8-4890-ba25-66981240d28f\">Olha Kaminska, magistrikraad, 2019, (juh) Peep K\u00fcngas; Pelle Jakovits,\u00a0<strong>Entity Linking via Topic Models in Apache Spark\u00a0<\/strong>(\u00dcksuste sidumine teemade modelleerimise abil Apache Sparkis), Tartu \u00dclikool, Loodus- ja t\u00e4ppisteaduste valdkond, arvutiteaduse instituut.<\/a><\/li>\n\n\n\n<li><a href=\"https:\/\/www.etis.ee\/Portal\/Mentorships\/Display\/a3ac13f5-493e-47c9-a22d-cd151b56aa1a\" target=\"_blank\" rel=\"noreferrer noopener\">Madis-Karli Koppel, Master\u2019s Diploma, 2018, (sup) Pelle Jakovits; Peep K\u00fcngas,\u00a0<strong>Large Scale Feature Extraction from Linked Web Data<\/strong>, University of Tartu, Faculty of Science and Technology, Institute of Computer Science.<\/a><\/li>\n\n\n\n<li><a href=\"https:\/\/www.etis.ee\/Portal\/Mentorships\/Display\/33660708-55c8-4215-b88e-ff93f2d73835\" target=\"_blank\" rel=\"noreferrer noopener\">Ilja Kromonov, Master\u2019s Diploma, 2014, (sup) Pelle Jakovits; Satish Narayana Srirama,\u00a0<strong>Fault Tolerant Distributed Computing Framework for Scientific Algorithms,<\/strong>\u00a0University of Tartu, Faculty of Mathematics and Computer Science, Institute of Computer Science.<\/a><\/li>\n\n\n\n<li><a href=\"https:\/\/www.etis.ee\/Portal\/Mentorships\/Display\/37b352c9-e247-41c7-b5f4-9238ed1c6b7f\" target=\"_blank\" rel=\"noreferrer noopener\">Sergei Laada, Master\u2019s Diploma, 2014, (sup) Pelle Jakovits,\u00a0<strong>Suitability of the Spark Framework for data classification<\/strong>, University of Tartu, Faculty of Mathematics and Computer Science, Institute of Computer Science.<\/a><\/li>\n\n\n\n<li><a href=\"https:\/\/www.etis.ee\/Portal\/Mentorships\/Display\/960c8abd-5a42-4b7f-9043-9fde8aa1e9eb\" target=\"_blank\" rel=\"noreferrer noopener\">Karl Potisepp, Master\u2019s Diploma, 2013, (sup) Pelle Jakovits; Satish Narayana Srirama,\u00a0<strong>Large-scale Image Processing Using MapReduce<\/strong>, University of Tartu, Faculty of Mathematics and Computer Science, Institute of Computer Science.<\/a><\/li>\n\n\n\n<li><a href=\"https:\/\/www.etis.ee\/Portal\/Mentorships\/Display\/11f873bd-e2a3-4282-8c4c-e9cdd6761c7c\" target=\"_blank\" rel=\"noreferrer noopener\">J\u00fcrmo Mehine, Master\u2019s Diploma, 2011, (sup) Satish Narayana Srirama; Pelle Jakovits,\u00a0<strong>Large Scale Data Analysis Using Apache Pig<\/strong>, University of Tartu, Faculty of Mathematics and Computer Science, Institute of Computer Science.<\/a><\/li>\n<\/ul>\n\n\n\n<p><\/p>\n","protected":false},"excerpt":{"rendered":"<p>Pelle Jakovits, Ph.D. is an associate professor in the Institute of Computer Science, the University of Tartu. He received his Ph.D. in University of Tartu in 2017 on the topic \u201cAdapting scientific computing algorithms to distributed computing frameworks\u201d. His current &#8230;<\/p>\n","protected":false},"author":819,"featured_media":0,"parent":32,"menu_order":0,"comment_status":"closed","ping_status":"closed","template":"","meta":{"_acf_changed":false,"inline_featured_image":false,"footnotes":""},"class_list":["post-162","page","type-page","status-publish","hentry"],"acf":[],"_links":{"self":[{"href":"https:\/\/sisu.ut.ee\/mc\/wp-json\/wp\/v2\/pages\/162","targetHints":{"allow":["GET"]}}],"collection":[{"href":"https:\/\/sisu.ut.ee\/mc\/wp-json\/wp\/v2\/pages"}],"about":[{"href":"https:\/\/sisu.ut.ee\/mc\/wp-json\/wp\/v2\/types\/page"}],"author":[{"embeddable":true,"href":"https:\/\/sisu.ut.ee\/mc\/wp-json\/wp\/v2\/users\/819"}],"replies":[{"embeddable":true,"href":"https:\/\/sisu.ut.ee\/mc\/wp-json\/wp\/v2\/comments?post=162"}],"version-history":[{"count":0,"href":"https:\/\/sisu.ut.ee\/mc\/wp-json\/wp\/v2\/pages\/162\/revisions"}],"up":[{"embeddable":true,"href":"https:\/\/sisu.ut.ee\/mc\/wp-json\/wp\/v2\/pages\/32"}],"wp:attachment":[{"href":"https:\/\/sisu.ut.ee\/mc\/wp-json\/wp\/v2\/media?parent=162"}],"curies":[{"name":"wp","href":"https:\/\/api.w.org\/{rel}","templated":true}]}}