{"id":132,"date":"2025-11-03T12:05:57","date_gmt":"2025-11-03T10:05:57","guid":{"rendered":"https:\/\/sisu.ut.ee\/research-example\/?page_id=132"},"modified":"2025-11-10T16:43:17","modified_gmt":"2025-11-10T14:43:17","slug":"robo-m-d","status":"publish","type":"page","link":"https:\/\/sisu.ut.ee\/mc\/projects\/robo-m-d\/","title":{"rendered":"ROBO M.D."},"content":{"rendered":"<p>In this project a home care robot is built, which can approach and \ninitiate communication with the patient being monitored, thus validating\n the threat of the alerts detected by the sensors attached to the \npatient. Thus, this robot allows monitoring risk patients such as \nelderly people, without the need of a caregiver, and allowing them the \nopportunity to stay at home independently. Scenarios such as the fall \ndetection of elderly patients were demonstrated as part of the project.<\/p>\n\n\n\n<p><strong><a href=\"http:\/\/www.innovation4welfare.eu\/307\/subprojects\/robo-m-d.html\">Homepage<\/a><\/strong><\/p>\n\n\n\n<p>A youtube video of the first public demonstration of the ROBO M.D. system by Dr. Satish Srirama<\/p>\n\n\n\n<figure class=\"wp-block-embed is-type-video is-provider-youtube wp-block-embed-youtube wp-embed-aspect-16-9 wp-has-aspect-ratio\"><div class=\"wp-block-embed__wrapper\">\n<div class=\"ratio ratio-16x9 mb-3\"><div class=\"video-placeholder-wrapper video-placeholder-wrapper--16x9\">\n\t\t\t    <div class=\"video-placeholder d-flex justify-content-center align-items-center\">\n\t\t\t        <div class=\"overlay text-white p-2 w-100 text-center d-block justify-content-center align-items-center\">\n\t\t\t            <div>To view third-party content, please accept cookies.<\/div>\n\t\t\t            <button class=\"btn btn-secondary btn-sm mt-1 consent-change\">Change consent<\/button>\n\t\t\t        <\/div>\n\t\t\t    <\/div>\n\t\t\t<\/div>\n<\/div>\n<\/div><\/figure>\n\n\n\n<p>\u201c<a href=\"http:\/\/blog.ut.ee\/excuse-me-have-you-fallen-down\/\">Excuse Me, Have You Fallen Down?<\/a>\u201d, a blog at UT Blog<\/p>\n\n\n\n<h3 class=\"wp-block-heading\">Presentations<\/h3>\n\n\n\n<ul class=\"wp-block-list\">\n<li>S. N. Srirama: <a href=\"http:\/\/www.teaduspark.ee\/UserFiles\/Materjalid\/Seminarid\/2010\/newways\/ROBO_MD.pdf\">ROBO M.D. \u2013 Home Care Robot for monitoring and detection of critical situations<\/a>, <a href=\"http:\/\/www.teaduspark.ee\/en\/New-Ways-to-Competitiveness\">New Ways to Competitiveness conference 2010<\/a>, Tartu, Estonia, May 10-12, 2010.<\/li>\n\n\n\n<li>Slides with final results<\/li>\n<\/ul>\n\n\n\n<h3 class=\"wp-block-heading\">Partners<\/h3>\n\n\n\n<ol class=\"wp-block-list\">\n<li>JKU (UAT): Johannes Kepler University, Institute for Design and Control of Mechatronical Systems <\/li>\n\n\n\n<li>IEIIT (LOM): Italian National Research Council (CNR) Institute of <br>Electronic, Information and\u00a0 Communication Technologies (IEIIT) Milano <br>Branch(MI) <\/li>\n\n\n\n<li> Fontys (NBR): Fontys University of Applied Sciences <\/li>\n\n\n\n<li> JU (SWB): University of South Bohemia in \u010cesk\u00e9 Bud\u011bjovice <\/li>\n\n\n\n<li>UT (Tartu): University of Tartu<\/li>\n<\/ol>\n\n\n\n<p><\/p>\n","protected":false},"excerpt":{"rendered":"<p>In this project a home care robot is built, which can approach and initiate communication with the patient being monitored, thus validating the threat of the alerts detected by the sensors attached to the patient. Thus, this robot allows monitoring &#8230;<\/p>\n","protected":false},"author":819,"featured_media":0,"parent":73,"menu_order":0,"comment_status":"closed","ping_status":"closed","template":"","meta":{"_acf_changed":false,"inline_featured_image":false,"footnotes":""},"class_list":["post-132","page","type-page","status-publish","hentry"],"acf":[],"_links":{"self":[{"href":"https:\/\/sisu.ut.ee\/mc\/wp-json\/wp\/v2\/pages\/132","targetHints":{"allow":["GET"]}}],"collection":[{"href":"https:\/\/sisu.ut.ee\/mc\/wp-json\/wp\/v2\/pages"}],"about":[{"href":"https:\/\/sisu.ut.ee\/mc\/wp-json\/wp\/v2\/types\/page"}],"author":[{"embeddable":true,"href":"https:\/\/sisu.ut.ee\/mc\/wp-json\/wp\/v2\/users\/819"}],"replies":[{"embeddable":true,"href":"https:\/\/sisu.ut.ee\/mc\/wp-json\/wp\/v2\/comments?post=132"}],"version-history":[{"count":1,"href":"https:\/\/sisu.ut.ee\/mc\/wp-json\/wp\/v2\/pages\/132\/revisions"}],"predecessor-version":[{"id":234,"href":"https:\/\/sisu.ut.ee\/mc\/wp-json\/wp\/v2\/pages\/132\/revisions\/234"}],"up":[{"embeddable":true,"href":"https:\/\/sisu.ut.ee\/mc\/wp-json\/wp\/v2\/pages\/73"}],"wp:attachment":[{"href":"https:\/\/sisu.ut.ee\/mc\/wp-json\/wp\/v2\/media?parent=132"}],"curies":[{"name":"wp","href":"https:\/\/api.w.org\/{rel}","templated":true}]}}