{"id":7,"date":"2024-04-04T04:44:34","date_gmt":"2024-04-04T01:44:34","guid":{"rendered":"https:\/\/sisu.ut.ee\/mares\/publications-0\/"},"modified":"2024-07-01T16:23:54","modified_gmt":"2024-07-01T13:23:54","slug":"publications-0","status":"publish","type":"page","link":"https:\/\/sisu.ut.ee\/mares\/publications-0\/","title":{"rendered":"Publications"},"content":{"rendered":"<p><span style=\"font-size: 16px;\"><strong>BONUS MARES Policy Briefs\u00a0<\/strong><\/span><\/p>\n<p>POLICY\u00a0BRIEF\u00a01<\/p>\n<p><span class=\"file media-element file-os-files-link\" data-file_info=\"%7B%22fid%22:%2253903%22,%22view_mode%22:%22os_files_link%22,%22type%22:%22media%22%7D\"><a href=\"https:\/\/sisu.ut.ee\/wp-content\/uploads\/sites\/323\/bonus_mares_-_policy_brief_1_en.pdf\">Ecosystem Services and their Socio-Economic Benefits to Humans<\/a><\/span><\/p>\n<p><span class=\"file media-element file-os-files-link\" data-file_info=\"%7B%22fid%22:%2253904%22,%22view_mode%22:%22os_files_link%22,%22type%22:%22media%22%7D\"><a href=\"https:\/\/sisu.ut.ee\/wp-content\/uploads\/sites\/323\/bonus_mares_-_policy_brief_1_fin_01.pdf\">Ekosysteemipalveluiden ihmiselle tuottamat sosioekonomiset hy\u00f6dyt<\/a><\/span><\/p>\n<p><span class=\"file media-element file-os-files-link\" data-file_info=\"%7B%22fid%22:%2253595%22,%22view_mode%22:%22os_files_link%22,%22type%22:%22media%22%7D\"><a href=\"https:\/\/sisu.ut.ee\/wp-content\/uploads\/sites\/323\/bonus_mares_-_policy_brief_1_ger.pdf\">\u00d6kosystemdienstleistungen und ihr sozio\u00f6konomischer Nutzen f\u00fcr den Menschen<\/a><\/span><\/p>\n<p><span class=\"file media-element file-os-files-link\" data-file_info=\"%7B%22fid%22:%2253906%22,%22view_mode%22:%22os_files_link%22,%22type%22:%22media%22%7D\"><a href=\"https:\/\/sisu.ut.ee\/wp-content\/uploads\/sites\/323\/bonus_mares_-_policy_brief_1_est_01.pdf\">\u00d6kos\u00fcsteemiteenused ja nende sotsiaal-majanduslik kasu<\/a><\/span><\/p>\n<p><span class=\"file media-element file-os-files-link\" data-file_info=\"%7B%22fid%22:%2253907%22,%22view_mode%22:%22os_files_link%22,%22type%22:%22media%22%7D\"><a href=\"https:\/\/sisu.ut.ee\/wp-content\/uploads\/sites\/323\/bonus_mares_-_policy_brief_1_rus_01.pdf\">\u042d\u043a\u043e\u0441\u0438\u0441\u0442\u0435\u043c\u043d\u044b\u0435 \u0443\u0441\u043b\u0443\u0433\u0438 \u0438 \u0438\u0445 \u0441\u043e\u0446\u0438\u043e-\u044d\u043a\u043e\u043d\u043e\u043c\u0438\u0447\u0435\u0441\u043a\u0438\u0435 \u0432\u044b\u0433\u043e\u0434\u044b \u0434\u043b\u044f \u043b\u044e\u0434\u0435\u0439<\/a><\/span><\/p>\n<p>POLICY BRIEF\u00a02<\/p>\n<p><span class=\"file media-element file-os-files-link\" data-file_info=\"%7B%22fid%22:%2254238%22,%22view_mode%22:%22os_files_link%22,%22type%22:%22media%22%7D\"><a href=\"https:\/\/sisu.ut.ee\/wp-content\/uploads\/sites\/323\/bonus_mares_-_policy_brief_2_en.pdf\">Playing an Eco-GAME to assess the quality of scientific knowledge for evidence-based decision making<\/a><\/span><\/p>\n<p style=\"margin-bottom: 8.0pt; text-align: justify;\"><span class=\"file media-element file-os-files-link\" data-file_info=\"%7B%22fid%22:%2254255%22,%22view_mode%22:%22os_files_link%22,%22type%22:%22media%22%7D\"><a href=\"https:\/\/sisu.ut.ee\/wp-content\/uploads\/sites\/323\/bonus_mares_-_policy_brief_2_fin.pdf\">Tieteellisen tiedon laadunarviointia tietopohjaisen p\u00e4\u00e4t\u00f6ksenteon tueksi Eco-GAMEn avulla<\/a><\/span><\/p>\n<p style=\"margin-bottom: 8.0pt; text-align: justify;\"><span class=\"file media-element file-os-files-link\" data-file_info=\"%7B%22fid%22:%2254256%22,%22view_mode%22:%22os_files_link%22,%22type%22:%22media%22%7D\"><a href=\"https:\/\/sisu.ut.ee\/wp-content\/uploads\/sites\/323\/bonus_mares_-_policy_brief_2_ger.pdf\">Eco-GAME: Ein Instrument zur Bewertung der Qualit\u00e4t wissenschaftlicher Erkenntnisse f\u00fcr evidenzbasierte Entscheidungsfindung<\/a><\/span><\/p>\n<p style=\"margin-bottom: 8.0pt; text-align: justify;\"><span class=\"file media-element file-os-files-link\" data-file_info=\"%7B%22fid%22:%2254288%22,%22view_mode%22:%22os_files_link%22,%22type%22:%22media%22%7D\"><a href=\"https:\/\/sisu.ut.ee\/wp-content\/uploads\/sites\/323\/bonus_mares_-_policy_brief_2_est_01.pdf\">Eco-GAME maatriksi kasutamine teadusp\u00f5histe andmete hindamiseks ja t\u00f5endusp\u00f5histe otsuste tegemiseks<\/a><\/span><\/p>\n<p style=\"margin-bottom: 8.0pt; text-align: justify;\"><span class=\"file media-element file-os-files-link\" data-file_info=\"%7B%22fid%22:%2254264%22,%22view_mode%22:%22os_files_link%22,%22type%22:%22media%22%7D\"><a href=\"https:\/\/sisu.ut.ee\/wp-content\/uploads\/sites\/323\/bonus_mares_-_policy_brief_2_swe.pdf\">Spelet Eco-GAME hj\u00e4lper bed\u00f6ma kvaliteten hos vetenskaplig kunskap som underlag f\u00f6r evidensbaserade beslut<\/a><\/span><\/p>\n<p>POLICY\u00a0BRIEF 3<\/p>\n<p><span class=\"file media-element file-os-files-link\" data-file_info=\"%7B%22fid%22:%2254265%22,%22view_mode%22:%22os_files_link%22,%22type%22:%22media%22%7D\"><a href=\"https:\/\/sisu.ut.ee\/wp-content\/uploads\/sites\/323\/bonus_mares_-_policy_brief_3_en.pdf\">Transferring knowledge on ecosystems and their benefits in the Baltic Sea region \u2013 A Geospatial toolkit to support decision making<\/a><\/span><\/p>\n<p><span class=\"file media-element file-os-files-link\" data-file_info=\"%7B%22fid%22:%2254258%22,%22view_mode%22:%22os_files_link%22,%22type%22:%22media%22%7D\"><a href=\"https:\/\/sisu.ut.ee\/wp-content\/uploads\/sites\/323\/bonus_mares_-_policy_brief_3_fin.pdf\">Tiedonvaihtoa ekosysteemeist\u00e4 ja niiden hy\u00f6dyist\u00e4 It\u00e4meren alueella \u2013 Paikkatietoty\u00f6kalu p\u00e4\u00e4t\u00f6ksenteon tueksi<\/a><\/span><\/p>\n<p><span class=\"file media-element file-os-files-link\" data-file_info=\"%7B%22fid%22:%2254262%22,%22view_mode%22:%22os_files_link%22,%22type%22:%22media%22%7D\"><a href=\"https:\/\/sisu.ut.ee\/wp-content\/uploads\/sites\/323\/bonus_mares_-_policy_brief_3_ger.pdf\">Wissenstransfer \u00fcber \u00d6kosysteme und ihren Nutzen im Ostseeraum \u2013 Das Geoportal, ein r\u00e4umliches Werkzeug zur Unterst\u00fctzung politischer Entscheidungsfindungsprozesse<\/a><\/span><\/p>\n<p><span class=\"file media-element file-os-files-link\" data-file_info=\"%7B%22fid%22:%2254259%22,%22view_mode%22:%22os_files_link%22,%22type%22:%22media%22%7D\"><a href=\"https:\/\/sisu.ut.ee\/wp-content\/uploads\/sites\/323\/bonus_mares_-_policy_brief_3_est.pdf\">Jagame teadmisi \u00f6kos\u00fcsteemidest ja nende h\u00fcvedest L\u00e4\u00e4nemere-\u00e4\u00e4rsetes riikides \u2013 Kaardirakendus teadmistep\u00f5histe otsuste tegemiseks<\/a><\/span><\/p>\n<p><span class=\"file media-element file-os-files-link\" data-file_info=\"%7B%22fid%22:%2254263%22,%22view_mode%22:%22os_files_link%22,%22type%22:%22media%22%7D\"><a href=\"https:\/\/sisu.ut.ee\/wp-content\/uploads\/sites\/323\/bonus_mares_-_policy_brief_3_swe.pdf\">\u00d6verf\u00f6ring av kunskap om ekosystem och deras nytta i \u00d6stersj\u00f6omr\u00e5det \u2013 Platsdataverktyg till st\u00f6d f\u00f6r beslutsfattande<\/a><\/span><\/p>\n<p><span style=\"font-size: 16px;\"><strong>BONUS MARES results captured<\/strong><\/span><\/p>\n<p><span class=\"file media-element file-os-files-link\" data-file_info=\"%7B%22fid%22:%2254242%22,%22view_mode%22:%22os_files_link%22,%22type%22:%22media%22%7D\"><a href=\"https:\/\/sisu.ut.ee\/wp-content\/uploads\/sites\/323\/bonus_mares_presentation_.pdf\">Presentation of the main results<\/a>\u00a0<\/span><\/p>\n<p><span class=\"file media-element file-os-files-link\" data-file_info=\"%7B%22fid%22:%2254767%22,%22view_mode%22:%22os_files_link%22,%22type%22:%22media%22%7D\"><a href=\"https:\/\/sisu.ut.ee\/wp-content\/uploads\/sites\/323\/bonus_mares_-_project_results_in_a_nutshell.pdf\">Results in a nutshell<\/a><\/span><\/p>\n<p><span style=\"font-size: 16px;\"><strong>BONUS MARES Deliverable report<\/strong><\/span><\/p>\n<p><span class=\"file media-element file-os-files-link\" data-file_info=\"%7B%22fid%22:%2254239%22,%22view_mode%22:%22os_files_link%22,%22type%22:%22media%22%7D\"><a href=\"https:\/\/sisu.ut.ee\/wp-content\/uploads\/sites\/323\/bonus_mares_deliverable_4.8_final_25.6.2020.pdf\">MARES Geospatial decision support toolkit methodology and user\u00a0guide<\/a><\/span><\/p>\n<hr>\n<p><img loading=\"lazy\" decoding=\"async\" src=\"\/wp-content\/uploads\/sites\/323\/ptt.png\" width=\"77\" height=\"57\">\u00a0 \u00a0 \u00a0 \u00a0 \u00a0 \u00a0 \u00a0 \u00a0 \u00a0 \u00a0 \u00a0 \u00a0\u00a0<img loading=\"lazy\" decoding=\"async\" src=\"\/wp-content\/uploads\/sites\/323\/logo_mereinstituut_en.png\" width=\"205\" height=\"36\"> \u00a0 \u00a0 \u00a0 \u00a0 \u00a0 \u00a0 \u00a0 \u00a0<img loading=\"lazy\" decoding=\"async\" src=\"\/wp-content\/uploads\/sites\/323\/geomar.jpg\" width=\"154\" height=\"51\">\u00a0 \u00a0 \u00a0\u00a0 \u00a0 \u00a0 \u00a0 \u00a0 \u00a0 \u00a0\u00a0<img loading=\"lazy\" decoding=\"async\" class=\"alignnone wp-image-25\" title=\"e2 Research\" src=\"https:\/\/sisu.ut.ee\/wp-content\/uploads\/sites\/323\/e2_research_.png\" alt=\"Logo e2 Research\" width=\"49\" height=\"51\" srcset=\"https:\/\/sisu.ut.ee\/wp-content\/uploads\/sites\/323\/e2_research_.png 397w, https:\/\/sisu.ut.ee\/wp-content\/uploads\/sites\/323\/e2_research_-290x300.png 290w\" sizes=\"auto, (max-width: 49px) 100vw, 49px\"><\/p>\n","protected":false},"excerpt":{"rendered":"<p>BONUS MARES Policy Briefs\u00a0 POLICY\u00a0BRIEF\u00a01 Ecosystem Services and their Socio-Economic Benefits to Humans Ekosysteemipalveluiden ihmiselle tuottamat sosioekonomiset hy\u00f6dyt \u00d6kosystemdienstleistungen und ihr sozio\u00f6konomischer Nutzen f\u00fcr den Menschen \u00d6kos\u00fcsteemiteenused ja nende sotsiaal-majanduslik kasu \u042d\u043a\u043e\u0441\u0438\u0441\u0442\u0435\u043c\u043d\u044b\u0435 \u0443\u0441\u043b\u0443\u0433\u0438 \u0438 \u0438\u0445 \u0441\u043e\u0446\u0438\u043e-\u044d\u043a\u043e\u043d\u043e\u043c\u0438\u0447\u0435\u0441\u043a\u0438\u0435 \u0432\u044b\u0433\u043e\u0434\u044b \u0434\u043b\u044f \u043b\u044e\u0434\u0435\u0439 POLICY &#8230;<\/p>\n","protected":false},"author":174,"featured_media":0,"parent":0,"menu_order":0,"comment_status":"closed","ping_status":"closed","template":"","meta":{"_acf_changed":false,"inline_featured_image":false,"footnotes":""},"class_list":["post-7","page","type-page","status-publish","hentry"],"acf":[],"_links":{"self":[{"href":"https:\/\/sisu.ut.ee\/mares\/wp-json\/wp\/v2\/pages\/7","targetHints":{"allow":["GET"]}}],"collection":[{"href":"https:\/\/sisu.ut.ee\/mares\/wp-json\/wp\/v2\/pages"}],"about":[{"href":"https:\/\/sisu.ut.ee\/mares\/wp-json\/wp\/v2\/types\/page"}],"author":[{"embeddable":true,"href":"https:\/\/sisu.ut.ee\/mares\/wp-json\/wp\/v2\/users\/174"}],"replies":[{"embeddable":true,"href":"https:\/\/sisu.ut.ee\/mares\/wp-json\/wp\/v2\/comments?post=7"}],"version-history":[{"count":4,"href":"https:\/\/sisu.ut.ee\/mares\/wp-json\/wp\/v2\/pages\/7\/revisions"}],"predecessor-version":[{"id":175,"href":"https:\/\/sisu.ut.ee\/mares\/wp-json\/wp\/v2\/pages\/7\/revisions\/175"}],"wp:attachment":[{"href":"https:\/\/sisu.ut.ee\/mares\/wp-json\/wp\/v2\/media?parent=7"}],"curies":[{"name":"wp","href":"https:\/\/api.w.org\/{rel}","templated":true}]}}