{"id":60,"date":"2024-04-04T01:55:42","date_gmt":"2024-04-03T22:55:42","guid":{"rendered":"https:\/\/sisu.ut.ee\/marek\/marek\/"},"modified":"2024-05-17T17:58:52","modified_gmt":"2024-05-17T14:58:52","slug":"marek","status":"publish","type":"page","link":"https:\/\/sisu.ut.ee\/marek\/","title":{"rendered":"MAREK"},"content":{"rendered":"<p><strong>Tartu \u00dclikooli Maap\u00f5ueressursside arenduskeskus (MAREK)\u00a0<\/strong>on partner maap\u00f5ue ressursside s\u00e4\u00e4stliku kasutamise teadmiste arendamisel ja strateegilisel planeerimisel ning rakenduslike k\u00fcsimuste lahendamisel.<\/p>\n<p><strong>MAREK koondab Tartu \u00dclikooli kompetentsi maap\u00f5ueressursside kasutamisega<\/strong>\u00a0seotud k\u00fcsimuste lahendamiseks \u2013 teadus-arendust\u00f6\u00f6ks, strateegilliseks planeerimiseks ja praktiliste probleemide lahendamiseks. Valdava enamuse maavarade taastumatu iseloom ja nende kasutamisega kaasnevad negatiivsed m\u00f5jud eeldavad igak\u00fclgselt l\u00e4bikaalutud lahenduste kasutamist, see n\u00f5uab v\u00e4ga erinevate distsipliinide l\u00f5imimist ning eeldab selleks p\u00e4devate spetsialistide kaasamist ja ka koolitamist. MAREK on platvorm Tartu \u00dclikooli valdkondliku potentsiaali efektiivsemaks kaasamiseks.<\/p>\n<p><strong>MAREK\u2019i teadlaste teadlaste kompetents ja anal\u00fc\u00fctilised v\u00f5imalused<\/strong>\u00a0lubavad v\u00e4ga erinevate keskkonna- ja maap\u00f5ue k\u00fcsimuste lahendamist: fossiilileidude ja \u00a0kivimite-mineraalide m\u00e4\u00e4ramine, kvantitatiivne mineraalse koostise, p\u00f5hi- ja j\u00e4lgelementide anal\u00fc\u00fcs, p\u00f5hjavee kvaliteedi ja d\u00fcnaamika uuringud, petrof\u00fc\u00fcsika ja geof\u00fc\u00fcsikauuringud (georadar, elektromeetria, magnetomeetria, seismika), keskkonnaekspertiis ja tegevuste sotsiaal-majanduslike m\u00f5jude anal\u00fc\u00fcs.<\/p>\n<p>Pakume geof\u00fc\u00fcsikaliste (georadar, elektromeetria, magnetomeetria, seismika) ja petrof\u00fc\u00fcsikaliste uuringute l\u00e4bi viimist, maavarade uuringuid, pinnase ja kivimproovide kvalitatiivset ja kvantitatiivset mineraalse koostise, p\u00f5hi- ja j\u00e4lgelementide anal\u00fc\u00fcsi, kivimite-mineraalide ning fossiilileidude m\u00e4\u00e4ramist, p\u00f5hjavee kvaliteedi ja d\u00fcnaamika uuringuid, h\u00fcdrogeoloogiliste uuringute l\u00e4biviimist ning keskkonnaekspertiise ja tegevuste sotsiaal-majanduslike m\u00f5jude anal\u00fc\u00fcsi.<\/p>\n<p>Pakume\u00a0<a href=\"https:\/\/sisu.ut.ee\/marek\/teenused\">konsultatsioone ja anal\u00fc\u00fcsi- ning uuringuv\u00f5imalusi<\/a>\u00a0\u00fcksiku probleemi v\u00f5i laiema probleemideringi lahendamiseks Eestis ja v\u00e4ljaspool.<\/p>\n<p><strong>Sul on k\u00fcsimus? V\u00f5ta \u00fchendust!<\/strong><\/p>\n<p>riho.motlep(\u00e4t)ut.ee<br>\ntel: 7376689, 56565401<\/p>\n","protected":false},"excerpt":{"rendered":"<p>Tartu \u00dclikooli Maap\u00f5ueressursside arenduskeskus (MAREK)\u00a0on partner maap\u00f5ue ressursside s\u00e4\u00e4stliku kasutamise teadmiste arendamisel ja strateegilisel planeerimisel ning rakenduslike k\u00fcsimuste lahendamisel. MAREK koondab Tartu \u00dclikooli kompetentsi maap\u00f5ueressursside kasutamisega\u00a0seotud k\u00fcsimuste lahendamiseks \u2013 teadus-arendust\u00f6\u00f6ks, strateegilliseks planeerimiseks ja praktiliste probleemide lahendamiseks. Valdava enamuse maavarade taastumatu &#8230;<\/p>\n","protected":false},"author":69,"featured_media":0,"parent":0,"menu_order":0,"comment_status":"closed","ping_status":"closed","template":"","meta":{"_acf_changed":false,"inline_featured_image":false,"footnotes":""},"class_list":["post-60","page","type-page","status-publish","hentry"],"acf":[],"_links":{"self":[{"href":"https:\/\/sisu.ut.ee\/marek\/wp-json\/wp\/v2\/pages\/60","targetHints":{"allow":["GET"]}}],"collection":[{"href":"https:\/\/sisu.ut.ee\/marek\/wp-json\/wp\/v2\/pages"}],"about":[{"href":"https:\/\/sisu.ut.ee\/marek\/wp-json\/wp\/v2\/types\/page"}],"author":[{"embeddable":true,"href":"https:\/\/sisu.ut.ee\/marek\/wp-json\/wp\/v2\/users\/69"}],"replies":[{"embeddable":true,"href":"https:\/\/sisu.ut.ee\/marek\/wp-json\/wp\/v2\/comments?post=60"}],"version-history":[{"count":3,"href":"https:\/\/sisu.ut.ee\/marek\/wp-json\/wp\/v2\/pages\/60\/revisions"}],"predecessor-version":[{"id":420,"href":"https:\/\/sisu.ut.ee\/marek\/wp-json\/wp\/v2\/pages\/60\/revisions\/420"}],"wp:attachment":[{"href":"https:\/\/sisu.ut.ee\/marek\/wp-json\/wp\/v2\/media?parent=60"}],"curies":[{"name":"wp","href":"https:\/\/api.w.org\/{rel}","templated":true}]}}