{"id":52,"date":"2024-04-04T01:55:41","date_gmt":"2024-04-03T22:55:41","guid":{"rendered":"https:\/\/sisu.ut.ee\/marek\/majandus\/"},"modified":"2024-04-04T01:57:24","modified_gmt":"2024-04-03T22:57:24","slug":"majandus","status":"publish","type":"page","link":"https:\/\/sisu.ut.ee\/marek\/majandus\/","title":{"rendered":"Sotsiaal-majanduslik anal\u00fc\u00fcs"},"content":{"rendered":"<p>\n\t\u00a0\n<\/p>\n<p style=\"text-align: center\">\n\t<span style=\"font-size:12px\"><b>EESTI PEAMISTE MAAP\u00d5UERESSURSSIDE SOTSIAALMAJANDUSLIK ANAL\u00dc\u00dcS: METOODIKA, OLEMASOLEVA INFORMATSIOONI KAARDISTAMINE JA OPERATISONALISEERIMINE<\/b> <\/span>\n<\/p>\n<p style=\"text-align: center\">\n\t<span style=\"font-size:12px\"><b>(T\u00dc)<\/b><\/span>\n<\/p>\n<p style=\"text-align: justify\">\n\t<span style=\"font-size:12px\">EESM\u00c4RK<\/span>\n<\/p>\n<p style=\"text-align: justify\">\n\t<span><span style=\",serif\">Projekti eesm\u00e4rk on arendada ja rakendada kulu-tulu anal\u00fc\u00fcsi metoodikat Eesti maap\u00f5ueressurssidele kohandades EL regulatsioone ja soovitusi, samuti arvestades v\u00f5rdlevalt teistes olulistes m\u00e4et\u00f6\u00f6stusriikides (Austraalia, Kanada, USA, Hiina) rakendatud metoodikaid. Metoodiuline anal\u00fc\u00fcs h\u00f5lmab 1) inimgruppide\/kogukondade defineerimist, keda puudutab m\u00e4et\u00f6\u00f6stus, 2) otseseid ja kaudseid m\u00f5jusid mida arvestada erinevate stsenaariumite puhul, 3) m\u00f5jude rahalist m\u00f5\u00f5tmist (tulu-kulu), 4) summaarse tulu ja kulu hindamist kohgukonnale\/\u00fchiskonnale. <\/span><\/span>\n<\/p>\n<p style=\"text-align: justify\">\n\t\u00a0\n<\/p>\n<p style=\"text-align: justify\">\n\t<span><span style=\",serif\">T\u00f6\u00f6 majandusanal\u00fc\u00fcsiga on tegevuses, kuid sisulisemalt saab alata, kui teiste alaprojektide tulemused on valmis.\u2003<\/span><\/span>\n<\/p>\n<p>\n\t\u00a0\n<\/p>\n<p style=\"margin-left: 200px\">\n\t<img loading=\"lazy\" decoding=\"async\" width=\"1253\" height=\"671\" class=\"alignnone wp-image-96\" style=\"width: 400px;height: 214px\" src=\"https:\/\/sisu.ut.ee\/wp-content\/uploads\/sites\/147\/majandus.png\" title=\"majandus.png\" alt=\"majandus\" srcset=\"https:\/\/sisu.ut.ee\/wp-content\/uploads\/sites\/147\/majandus.png 1253w, https:\/\/sisu.ut.ee\/wp-content\/uploads\/sites\/147\/majandus-300x161.png 300w, https:\/\/sisu.ut.ee\/wp-content\/uploads\/sites\/147\/majandus-1024x548.png 1024w, https:\/\/sisu.ut.ee\/wp-content\/uploads\/sites\/147\/majandus-768x411.png 768w\" sizes=\"auto, (max-width: 1253px) 100vw, 1253px\"><\/p>\n","protected":false},"excerpt":{"rendered":"<p>\u00a0 EESTI PEAMISTE MAAP\u00d5UERESSURSSIDE SOTSIAALMAJANDUSLIK ANAL\u00dc\u00dcS: METOODIKA, OLEMASOLEVA INFORMATSIOONI KAARDISTAMINE JA OPERATISONALISEERIMINE (T\u00dc) EESM\u00c4RK Projekti eesm\u00e4rk on arendada ja rakendada kulu-tulu anal\u00fc\u00fcsi metoodikat Eesti maap\u00f5ueressurssidele kohandades EL regulatsioone ja soovitusi, samuti arvestades v\u00f5rdlevalt teistes olulistes m\u00e4et\u00f6\u00f6stusriikides (Austraalia, Kanada, USA, Hiina) &#8230;<\/p>\n","protected":false},"author":69,"featured_media":0,"parent":0,"menu_order":0,"comment_status":"closed","ping_status":"closed","template":"","meta":{"_acf_changed":false,"inline_featured_image":false,"footnotes":""},"class_list":["post-52","page","type-page","status-publish","hentry"],"acf":[],"_links":{"self":[{"href":"https:\/\/sisu.ut.ee\/marek\/wp-json\/wp\/v2\/pages\/52","targetHints":{"allow":["GET"]}}],"collection":[{"href":"https:\/\/sisu.ut.ee\/marek\/wp-json\/wp\/v2\/pages"}],"about":[{"href":"https:\/\/sisu.ut.ee\/marek\/wp-json\/wp\/v2\/types\/page"}],"author":[{"embeddable":true,"href":"https:\/\/sisu.ut.ee\/marek\/wp-json\/wp\/v2\/users\/69"}],"replies":[{"embeddable":true,"href":"https:\/\/sisu.ut.ee\/marek\/wp-json\/wp\/v2\/comments?post=52"}],"version-history":[{"count":1,"href":"https:\/\/sisu.ut.ee\/marek\/wp-json\/wp\/v2\/pages\/52\/revisions"}],"predecessor-version":[{"id":339,"href":"https:\/\/sisu.ut.ee\/marek\/wp-json\/wp\/v2\/pages\/52\/revisions\/339"}],"wp:attachment":[{"href":"https:\/\/sisu.ut.ee\/marek\/wp-json\/wp\/v2\/media?parent=52"}],"curies":[{"name":"wp","href":"https:\/\/api.w.org\/{rel}","templated":true}]}}