{"id":51,"date":"2024-04-04T01:55:41","date_gmt":"2024-04-03T22:55:41","guid":{"rendered":"https:\/\/sisu.ut.ee\/marek\/fosforiidi-vaarindamine\/"},"modified":"2024-04-04T01:57:24","modified_gmt":"2024-04-03T22:57:24","slug":"fosforiidi-vaarindamine","status":"publish","type":"page","link":"https:\/\/sisu.ut.ee\/marek\/fosforiidi-vaarindamine\/","title":{"rendered":"Fosforiidi v\u00e4\u00e4rindamine"},"content":{"rendered":"<p>\n\t\u00a0\n<\/p>\n<p>\n\t\u00a0\n<\/p>\n<p style=\"margin-bottom: 8pt;text-align: center\">\n\t<span style=\"font-size:12px\"><span style=\"line-height:107%\"><b><span style=\"line-height:107%\">EESTI FOSFORIIDI S\u00c4\u00c4STLIK V\u00c4\u00c4RINDAMINE<\/span><\/b><\/span><\/span>\n<\/p>\n<p style=\"margin-bottom: 8pt;text-align: center\">\n\t<span style=\"font-size:12px\"><span style=\"line-height:107%\"><b><span style=\"line-height:107%\">(Juhib Taltech, partner T\u00dc)<\/span><\/b><\/span><\/span>\n<\/p>\n<p style=\"margin-bottom: 8pt;text-align: justify\">\n\t<span style=\"font-size:12px\"><span style=\"line-height:107%\"><span style=\"line-height:107%\">EESM\u00c4RK<\/span><\/span><\/span>\n<\/p>\n<p class=\"MsoNoSpacing\" style=\"text-align: justify\">\n\t<span><span style=\",serif\">Arvestades globaalset fosfaaditoorme n\u00f5udluse kasvu ning fosforiidi kuulumist EL kriitiliste toormete nimekirja on Eesti riigile oluline adekvaatselt hinnata eesti fosforiidi potentsiaali ja omadusi kaasaegsete standardite alusel, kuna selle ressursi uuringuid pole teostatud ligi 40 a jooksul. K\u00e4esoleva projekti eesm\u00e4rk on uurida ja arendada kaasaegset flotatsioonitehnoloogiat spetsiifiliselt Eesti karbifosforiidi rikastamiseks, hinnates selle majanduslikku otstarbekust ja keskkonnam\u00f5ju. Teiseks \u00fclesandeks on hinnata k\u00e4ttesaadava kivimmaterjali baasil fosforiidi kasulike metallsete komponentide (muldmetallid) ning kahjulike komponentide (Cd, U jt.) levikut maagis ning nende ekstraheerimise v\u00f5imalusi.<\/span><\/span>\n<\/p>\n<p class=\"MsoNoSpacing\" style=\"text-align: justify\">\n\t\u00a0\n<\/p>\n<p class=\"MsoNoSpacing\" style=\"text-align: justify\">\n\t<span><span style=\",serif\">Eesti fosforiidid sisaldavad m\u00f5ningaid haruldasi muldmetalle (tseerium, praseod\u00fc\u00fcm, lantaan, euroopium, terbium, erbium jt), mis omavad v\u00e4ga olulist rolli kaasaegsetes elektrienergia salvestamise\/muundamise seadmetes (tseeriumi ja praseod\u00fc\u00fcmiga aktiveeritud metanooli ja etanooli k\u00fctuseelemendid (nii madal, keskmise kui ka k\u00f5rgtemperatuursed).Lisaks sellele on haruldased muldmetallid t\u00e4htsad komponedid kompleks oksiidides nii CO2 kui ka H2O elektrol\u00fc\u00fcserites ja nn kaaselektrol\u00fc\u00fcserites. Osa haruldasi muldmetalle kuulub nn strateegiliselt t\u00e4htsate elementide riskir\u00fchma, kuna nende baasil on v\u00f5imalik toota supermagneteid, \u00fcliv\u00f5imsaid alalisvoolu mootoreid, k\u00fctuseelemente, elektrol\u00fc\u00fcserid ja toornafta- ning p\u00f5levkivi\u00f5li fraktsineerimise katal\u00fcsaatoreid. <\/span><\/span>\n<\/p>\n<p class=\"MsoNoSpacing\" style=\"text-align: justify\">\n\t\u00a0\n<\/p>\n<p class=\"MsoNoSpacing\" style=\"text-align: justify\">\n\t<span><span style=\",serif\">RITA programmi t\u00f6\u00f6d on fokusseeritud fosforiidimaagi rikastamise uuringutele. Varasemast olemas olnud (Maardu, \u00dclgase, Toolse) maagiproovide laboratoorsed rikastuskatsed t\u00e4nap\u00e4evaste reagentidega koost\u00f6\u00f6s Soome Geoloogiakeskusega n\u00e4itasid Eesti fosforiidi rikastamise v\u00f5imalust P2O5 sisalduseni 31-32%. Koostati rikastusskeemid ja materjalibilansid. Samuti n\u00e4idati kontsentraatide sobivus fosforhappe saamiseks nn. m\u00e4rgmeetodil ja m\u00e4\u00e4rati saadava happe kvaliteedin\u00e4itajad. Koostati makro ja mikroelementide jaotusskeem rikastusprotsessis (maak, kontsentraat, aheraine) ja v\u00e4\u00e4velhappelise lagundamise k\u00e4igus (maak, fosforhape, fosfokips, eralduvad gaasid).<\/span><\/span>\n<\/p>\n<p class=\"MsoNoSpacing\" style=\"margin-left: 200px\">\n\t<img loading=\"lazy\" decoding=\"async\" width=\"909\" height=\"531\" class=\"alignnone wp-image-95\" style=\"width: 400px;height: 234px\" src=\"https:\/\/sisu.ut.ee\/wp-content\/uploads\/sites\/147\/fosfor.png\" title=\"fosfor.png\" alt=\"fosfor\" srcset=\"https:\/\/sisu.ut.ee\/wp-content\/uploads\/sites\/147\/fosfor.png 909w, https:\/\/sisu.ut.ee\/wp-content\/uploads\/sites\/147\/fosfor-300x175.png 300w, https:\/\/sisu.ut.ee\/wp-content\/uploads\/sites\/147\/fosfor-768x449.png 768w\" sizes=\"auto, (max-width: 909px) 100vw, 909px\">\n<\/p>\n<p class=\"MsoNoSpacing\">\n\t\u00a0\n<\/p>\n<p style=\"margin-bottom: 8pt\">\n\t\u00a0\n<\/p>\n<p style=\"margin-bottom: 8pt\">\n\t\u00a0\n<\/p>\n<p>\n\t\u00a0<\/p>\n","protected":false},"excerpt":{"rendered":"<p>\u00a0 \u00a0 EESTI FOSFORIIDI S\u00c4\u00c4STLIK V\u00c4\u00c4RINDAMINE (Juhib Taltech, partner T\u00dc) EESM\u00c4RK Arvestades globaalset fosfaaditoorme n\u00f5udluse kasvu ning fosforiidi kuulumist EL kriitiliste toormete nimekirja on Eesti riigile oluline adekvaatselt hinnata eesti fosforiidi potentsiaali ja omadusi kaasaegsete standardite alusel, kuna selle ressursi &#8230;<\/p>\n","protected":false},"author":69,"featured_media":0,"parent":0,"menu_order":0,"comment_status":"closed","ping_status":"closed","template":"","meta":{"_acf_changed":false,"inline_featured_image":false,"footnotes":""},"class_list":["post-51","page","type-page","status-publish","hentry"],"acf":[],"_links":{"self":[{"href":"https:\/\/sisu.ut.ee\/marek\/wp-json\/wp\/v2\/pages\/51","targetHints":{"allow":["GET"]}}],"collection":[{"href":"https:\/\/sisu.ut.ee\/marek\/wp-json\/wp\/v2\/pages"}],"about":[{"href":"https:\/\/sisu.ut.ee\/marek\/wp-json\/wp\/v2\/types\/page"}],"author":[{"embeddable":true,"href":"https:\/\/sisu.ut.ee\/marek\/wp-json\/wp\/v2\/users\/69"}],"replies":[{"embeddable":true,"href":"https:\/\/sisu.ut.ee\/marek\/wp-json\/wp\/v2\/comments?post=51"}],"version-history":[{"count":1,"href":"https:\/\/sisu.ut.ee\/marek\/wp-json\/wp\/v2\/pages\/51\/revisions"}],"predecessor-version":[{"id":338,"href":"https:\/\/sisu.ut.ee\/marek\/wp-json\/wp\/v2\/pages\/51\/revisions\/338"}],"wp:attachment":[{"href":"https:\/\/sisu.ut.ee\/marek\/wp-json\/wp\/v2\/media?parent=51"}],"curies":[{"name":"wp","href":"https:\/\/api.w.org\/{rel}","templated":true}]}}