{"id":50,"date":"2024-04-04T01:55:41","date_gmt":"2024-04-03T22:55:41","guid":{"rendered":"https:\/\/sisu.ut.ee\/marek\/tallinn-helsinki-tunnel\/"},"modified":"2024-04-04T01:57:24","modified_gmt":"2024-04-03T22:57:24","slug":"tallinn-helsinki-tunnel","status":"publish","type":"page","link":"https:\/\/sisu.ut.ee\/marek\/tallinn-helsinki-tunnel\/","title":{"rendered":"Tallinn-Helsinki tunnel"},"content":{"rendered":"<p>\n\t\u00a0\n<\/p>\n<p style=\"text-align: center\">\n\t<span style=\"font-size:12px\"><b>EDIACARA LIIVAKIVIDE-ALEUROLIITIDE JA KRISTALSE ALUSKORRA MURENEMISKOORIKU KIVIMITE F\u00dc\u00dcSIKALIS-MEHHAANILISED, GEOTEHNILISED, SEISMOAKUSTILISED NING H\u00dcDROGEOLOOGILISED OMADUSED L\u00c4HTUDES TALLINN-HELSINGI TUNNELI RAJAMISEST<\/b><\/span>\n<\/p>\n<p style=\"text-align: center\">\n\t<span style=\"font-size:12px\"><b>(Juhib EGT, partnerid T\u00dc ja Taltech)<\/b><\/span>\n<\/p>\n<p style=\"text-align: justify\">\n\t<span style=\"font-size:12px\">EESM\u00c4RK<\/span>\n<\/p>\n<p class=\"MsoNoSpacing\" style=\"text-align: justify\">\n\t<span><span style=\",serif\">Projekti eesm\u00e4rk on uurida pehmete settekivimite lasundi omadusi Tallinna piirkonnas aitamaks valida majanduslikult ja tehnoloogiliselt optimaalseimat ning samas keskkonnas\u00e4\u00e4stlikku l\u00e4bindusmeetodit tunneli v\u00f5i analoogsete arenduste (nt h\u00fcdropump akumulatsioonijaam) rajamisel. Eeldatavad tulemused sisaldavad h\u00fcdrogeoloogiliste, geotehniliste, geomehhaaniliste ja seismiliste andmete baasi, samuti kaevandatava materjali kasutamisv\u00f5imaluste anal\u00fc\u00fcsi ja Viimsi poolsaare p\u00f5hjaveeressursside kaitse meetmeid.<\/span><\/span>\n<\/p>\n<p class=\"MsoNoSpacing\" style=\"text-align: justify\">\n\t<span><span style=\",serif\">T\u00dc osa on peamiselt h\u00fcdrogeoloogilised uuringud Viimsi poolsaarel, on selgitatud ja mudeldatud veere\u017eiimi muutusi ning tunneliehituse v\u00f5imalikku m\u00f5ju p\u00f5hjaveere\u017eiimile.<\/span><\/span>\n<\/p>\n<p class=\"MsoNoSpacing\">\n\t\u00a0\n<\/p>\n<p class=\"MsoNoSpacing\" style=\"margin-left: 200px\">\n\t<img loading=\"lazy\" decoding=\"async\" width=\"738\" height=\"308\" class=\"alignnone wp-image-94\" style=\"width: 400px;height: 167px\" src=\"https:\/\/sisu.ut.ee\/wp-content\/uploads\/sites\/147\/talsinki.jpg\" title=\"talsinki.jpg\" alt=\"Talsinki tunnel\" srcset=\"https:\/\/sisu.ut.ee\/wp-content\/uploads\/sites\/147\/talsinki.jpg 738w, https:\/\/sisu.ut.ee\/wp-content\/uploads\/sites\/147\/talsinki-300x125.jpg 300w\" sizes=\"auto, (max-width: 738px) 100vw, 738px\">\n<\/p>\n<p>\n\t\u00a0\n<\/p>\n<p>\n\t\u00a0\n<\/p>\n<p>\n\t\u00a0<\/p>\n","protected":false},"excerpt":{"rendered":"<p>\u00a0 EDIACARA LIIVAKIVIDE-ALEUROLIITIDE JA KRISTALSE ALUSKORRA MURENEMISKOORIKU KIVIMITE F\u00dc\u00dcSIKALIS-MEHHAANILISED, GEOTEHNILISED, SEISMOAKUSTILISED NING H\u00dcDROGEOLOOGILISED OMADUSED L\u00c4HTUDES TALLINN-HELSINGI TUNNELI RAJAMISEST (Juhib EGT, partnerid T\u00dc ja Taltech) EESM\u00c4RK Projekti eesm\u00e4rk on uurida pehmete settekivimite lasundi omadusi Tallinna piirkonnas aitamaks valida majanduslikult ja tehnoloogiliselt &#8230;<\/p>\n","protected":false},"author":69,"featured_media":0,"parent":0,"menu_order":0,"comment_status":"closed","ping_status":"closed","template":"","meta":{"_acf_changed":false,"inline_featured_image":false,"footnotes":""},"class_list":["post-50","page","type-page","status-publish","hentry"],"acf":[],"_links":{"self":[{"href":"https:\/\/sisu.ut.ee\/marek\/wp-json\/wp\/v2\/pages\/50","targetHints":{"allow":["GET"]}}],"collection":[{"href":"https:\/\/sisu.ut.ee\/marek\/wp-json\/wp\/v2\/pages"}],"about":[{"href":"https:\/\/sisu.ut.ee\/marek\/wp-json\/wp\/v2\/types\/page"}],"author":[{"embeddable":true,"href":"https:\/\/sisu.ut.ee\/marek\/wp-json\/wp\/v2\/users\/69"}],"replies":[{"embeddable":true,"href":"https:\/\/sisu.ut.ee\/marek\/wp-json\/wp\/v2\/comments?post=50"}],"version-history":[{"count":1,"href":"https:\/\/sisu.ut.ee\/marek\/wp-json\/wp\/v2\/pages\/50\/revisions"}],"predecessor-version":[{"id":337,"href":"https:\/\/sisu.ut.ee\/marek\/wp-json\/wp\/v2\/pages\/50\/revisions\/337"}],"wp:attachment":[{"href":"https:\/\/sisu.ut.ee\/marek\/wp-json\/wp\/v2\/media?parent=50"}],"curies":[{"name":"wp","href":"https:\/\/api.w.org\/{rel}","templated":true}]}}