{"id":5,"date":"2024-04-04T01:55:38","date_gmt":"2024-04-03T22:55:38","guid":{"rendered":"https:\/\/sisu.ut.ee\/marek\/seminari_kava\/"},"modified":"2024-04-04T01:57:25","modified_gmt":"2024-04-03T22:57:25","slug":"seminari_kava","status":"publish","type":"page","link":"https:\/\/sisu.ut.ee\/marek\/seminari_kava\/","title":{"rendered":"Seminar &#8220;Eesti Geoloogiateenistuse moodustamine&#8221;"},"content":{"rendered":"<p><img loading=\"lazy\" decoding=\"async\" width=\"1348\" height=\"561\" class=\"alignnone wp-image-71\" style=\"margin-left: auto;margin-right: auto\" src=\"https:\/\/sisu.ut.ee\/wp-content\/uploads\/sites\/147\/logo-est.jpg\" title=\"MAREK logo.jpg\" alt=\"MAREK logo.jpg\" srcset=\"https:\/\/sisu.ut.ee\/wp-content\/uploads\/sites\/147\/logo-est.jpg 1348w, https:\/\/sisu.ut.ee\/wp-content\/uploads\/sites\/147\/logo-est-300x125.jpg 300w, https:\/\/sisu.ut.ee\/wp-content\/uploads\/sites\/147\/logo-est-1024x426.jpg 1024w, https:\/\/sisu.ut.ee\/wp-content\/uploads\/sites\/147\/logo-est-768x320.jpg 768w\" sizes=\"auto, (max-width: 1348px) 100vw, 1348px\"><\/p>\n\n<p align=\"center\"><strong>Tartu \u00fclikooli maap\u00f5ueressursside arenduskeskus (MAREK)<\/strong><\/p>\n<p align=\"center\">kutsub k\u00f5iki huvilisi seminarile<\/p>\n<p align=\"center\"><strong>\u00a0<\/strong><\/p>\n<p align=\"center\"><strong>Eesti Geoloogiateenistuse moodustamisest<\/strong><\/p>\n<p align=\"center\"><strong>11. aprillil 2017 kell 12:15 <\/strong><\/p>\n<p align=\"center\">Tartus, T\u00dc Chemicum, Ravila 14a, aud. 1019.<\/p>\n<p align=\"center\">\u00a0<\/p>\n<p>\u00a0<span style=\"text-decoration: underline\">Seminari on v\u00f5imalik j\u00e4relvaadata <a href=\"http:\/\/www.uttv.ee\/naita?id=25511\" target=\"_blank\" rel=\"noopener\">siit<\/a>!<\/span><span style=\"text-decoration: underline\"><br><\/span><\/p>\n<p><strong>\u00a0P\u00e4evakorras:<\/strong><\/p>\n<p><strong>Majandus- ja Kommunikatsiooniministeeriumi n\u00f5unik <\/strong><strong>Kalev Kallemets <\/strong><strong>ning Geoloogiateenistuse (EGT) k\u00e4ivitamist koordineeriv <\/strong><strong>Alvar Soesoo<\/strong><strong> <\/strong>tutvustavad EGT moodustamise k\u00e4iku ning planeeritavaid tegevusi seoses teenistuse moodustamisega 2017. aastal.<\/p>\n<p>Geoloogiateenistuse eesm\u00e4rkide teostumiseks on oluline t\u00f5hus ja avatud koost\u00f6\u00f6 \u00fclikoolidega, sellega seoses palutakse k\u00f5igil aktiivselt kaasa m\u00f5elda ja \u00f6elda ning panustada oma ideedega EGT edukama alguse nimel.<\/p>\n","protected":false},"excerpt":{"rendered":"<p>Tartu \u00fclikooli maap\u00f5ueressursside arenduskeskus (MAREK) kutsub k\u00f5iki huvilisi seminarile \u00a0 Eesti Geoloogiateenistuse moodustamisest 11. aprillil 2017 kell 12:15 Tartus, T\u00dc Chemicum, Ravila 14a, aud. 1019. \u00a0 \u00a0Seminari on v\u00f5imalik j\u00e4relvaadata siit! \u00a0P\u00e4evakorras: Majandus- ja Kommunikatsiooniministeeriumi n\u00f5unik Kalev Kallemets ning Geoloogiateenistuse &#8230;<\/p>\n","protected":false},"author":69,"featured_media":0,"parent":0,"menu_order":0,"comment_status":"closed","ping_status":"closed","template":"","meta":{"_acf_changed":false,"inline_featured_image":false,"footnotes":""},"class_list":["post-5","page","type-page","status-publish","hentry"],"acf":[],"_links":{"self":[{"href":"https:\/\/sisu.ut.ee\/marek\/wp-json\/wp\/v2\/pages\/5","targetHints":{"allow":["GET"]}}],"collection":[{"href":"https:\/\/sisu.ut.ee\/marek\/wp-json\/wp\/v2\/pages"}],"about":[{"href":"https:\/\/sisu.ut.ee\/marek\/wp-json\/wp\/v2\/types\/page"}],"author":[{"embeddable":true,"href":"https:\/\/sisu.ut.ee\/marek\/wp-json\/wp\/v2\/users\/69"}],"replies":[{"embeddable":true,"href":"https:\/\/sisu.ut.ee\/marek\/wp-json\/wp\/v2\/comments?post=5"}],"version-history":[{"count":1,"href":"https:\/\/sisu.ut.ee\/marek\/wp-json\/wp\/v2\/pages\/5\/revisions"}],"predecessor-version":[{"id":375,"href":"https:\/\/sisu.ut.ee\/marek\/wp-json\/wp\/v2\/pages\/5\/revisions\/375"}],"wp:attachment":[{"href":"https:\/\/sisu.ut.ee\/marek\/wp-json\/wp\/v2\/media?parent=5"}],"curies":[{"name":"wp","href":"https:\/\/api.w.org\/{rel}","templated":true}]}}