{"id":48,"date":"2024-04-04T01:55:41","date_gmt":"2024-04-03T22:55:41","guid":{"rendered":"https:\/\/sisu.ut.ee\/marek\/tuha_kasutus\/"},"modified":"2024-04-04T01:57:24","modified_gmt":"2024-04-03T22:57:24","slug":"tuha_kasutus","status":"publish","type":"page","link":"https:\/\/sisu.ut.ee\/marek\/tuha_kasutus\/","title":{"rendered":"Tuha taaskasutus"},"content":{"rendered":"<p style=\"text-align: center\">\n\t\u00a0\n<\/p>\n<p style=\"text-align: center\">\n\t<span style=\"font-size:12px\"><b>UUTE P\u00d5LEVKIVIENERGEETIKA TEHNOLOOGIATE M\u00d5JU TAHKETE J\u00c4\u00c4TMETE OMADUSTELE JA TAASKASUTUSELE<\/b><\/span>\n<\/p>\n<p style=\"text-align: center\">\n\t<span style=\"font-size:12px\"><b>(Juhib TalTech, partner T\u00dc)<\/b><\/span>\n<\/p>\n<p style=\"text-align: justify\">\n\t<span style=\"font-size:12px\">EESM\u00c4RK<\/span>\n<\/p>\n<p style=\"text-align: justify\">\n\t<span><span style=\",serif\">Mastaapsed kasutusalad, nagu kaevanduste tagasit\u00e4itmine, pinnaste stabiliseerimine, teedeehitus ja kasutamine ehitusmaterjalide koostises, s\u00f5ltuvad tuha sideainelistest omadustest. Tehnoloogia areng (Enefit 280, Petroter, Auvere EJ) on toonud kaasa energiat\u00f5hususe kasvu ning madalamad \u00f5huemissioonid (SO2, NOx, etc), aga ka muutused tuhkade mineraloogilises koostises ja sellest l\u00e4htuvalt nende sideaineliste omaduste v\u00e4henemise. K\u00e4esoleva projekti \u00fclesanneteks on 1) selgitada, kuiv\u00f5rd temperatuuri m\u00f5\u00f5dukas t\u00f5stmine p\u00f5levkivi p\u00f5letamis- ja utmisprotsessides m\u00f5jutab tuhkade sideainelisi omadusi taaskasutuse kontekstist l\u00e4htuvalt, 2) uurida logistilisi skeeme rikastusj\u00e4\u00e4tmete ja tuhkade t\u00e4itematerjalina kasutamiseks ja transpordiks, 3) otsida uusi majanduslikult otstarbekaid kasutusalasid p\u00f5levkivit\u00f6\u00f6stuse j\u00e4\u00e4tmetele.<\/span><\/span>\n<\/p>\n<p style=\"text-align: justify\">\n\t<span><span style=\",serif\">SENISED TULEMUSED<\/span><\/span>\n<\/p>\n<p style=\"text-align: justify\">\n\t<span><span style=\",serif\">Erinevatel p\u00f5letusre\u017eiimidel tekkivate tuhkade koostise ja sideaineliste omaduste m\u00e4\u00e4ramine kinnitas olulist alanemistendentsi sideaineliste omaduste osas, eriti Enefit280 tuhkade puhul. Tuhkade koostis ja omadused varieeruvad ka aasta jooksul samast tuhaeralduspunktist v\u00f5etud proovide l\u00f5ikes. N\u00e4idati, et temperatuuri m\u00f5\u00f5dukas t\u00f5stmine v\u00f5imaldab l\u00e4bi muutuste faasikoostises tuhkade sideainelisi omadusi parandada. Samas on j\u00e4medafraktsioonilise \u00fcldtuha kasutamine konventsionaalsetes lahendustes endiselt probleem ning tuhkade taaskasutuse osa mastaapseks suurendamiseks on vaja t\u00e4iendavaid uuringud p\u00f5letus\/jahvatusreziimide optimeerimise ning uute tehnoloogiate kasutamise v\u00f5tmes. Koostati \u00fclevaade ja logistiline anal\u00fc\u00fcs taaskasutuseks sobivate p\u00f5levkivituhkade ja aheraine prioriteetsetest kasutussuundadest\u00a0 ja nende logistilistest kitsaskohtadest.<\/span><\/span>\n<\/p>\n<p style=\"text-align: justify\">\n\t<img loading=\"lazy\" decoding=\"async\" width=\"848\" height=\"151\" class=\"alignnone wp-image-92\" src=\"https:\/\/sisu.ut.ee\/wp-content\/uploads\/sites\/147\/tuha_kasutus.jpg\" title=\"tuha_kasutus.jpg\" alt=\"tuhk\" srcset=\"https:\/\/sisu.ut.ee\/wp-content\/uploads\/sites\/147\/tuha_kasutus.jpg 848w, https:\/\/sisu.ut.ee\/wp-content\/uploads\/sites\/147\/tuha_kasutus-300x53.jpg 300w, https:\/\/sisu.ut.ee\/wp-content\/uploads\/sites\/147\/tuha_kasutus-768x137.jpg 768w\" sizes=\"auto, (max-width: 848px) 100vw, 848px\">\n<\/p>\n<p>\n\t\u00a0<\/p>\n","protected":false},"excerpt":{"rendered":"<p>\u00a0 UUTE P\u00d5LEVKIVIENERGEETIKA TEHNOLOOGIATE M\u00d5JU TAHKETE J\u00c4\u00c4TMETE OMADUSTELE JA TAASKASUTUSELE (Juhib TalTech, partner T\u00dc) EESM\u00c4RK Mastaapsed kasutusalad, nagu kaevanduste tagasit\u00e4itmine, pinnaste stabiliseerimine, teedeehitus ja kasutamine ehitusmaterjalide koostises, s\u00f5ltuvad tuha sideainelistest omadustest. Tehnoloogia areng (Enefit 280, Petroter, Auvere EJ) on toonud &#8230;<\/p>\n","protected":false},"author":69,"featured_media":0,"parent":0,"menu_order":0,"comment_status":"closed","ping_status":"closed","template":"","meta":{"_acf_changed":false,"inline_featured_image":false,"footnotes":""},"class_list":["post-48","page","type-page","status-publish","hentry"],"acf":[],"_links":{"self":[{"href":"https:\/\/sisu.ut.ee\/marek\/wp-json\/wp\/v2\/pages\/48","targetHints":{"allow":["GET"]}}],"collection":[{"href":"https:\/\/sisu.ut.ee\/marek\/wp-json\/wp\/v2\/pages"}],"about":[{"href":"https:\/\/sisu.ut.ee\/marek\/wp-json\/wp\/v2\/types\/page"}],"author":[{"embeddable":true,"href":"https:\/\/sisu.ut.ee\/marek\/wp-json\/wp\/v2\/users\/69"}],"replies":[{"embeddable":true,"href":"https:\/\/sisu.ut.ee\/marek\/wp-json\/wp\/v2\/comments?post=48"}],"version-history":[{"count":1,"href":"https:\/\/sisu.ut.ee\/marek\/wp-json\/wp\/v2\/pages\/48\/revisions"}],"predecessor-version":[{"id":335,"href":"https:\/\/sisu.ut.ee\/marek\/wp-json\/wp\/v2\/pages\/48\/revisions\/335"}],"wp:attachment":[{"href":"https:\/\/sisu.ut.ee\/marek\/wp-json\/wp\/v2\/media?parent=48"}],"curies":[{"name":"wp","href":"https:\/\/api.w.org\/{rel}","templated":true}]}}