{"id":47,"date":"2024-04-04T01:55:41","date_gmt":"2024-04-03T22:55:41","guid":{"rendered":"https:\/\/sisu.ut.ee\/marek\/graptoliit\/"},"modified":"2024-04-04T01:57:25","modified_gmt":"2024-04-03T22:57:25","slug":"graptoliit","status":"publish","type":"page","link":"https:\/\/sisu.ut.ee\/marek\/graptoliit\/","title":{"rendered":"Graptoliitargilliidi bioleostamine"},"content":{"rendered":"<p style=\"text-align: center\">\n\t\u00a0\n<\/p>\n<p style=\"text-align: center\">\n\t<span style=\"font-size:12px\"><b>BIOLEOSTUMISE KASUTUSV\u00d5IMALUSED METALLIDE ERALDAMISEKS EESTI GRAPTOLIITARGILIIDIST<\/b><\/span>\n<\/p>\n<p style=\"text-align: center\">\n\t<span style=\"font-size:12px\"><b>(Juhib T\u00dc, partner TalTech)<\/b><\/span>\n<\/p>\n<p style=\"margin-bottom:6.0pt;text-align:justify\">\n\t<span style=\"font-size:12px\"><span style=\"line-height:normal\">EESM\u00c4RK<\/span><\/span>\n<\/p>\n<p style=\"margin-bottom:6.0pt;text-align:justify\">\n\t<span style=\"line-height:normal\"><span><span style=\",serif\">Uuringu eesm\u00e4rk on t\u00e4psemalt iseloomustada argilliidi orgaanilist komponenti lagundavat mikroobikooslust ja kirjeldada isoleeritud mikroorganismide v\u00f5imekust seda protsessi l\u00e4bi viia eesm\u00e4rgiga optimeerida argilliidist orgaanilise aine lagundamist ning metallide bioleostamist. Katsete p\u00f5hjal arendatakse edasi kaheastmelist bioleostamise protsessi (nn <i>Graptomet<\/i>), mis koosneb j\u00e4rgmistest etappidest: 1) anaeroobses keskkonnas toodetakse mikroorganismide loomuliku elutegevuse kaudu argilliidi metallorgaanilisi komplekse l\u00f5hustades biogeenset metaangaasi ning leostatakse v\u00e4lja teatud metalli\u00fchendid; 2) aeroobses keskkonnas bioleostatakse v\u00e4lja mikroorganismide abil argilliidi sulfiidses vormis olevad metallid.<\/span><\/span><\/span>\n<\/p>\n<p style=\"text-align: justify\">\n\t<span><span style=\"line-height:115%\"><span style=\",serif\">Eestis leiduv graptoliitargiliit (GA) sisaldab m\u00f5ningaid tehnoloogiliselt v\u00e4ga olulisi haruldasi metalle (vanaadium \u2013 V, mol\u00fcbdeen \u2013 Mo, tsink \u2013 Zn jt) ning v\u00e4ga v\u00e4ikeses koguses ka haruldasi muldmetalle (tseerium \u2013 Ce, lantaan -La, praseod\u00fc\u00fcm \u2013 Pr, euroopium \u2013 Eu, terbium \u2013 Tb, erbium \u2013 Er, samaarium \u2013 Sm), mis omavad v\u00e4ga olulist rolli kaasaegsetes energia salvestamise\/muundamise seadmetes (V redoks patareid, Mo sisaldavad eriterased) v\u00f5i tahkeoksiid-k\u00fctuseelementides (Ce, Pr, La jt) v\u00f5i nn supermagnetites ja alalisvoolu mootorites (Pr jt) v\u00f5i LED valgusallikates (Eu, Tb).<\/span><\/span><\/span>\n<\/p>\n<p style=\"text-align: justify\">\n\t<span style=\"font-size:12px\"><span style=\"line-height:115%\">SENISED TULEMUSED<\/span><\/span>\n<\/p>\n<p style=\"text-align: justify\">\n\t<span style=\"line-height:normal\"><span><span style=\",serif\">T\u00dc molekulaar- ja rakubioloogia instituudi mikrobioloogiliste uuringutega eesm\u00e4rk on<\/span><\/span><\/span><span style=\"line-height:normal\"><span><span style=\",serif\"> v\u00e4\u00e4rindada GA-d kui kaevandamistega kaasnevat keskkonnaohtlikku k\u00f5rvalprodukti. Senised uuringud on n\u00e4idanud, et kasutades 1%-list argilliidisuspensiooni muudeti anaeroobses keskkonnas neutraalse pH juures mikroobikoosluse ARGCON5 abil metaaniks kuni ~65% argilliidi orgaanilisest komponendist. Samas toimub metallide eraldumine vesifaasi anaeroobses keskkonnas kultiveerimisel \u00fcldjuhul madala efektiivsusega. Olenevalt pH-st moodustavad argilliidi orgaanilisest komponendist vabanenud metallid kas veeslahustunud v\u00f5i -lahustumatuid sulfiide. Samas leidsime, et tekkinud j\u00e4\u00e4gi aeroobsel t\u00f6\u00f6tlusel happelises keskkonnas mikroobit\u00fcvega <i>Acidithiobacillus ferrooxidans<\/i> eraldus vesifaasi &gt;100% Y, &gt;100% Ni, 99% Th, 97% Co, 95% Cd, 89% As ja 64% U iga elemendi sisaldusest argilliidis. Suurt osa huvipakkuvaid metalle on argilliidist v\u00f5imalik k\u00f5rge saagisega (80-100%) eraldada ka \u00fcksnes happelise t\u00f6\u00f6tluse teel atsidofiilsete mikroorganismidega (pH 1,5 kuni 2). Erandiks on mol\u00fcbdeen, mis lahustub neutraalse pH juures. Mo eraldamiseks sobib anaeroobne t\u00f6\u00f6tlus koos metaani eraldumisega (saagis ~80%). Tellisime firmalt BioTatec allhanke korras mikroobide kultiveerimise katseid ka suuremas mahus (15 liitrit) ja saadud tulemused langevad kokku laboritingimustes (~0,5 l mahus) l\u00e4biviidud katsete tulemustega. Kuna paljude metallide eraldumine GA-st vesifaasi toimub happelises keskkonnas efektiivselt ka ilma mikrobioloogilise t\u00f6\u00f6tluseta, siis on kavas selgitada, kas mikrobioloogiliste ja keemiliste meetodite kombineerimine annaks l\u00f5ppkokkuv\u00f5ttes suurema metallide saagise. J\u00e4tkub ka mikroorganismide kasvukeskkonna ja kultiveerimisaegade optimeerimine. Samaaegselt on T\u00dc Keemia instituudis tegeletud haruldaste hajutatud elementide separeerimismeetodite arendamisega. Uuritakse ioonsete vedelike rakendusv\u00f5imalusi \u00fclilahjade haruldaste muldmetallide ekstraheerimiseks GA lahustest ning elektrosadestamise v\u00f5imalusi metallide ja haruldaste muldmetallide selektiivseks eraldamiseks multikomponentsetest s\u00fcsteemidest.<\/span><\/span><\/span>\n<\/p>\n<p style=\"text-align: justify;margin-left: 40px\">\n\t<img loading=\"lazy\" decoding=\"async\" width=\"721\" height=\"228\" class=\"alignnone wp-image-91\" style=\"float: left\" src=\"https:\/\/sisu.ut.ee\/wp-content\/uploads\/sites\/147\/ga.jpg\" title=\"ga.jpg\" alt=\"GA\" srcset=\"https:\/\/sisu.ut.ee\/wp-content\/uploads\/sites\/147\/ga.jpg 721w, https:\/\/sisu.ut.ee\/wp-content\/uploads\/sites\/147\/ga-300x95.jpg 300w\" sizes=\"auto, (max-width: 721px) 100vw, 721px\"> \u00a0 \u00a0\u00a0<\/p>\n","protected":false},"excerpt":{"rendered":"<p>\u00a0 BIOLEOSTUMISE KASUTUSV\u00d5IMALUSED METALLIDE ERALDAMISEKS EESTI GRAPTOLIITARGILIIDIST (Juhib T\u00dc, partner TalTech) EESM\u00c4RK Uuringu eesm\u00e4rk on t\u00e4psemalt iseloomustada argilliidi orgaanilist komponenti lagundavat mikroobikooslust ja kirjeldada isoleeritud mikroorganismide v\u00f5imekust seda protsessi l\u00e4bi viia eesm\u00e4rgiga optimeerida argilliidist orgaanilise aine lagundamist ning metallide bioleostamist. &#8230;<\/p>\n","protected":false},"author":69,"featured_media":0,"parent":0,"menu_order":0,"comment_status":"closed","ping_status":"closed","template":"","meta":{"_acf_changed":false,"inline_featured_image":false,"footnotes":""},"class_list":["post-47","page","type-page","status-publish","hentry"],"acf":[],"_links":{"self":[{"href":"https:\/\/sisu.ut.ee\/marek\/wp-json\/wp\/v2\/pages\/47","targetHints":{"allow":["GET"]}}],"collection":[{"href":"https:\/\/sisu.ut.ee\/marek\/wp-json\/wp\/v2\/pages"}],"about":[{"href":"https:\/\/sisu.ut.ee\/marek\/wp-json\/wp\/v2\/types\/page"}],"author":[{"embeddable":true,"href":"https:\/\/sisu.ut.ee\/marek\/wp-json\/wp\/v2\/users\/69"}],"replies":[{"embeddable":true,"href":"https:\/\/sisu.ut.ee\/marek\/wp-json\/wp\/v2\/comments?post=47"}],"version-history":[{"count":1,"href":"https:\/\/sisu.ut.ee\/marek\/wp-json\/wp\/v2\/pages\/47\/revisions"}],"predecessor-version":[{"id":334,"href":"https:\/\/sisu.ut.ee\/marek\/wp-json\/wp\/v2\/pages\/47\/revisions\/334"}],"wp:attachment":[{"href":"https:\/\/sisu.ut.ee\/marek\/wp-json\/wp\/v2\/media?parent=47"}],"curies":[{"name":"wp","href":"https:\/\/api.w.org\/{rel}","templated":true}]}}