{"id":44,"date":"2024-04-04T01:55:41","date_gmt":"2024-04-03T22:55:41","guid":{"rendered":"https:\/\/sisu.ut.ee\/marek\/rita\/"},"modified":"2024-04-29T12:48:25","modified_gmt":"2024-04-29T09:48:25","slug":"rita","status":"publish","type":"page","link":"https:\/\/sisu.ut.ee\/marek\/rita\/","title":{"rendered":"RITA uuringud"},"content":{"rendered":"<h2>RITA MAARE uuringute l\u00fchi\u00fclevaade<strong><span style=\"font-size: 16px;\"><img loading=\"lazy\" decoding=\"async\" class=\" wp-image-274 alignright\" src=\"https:\/\/sisu.ut.ee\/wp-content\/uploads\/sites\/147\/logode_rivi.png\" alt=\"Logod\" width=\"270\" height=\"838\" srcset=\"https:\/\/sisu.ut.ee\/wp-content\/uploads\/sites\/147\/logode_rivi.png 700w, https:\/\/sisu.ut.ee\/wp-content\/uploads\/sites\/147\/logode_rivi-97x300.png 97w, https:\/\/sisu.ut.ee\/wp-content\/uploads\/sites\/147\/logode_rivi-330x1024.png 330w, https:\/\/sisu.ut.ee\/wp-content\/uploads\/sites\/147\/logode_rivi-495x1536.png 495w, https:\/\/sisu.ut.ee\/wp-content\/uploads\/sites\/147\/logode_rivi-660x2048.png 660w\" sizes=\"auto, (max-width: 270px) 100vw, 270px\"><\/span><\/strong><\/h2>\n<p style=\"text-align: justify;\">Tartu \u00dclikool on juhtpartneriks RITA projektis <a title=\"\" href=\"\/marek\/\" target=\"_blank\" rel=\"noopener\" data-url=\"\/marek\/\">MAARE<\/a>: \u201e<b>Eesti prioriteetsete maap\u00f5ueressursside (p\u00f5levkivi, fosforiit, turvas, metallide toore) v\u00e4\u00e4rindamise kriitilised tehnoloogilised, geoloogilised, keskkonna- ja sotsiaal-majanduslikud k\u00fcsimused ning nende lahendamise v\u00f5imalused<\/b>\u201c, mida viiakse l\u00e4bi aastatel 2017-2020. Uuringud\u00a0 on osa riigi teadus- ja arendustegevuse (RITA) programmist (\u201e<a title=\"\" href=\"https:\/\/www.etag.ee\/rahastamine\/rakendusuuringute-toetused\/rita-rakendusuuringud\/rita-strateegilise-ta-tegevuse-toetamine\/\" target=\"_blank\" rel=\"noopener\" data-url=\"https:\/\/www.etag.ee\/rahastamine\/rakendusuuringute-toetused\/rita-rakendusuuringud\/rita-strateegilise-ta-tegevuse-toetamine\/\">Strateegilise TA tegevuse toetamine<\/a>\u201c), mis h\u00f5lmab Eesti riigile vajalike sotsiaal-majanduslike eesm\u00e4rkidega interdistsiplinaarsete rakendusuuringute l\u00e4biviimist. Uuringute tellijateks on ETAg, MKM ja KeM. Partneriteks on Tallinna Tehnika\u00fclikool ja Eesti Geoloogiateenistus. Eelarve 1,25 MEUR<\/p>\n<ol>\n<li class=\"MsoNoSpacing\" style=\"text-align: justify;\">RITA MAARE uuringute eesm\u00e4rk on selgitada teaduslikult p\u00f5hjendatud innovaatilisi v\u00f5imalusi Eestis praegu kaevandatavate ja uute potentsiaalse maap\u00f5ueressursside s\u00e4\u00e4stlikuks kasutamiseks. Selleks anal\u00fc\u00fcsitakse valitud ressursside kasutamise geoloogilisi ja tehnoloogilisi probleeme ning keskkonna ja sotsiaal-majanduslikku m\u00f5ju. Tartu \u00dclikooli, Tallinna Tehnika\u00fclikooli ja Eesti Geoloogiateenistuse erinevate valdkondade teadlastest moodustatud konsortsium uurib 7 alateema raames potentsiaalsete ressursside (argilliit, fosforiit, aluskorra metallimaagid) v\u00f5imalikku kasutuselev\u00f5ttu, praegu kasutatavate ressursside (p\u00f5levkivi, turvas) efektiivsemat v\u00e4\u00e4rindamist ning p\u00f5levkvienergeetikat\u00f6\u00f6stuse j\u00e4\u00e4kide kasutamisv\u00f5imalusi, samuti v\u00f5imalike tunneliarenduste v\u00f5i ka muude alusp\u00f5hja l\u00e4bivate ehitiste jaoks kriitiliste settekivimite geotehnilisi omadusi. Uuringu tulemusi tutvustatakse riigiorganisatsioonidele, ettev\u00f5tetele ja avalikkusele eesm\u00e4rgiga toetada majanduslike arenguotsuste tegemist teadusp\u00f5hise informatsiooniga.<\/li>\n<\/ol>\n<p class=\"MsoNoSpacing\">Kogu projekt jaguneb seitsmeks alateemaks:<\/p>\n<ol>\n<li class=\"MsoNoSpacing\"><strong>Turbast suure eripinnaga aktiveeritud s\u00f6e tootmine<\/strong><\/li>\n<li class=\"MsoNoSpacing\"><strong>Bioleostumise kasutusv\u00f5imalused metallide eraldamiseks Eesti graptoliitargiliidist<\/strong><\/li>\n<li><strong>Uute p\u00f5levkivienergeetika tehnoloogiate m\u00f5ju tahkete j\u00e4\u00e4tmete omadustele ja taaskasutusele<\/strong><\/li>\n<li><strong>Kirde-Eesti magnetanomaalia metallide geneesi p\u00f5hijooned<\/strong><\/li>\n<li><strong>Ediacara liivakivide-aleuroliitide ja kristalse aluskorra murenemiskooriku kivimite f\u00fc\u00fcsikalis-mehhaanilised, geotehnilised, seismoakustilised ning h\u00fcdrogeoloogilised omadused l\u00e4htudes Tallinn-Helsingi tunneli rajamisest<\/strong><\/li>\n<li><strong>Eesti fosforiidi s\u00e4\u00e4stlik v\u00e4\u00e4rindamine<\/strong><\/li>\n<li><strong>Eesti peamiste maap\u00f5ueressursside sotsiaalmajanduslik anal\u00fc\u00fcs: metoodika, olemasoleva informatsiooni kaardistamine ja operatisonaliseerimine<\/strong><\/li>\n<\/ol>\n<h2>ETTEKANDED<\/h2>\n<div class=\"content\">\n<div id=\"boxes-box-1576070406\" class=\"boxes-box\">\n<div class=\"boxes-box-content\">\n<p>Maardu teavitus\u00fcritus, okt. 2019<\/p>\n<ul>\n<li><a href=\"https:\/\/sisu.ut.ee\/sites\/default\/files\/marek\/files\/rita_turvas_elektrokeemilistes_seadmetes_maardu.pdf\" target=\"_blank\" rel=\"noopener\">Turvas elektrokeemilistes seadmetes.pdf<\/a><\/li>\n<li><a href=\"https:\/\/sisu.ut.ee\/sites\/default\/files\/marek\/files\/rita_graptoliit-argilliit_maardu.pdf\" target=\"_blank\" rel=\"noopener\">Graptoliitargilliidi bioleostamine.pdf<\/a><\/li>\n<li><a href=\"https:\/\/sisu.ut.ee\/sites\/default\/files\/marek\/files\/rita_tuha_taaskasutus_maardu.pdf\" target=\"_blank\" rel=\"noopener\">Tuha taaskasutus.pdf<\/a><\/li>\n<li><a href=\"https:\/\/sisu.ut.ee\/sites\/default\/files\/marek\/files\/rita_johvi_magnetanomaalia_maardu.pdf\" target=\"_blank\" rel=\"noopener\">J\u00f5hvi magnetanomaalia.pdf<\/a><\/li>\n<li><a href=\"https:\/\/sisu.ut.ee\/sites\/default\/files\/marek\/files\/rita_ediacara_liivakivi.pdf\" target=\"_blank\" rel=\"noopener\">Tallinn-Helsinki tunnel.pdf<\/a><\/li>\n<li><a href=\"https:\/\/sisu.ut.ee\/sites\/default\/files\/marek\/files\/rita_fosforiidi_vaarindamine_maardu.pdf\" target=\"_blank\" rel=\"noopener\">Fosforiidi v\u00e4\u00e4rindamine.pdf<\/a><\/li>\n<li><a href=\"https:\/\/sisu.ut.ee\/sites\/default\/files\/marek\/files\/rita_sotsiaal-majanduslik_analuusi_alused_maardu.pdf\" target=\"_blank\" rel=\"noopener\">Sotsiaal-majanduslik anal\u00fc\u00fcs.pdf<\/a><\/li>\n<\/ul>\n<\/div>\n<\/div>\n<\/div>\n","protected":false},"excerpt":{"rendered":"<p>RITA MAARE uuringute l\u00fchi\u00fclevaade Tartu \u00dclikool on juhtpartneriks RITA projektis MAARE: \u201eEesti prioriteetsete maap\u00f5ueressursside (p\u00f5levkivi, fosforiit, turvas, metallide toore) v\u00e4\u00e4rindamise kriitilised tehnoloogilised, geoloogilised, keskkonna- ja sotsiaal-majanduslikud k\u00fcsimused ning nende lahendamise v\u00f5imalused\u201c, mida viiakse l\u00e4bi aastatel 2017-2020. Uuringud\u00a0 on osa riigi &#8230;<\/p>\n","protected":false},"author":69,"featured_media":0,"parent":0,"menu_order":0,"comment_status":"closed","ping_status":"closed","template":"","meta":{"_acf_changed":false,"inline_featured_image":false,"footnotes":""},"class_list":["post-44","page","type-page","status-publish","hentry"],"acf":[],"_links":{"self":[{"href":"https:\/\/sisu.ut.ee\/marek\/wp-json\/wp\/v2\/pages\/44","targetHints":{"allow":["GET"]}}],"collection":[{"href":"https:\/\/sisu.ut.ee\/marek\/wp-json\/wp\/v2\/pages"}],"about":[{"href":"https:\/\/sisu.ut.ee\/marek\/wp-json\/wp\/v2\/types\/page"}],"author":[{"embeddable":true,"href":"https:\/\/sisu.ut.ee\/marek\/wp-json\/wp\/v2\/users\/69"}],"replies":[{"embeddable":true,"href":"https:\/\/sisu.ut.ee\/marek\/wp-json\/wp\/v2\/comments?post=44"}],"version-history":[{"count":4,"href":"https:\/\/sisu.ut.ee\/marek\/wp-json\/wp\/v2\/pages\/44\/revisions"}],"predecessor-version":[{"id":393,"href":"https:\/\/sisu.ut.ee\/marek\/wp-json\/wp\/v2\/pages\/44\/revisions\/393"}],"wp:attachment":[{"href":"https:\/\/sisu.ut.ee\/marek\/wp-json\/wp\/v2\/media?parent=44"}],"curies":[{"name":"wp","href":"https:\/\/api.w.org\/{rel}","templated":true}]}}