{"id":42,"date":"2024-04-04T01:55:41","date_gmt":"2024-04-03T22:55:41","guid":{"rendered":"https:\/\/sisu.ut.ee\/marek\/projektid-aruanded\/"},"modified":"2024-04-29T13:03:12","modified_gmt":"2024-04-29T10:03:12","slug":"projektid-aruanded","status":"publish","type":"page","link":"https:\/\/sisu.ut.ee\/marek\/projektid-aruanded\/","title":{"rendered":"Projektid &amp; aruanded"},"content":{"rendered":"<p>JOOKSVAD PROJEKTID:<\/p>\n<p><strong>\u00d5\u00dcF \u00d5iglase \u00fclemineku fondi teadusmeede<\/strong><\/p>\n<p><\/p><div class=\"accordion mb-3\">\n        <div class=\"accordion-item accordion-item--white\">\n        <h2 class=\"accordion-header\" id=\"accordion-69e016eb250bf-heading\">\n            <button class=\"accordion-button collapsed\" type=\"button\" data-bs-toggle=\"collapse\" data-bs-target=\"#accordion-69e016eb250bf-collapse\" aria-expanded=\"true\" aria-controls=\"accordion-69e016eb250bf-collapse\">\u00d5\u00dcF14 <span id=\"aYHQ_5\">Ida-Virumaa mineraalsete j\u00e4\u00e4tmete v\u00e4\u00e4rindamise tehnoloogiad<\/span> Kalle Kirsim\u00e4e (vastutav t\u00e4itja)\u00a0<\/button>\n        <\/h2>\n        <div id=\"accordion-69e016eb250bf-collapse\" class=\"accordion-collapse collapse\" aria-labelledby=\"accordion-69e016eb250bf-heading\">\n            <div class=\"accordion-body\"> <span id=\"aYHQt9\">Eesti p\u00f5levkivit\u00f6\u00f6stuses on aastak\u00fcmnete jooksul kuhjunud suures koguses kaevandus- ja p\u00f5levkivi t\u00f6\u00f6tlemise j\u00e4\u00e4ke, millest suurima osa moodustab h\u00fcdratiseerunud p\u00f5levkivituha setted. Tuhaj\u00e4\u00e4tmete taaskasutus on v\u00e4ike ning ladestatud tuhaj\u00e4\u00e4tmete v\u00e4\u00e4rindamisega ei ole siiani praktiliselt \u00fcldse tegeletud. K\u00e4esoleva projekti peamiseks eesm\u00e4rgiks on leida viise ladestatud p\u00f5levkivit\u00f6\u00f6stuse j\u00e4\u00e4kmaterjalide kasutamiseks sekundaarse toormena k\u00f5rge lisandv\u00e4\u00e4rtusega sideainete-ehitusmaterjalide tootmiseks.<\/span><\/div>\n        <\/div>\n        <\/div>\n    <\/div>\n<p><\/p><div class=\"accordion mb-3\">\n        <div class=\"accordion-item accordion-item--white\">\n        <h2 class=\"accordion-header\" id=\"accordion-69e016eb250c8-heading\">\n            <button class=\"accordion-button collapsed\" type=\"button\" data-bs-toggle=\"collapse\" data-bs-target=\"#accordion-69e016eb250c8-collapse\" aria-expanded=\"true\" aria-controls=\"accordion-69e016eb250c8-collapse\">\u00d5\u00dcF15 <span id=\"aYHQ_5\">Ida-Virumaa tahkete t\u00f6\u00f6stusj\u00e4\u00e4tmete levik, omadused ja taaskasutuse v\u00f5imalused<\/span> Riho M\u00f5tlep (vastutav t\u00e4itja)<\/button>\n        <\/h2>\n        <div id=\"accordion-69e016eb250c8-collapse\" class=\"accordion-collapse collapse\" aria-labelledby=\"accordion-69e016eb250c8-heading\">\n            <div class=\"accordion-body\"> <span id=\"aYHQt9\">Ida-Virumaal j\u00e4\u00e4tmeladestud on mitmekesise p\u00e4ritolu, koostise ja arengulooga, mis raskendab nende kasutuselev\u00f5ttu. J\u00e4\u00e4tmete koostise ja heterogeensuse s\u00fcsteemsed uuringud v\u00f5imaldavad tuvastada erinevaid kasutusv\u00f5imalusi keemiat\u00f6\u00f6stuses, ehitusmaterjalide t\u00f6\u00f6stuses, v\u00e4etiset\u00f6\u00f6stuses ning t\u00e4itematerjalidena. Projekti \u00fcldiseks eesm\u00e4rgiks on s\u00fcsteemse l\u00e4henemise kaudu selgitada Ida-Virumaa tahkete j\u00e4\u00e4tmete koostis ning hinnata parimaid v\u00f5imalusi nende v\u00e4\u00e4rindamiseks. Selleks koostatakse \u00fclevaade Ida-Virumaa tahketest j\u00e4\u00e4tmetest, koost\u00f6\u00f6s ettev\u00f5tetega viiakse l\u00e4bi tahkete j\u00e4\u00e4tmete koostise ja heterogeensuse uuringud ning leitakse v\u00f5imalikud olemasolevaid kasutuslahendused j\u00e4\u00e4tmete v\u00e4\u00e4rindamiseks nii keemiat\u00f6\u00f6stuses kui ka ehitusmaterjalide t\u00f6\u00f6stuses.<\/span><\/div>\n        <\/div>\n        <\/div>\n    <\/div>\n","protected":false},"excerpt":{"rendered":"<p>JOOKSVAD PROJEKTID: \u00d5\u00dcF \u00d5iglase \u00fclemineku fondi teadusmeede \u00d5\u00dcF14 Ida-Virumaa mineraalsete j\u00e4\u00e4tmete v\u00e4\u00e4rindamise tehnoloogiad Kalle Kirsim\u00e4e (vastutav t\u00e4itja)\u00a0 Eesti p\u00f5levkivit\u00f6\u00f6stuses on aastak\u00fcmnete jooksul kuhjunud suures koguses kaevandus- ja p\u00f5levkivi t\u00f6\u00f6tlemise j\u00e4\u00e4ke, millest suurima osa moodustab h\u00fcdratiseerunud p\u00f5levkivituha setted. Tuhaj\u00e4\u00e4tmete taaskasutus on &#8230;<\/p>\n","protected":false},"author":69,"featured_media":0,"parent":0,"menu_order":0,"comment_status":"closed","ping_status":"closed","template":"","meta":{"_acf_changed":false,"inline_featured_image":false,"footnotes":""},"class_list":["post-42","page","type-page","status-publish","hentry"],"acf":[],"_links":{"self":[{"href":"https:\/\/sisu.ut.ee\/marek\/wp-json\/wp\/v2\/pages\/42","targetHints":{"allow":["GET"]}}],"collection":[{"href":"https:\/\/sisu.ut.ee\/marek\/wp-json\/wp\/v2\/pages"}],"about":[{"href":"https:\/\/sisu.ut.ee\/marek\/wp-json\/wp\/v2\/types\/page"}],"author":[{"embeddable":true,"href":"https:\/\/sisu.ut.ee\/marek\/wp-json\/wp\/v2\/users\/69"}],"replies":[{"embeddable":true,"href":"https:\/\/sisu.ut.ee\/marek\/wp-json\/wp\/v2\/comments?post=42"}],"version-history":[{"count":3,"href":"https:\/\/sisu.ut.ee\/marek\/wp-json\/wp\/v2\/pages\/42\/revisions"}],"predecessor-version":[{"id":403,"href":"https:\/\/sisu.ut.ee\/marek\/wp-json\/wp\/v2\/pages\/42\/revisions\/403"}],"wp:attachment":[{"href":"https:\/\/sisu.ut.ee\/marek\/wp-json\/wp\/v2\/media?parent=42"}],"curies":[{"name":"wp","href":"https:\/\/api.w.org\/{rel}","templated":true}]}}