{"id":41,"date":"2024-04-04T01:55:41","date_gmt":"2024-04-03T22:55:41","guid":{"rendered":"https:\/\/sisu.ut.ee\/marek\/3d-mudelid\/"},"modified":"2024-04-04T01:57:25","modified_gmt":"2024-04-03T22:57:25","slug":"3d-mudelid","status":"publish","type":"page","link":"https:\/\/sisu.ut.ee\/marek\/3d-mudelid\/","title":{"rendered":"3D MUDELID"},"content":{"rendered":"<p>Marko Kohvi 3D mudelid on k\u00e4ttesaadavad lehek\u00fcljelt :\u00a0<a href=\"https:\/\/sketchfab.com\/markokohv\" target=\"_blank\" title=\"\" data-url=\"https:\/\/sketchfab.com\/markokohv\" rel=\"noopener\">https:\/\/sketchfab.com\/markokohv<\/a><\/p>\n<p>M\u00f5ned n\u00e4ited mudelitest on allpool:<\/p>\n<p><\/p><div class=\"sketchfab-embed-wrapper\"><div class=\"video-placeholder-wrapper video-placeholder-wrapper--fixed\" style=\"height: 180px;\">\n\t\t\t    <div class=\"video-placeholder d-flex justify-content-center align-items-center\">\n\t\t\t        <div class=\"overlay text-white p-2 w-100 text-center d-block justify-content-center align-items-center\">\n\t\t\t            <div>Kolmandate osapoolte sisu n\u00e4gemiseks palun n\u00f5ustu k\u00fcpsistega.<\/div>\n\t\t\t            <button class=\"btn btn-secondary btn-sm mt-1 consent-change\">Muuda n\u00f5usolekut<\/button>\n\t\t\t        <\/div>\n\t\t\t    <\/div>\n\t\t\t<\/div>\n\n<p style=\"font-size: 13px;font-weight: normal;margin: 5px;color: #4A4A4A\">\n    <a href=\"https:\/\/sketchfab.com\/models\/a022058d232d441ca38b8c56ba5fdcc0?utm_medium=embed&amp;utm_source=website&amp;utm_campain=share-popup\" target=\"_blank\" style=\"font-weight: bold;color: #1CAAD9\" rel=\"noopener\">Pakri pank: Ordovician and Cambrian cliff<\/a><br>\n    by <a href=\"https:\/\/sketchfab.com\/markokohv?utm_medium=embed&amp;utm_source=website&amp;utm_campain=share-popup\" target=\"_blank\" style=\"font-weight: bold;color: #1CAAD9\" rel=\"noopener\">Marko Kohv<\/a><br>\n    on <a href=\"https:\/\/sketchfab.com?utm_medium=embed&amp;utm_source=website&amp;utm_campain=share-popup\" target=\"_blank\" style=\"font-weight: bold;color: #1CAAD9\" rel=\"noopener\">Sketchfab<\/a>\n<\/p>\n<\/div>\n<p>\u00a0<\/p>\n<div class=\"sketchfab-embed-wrapper\"><div class=\"video-placeholder-wrapper video-placeholder-wrapper--fixed\" style=\"height: 180px;\">\n\t\t\t    <div class=\"video-placeholder d-flex justify-content-center align-items-center\">\n\t\t\t        <div class=\"overlay text-white p-2 w-100 text-center d-block justify-content-center align-items-center\">\n\t\t\t            <div>Kolmandate osapoolte sisu n\u00e4gemiseks palun n\u00f5ustu k\u00fcpsistega.<\/div>\n\t\t\t            <button class=\"btn btn-secondary btn-sm mt-1 consent-change\">Muuda n\u00f5usolekut<\/button>\n\t\t\t        <\/div>\n\t\t\t    <\/div>\n\t\t\t<\/div>\n\n<p style=\"font-size: 13px;font-weight: normal;margin: 5px;color: #4A4A4A\">\n    <a href=\"https:\/\/sketchfab.com\/models\/508fdd9ebdfb4e2a878dc4c145c2f645?utm_medium=embed&amp;utm_source=website&amp;utm_campain=share-popup\" target=\"_blank\" style=\"font-weight: bold;color: #1CAAD9\" rel=\"noopener\">Castle<\/a><br>\n    by <a href=\"https:\/\/sketchfab.com\/markokohv?utm_medium=embed&amp;utm_source=website&amp;utm_campain=share-popup\" target=\"_blank\" style=\"font-weight: bold;color: #1CAAD9\" rel=\"noopener\">Marko Kohv<\/a><br>\n    on <a href=\"https:\/\/sketchfab.com?utm_medium=embed&amp;utm_source=website&amp;utm_campain=share-popup\" target=\"_blank\" style=\"font-weight: bold;color: #1CAAD9\" rel=\"noopener\">Sketchfab<\/a>\n<\/p>\n<\/div>\n<p>\u00a0<\/p>\n<div class=\"sketchfab-embed-wrapper\"><div class=\"video-placeholder-wrapper video-placeholder-wrapper--fixed\" style=\"height: 180px;\">\n\t\t\t    <div class=\"video-placeholder d-flex justify-content-center align-items-center\">\n\t\t\t        <div class=\"overlay text-white p-2 w-100 text-center d-block justify-content-center align-items-center\">\n\t\t\t            <div>Kolmandate osapoolte sisu n\u00e4gemiseks palun n\u00f5ustu k\u00fcpsistega.<\/div>\n\t\t\t            <button class=\"btn btn-secondary btn-sm mt-1 consent-change\">Muuda n\u00f5usolekut<\/button>\n\t\t\t        <\/div>\n\t\t\t    <\/div>\n\t\t\t<\/div>\n\n<p style=\"font-size: 13px;font-weight: normal;margin: 5px;color: #4A4A4A\">\n    <a href=\"https:\/\/sketchfab.com\/models\/065fafac46914fe5b55d3beb6b0f117e?utm_medium=embed&amp;utm_source=website&amp;utm_campain=share-popup\" target=\"_blank\" style=\"font-weight: bold;color: #1CAAD9\" rel=\"noopener\">Veczemju Cliffs, Latvia<\/a><br>\n    by <a href=\"https:\/\/sketchfab.com\/markokohv?utm_medium=embed&amp;utm_source=website&amp;utm_campain=share-popup\" target=\"_blank\" style=\"font-weight: bold;color: #1CAAD9\" rel=\"noopener\">Marko Kohv<\/a><br>\n    on <a href=\"https:\/\/sketchfab.com?utm_medium=embed&amp;utm_source=website&amp;utm_campain=share-popup\" target=\"_blank\" style=\"font-weight: bold;color: #1CAAD9\" rel=\"noopener\">Sketchfab<\/a>\n<\/p>\n<\/div>\n<p>\u00a0<\/p>\n<div class=\"sketchfab-embed-wrapper\"><div class=\"video-placeholder-wrapper video-placeholder-wrapper--fixed\" style=\"height: 180px;\">\n\t\t\t    <div class=\"video-placeholder d-flex justify-content-center align-items-center\">\n\t\t\t        <div class=\"overlay text-white p-2 w-100 text-center d-block justify-content-center align-items-center\">\n\t\t\t            <div>Kolmandate osapoolte sisu n\u00e4gemiseks palun n\u00f5ustu k\u00fcpsistega.<\/div>\n\t\t\t            <button class=\"btn btn-secondary btn-sm mt-1 consent-change\">Muuda n\u00f5usolekut<\/button>\n\t\t\t        <\/div>\n\t\t\t    <\/div>\n\t\t\t<\/div>\n\n<p style=\"font-size: 13px;font-weight: normal;margin: 5px;color: #4A4A4A\">\n    <a href=\"https:\/\/sketchfab.com\/models\/6866b96716ad42be8ce243e645b1f042?utm_medium=embed&amp;utm_source=website&amp;utm_campain=share-popup\" target=\"_blank\" style=\"font-weight: bold;color: #1CAAD9\" rel=\"noopener\">Suur Taevaskoda \u2013 Devonian outcrop<\/a><br>\n    by <a href=\"https:\/\/sketchfab.com\/markokohv?utm_medium=embed&amp;utm_source=website&amp;utm_campain=share-popup\" target=\"_blank\" style=\"font-weight: bold;color: #1CAAD9\" rel=\"noopener\">Marko Kohv<\/a><br>\n    on <a href=\"https:\/\/sketchfab.com?utm_medium=embed&amp;utm_source=website&amp;utm_campain=share-popup\" target=\"_blank\" style=\"font-weight: bold;color: #1CAAD9\" rel=\"noopener\">Sketchfab<\/a>\n<\/p>\n<\/div>\n<p>\u00a0<\/p>\n<div class=\"sketchfab-embed-wrapper\"><div class=\"video-placeholder-wrapper video-placeholder-wrapper--fixed\" style=\"height: 180px;\">\n\t\t\t    <div class=\"video-placeholder d-flex justify-content-center align-items-center\">\n\t\t\t        <div class=\"overlay text-white p-2 w-100 text-center d-block justify-content-center align-items-center\">\n\t\t\t            <div>Kolmandate osapoolte sisu n\u00e4gemiseks palun n\u00f5ustu k\u00fcpsistega.<\/div>\n\t\t\t            <button class=\"btn btn-secondary btn-sm mt-1 consent-change\">Muuda n\u00f5usolekut<\/button>\n\t\t\t        <\/div>\n\t\t\t    <\/div>\n\t\t\t<\/div>\n\n<p style=\"font-size: 13px;font-weight: normal;margin: 5px;color: #4A4A4A\">\n    <a href=\"https:\/\/sketchfab.com\/models\/5f92054f844c48069b36c0b5755f296b?utm_medium=embed&amp;utm_source=website&amp;utm_campain=share-popup\" target=\"_blank\" style=\"font-weight: bold;color: #1CAAD9\" rel=\"noopener\">Kalana limestone quarry<\/a><br>\n    by <a href=\"https:\/\/sketchfab.com\/markokohv?utm_medium=embed&amp;utm_source=website&amp;utm_campain=share-popup\" target=\"_blank\" style=\"font-weight: bold;color: #1CAAD9\" rel=\"noopener\">Marko Kohv<\/a><br>\n    on <a href=\"https:\/\/sketchfab.com?utm_medium=embed&amp;utm_source=website&amp;utm_campain=share-popup\" target=\"_blank\" style=\"font-weight: bold;color: #1CAAD9\" rel=\"noopener\">Sketchfab<\/a>\n<\/p>\n<\/div>\n<p>\u00a0<\/p>\n<div class=\"sketchfab-embed-wrapper\"><div class=\"video-placeholder-wrapper video-placeholder-wrapper--fixed\" style=\"height: 180px;\">\n\t\t\t    <div class=\"video-placeholder d-flex justify-content-center align-items-center\">\n\t\t\t        <div class=\"overlay text-white p-2 w-100 text-center d-block justify-content-center align-items-center\">\n\t\t\t            <div>Kolmandate osapoolte sisu n\u00e4gemiseks palun n\u00f5ustu k\u00fcpsistega.<\/div>\n\t\t\t            <button class=\"btn btn-secondary btn-sm mt-1 consent-change\">Muuda n\u00f5usolekut<\/button>\n\t\t\t        <\/div>\n\t\t\t    <\/div>\n\t\t\t<\/div>\n\n<p style=\"font-size: 13px;font-weight: normal;margin: 5px;color: #4A4A4A\">\n    <a href=\"https:\/\/sketchfab.com\/models\/e1f44db9661c4f17982a87a67256a1be?utm_medium=embed&amp;utm_source=website&amp;utm_campain=share-popup\" target=\"_blank\" style=\"font-weight: bold;color: #1CAAD9\" rel=\"noopener\">Oil shale quarry in NE Estonia<\/a><br>\n    by <a href=\"https:\/\/sketchfab.com\/markokohv?utm_medium=embed&amp;utm_source=website&amp;utm_campain=share-popup\" target=\"_blank\" style=\"font-weight: bold;color: #1CAAD9\" rel=\"noopener\">Marko Kohv<\/a><br>\n    on <a href=\"https:\/\/sketchfab.com?utm_medium=embed&amp;utm_source=website&amp;utm_campain=share-popup\" target=\"_blank\" style=\"font-weight: bold;color: #1CAAD9\" rel=\"noopener\">Sketchfab<\/a>\n<\/p>\n<\/div>\n<div class=\"sketchfab-embed-wrapper\">\n<p style=\"font-size: 13px;font-weight: normal;margin: 5px;color: #4a4a4a\"><a style=\"font-weight: bold;color: #1caad9\" href=\"https:\/\/sketchfab.com\/models\/a022058d232d441ca38b8c56ba5fdcc0?utm_medium=embed&amp;utm_source=website&amp;utm_campain=share-popup\" target=\"_blank\" rel=\"noopener\">\u00a0<\/a><\/p>\n<\/div>\n<p>\u00a0<\/p>\n<p><span class=\"nolink\" data-mce-mark=\"1\"><\/span><\/p>\n<div class=\"sketchfab-embed-wrapper\"><\/div>\n","protected":false},"excerpt":{"rendered":"<p>Marko Kohvi 3D mudelid on k\u00e4ttesaadavad lehek\u00fcljelt :\u00a0https:\/\/sketchfab.com\/markokohv M\u00f5ned n\u00e4ited mudelitest on allpool: Kolmandate osapoolte sisu n\u00e4gemiseks palun n\u00f5ustu k\u00fcpsistega. Muuda n\u00f5usolekut Pakri pank: Ordovician and Cambrian cliff by Marko Kohv on Sketchfab \u00a0 Kolmandate osapoolte sisu n\u00e4gemiseks palun n\u00f5ustu &#8230;<\/p>\n","protected":false},"author":69,"featured_media":0,"parent":0,"menu_order":0,"comment_status":"closed","ping_status":"closed","template":"","meta":{"_acf_changed":false,"inline_featured_image":false,"footnotes":""},"class_list":["post-41","page","type-page","status-publish","hentry"],"acf":[],"_links":{"self":[{"href":"https:\/\/sisu.ut.ee\/marek\/wp-json\/wp\/v2\/pages\/41","targetHints":{"allow":["GET"]}}],"collection":[{"href":"https:\/\/sisu.ut.ee\/marek\/wp-json\/wp\/v2\/pages"}],"about":[{"href":"https:\/\/sisu.ut.ee\/marek\/wp-json\/wp\/v2\/types\/page"}],"author":[{"embeddable":true,"href":"https:\/\/sisu.ut.ee\/marek\/wp-json\/wp\/v2\/users\/69"}],"replies":[{"embeddable":true,"href":"https:\/\/sisu.ut.ee\/marek\/wp-json\/wp\/v2\/comments?post=41"}],"version-history":[{"count":1,"href":"https:\/\/sisu.ut.ee\/marek\/wp-json\/wp\/v2\/pages\/41\/revisions"}],"predecessor-version":[{"id":328,"href":"https:\/\/sisu.ut.ee\/marek\/wp-json\/wp\/v2\/pages\/41\/revisions\/328"}],"wp:attachment":[{"href":"https:\/\/sisu.ut.ee\/marek\/wp-json\/wp\/v2\/media?parent=41"}],"curies":[{"name":"wp","href":"https:\/\/api.w.org\/{rel}","templated":true}]}}