{"id":39,"date":"2024-04-04T01:55:41","date_gmt":"2024-04-03T22:55:41","guid":{"rendered":"https:\/\/sisu.ut.ee\/marek\/meedia\/"},"modified":"2024-04-29T13:01:21","modified_gmt":"2024-04-29T10:01:21","slug":"meedia","status":"publish","type":"page","link":"https:\/\/sisu.ut.ee\/marek\/meedia\/","title":{"rendered":"KAJASTUSED MEEDIAS"},"content":{"rendered":"<ul>\n<li>06. november 2023 <a title=\"\" href=\"https:\/\/novaator.err.ee\/1609155880\/tu-teadlased-elektriautod-soidavad-liitiumil-ka-tulevikus\" target=\"_blank\" rel=\"noopener\" data-url=\"https:\/\/novaator.err.ee\/1609155880\/tu-teadlased-elektriautod-soidavad-liitiumil-ka-tulevikus\">T\u00dc teadlased: elektriautod s\u00f5idavad liitiumil ka tulevikus<\/a> (Novaator)<\/li>\n<li>17. m\u00e4rts 2023 <a title=\"\" href=\"https:\/\/novaator.err.ee\/1608918341\/eesti-fosforiidi-tulevik-soltub-uksikasjadest\" target=\"_blank\" rel=\"noopener\" data-url=\"https:\/\/novaator.err.ee\/1608918341\/eesti-fosforiidi-tulevik-soltub-uksikasjadest\">Eesti fosforiidi tulevik s\u00f5ltub \u00fcksikasjadest<\/a> (Novaator)<\/li>\n<li>26. jaanuar 2023 <a title=\"\" href=\"https:\/\/novaator.err.ee\/1608863891\/geoloog-haruldasi-muldmetalle-tasub-jahtida-pohimaavara-kaevandades\" target=\"_blank\" rel=\"noopener\" data-url=\"https:\/\/novaator.err.ee\/1608863891\/geoloog-haruldasi-muldmetalle-tasub-jahtida-pohimaavara-kaevandades\">Geoloog: haruldasi muldmetalle tasub jahtida p\u00f5himaavara kaevandades<\/a> (Novaator)<\/li>\n<li>24.11.2022 <a title=\"\" href=\"https:\/\/novaator.err.ee\/1608798577\/peipsiaare-arseeniprobleemi-taga-peitub-vaid-uks-kivimikiht\" target=\"_blank\" rel=\"noopener\" data-url=\"https:\/\/novaator.err.ee\/1608798577\/peipsiaare-arseeniprobleemi-taga-peitub-vaid-uks-kivimikiht\">Peipsi\u00e4\u00e4re arseeniprobleemi taga peitub vaid \u00fcks kivimkiht<\/a> (Novaator)<\/li>\n<li>22.06.2022 <a title=\"\" href=\"https:\/\/novaator.err.ee\/1608637201\/rohepoore-peibutab-pohjamaid-liitiumipalavikuga\" target=\"_blank\" rel=\"noopener\" data-url=\"https:\/\/novaator.err.ee\/1608637201\/rohepoore-peibutab-pohjamaid-liitiumipalavikuga\">Rohep\u00f6\u00f6re peibutab P\u00f5hjamaid liitiumipalavikuga<\/a> (Novaator)<\/li>\n<li>20.01.2021 <a title=\"\" href=\"\/marek\/\" target=\"_blank\" rel=\"noopener\" data-url=\"\/marek\/\">Fosforiit ja haruldased muldmetallid \u2013 kas Eesti\u00a0 peaks kaevandama?<\/a> (Novaator)<\/li>\n<li>07.10.2020 <a title=\"\" href=\"https:\/\/novaator.err.ee\/1144085\/tallinna-helsingi-tunnel-voib-muuta-viimsilaste-vee-joogikolbmatuks\" target=\"_blank\" rel=\"noopener\" data-url=\"https:\/\/novaator.err.ee\/1144085\/tallinna-helsingi-tunnel-voib-muuta-viimsilaste-vee-joogikolbmatuks\">Tallinna-Helsingi tunnel v\u00f5ib muuta viimsilaste vee joogik\u00f5lbmatuks<\/a> (Novaator)<\/li>\n<li>22.09.2020 <a title=\"\" href=\"https:\/\/novaator.err.ee\/1138181\/uuringu-kohaselt-on-eesti-maapoues-usna-suured-uraani-varud\" target=\"_blank\" rel=\"noopener\" data-url=\"https:\/\/novaator.err.ee\/1138181\/uuringu-kohaselt-on-eesti-maapoues-usna-suured-uraani-varud\">Uuringu kohaselt on Eesti maap\u00f5ues \u00fcsna suured uraani varud<\/a> (Novaator)<\/li>\n<li>21. mai 2017 <a href=\"http:\/\/digileht.maaleht.delfi.ee\/uudised\/eesti-maapou-peidab-tohutut-varandust?id=74610633\">Eesti maap\u00f5u peidab tohutut varandust <\/a>(Maaleht)\u00a0<a href=\"https:\/\/sisu.ut.ee\/wp-content\/uploads\/sites\/147\/26.05.2016_v2_eesti_maapou_peidab_tohutut_varandust_0.pdf\" target=\"_blank\" rel=\"noopener\" data-fid=\"21787\">pdf<\/a><\/li>\n<li>4. m\u00e4rts 2016 <a href=\"http:\/\/novaator.err.ee\/258675\/professor-fosforiidiuuringuid-ei-saa-jatta-ettevotete-kaela\">Professor: fosforiidiuuringuid ei saa j\u00e4tta ettev\u00f5tete kaela <\/a>(ERR Novaator)\u00a0<a href=\"https:\/\/sisu.ut.ee\/wp-content\/uploads\/sites\/147\/04.03.2016._professor_fosforiidiuuringuid_ei_saa_jatta_ettevotete_kaela_keskkond_err.pdf\" target=\"_blank\" rel=\"noopener\" data-fid=\"21788\">pdf<\/a><\/li>\n<li>3. juuni 2016 <a href=\"http:\/\/www.sirp.ee\/s1-artiklid\/c21-teadus\/eesti-geoteadused-kilbita-voi-kilbil\/\">Eesti geoteadused \u2013 kilbita v\u00f5i kilbil? <\/a>(Sirp)\u00a0<a href=\"https:\/\/sisu.ut.ee\/wp-content\/uploads\/sites\/147\/3.juuni_.2016eesti_geoteadused_-_kilbita_voi_kilbil_-_sirp.pdf\" target=\"_blank\" rel=\"noopener\" data-fid=\"21789\">pdf<\/a><\/li>\n<li>23. mai 2016 <a href=\"http:\/\/novaator.err.ee\/259042\/galerii-jalutuskaigust-maapoue-mis-on-meie-jalgade-all\">Galerii jalutusk\u00e4igust maap\u00f5ue: mis on meie jalgade all? <\/a>(ERR Novaator)\u00a0<a href=\"https:\/\/sisu.ut.ee\/wp-content\/uploads\/sites\/147\/23.05.2016galerii_jalutuskaigust_maapoue_mis_on_meie_jalgade_all_keskkond_err.pdf\" target=\"_blank\" rel=\"noopener\" data-fid=\"21790\">pdf<\/a><\/li>\n<li>22. mai 2016 <a href=\"http:\/\/vikerraadio.err.ee\/v\/labor\/saated\/73262716-8fdb-4463-ad80-6fce16801f6b\/labor-robotite-tulek-neutroniallikas-suvakivihoidla\">Labor<\/a>\u00a0(Vikerraadio saade)<\/li>\n<li>21. mai 2016 <a href=\"http:\/\/virumaateataja.postimees.ee\/3702441\/teadlased-paris-ilma-keskkonnamojudeta-kaevandada-ei-saa\" target=\"_new\" rel=\"noopener\">Teadlased: \u201cP\u00e4ris ilma keskkonnam\u00f5judeta kaevandada ei saa<\/a>\u00a0(Virumaa Teataja)<\/li>\n<li>23. aprill 2016 <a href=\"http:\/\/www.ohtuleht.ee\/729080\/eesti-teadlased-proovivad-maapoue-tungida\">Eesti teadlased proovivad maap\u00f5ue tungida<\/a> (\u00d5htuleht)\u00a0<a href=\"https:\/\/sisu.ut.ee\/wp-content\/uploads\/sites\/147\/23.aprill.2016_eesti_teadlased_proovivad_maapoue_tungida_ohtuleht.pdf\" target=\"_blank\" rel=\"noopener\" data-fid=\"21791\">pdf<\/a><\/li>\n<li>22. aprill 2016\u00a0<a href=\"http:\/\/forte.delfi.ee\/news\/maa\/marek-ehk-maapoueressursside-arenduskeskus-uurib-meie-maavarasid-lahemalt?id=74303737\">MAREK ehk maap\u00f5ueressursside arenduskeskus uurib meie maavarasid l\u00e4hemalt<\/a> (forte.delfi.ee)\u00a0<a href=\"https:\/\/sisu.ut.ee\/wp-content\/uploads\/sites\/147\/22.04.2016marek_ehk_maapoueressursside_arenduskes.uurib_meie_maavarasid_lahemalt_-_forte.pdf\" target=\"_blank\" rel=\"noopener\" data-fid=\"21795\">pdf<\/a><\/li>\n<li>20. aprill 2016\u00a0<a href=\"http:\/\/novaator.err.ee\/258888\/rikkus-voi-probleemiallikas-teadlased-suuvivad-eesti-maapoue-sugavustesse\">Rikkus v\u00f5i probleemiallikas? Teadlased s\u00fc\u00fcbivad Eesti maap\u00f5ue s\u00fcgavustesse <\/a>(ERR Novaator)\u00a0<a href=\"https:\/\/sisu.ut.ee\/wp-content\/uploads\/sites\/147\/20.04.2016_rikkus_voi_probleemiallikas_novaator.pdf\" target=\"_blank\" rel=\"noopener\" data-fid=\"21796\">pdf<\/a><\/li>\n<li>20. aprill 2016\u00a0<a href=\"http:\/\/tartu.postimees.ee\/3662553\/tu-juurde-loodi-maavarade-arenduskeskus\">T\u00dc juurde loodi maavarade arenduskeskus <\/a>(Tartu Postimees)\u00a0<a href=\"https:\/\/sisu.ut.ee\/wp-content\/uploads\/sites\/147\/20.04.2016.tu_juurde_loodi_maavarade_arenduskeskus_0.pdf\" target=\"_blank\" rel=\"noopener\" data-fid=\"21797\">pdf<\/a><\/li>\n<li>19. mai 2016 <a href=\"http:\/\/uudised.err.ee\/v\/majandus\/86cc86c4-bb6a-4639-8188-ee5c342e0712\/teadlased-minevikuga-seotud-emotsioonid-mojutavad-fosforiidi-kaasaegset-uurimist\">Teadlased: minevikuga seotud emotsioonid m\u00f5jutavad fosforiidi kaasaegset uurimist<\/a>\u00a0(ERR uudised)\u00a0<a href=\"https:\/\/sisu.ut.ee\/wp-content\/uploads\/sites\/147\/19.05.2016teadlased_minevikuga_seotud_emotsiooni.i_kaasaegset_uurimist_majandus_err.pdf\" target=\"_blank\" rel=\"noopener\" data-fid=\"21793\">pdf<\/a><\/li>\n<li>16. oktoober 2015 <a href=\"http:\/\/etv.err.ee\/v\/majandus\/ba3b8faf-b95a-4312-9fe2-7516230b8a47\/maavarade-moistlik-kasutamine-peaks-tagama-majandusarengu-ja-keskkonnahoiu-vahelise-tasakaalu\">Maavarade m\u00f5istlik kasutamine peaks tagama majandusarengu ja keskkonnahoiu vahelise tasakaalu<\/a> (ERR uudised)\u00a0<a href=\"https:\/\/sisu.ut.ee\/wp-content\/uploads\/sites\/147\/16.10.2015maavarade_moistlik_kasutamine_peaks_tag.oiu_vahelise_tasakaalu_uudised_err.pdf\" target=\"_blank\" rel=\"noopener\" data-fid=\"21799\">pdf<\/a><\/li>\n<li>23. september 2015 Kalle Kirsim\u00e4e <a href=\"http:\/\/novaator.err.ee\/257656\/kalle-kirsimae-loeng-ei-hobedat-ei-kulda\">loeng<\/a>: \u201cEi h\u00f5bedat ei kulda\u2026?\u201d (ERR Novaator)<\/li>\n<\/ul>\n","protected":false},"excerpt":{"rendered":"<p>06. november 2023 T\u00dc teadlased: elektriautod s\u00f5idavad liitiumil ka tulevikus (Novaator) 17. m\u00e4rts 2023 Eesti fosforiidi tulevik s\u00f5ltub \u00fcksikasjadest (Novaator) 26. jaanuar 2023 Geoloog: haruldasi muldmetalle tasub jahtida p\u00f5himaavara kaevandades (Novaator) 24.11.2022 Peipsi\u00e4\u00e4re arseeniprobleemi taga peitub vaid \u00fcks kivimkiht (Novaator) &#8230;<\/p>\n","protected":false},"author":69,"featured_media":0,"parent":0,"menu_order":0,"comment_status":"closed","ping_status":"closed","template":"","meta":{"_acf_changed":false,"inline_featured_image":false,"footnotes":""},"class_list":["post-39","page","type-page","status-publish","hentry"],"acf":[],"_links":{"self":[{"href":"https:\/\/sisu.ut.ee\/marek\/wp-json\/wp\/v2\/pages\/39","targetHints":{"allow":["GET"]}}],"collection":[{"href":"https:\/\/sisu.ut.ee\/marek\/wp-json\/wp\/v2\/pages"}],"about":[{"href":"https:\/\/sisu.ut.ee\/marek\/wp-json\/wp\/v2\/types\/page"}],"author":[{"embeddable":true,"href":"https:\/\/sisu.ut.ee\/marek\/wp-json\/wp\/v2\/users\/69"}],"replies":[{"embeddable":true,"href":"https:\/\/sisu.ut.ee\/marek\/wp-json\/wp\/v2\/comments?post=39"}],"version-history":[{"count":2,"href":"https:\/\/sisu.ut.ee\/marek\/wp-json\/wp\/v2\/pages\/39\/revisions"}],"predecessor-version":[{"id":400,"href":"https:\/\/sisu.ut.ee\/marek\/wp-json\/wp\/v2\/pages\/39\/revisions\/400"}],"wp:attachment":[{"href":"https:\/\/sisu.ut.ee\/marek\/wp-json\/wp\/v2\/media?parent=39"}],"curies":[{"name":"wp","href":"https:\/\/api.w.org\/{rel}","templated":true}]}}