{"id":38,"date":"2024-04-04T01:55:41","date_gmt":"2024-04-03T22:55:41","guid":{"rendered":"https:\/\/sisu.ut.ee\/marek\/loppenud-projektid\/"},"modified":"2024-04-04T01:57:25","modified_gmt":"2024-04-03T22:57:25","slug":"loppenud-projektid","status":"publish","type":"page","link":"https:\/\/sisu.ut.ee\/marek\/loppenud-projektid\/","title":{"rendered":"L\u00d5PPENUD PROJEKTID (valik, viimased 7 aastat.):"},"content":{"rendered":"<ul>\n<li>\n\t\t<span class=\"z-label\" id=\"aYHQ_5\">L\u00e4\u00e4nemere p\u00f5hjasetete geokeemilised-mineraloogilised anal\u00fc\u00fcsid<\/span>, 36 270 EUR\n\t<\/li>\n<li>\n\t\t<span class=\"z-label\" id=\"aYHQ_5\">Altkaevandatud alade tagasit\u00e4itmine p\u00f5levkivit\u00f6\u00f6stuse j\u00e4\u00e4kmaterjalidega, 98 146 EUR<\/span>\n\t<\/li>\n<li>\n\t\tP\u00f5levkivi energiat\u00f6\u00f6stuse tuhaladestute koostise uuringud, etapid\n\t<\/li>\n<li>\n\t\t<span class=\"z-label\" id=\"aYHQ_5\">Maismaa\u00f6kos\u00fcsteemiteenuste \u00fcleriigiline rahaline hindamine, sh metoodika v\u00e4ljat\u00f6\u00f6tamine<\/span>, 187 000 EUR\n\t<\/li>\n<li>\n\t\t<span class=\"z-label\" id=\"aYHQ_5\">Teaduse valdkondliku mitmekesisuse m\u00e4\u00e4ratlemine, selle seire metoodika ja m\u00f5\u00f5diku v\u00e4ljat\u00f6\u00f6tamine<\/span>, 24 969,20 EUR\n\t<\/li>\n<li>\n\t\t<span class=\"z-label\" id=\"bXGQ_5\">P\u00f5levkivituha v\u00e4\u00e4rindamise ja ringlusse suunamise v\u00f5imaluste rakendusuuring<\/span>, 46 746 EUR\n\t<\/li>\n<li>\n\t\t<span class=\"z-label\" id=\"aYHQ_5\">Haruldaste muldmetallide sisaldused ja jaotumine Eesti karbifosforiidis: kontrollivad mehhanismid ja eraldamisv\u00f5imalused<\/span>, 664 237 EUR\n\t<\/li>\n<li>\n\t\t<span class=\"z-label\" id=\"aYHQ_5\">Arseeni levik ja seda kontrollivad tegurid Tartumaa p\u00f5hjavees<\/span>, 67 807 EUR\n\t<\/li>\n<li>\n\t\tL\u00e4\u00e4ne-Harju valla geoloogilis-h\u00fcdroloogilised uuringud, 373 400 EUR\n\t<\/li>\n<li>\n\t\t<span class=\"z-label\" id=\"aYHQ_5\">Maaradari uuringud riigiteedel<\/span>, 6600 EUR\n\t<\/li>\n<li>\n\t\tVanaadiumi levik ja esinemisvormid graptoliitargilliidis ning eraldamise tehnoloogiad, 342 832 EUR\n\t<\/li>\n<li>\n\t\t<span class=\"z-label\" id=\"aYHQ_5\">Eksperthinnangu koostamine Eesti-L\u00e4ti Interreg programmi projekti WaterAct raames<\/span>, 6 667 EUR\n\t<\/li>\n<li>\n\t\tEhitusmaavarade otstarbeka kasutuse mudelid, 29 000 EUR\n\t<\/li>\n<li>\n\t\t<span class=\"z-label\" id=\"aYHQ_5\">Paldiski vesisalvesti asukoha geof\u00fc\u00fcsikalised uuringud<\/span>, 12 000 EUR\n\t<\/li>\n<li>\n\t\t<span class=\"z-label\" id=\"aYHQ_5\">Saarde tuulepargi kolme planeeritava tuuliku asukoha geof\u00fc\u00fcsikalised uuringud<\/span>, 12 000 EUR\n\t<\/li>\n<li>\n\t\t<span class=\"z-label\" id=\"aYHQ_5\">Kliimamuutuste leevendamine l\u00e4bi CCS ja CCU tehnoloogiate<\/span>, juhtpartner TalTech, 55 591,77 EUR\n\t<\/li>\n<li>\n\t\t<span class=\"z-label\" id=\"aYHQ_5\">P\u00f5levkivituhkade ohtlikkuse uuring<\/span>, juhtpartner TalTech, 100 000 EUR\n\t<\/li>\n<li>\n\t\t<span class=\"z-label\" id=\"aYHQ_5\">Eesti glaukoniitliivakivi K-termov\u00e4etise toormena I: glaukoniidi omadused ja t\u00f6\u00f6deldavus<\/span>, 104 721 EUR\n\t<\/li>\n<li>\n\t\t<span class=\"z-label\" id=\"aYHQ_5\">Maasoojuss\u00fcsteemide rajamisega seotud seadusandlik regulatsioon ja soovitused ning nende muutmise vajaduse hindamine<\/span>, 51 406,41 EUR\n\t<\/li>\n<li>\n\t\t<span class=\"z-label\" id=\"aYHQ_5\">V\u00e4rska leiukoha mineraalvee sobivus loodusliku ninasprei tootmiseks<\/span>, 40 000 EUR\n\t<\/li>\n<li>\n\t\t<span class=\"z-label\" id=\"aYHQ_5\">Innovatiivsed p\u00f5levkivi gaasistamise, p\u00fcrol\u00fc\u00fcsi ja p\u00f5letamise tehnoloogiad<\/span>, juhtpartner TalTech, 50 517 EUR\n\t<\/li>\n<li>\n\t\t<span class=\"z-label\" id=\"aYHQ_5\">VKG Energia O\u00dc P\u00f5hja Soojuselektrijaama suitsugaaside puhastamise j\u00e4\u00e4kprodukti t\u00e4iendav uuring<\/span>, 8735 EUR\n\t<\/li>\n<li>\n\t\t<span class=\"z-label\" id=\"aYHQ_5\">R\u00e4\u00e4ma raba ehitusgeoloogilised uurimist\u00f6\u00f6d<\/span>, 23 000 EUR\n\t<\/li>\n<li>\n\t\t<span class=\"z-label\" id=\"aYHQ_5\">Paldiski pumph\u00fcdroakumulatsioonijaama (PHEJ) rajamisega kaasneva maav\u00f5ngete uuring<\/span>, 7000 EUR\n\t<\/li>\n<li>\n\t\t<span class=\"z-label\" id=\"aYHQ_5\">P\u00f5hjaveevarude hindamine<\/span>, 52 000 EUR\n\t<\/li>\n<li>\n\t\t<span class=\"z-label\" id=\"aYHQ_5\">Mattunud orgude seismomeetriline uuring P\u00e4rnumaal<\/span>, 12 000 EUR\n\t<\/li>\n<li>\n\t\t<span class=\"z-label\" id=\"aYHQ_5\">Viivikonna tektoonilise rikke geoloogilise uuringu programmi koostamine<\/span>, 4800 EUR\n\t<\/li>\n<li>\n\t\t<span class=\"z-label\" id=\"aYHQ_5\">H\u00fcdrogeoloogilise ja limnoloogilise uuringu l\u00e4biviimine koos loodusdirektiivi j\u00e4rvedele lubatava veetaseme k\u00f5ikumise vahemiku m\u00e4\u00e4ramisega Kurtna maastikukaitsealal<\/span>, 51 415 EUR\n\t<\/li>\n<li>\n\t\t<span class=\"z-label\" id=\"aYHQ_5\">P\u00f5levkivi piirkonna soode rajoneerimine<\/span>, 259 948,39 EUR\n\t<\/li>\n<li>\n\t\t<span class=\"z-label\" id=\"aYHQ_5\">Virumaa maavarade v\u00f5imaliku kaevandamise keskkonnam\u00f5jud p\u00f5hja- ja pinnaveele ning maastikule keskkonnageoloogiliste mudelitega anal\u00fc\u00fcsituna koos alternatiivsete leevendusmeetmetega<\/span>, 397 739,70 EUR\n\t<\/li>\n<li>\n\t\tSoode \u00f6koloogilise funktsionaalsuse tagamiseks vajalike puhvertsoonide m\u00e4\u00e4ratlemine pikaajaliste h\u00e4iringute leviku piiramiseks v\u00f5i leevendamiseks\n\t<\/li>\n<li>\n\t\tH\u00fcdrogeoloogiline rakendusuuring Rummu karj\u00e4\u00e4rij\u00e4rve \u00fcmbruse liigniiskuse ja Rummu aleviku Aia t\u00e4nava majade keldrite \u00fcleujutuste p\u00f5hjuste v\u00e4ljaselgitamiseks\n\t<\/li>\n<li>\n\t\tPaldiski LNG terminali asukoha seismomeetriline uuring\n\t<\/li>\n<li>\n\t\tLubjakivi ressursside hinnang Karinu-Rakke-Tamsalu piirkonnas\n\t<\/li>\n<\/ul>\n","protected":false},"excerpt":{"rendered":"<p>L\u00e4\u00e4nemere p\u00f5hjasetete geokeemilised-mineraloogilised anal\u00fc\u00fcsid, 36 270 EUR Altkaevandatud alade tagasit\u00e4itmine p\u00f5levkivit\u00f6\u00f6stuse j\u00e4\u00e4kmaterjalidega, 98 146 EUR P\u00f5levkivi energiat\u00f6\u00f6stuse tuhaladestute koostise uuringud, etapid Maismaa\u00f6kos\u00fcsteemiteenuste \u00fcleriigiline rahaline hindamine, sh metoodika v\u00e4ljat\u00f6\u00f6tamine, 187 000 EUR Teaduse valdkondliku mitmekesisuse m\u00e4\u00e4ratlemine, selle seire metoodika ja m\u00f5\u00f5diku &#8230;<\/p>\n","protected":false},"author":69,"featured_media":0,"parent":0,"menu_order":0,"comment_status":"closed","ping_status":"closed","template":"","meta":{"_acf_changed":false,"inline_featured_image":false,"footnotes":""},"class_list":["post-38","page","type-page","status-publish","hentry"],"acf":[],"_links":{"self":[{"href":"https:\/\/sisu.ut.ee\/marek\/wp-json\/wp\/v2\/pages\/38","targetHints":{"allow":["GET"]}}],"collection":[{"href":"https:\/\/sisu.ut.ee\/marek\/wp-json\/wp\/v2\/pages"}],"about":[{"href":"https:\/\/sisu.ut.ee\/marek\/wp-json\/wp\/v2\/types\/page"}],"author":[{"embeddable":true,"href":"https:\/\/sisu.ut.ee\/marek\/wp-json\/wp\/v2\/users\/69"}],"replies":[{"embeddable":true,"href":"https:\/\/sisu.ut.ee\/marek\/wp-json\/wp\/v2\/comments?post=38"}],"version-history":[{"count":1,"href":"https:\/\/sisu.ut.ee\/marek\/wp-json\/wp\/v2\/pages\/38\/revisions"}],"predecessor-version":[{"id":325,"href":"https:\/\/sisu.ut.ee\/marek\/wp-json\/wp\/v2\/pages\/38\/revisions\/325"}],"wp:attachment":[{"href":"https:\/\/sisu.ut.ee\/marek\/wp-json\/wp\/v2\/media?parent=38"}],"curies":[{"name":"wp","href":"https:\/\/api.w.org\/{rel}","templated":true}]}}