{"id":34,"date":"2024-04-04T01:55:40","date_gmt":"2024-04-03T22:55:40","guid":{"rendered":"https:\/\/sisu.ut.ee\/marek\/kksotsioloogia_projektid\/"},"modified":"2024-04-04T01:57:25","modified_gmt":"2024-04-03T22:57:25","slug":"kksotsioloogia_projektid","status":"publish","type":"page","link":"https:\/\/sisu.ut.ee\/marek\/kksotsioloogia_projektid\/","title":{"rendered":"Keskkonnasotsioloogia"},"content":{"rendered":"<p><strong>\u00a0<\/strong><\/p>\n<p><span style=\"text-decoration: underline;font-size: medium\">Bakalaureuse,-magistri,- ja doktorit\u00f6\u00f6d:<\/span><\/p>\n<p><span style=\"color: #800000\"><strong><\/strong><\/span><\/p>\n<p><span style=\"color: #800000\"><strong>2016<\/strong><\/span><\/p>\n<p><strong>Liiv, Katre.<\/strong> Kurtna maastikukaitseala huvir\u00fchmade suhtluse kitsaskohad. Tallinn, 2016. 63 l. Juhendajad: K.Tampere, K.Orru, J.Terasmaa.<\/p>\n<p><span style=\"color: #800000\"><strong>\u00a0<\/strong><\/span><\/p>\n<p><span style=\"color: #800000\"><strong>2014<\/strong><\/span><\/p>\n<p><strong>Kuslap, Anna-Liisa.<\/strong><strong>\u00a0<\/strong>Kohalike omavalitsuste motiivid uuringu- v\u00f5i kaevandamisloa andmisest keeldumiseks Eesti paekivi maardlates. Tartu, 2014, 89 l.\u00a0 Juhendajad: L. Ainsaar, A. Rosentau, K. Orru. <strong>M 135<\/strong><\/p>\n","protected":false},"excerpt":{"rendered":"<p>\u00a0 Bakalaureuse,-magistri,- ja doktorit\u00f6\u00f6d: 2016 Liiv, Katre. Kurtna maastikukaitseala huvir\u00fchmade suhtluse kitsaskohad. Tallinn, 2016. 63 l. Juhendajad: K.Tampere, K.Orru, J.Terasmaa. \u00a0 2014 Kuslap, Anna-Liisa.\u00a0Kohalike omavalitsuste motiivid uuringu- v\u00f5i kaevandamisloa andmisest keeldumiseks Eesti paekivi maardlates. Tartu, 2014, 89 l.\u00a0 Juhendajad: L. &#8230;<\/p>\n","protected":false},"author":69,"featured_media":0,"parent":0,"menu_order":0,"comment_status":"closed","ping_status":"closed","template":"","meta":{"_acf_changed":false,"inline_featured_image":false,"footnotes":""},"class_list":["post-34","page","type-page","status-publish","hentry"],"acf":[],"_links":{"self":[{"href":"https:\/\/sisu.ut.ee\/marek\/wp-json\/wp\/v2\/pages\/34","targetHints":{"allow":["GET"]}}],"collection":[{"href":"https:\/\/sisu.ut.ee\/marek\/wp-json\/wp\/v2\/pages"}],"about":[{"href":"https:\/\/sisu.ut.ee\/marek\/wp-json\/wp\/v2\/types\/page"}],"author":[{"embeddable":true,"href":"https:\/\/sisu.ut.ee\/marek\/wp-json\/wp\/v2\/users\/69"}],"replies":[{"embeddable":true,"href":"https:\/\/sisu.ut.ee\/marek\/wp-json\/wp\/v2\/comments?post=34"}],"version-history":[{"count":1,"href":"https:\/\/sisu.ut.ee\/marek\/wp-json\/wp\/v2\/pages\/34\/revisions"}],"predecessor-version":[{"id":353,"href":"https:\/\/sisu.ut.ee\/marek\/wp-json\/wp\/v2\/pages\/34\/revisions\/353"}],"wp:attachment":[{"href":"https:\/\/sisu.ut.ee\/marek\/wp-json\/wp\/v2\/media?parent=34"}],"curies":[{"name":"wp","href":"https:\/\/api.w.org\/{rel}","templated":true}]}}