{"id":28,"date":"2024-04-04T01:55:40","date_gmt":"2024-04-03T22:55:40","guid":{"rendered":"https:\/\/sisu.ut.ee\/marek\/pinnakate_ja_aluspohi\/"},"modified":"2024-04-29T13:16:37","modified_gmt":"2024-04-29T10:16:37","slug":"pinnakate_ja_aluspohi","status":"publish","type":"page","link":"https:\/\/sisu.ut.ee\/marek\/pinnakate_ja_aluspohi\/","title":{"rendered":"Pinnakate ja alusp\u00f5hi"},"content":{"rendered":"<p>Pinnakatte ja alusp\u00f5hja ressursside, kruusa-liivamaardlad, turvas jm, geof\u00fc\u00fcsikaliste uuringute j\u00e4tkuks v\u00f5i eraldi l\u00e4bi viidava uuringuna teostame\u00a0pinnase- ja kivimiproovide v\u00f5tmist erinevate k\u00e4si- ning motoriseeritud puuridega v\u00f5i iseliikuva puuragregaadiga. Puuragregaadi v\u00e4ikesed m\u00f5\u00f5tmed ja mobiilsus v\u00f5imaldavad seadet kasutada ka piiratud ruumiga kohtades, nt siseruumid.<\/p>\n<p>Kontakt: <a href=\"https:\/\/sisu.ut.ee\/marek\/inimesed\" rel=\"tag\">Tiit Hang<\/a> tiit.hang(\u00e4t)ut.ee<\/p>\n<h3>Kasutatavad aparatuurid ja nende v\u00f5imalused<\/h3>\n<p><strong>Iseliikuv puurseade \u2018Dando Terrier 2002\u2019<\/strong><\/p>\n<p><img loading=\"lazy\" decoding=\"async\" src=\"\/wp-content\/uploads\/sites\/147\/dsc_1032.jpg\" width=\"250\" height=\"168\"><\/p>\n<p>On roomikutel paiknev v\u00e4ikesem\u00f5\u00f5duline (800 x 1200 cm; 1100kg), diiselmootoriga juhitav h\u00fcdrojaam, mis suudab t\u00f6\u00f6tada kahel re\u017eiimil: l\u00f6\u00f6kpuurina (63.5 kg raskus, l\u00f6\u00f6kide sagedus kuni 50 l\u00f6\u00f6ki\/min) ja rootorpuurina (olemas 15 m tigupuuri 70mm), v\u00f5imalik kohendada ka aluskivimi v tehispinnase l\u00e4bistamiseks. L\u00f6\u00f6kpuurimisel kasutusel aknaga proovel (100mm x 1.5m) ja turba, muda ja savipinnaste jaoks ka tugevdatud konstruktsiooniga soopuur (70 x 1000mm). Puurseadme masti on v\u00f5imalik kasutada h\u00fcdrojaamast kuni 20m kaugusel, n\u00e4iteks siseruumides (masti laius 655mm). Puurseade on transporditav s\u00f5iduauto haagises.<\/p>\n<p><strong>Soopuur<\/strong><\/p>\n<p>Muda, turba ja savipinnaste uuringuteks on kasutada soopuur ehk \u2018Vene t\u00fc\u00fcpi soopuur\u2019. See on 1,5m metallvarrastega opereeritav 1m pikkune ja 7cm l\u00e4bim\u00f5\u00f5duga, keeramisel\u00a0 metalllehega sulguv proovel. V\u00f5imalik kasutada ka veekogude p\u00f5hja uuringutel.<\/p>\n<p><strong>Kolbpuur<\/strong><\/p>\n<p>Muda ja savisetete uuringuteks on kasutatav metallvarrastega opereeritav kolbpuur, kus 3 m ja 50mm l\u00e4bim\u00f5\u00f5duga metallsilindri sees kasutatakse plasttoru ja vaakumi tekitamiseks kummist kolbi. Viimane fikseeritakse trossiga vajalikul s\u00fcgavusel ja toru ise surutakse v\u00f5i haamerdatakse settesse. Proov j\u00e4\u00e4b plasttorusse, millega on v\u00f5imalik edasine transport.<\/p>\n","protected":false},"excerpt":{"rendered":"<p>Pinnakatte ja alusp\u00f5hja ressursside, kruusa-liivamaardlad, turvas jm, geof\u00fc\u00fcsikaliste uuringute j\u00e4tkuks v\u00f5i eraldi l\u00e4bi viidava uuringuna teostame\u00a0pinnase- ja kivimiproovide v\u00f5tmist erinevate k\u00e4si- ning motoriseeritud puuridega v\u00f5i iseliikuva puuragregaadiga. Puuragregaadi v\u00e4ikesed m\u00f5\u00f5tmed ja mobiilsus v\u00f5imaldavad seadet kasutada ka piiratud ruumiga kohtades, nt &#8230;<\/p>\n","protected":false},"author":69,"featured_media":0,"parent":0,"menu_order":0,"comment_status":"closed","ping_status":"closed","template":"","meta":{"_acf_changed":false,"inline_featured_image":false,"footnotes":""},"class_list":["post-28","page","type-page","status-publish","hentry"],"acf":[],"_links":{"self":[{"href":"https:\/\/sisu.ut.ee\/marek\/wp-json\/wp\/v2\/pages\/28","targetHints":{"allow":["GET"]}}],"collection":[{"href":"https:\/\/sisu.ut.ee\/marek\/wp-json\/wp\/v2\/pages"}],"about":[{"href":"https:\/\/sisu.ut.ee\/marek\/wp-json\/wp\/v2\/types\/page"}],"author":[{"embeddable":true,"href":"https:\/\/sisu.ut.ee\/marek\/wp-json\/wp\/v2\/users\/69"}],"replies":[{"embeddable":true,"href":"https:\/\/sisu.ut.ee\/marek\/wp-json\/wp\/v2\/comments?post=28"}],"version-history":[{"count":2,"href":"https:\/\/sisu.ut.ee\/marek\/wp-json\/wp\/v2\/pages\/28\/revisions"}],"predecessor-version":[{"id":412,"href":"https:\/\/sisu.ut.ee\/marek\/wp-json\/wp\/v2\/pages\/28\/revisions\/412"}],"wp:attachment":[{"href":"https:\/\/sisu.ut.ee\/marek\/wp-json\/wp\/v2\/media?parent=28"}],"curies":[{"name":"wp","href":"https:\/\/api.w.org\/{rel}","templated":true}]}}