{"id":26,"date":"2024-04-04T01:55:40","date_gmt":"2024-04-03T22:55:40","guid":{"rendered":"https:\/\/sisu.ut.ee\/marek\/hudrogeoloogilised-uuringud\/"},"modified":"2024-04-29T13:15:51","modified_gmt":"2024-04-29T10:15:51","slug":"hudrogeoloogilised-uuringud","status":"publish","type":"page","link":"https:\/\/sisu.ut.ee\/marek\/hudrogeoloogilised-uuringud\/","title":{"rendered":"H\u00fcdrogeoloogilised uuringud"},"content":{"rendered":"<p>Teostame p\u00f5hjavee voolamise ja soojuskande modelleerimist ning h\u00fcdrogeokeemiliste reaktsioonide modelleerimist. Lisaks teostame pinna- ja p\u00f5hjaveetasemete monitooringut, katsepumpamist, veeproovide v\u00f5tmist, f\u00fc\u00fcsikalis-keemiliste parameetrite (pH, EC, T, O2) m\u00f5\u00f5tmist, m\u00f5ningate veekeemilise koostise komponentide anal\u00fc\u00fcsi ning temperatuuri ja elektrijuhtivuse m\u00f5\u00f5tmisi puuraukudes. Tartu \u00dclikool omab majandustegevuse registris tegevusluba KHY000026 (h\u00fcdrogeoloogilised uuringud, h\u00fcdrogeoloogiline kaardistamine).<\/p>\n<p>Kontakt:\u00a0<a href=\"https:\/\/sisu.ut.ee\/marek\/inimesed\" data-url=\"https:\/\/sisu.ut.ee\/marek\/inimesed\">Argo J\u00f5eleht<\/a> argo.joeleht(\u00e4t)ut.ee, <a href=\"https:\/\/sisu.ut.ee\/marek\/inimesed\" data-url=\"https:\/\/sisu.ut.ee\/marek\/inimesed\">Marko Kohv<\/a>\u00a0marko.kohv(\u00e4t)ut.ee, <a href=\"https:\/\/sisu.ut.ee\/marek\/inimesed\" data-url=\"https:\/\/sisu.ut.ee\/marek\/inimesed\">Enn Karro<\/a>\u00a0enn.karro(\u00e4t)ut.ee<\/p>\n<h3>Kasutatavad aparatuurid ja nende v\u00f5imalused<\/h3>\n<ul>\n<li>S\u00fcvaveepump katsepumpamiste l\u00e4biviimiseks ja veeproovide v\u00f5tmiseks.<\/li>\n<li>L\u00e4bivoolurakk ja multimeetrid vee f\u00fc\u00fcsikalis-keemiliste omaduste (EC, pH, T, O2) m\u00f5\u00f5tmiseks.<\/li>\n<li>Automaatm\u00f5\u00f5tjad pinnase poorir\u00f5hu monitooringuks ning filtratsiooniomaduste m\u00e4\u00e4ramiseks.<\/li>\n<li>Lisaks erinevad seadmed veetaseme automaatseks v\u00f5i k\u00e4sitsi m\u00f5\u00f5tmiseks puurkaevus.<\/li>\n<\/ul>\n","protected":false},"excerpt":{"rendered":"<p>Teostame p\u00f5hjavee voolamise ja soojuskande modelleerimist ning h\u00fcdrogeokeemiliste reaktsioonide modelleerimist. Lisaks teostame pinna- ja p\u00f5hjaveetasemete monitooringut, katsepumpamist, veeproovide v\u00f5tmist, f\u00fc\u00fcsikalis-keemiliste parameetrite (pH, EC, T, O2) m\u00f5\u00f5tmist, m\u00f5ningate veekeemilise koostise komponentide anal\u00fc\u00fcsi ning temperatuuri ja elektrijuhtivuse m\u00f5\u00f5tmisi puuraukudes. Tartu \u00dclikool omab &#8230;<\/p>\n","protected":false},"author":69,"featured_media":0,"parent":0,"menu_order":0,"comment_status":"closed","ping_status":"closed","template":"","meta":{"_acf_changed":false,"inline_featured_image":false,"footnotes":""},"class_list":["post-26","page","type-page","status-publish","hentry"],"acf":[],"_links":{"self":[{"href":"https:\/\/sisu.ut.ee\/marek\/wp-json\/wp\/v2\/pages\/26","targetHints":{"allow":["GET"]}}],"collection":[{"href":"https:\/\/sisu.ut.ee\/marek\/wp-json\/wp\/v2\/pages"}],"about":[{"href":"https:\/\/sisu.ut.ee\/marek\/wp-json\/wp\/v2\/types\/page"}],"author":[{"embeddable":true,"href":"https:\/\/sisu.ut.ee\/marek\/wp-json\/wp\/v2\/users\/69"}],"replies":[{"embeddable":true,"href":"https:\/\/sisu.ut.ee\/marek\/wp-json\/wp\/v2\/comments?post=26"}],"version-history":[{"count":2,"href":"https:\/\/sisu.ut.ee\/marek\/wp-json\/wp\/v2\/pages\/26\/revisions"}],"predecessor-version":[{"id":411,"href":"https:\/\/sisu.ut.ee\/marek\/wp-json\/wp\/v2\/pages\/26\/revisions\/411"}],"wp:attachment":[{"href":"https:\/\/sisu.ut.ee\/marek\/wp-json\/wp\/v2\/media?parent=26"}],"curies":[{"name":"wp","href":"https:\/\/api.w.org\/{rel}","templated":true}]}}