{"id":21,"date":"2024-04-04T01:55:39","date_gmt":"2024-04-03T22:55:39","guid":{"rendered":"https:\/\/sisu.ut.ee\/marek\/majandus_tehnoloogia\/"},"modified":"2024-04-29T13:05:09","modified_gmt":"2024-04-29T10:05:09","slug":"majandus_tehnoloogia","status":"publish","type":"page","link":"https:\/\/sisu.ut.ee\/marek\/majandus_tehnoloogia\/","title":{"rendered":"MAJANDUS JA TEHNOLOOGIA"},"content":{"rendered":"<p style=\"text-align: left;\">Maap\u00f5uevarad on rahvuslik rikkus, mille kasutamine \u00f5igel ajal ja \u00f5igel viisil on oluliseks sisendiks riigi t\u00f6\u00f6h\u00f5ive ja majanduskasvu tagamiseks. Eesti riik on algatanud maap\u00f5uestrateegia kujundamise, mis peaks pikaks ajaks suunama seal leiduvate ressursside kasutamist. MAREKi \u00fclesandeks on pakkuda s\u00f5ltumatut ja teaduslikult k\u00f5rgetasemelist ekspertiisi nii riikliku kui kohaliku t\u00e4htsusega maavarade ja teiste maap\u00f5eressursside kogu kasutamists\u00fcklile \u2013 planeerimisest, maavararessursside hindamisest, tasuvusanal\u00fc\u00fcsidest j\u00e4\u00e4tmete taaskasutuseni ja maaalade kasutusj\u00e4rgse korrastamiseni.<\/p>\n<p style=\"text-align: left;\">Aidata ettev\u00f5tetel v\u00e4lja t\u00f6\u00f6tada ja arendada maap\u00f5ueressursside kasutamise ja t\u00f6\u00f6tlemisel baseeruvaid tooteid ja nende muutmist teadusmahukamaks ja seega suuremat lisandv\u00e4\u00e4rtust andvateks toodeteks. Ning v\u00e4\u00e4ristada tootmisprotsessis tekkinud j\u00e4\u00e4tmed, neile uute kasutusvaldkondade v\u00e4lja t\u00f6\u00f6tamisel, selle asemel, et neid j\u00e4\u00e4tmeid kasutult looduses ladestada.<\/p>\n<h3>Maavararessursside hindamine ja tasuvuse arvutused ning majandamise sotsiaal- ja keskkonnatulemuse arvestus<\/h3>\n<p style=\"text-align: left;\">Maavararessursside kasutamine eeldab l\u00e4bim\u00f5eldud ressursi kasutuse planeerimist arvestades \u00fcldist turuolukorda ja prognoose ning keskkonna ja sotsiaal-majanduslikke m\u00f5jusid ning v\u00f5imalusi. N\u00f5ustame Eesti riiki, omavalitsusi ja kaevandajaid kaalutletud otsuste tegemisel erinevate maavarade sh tulevikumaavarade ressursi hindamisel ja tasuvuse anal\u00fc\u00fcsil edasiste strateegiliste otsuste tegemisel. MAREKi teadlased aitavad v\u00e4lja t\u00f6\u00f6tada optimaalseimat maavararessursside majandamise sotsiaal- ja keskonnatulemuse arvestust eesm\u00e4rgiga hinnata vastavate tegevuste tulemil aset leidvaid muutusi kogukonna ja \u00fchiskonna heaolus.<\/p>\n<p style=\"text-align: left;\"><strong>Kontakt:<\/strong> Diana Eerma\u00a0 diana.eerma(\u00e4t)ut.ee, <a href=\"https:\/\/sisu.ut.ee\/marek\/inimesed\">Alar Rosentau<\/a>\u00a0alar.rosentau(\u00e4t)ut.ee,<\/p>\n<h3>Bio- ja h\u00fcdrometallurgia (leostumistehnoloogiad)<\/h3>\n<p style=\"text-align: left;\">Bioh\u00fcdrometallurgia on elus- (mikroobid) ja elutalooduse (mineraalid, maagid) kokkupuude vesikeskkonnas esimeste rakendamiseks ebakonventsionaalses metallurgias. Hindame bioh\u00fcdrometallurgia rakendatavust maavaradest huvipakkuvate elementide k\u00e4ttesaamiseks ning prognoosime meetodi kasutatavust t\u00f6\u00f6stuses.<\/p>\n<p style=\"text-align: left;\"><strong>Kontakt: <\/strong><a href=\"https:\/\/sisu.ut.ee\/marek\/inimesed\">Kalle Kirsim\u00e4e<\/a> kalle.kirsimae(\u00e4t)ut.ee<\/p>\n<h3>Taaskasutustehnoloogiad<\/h3>\n<p style=\"text-align: left;\">Omame pikaajalisi kogemusi p\u00f5levkivit\u00f6\u00f6stuses tekkinud j\u00e4\u00e4tmaterjalide uuringutes ja potentsiaalsete (taas)kasutusvaldkondade leidmises, arendamises ja katsetamises. Pakume anal\u00fc\u00fctilist v\u00f5imekust ja kompetentsi hindamaks materjalide koostist, omadusi, keskkonnam\u00f5jusid ning nende rakendatavust uute toodete arendamisel. Oleme l\u00e4bi viinud rakendusuuringuid p\u00f5levkivi t\u00f6\u00f6stusj\u00e4\u00e4tmete kasutamisel kaevanduste tagasit\u00e4itel, efektiivsete filtermaterjalide arendamisel keskkonnas\u00e4\u00e4stlikes reovepuhastustehnoloogiates, uute (ehitus)materjalide arendamisel jne.<\/p>\n<p style=\"text-align: left;\"><strong>Kontakt:<\/strong> <a href=\"https:\/\/sisu.ut.ee\/marek\/inimesed\">Kalle Kirsim\u00e4e<\/a> kalle.kirsimae(\u00e4t)ut.ee, <a href=\"https:\/\/sisu.ut.ee\/marek\/inimesed\">Riho M\u00f5tlep<\/a> riho.motlep(\u00e4t)ut.ee<\/p>\n","protected":false},"excerpt":{"rendered":"<p>Maap\u00f5uevarad on rahvuslik rikkus, mille kasutamine \u00f5igel ajal ja \u00f5igel viisil on oluliseks sisendiks riigi t\u00f6\u00f6h\u00f5ive ja majanduskasvu tagamiseks. Eesti riik on algatanud maap\u00f5uestrateegia kujundamise, mis peaks pikaks ajaks suunama seal leiduvate ressursside kasutamist. MAREKi \u00fclesandeks on pakkuda s\u00f5ltumatut ja &#8230;<\/p>\n","protected":false},"author":69,"featured_media":0,"parent":0,"menu_order":0,"comment_status":"closed","ping_status":"closed","template":"","meta":{"_acf_changed":false,"inline_featured_image":false,"footnotes":""},"class_list":["post-21","page","type-page","status-publish","hentry"],"acf":[],"_links":{"self":[{"href":"https:\/\/sisu.ut.ee\/marek\/wp-json\/wp\/v2\/pages\/21","targetHints":{"allow":["GET"]}}],"collection":[{"href":"https:\/\/sisu.ut.ee\/marek\/wp-json\/wp\/v2\/pages"}],"about":[{"href":"https:\/\/sisu.ut.ee\/marek\/wp-json\/wp\/v2\/types\/page"}],"author":[{"embeddable":true,"href":"https:\/\/sisu.ut.ee\/marek\/wp-json\/wp\/v2\/users\/69"}],"replies":[{"embeddable":true,"href":"https:\/\/sisu.ut.ee\/marek\/wp-json\/wp\/v2\/comments?post=21"}],"version-history":[{"count":2,"href":"https:\/\/sisu.ut.ee\/marek\/wp-json\/wp\/v2\/pages\/21\/revisions"}],"predecessor-version":[{"id":405,"href":"https:\/\/sisu.ut.ee\/marek\/wp-json\/wp\/v2\/pages\/21\/revisions\/405"}],"wp:attachment":[{"href":"https:\/\/sisu.ut.ee\/marek\/wp-json\/wp\/v2\/media?parent=21"}],"curies":[{"name":"wp","href":"https:\/\/api.w.org\/{rel}","templated":true}]}}