{"id":19,"date":"2024-04-04T01:55:39","date_gmt":"2024-04-03T22:55:39","guid":{"rendered":"https:\/\/sisu.ut.ee\/marek\/inimesed\/"},"modified":"2024-04-29T12:59:58","modified_gmt":"2024-04-29T09:59:58","slug":"inimesed","status":"publish","type":"page","link":"https:\/\/sisu.ut.ee\/marek\/inimesed\/","title":{"rendered":"INIMESED"},"content":{"rendered":"<p><\/p><div class=\"accordion mb-3\">\n        <div class=\"accordion-item accordion-item--white\">\n        <h2 class=\"accordion-header\" id=\"accordion-69e016ec0245a-heading\">\n            <button class=\"accordion-button collapsed\" type=\"button\" data-bs-toggle=\"collapse\" data-bs-target=\"#accordion-69e016ec0245a-collapse\" aria-expanded=\"true\" aria-controls=\"accordion-69e016ec0245a-collapse\">Riho M\u00f5tlep \u2013 MAREK\u2019 i kontaktisik<\/button>\n        <\/h2>\n        <div id=\"accordion-69e016ec0245a-collapse\" class=\"accordion-collapse collapse\" aria-labelledby=\"accordion-69e016ec0245a-heading\">\n            <div class=\"accordion-body\"><br>\nriho.motlep(\u00e4t)ut.ee<br>\nGeoloogia teadur\n<p><img loading=\"lazy\" decoding=\"async\" src=\"\/wp-content\/uploads\/sites\/147\/riho2_0.jpg\" width=\"187\" height=\"140\"><\/p>\n<p>Rakendusuuringute vallas osalenud p\u00f5levkivi keemiat\u00f6\u00f6stusest ja energeetikast p\u00e4rinevate j\u00e4\u00e4tmaterjalide ladestamistehnoloogiate arendamisega, selle edukuse v\u00f5i potentsiaalsete keskkonnaohtude hindamisega ning j\u00e4\u00e4tmete taaskasutusvaldkondade v\u00e4lja t\u00f6\u00f6tamise ja arendamisega.<\/p><\/div>\n        <\/div>\n        <\/div>\n    <\/div>\n<p><\/p><div class=\"accordion mb-3\">\n        <div class=\"accordion-item accordion-item--white\">\n        <h2 class=\"accordion-header\" id=\"accordion-69e016ec0246b-heading\">\n            <button class=\"accordion-button collapsed\" type=\"button\" data-bs-toggle=\"collapse\" data-bs-target=\"#accordion-69e016ec0246b-collapse\" aria-expanded=\"true\" aria-controls=\"accordion-69e016ec0246b-collapse\"> Alar Rosentau<\/button>\n        <\/h2>\n        <div id=\"accordion-69e016ec0246b-collapse\" class=\"accordion-collapse collapse\" aria-labelledby=\"accordion-69e016ec0246b-heading\">\n            <div class=\"accordion-body\"><br>\nalar.rosentau(\u00e4t)ut.ee<br>\nRakendusgeoloogia professor\n<p><img loading=\"lazy\" decoding=\"async\" src=\"\/wp-content\/uploads\/sites\/147\/alar_0.jpg\" width=\"140\" height=\"197\"><\/p>\n<p>Eesti riigi, omavalitsuste ja kaevandajate n\u00f5ustamine strateegiliste otsuste tegemisel maap\u00f5ue nutika uurimise, kasutamise ja kaevandusalade korrastamise osas.<\/p><\/div>\n        <\/div>\n        <\/div>\n    <\/div>\n<p><\/p><div class=\"accordion mb-3\">\n        <div class=\"accordion-item accordion-item--white\">\n        <h2 class=\"accordion-header\" id=\"accordion-69e016ec0246e-heading\">\n            <button class=\"accordion-button collapsed\" type=\"button\" data-bs-toggle=\"collapse\" data-bs-target=\"#accordion-69e016ec0246e-collapse\" aria-expanded=\"true\" aria-controls=\"accordion-69e016ec0246e-collapse\"> Argo J\u00f5eleht<\/button>\n        <\/h2>\n        <div id=\"accordion-69e016ec0246e-collapse\" class=\"accordion-collapse collapse\" aria-labelledby=\"accordion-69e016ec0246e-heading\">\n            <div class=\"accordion-body\"><br>\nargo.joeleht(\u00e4t)ut.ee<br>\nGeoloogia kaasprofessor\n<p><img loading=\"lazy\" decoding=\"async\" src=\"\/wp-content\/uploads\/sites\/147\/argo4_0.jpg\" width=\"140\" height=\"196\"><\/p>\n<p>Geof\u00fc\u00fcsikaliste ja h\u00fcdrogeoloogiliste uuringute ekspert. Geof\u00fc\u00fcsika meetodite rakendamine maap\u00f5ue ehituse uuringutes ja inimtegevuse m\u00f5ju modelleerimine veere\u017eiimi muutumises h\u00fcdrogeoloogiliste uuringute kaudu<\/p><\/div>\n        <\/div>\n        <\/div>\n    <\/div>\n<p><\/p><div class=\"accordion mb-3\">\n        <div class=\"accordion-item accordion-item--white\">\n        <h2 class=\"accordion-header\" id=\"accordion-69e016ec02471-heading\">\n            <button class=\"accordion-button collapsed\" type=\"button\" data-bs-toggle=\"collapse\" data-bs-target=\"#accordion-69e016ec02471-collapse\" aria-expanded=\"true\" aria-controls=\"accordion-69e016ec02471-collapse\">Aveliina Helm<\/button>\n        <\/h2>\n        <div id=\"accordion-69e016ec02471-collapse\" class=\"accordion-collapse collapse\" aria-labelledby=\"accordion-69e016ec02471-heading\">\n            <div class=\"accordion-body\"><br>\naveliina.helm(\u00e4t)ut.ee<br>\nTaastamis\u00f6koloogia professor<br>\n<img loading=\"lazy\" decoding=\"async\" src=\"\/wp-content\/uploads\/sites\/147\/aveliina_0_0.jpg\" width=\"140\" height=\"198\">\n<p>Esindab MAREK-is looduskaitse ja elurikkusega seotud valdkonda. Oma teadust\u00f6\u00f6s keskendub ta elurikkusega seotud teemadele, uurides inimtegevuse ja maastikustruktuuri rolli koosluste biomitmekesisusele. P\u00e4devuste hulka kuuluvad maap\u00f5ueressursside kasutamisega seotud looduskaitselised aspektid ning planeeritavate tegevuste m\u00f5ju \u00f6kos\u00fcsteemidele ja elurikkusele. N\u00f5ustab karj\u00e4\u00e4rialade looduss\u00f5braliku ja tulemusliku bioloogilise korrastamise ning ka looduslike \u00f6kos\u00fcsteemide taastamisega seotud k\u00fcsimustes. Koost\u00f6\u00f6s Tartu \u00dclikooli \u00d6koloogia ja Maateaduste Instituudi teadlastega aitab korraldada, l\u00e4bi viia ja koostada koosluste inventuure, alade kaitsev\u00e4\u00e4rtuste hinnanguid, teaduslikele alustele tuginevaid bioloogilise korrastamise kavasid ning maastikuskaalas anal\u00fc\u00fcse tegevuse looduss\u00e4\u00e4stlikkuse tagamiseks. Omab kogemust liikide ja \u00f6kos\u00fcsteemide \u00fcmberasustamisega ning looduslike liikide seemnete kogumise, s\u00e4ilitamise ja k\u00fclvamisega seotud k\u00fcsimustes.<\/p><\/div>\n        <\/div>\n        <\/div>\n    <\/div>\n<p><\/p><div class=\"accordion mb-3\">\n        <div class=\"accordion-item accordion-item--white\">\n        <h2 class=\"accordion-header\" id=\"accordion-69e016ec02474-heading\">\n            <button class=\"accordion-button collapsed\" type=\"button\" data-bs-toggle=\"collapse\" data-bs-target=\"#accordion-69e016ec02474-collapse\" aria-expanded=\"true\" aria-controls=\"accordion-69e016ec02474-collapse\">Enn Karro<\/button>\n        <\/h2>\n        <div id=\"accordion-69e016ec02474-collapse\" class=\"accordion-collapse collapse\" aria-labelledby=\"accordion-69e016ec02474-heading\">\n            <div class=\"accordion-body\"><br>\nenn.karro(\u00e4t)ut.ee<br>\nGeoloogia kaasprofessor\n<p><img loading=\"lazy\" decoding=\"async\" src=\"\/wp-content\/uploads\/sites\/147\/074_0.jpg\" width=\"140\" height=\"220\"><\/p>\n<p>Rakendusuuringud ja teadustegevus on seotud p\u00f5hjavee keemilise koostise formeerumise ning seda m\u00f5jutavate looduslike ja antropogeensete faktorite selgitamisega ning mikroelementide geoloogilise p\u00e4ritolu, geokeemilise k\u00e4itumise ja seonduvate terviseriskide uuringutega joogiveena tarbitavas p\u00f5hjavees.<\/p><\/div>\n        <\/div>\n        <\/div>\n    <\/div>\n<p><\/p><div class=\"accordion mb-3\">\n        <div class=\"accordion-item accordion-item--white\">\n        <h2 class=\"accordion-header\" id=\"accordion-69e016ec02476-heading\">\n            <button class=\"accordion-button collapsed\" type=\"button\" data-bs-toggle=\"collapse\" data-bs-target=\"#accordion-69e016ec02476-collapse\" aria-expanded=\"true\" aria-controls=\"accordion-69e016ec02476-collapse\">Ester Oras<\/button>\n        <\/h2>\n        <div id=\"accordion-69e016ec02476-collapse\" class=\"accordion-collapse collapse\" aria-labelledby=\"accordion-69e016ec02476-heading\">\n            <div class=\"accordion-body\"><br>\nester.oras(\u00e4t)ut.ee<br>\nArheoloogia ja anal\u00fc\u00fctilise keemia kaasprofessor\n<p><img loading=\"lazy\" decoding=\"async\" src=\"\/wp-content\/uploads\/sites\/147\/ester_oras_marekile_0.jpg\" width=\"159\" height=\"140\"><\/p>\n<p>Teadust\u00f6\u00f6 arheokeemias, fookusega toitumise- jm j\u00e4\u00e4gianal\u00fc\u00fcside ning r\u00e4nnete uurimisel. Konsultatsioon arheoloogia valdkonnas: arheoloogilised eeluuringud ja v\u00e4lit\u00f6\u00f6d, maastikuseire ja arhiiviotsingud, eksperthinnangud, koost\u00f6\u00f6 Muinsuskaitseametiga, kultuurip\u00e4randi s\u00e4ilitamine ja laboratoorsed uuringud.<\/p><\/div>\n        <\/div>\n        <\/div>\n    <\/div>\n<p><\/p><div class=\"accordion mb-3\">\n        <div class=\"accordion-item accordion-item--white\">\n        <h2 class=\"accordion-header\" id=\"accordion-69e016ec02479-heading\">\n            <button class=\"accordion-button collapsed\" type=\"button\" data-bs-toggle=\"collapse\" data-bs-target=\"#accordion-69e016ec02479-collapse\" aria-expanded=\"true\" aria-controls=\"accordion-69e016ec02479-collapse\">Diana Eerma<\/button>\n        <\/h2>\n        <div id=\"accordion-69e016ec02479-collapse\" class=\"accordion-collapse collapse\" aria-labelledby=\"accordion-69e016ec02479-heading\">\n            <div class=\"accordion-body\"><br>\ndiana.eerma(\u00e4t)ut.ee<br>\nMajanduspoliitika kaasprofessor\n<p><img loading=\"lazy\" decoding=\"async\" src=\"\/wp-content\/uploads\/sites\/147\/large_diana_eerma_0.jpg\" width=\"140\" height=\"140\"><\/p>\n<p>Huvid h\u00f5lmavad mitmeid majanduseteaduste valdkonna teemasid. On tegelenud riigi majanduspoliitika alusp\u00f5him\u00f5tete uurimise, konkurentsipoliitika, regionaalpoliitika ja infrastruktuuripoliitika uuringutega ning nende sotsiaal-majanduslike m\u00f5jude anal\u00fc\u00fcsiga. Olulisim panus maap\u00f5ueressursside kasutamise ja uute maavarade v\u00f5imaliku kasutuselev\u00f5tu m\u00f5istlikuse hindamise osas on maavaradega seotud majandustegevusega kaasneva sotsiaal-majadusliku ja keskkonnatulemuse arvestuse anal\u00fc\u00fcs, mille kaudu saab hinnata kaasnevat m\u00f5ju kohalike kogukondade ja \u00fchiskonna heaolus tervikuna.<\/p>\n<p><\/p><\/div>\n        <\/div>\n        <\/div>\n    <\/div>\n<p><\/p><div class=\"accordion mb-3\">\n        <div class=\"accordion-item accordion-item--white\">\n        <h2 class=\"accordion-header\" id=\"accordion-69e016ec0247b-heading\">\n            <button class=\"accordion-button collapsed\" type=\"button\" data-bs-toggle=\"collapse\" data-bs-target=\"#accordion-69e016ec0247b-collapse\" aria-expanded=\"true\" aria-controls=\"accordion-69e016ec0247b-collapse\">J\u00fcri Plado<\/button>\n        <\/h2>\n        <div id=\"accordion-69e016ec0247b-collapse\" class=\"accordion-collapse collapse\" aria-labelledby=\"accordion-69e016ec0247b-heading\">\n            <div class=\"accordion-body\"><br>\njuri.plado(\u00e4t)ut.ee<br>\nGeoloogia kaasprofessor\n<p><img loading=\"lazy\" decoding=\"async\" src=\"\/wp-content\/uploads\/sites\/147\/juki2_0_0.jpg\" width=\"140\" height=\"181\"><\/p>\n<p>Juhtinud ja osalenud paljudes rakenduslikes maavarade uuringute projektides. Erinevate geof\u00fc\u00fcsikaliste meetodite rakendamise ja kasutusv\u00f5imaluste uuringute kaudu. P\u00f5hilised tegevusalad ja rakendusuuringute suunad seotud geoloogilise kaardistamise, petrof\u00fc\u00fcsikaliste ja geof\u00fc\u00fcsikaliste uuringutega ning maavarade leviku kaardistamise ja uuringutega.<\/p><\/div>\n        <\/div>\n        <\/div>\n    <\/div>\n<p><\/p><div class=\"accordion mb-3\">\n        <div class=\"accordion-item accordion-item--white\">\n        <h2 class=\"accordion-header\" id=\"accordion-69e016ec0247d-heading\">\n            <button class=\"accordion-button collapsed\" type=\"button\" data-bs-toggle=\"collapse\" data-bs-target=\"#accordion-69e016ec0247d-collapse\" aria-expanded=\"true\" aria-controls=\"accordion-69e016ec0247d-collapse\">Hannes Veinla<\/button>\n        <\/h2>\n        <div id=\"accordion-69e016ec0247d-collapse\" class=\"accordion-collapse collapse\" aria-labelledby=\"accordion-69e016ec0247d-heading\">\n            <div class=\"accordion-body\"><br>\nhannes.veinla(\u00e4t)ut.ee<br>\nKeskkonna\u00f5iguse ekspert\n<p><img loading=\"lazy\" decoding=\"async\" src=\"\/wp-content\/uploads\/sites\/147\/veinla2_0_0.jpg\" width=\"140\" height=\"215\"><\/p>\n<p>Uurimisvaldkonnaks on keskkonna\u00f5igus, sh. maap\u00f5ue\u00f5igus ja looduskaitse\u00f5igus. \u00dclikooliv\u00e4liselt on olnud Eesti keskkonna\u00f5iguse kodifitseerimise t\u00f6\u00f6grupi juht ja aktiivselt osalenud seadusloomes. Tema juhtimisel on valmis saanud keskkonnaseadustiku \u00fcldosa seaduse (Ke\u00dcS) eeln\u00f5u, mis on Riigikogu poolt vastu v\u00f5etud ja n\u00fc\u00fcdseks ka p\u00f5hiosas j\u00f5ustunud. Ke\u00dcS on alusraamistikuks keskkonna\u00f5iguse edasisel uuendamisel ja \u00fchtlustamisel. On uurinud ka avalikkuse esindajate ligip\u00e4\u00e4su keskkonnateabele ja nende osalemisv\u00f5imalusi keskkonnaalases haldusmenetluses, sealhulgas keskkonnalubade andmisel (sh. maap\u00f5ue valdkonnas).<\/p><\/div>\n        <\/div>\n        <\/div>\n    <\/div>\n<p><\/p><div class=\"accordion mb-3\">\n        <div class=\"accordion-item accordion-item--white\">\n        <h2 class=\"accordion-header\" id=\"accordion-69e016ec02480-heading\">\n            <button class=\"accordion-button collapsed\" type=\"button\" data-bs-toggle=\"collapse\" data-bs-target=\"#accordion-69e016ec02480-collapse\" aria-expanded=\"true\" aria-controls=\"accordion-69e016ec02480-collapse\">Kalle Kirsim\u00e4e<\/button>\n        <\/h2>\n        <div id=\"accordion-69e016ec02480-collapse\" class=\"accordion-collapse collapse\" aria-labelledby=\"accordion-69e016ec02480-heading\">\n            <div class=\"accordion-body\"><br>\nkalle.kirsimae(\u00e4t)ut.ee<br>\nGeoloogia professor, geoloogia ja mineraloogia\n<p>Rakendusuuringute kompetents on eelk\u00f5ige seotud p\u00f5levkivi ja energiasektori mitmetahuliste uuringute teostamises ning eksperdina oalemises nii uuringute kavandamises, teostamises kui ka esile kerkinud probleemidele teadusliku hinnangu andmises. Uuringute valdkonnad h\u00f5lmavad materjaliuuringuid, p\u00f5levkivit\u00f6\u00f6stuse j\u00e4\u00e4tmaterjalide taaskasutustehnoloogiate arendamist, t\u00f6\u00f6stusj\u00e4\u00e4tmete ladestamisega kaasnevaid keskkonna ja geotehnilisi k\u00fcsimusi. Eesti maavarade uuringud, nende kaevandamise ja kasutamisega kaasnevad tehnoloogilised ja keskkonnaprobleemid. <\/p><\/div>\n        <\/div>\n        <\/div>\n    <\/div>\n<p><\/p><div class=\"accordion mb-3\">\n        <div class=\"accordion-item accordion-item--white\">\n        <h2 class=\"accordion-header\" id=\"accordion-69e016ec02483-heading\">\n            <button class=\"accordion-button collapsed\" type=\"button\" data-bs-toggle=\"collapse\" data-bs-target=\"#accordion-69e016ec02483-collapse\" aria-expanded=\"true\" aria-controls=\"accordion-69e016ec02483-collapse\">Kati Orru<\/button>\n        <\/h2>\n        <div id=\"accordion-69e016ec02483-collapse\" class=\"accordion-collapse collapse\" aria-labelledby=\"accordion-69e016ec02483-heading\">\n            <div class=\"accordion-body\"><br>\nkati.orru(\u00e4t)ut.ee<br>\nKestlikkuse sotsioloogia kaasprofessor\n<p><img loading=\"lazy\" decoding=\"async\" src=\"\/wp-content\/uploads\/sites\/147\/pilt_kati_orru_0.jpg\" width=\"156\" height=\"140\"><\/p>\n<p>Indiviidi ja tema sotsiaalse ning f\u00fc\u00fcsilise keskkonna vaheliste suhete uuringud. Tegelenud ja l\u00e4bi viinud rahvusvahelisi v\u00f5rdlusuuringuid ja riiklikke tellimust\u00f6id inimeste arusaamadest riskidest oma tervisele, heaolule ja keskkonnale. Uurimishuviks on ka \u00fchiskondlike muutuste juhtimine, sealhulgas kuidas toime tulla vastuseisuga muutustele \u00fchiskonnas ja meid \u00fcmbritsevas keskkonnas. Valdab huvigruppide anal\u00fc\u00fcsi ning poliitikasekkumise sotsiaalsete m\u00f5jude hindamise tehnikaid.<\/p><\/div>\n        <\/div>\n        <\/div>\n    <\/div>\n<p><\/p><div class=\"accordion mb-3\">\n        <div class=\"accordion-item accordion-item--white\">\n        <h2 class=\"accordion-header\" id=\"accordion-69e016ec02485-heading\">\n            <button class=\"accordion-button collapsed\" type=\"button\" data-bs-toggle=\"collapse\" data-bs-target=\"#accordion-69e016ec02485-collapse\" aria-expanded=\"true\" aria-controls=\"accordion-69e016ec02485-collapse\">Leho Ainsaar<\/button>\n        <\/h2>\n        <div id=\"accordion-69e016ec02485-collapse\" class=\"accordion-collapse collapse\" aria-labelledby=\"accordion-69e016ec02485-heading\">\n            <div class=\"accordion-body\"><br>\nleho.ainsaar(\u00e4t)ut.ee<br>\nGeoloogia professor\n<p><img loading=\"lazy\" decoding=\"async\" src=\"\/wp-content\/uploads\/sites\/147\/dscn5045_0.jpg\" width=\"140\" height=\"187\"><\/p>\n<p>Osalenud projektides Eesti ehituslubjakivi ja tehnoloogilise lubjakivi varude ja kvaliteedi uurimisel. Teadust\u00f6\u00f6 teemadeks Paleosoikumi karbonaatkivimid, kliima ja keskkonnas\u00fcdmused, vanade settebasseinide ajalugu, karbonaatkivimite litoloogia ja geokeemia, Ordoviitsiumi ja Siluri merede ning keskkondade areng Ida-Euroopa platvormil ja Siberis ning globaalsetest keskkonnamuutustest ja elu arengust Paleosoikumis. <\/p><\/div>\n        <\/div>\n        <\/div>\n    <\/div>\n<p><\/p><div class=\"accordion mb-3\">\n        <div class=\"accordion-item accordion-item--white\">\n        <h2 class=\"accordion-header\" id=\"accordion-69e016ec02489-heading\">\n            <button class=\"accordion-button collapsed\" type=\"button\" data-bs-toggle=\"collapse\" data-bs-target=\"#accordion-69e016ec02489-collapse\" aria-expanded=\"true\" aria-controls=\"accordion-69e016ec02489-collapse\">Marko Kohv<\/button>\n        <\/h2>\n        <div id=\"accordion-69e016ec02489-collapse\" class=\"accordion-collapse collapse\" aria-labelledby=\"accordion-69e016ec02489-heading\">\n            <div class=\"accordion-body\"><br>\nmarko.kohv(\u00e4t)ut.ee<br>\nRakendusgeoloogia teadur\n<p><img loading=\"lazy\" decoding=\"async\" src=\"\/wp-content\/uploads\/sites\/147\/marko3_0.jpg\" width=\"180\" height=\"140\"><\/p>\n<p>Tegelenud peamiselt h\u00fcdroloogia ning h\u00fcdrogeoloogilise seire ning mudeldamisega. Suuremad projektid on seotud p\u00f5levkivi kaevandamise m\u00f5jude seire ja modelleerimisega Ida-Virumaal Selisoos ning Muraka soostikus. Teiseks suuremaks suunaks on turbakaevandamisega kaasnevate h\u00fcdroloogiliste m\u00f5jude seire, modelleerimine ning leevendusmeetmete arendamine.<\/p><\/div>\n        <\/div>\n        <\/div>\n    <\/div>\n<p><\/p><div class=\"accordion mb-3\">\n        <div class=\"accordion-item accordion-item--white\">\n        <h2 class=\"accordion-header\" id=\"accordion-69e016ec0248c-heading\">\n            <button class=\"accordion-button collapsed\" type=\"button\" data-bs-toggle=\"collapse\" data-bs-target=\"#accordion-69e016ec0248c-collapse\" aria-expanded=\"true\" aria-controls=\"accordion-69e016ec0248c-collapse\">Tiit Hang<\/button>\n        <\/h2>\n        <div id=\"accordion-69e016ec0248c-collapse\" class=\"accordion-collapse collapse\" aria-labelledby=\"accordion-69e016ec0248c-heading\">\n            <div class=\"accordion-body\"><br>\ntiit.hang(\u00e4t)ut.ee<br>\nGeoloogia kaasprofessor\n<p><img loading=\"lazy\" decoding=\"async\" src=\"\/wp-content\/uploads\/sites\/147\/tiit2_0.jpg\" width=\"140\" height=\"190\"><\/p>\n<p>Pinnakatte rakendusuuringute ekspert. Maap\u00f5ueressursside kaardistamine ja v\u00e4lit\u00f6\u00f6de korraldamine. <\/p><\/div>\n        <\/div>\n        <\/div>\n    <\/div>\n","protected":false},"excerpt":{"rendered":"<p>Riho M\u00f5tlep \u2013 MAREK\u2019 i kontaktisik riho.motlep(\u00e4t)ut.ee Geoloogia teadur Rakendusuuringute vallas osalenud p\u00f5levkivi keemiat\u00f6\u00f6stusest ja energeetikast p\u00e4rinevate j\u00e4\u00e4tmaterjalide ladestamistehnoloogiate arendamisega, selle edukuse v\u00f5i potentsiaalsete keskkonnaohtude hindamisega ning j\u00e4\u00e4tmete taaskasutusvaldkondade v\u00e4lja t\u00f6\u00f6tamise ja arendamisega. Alar Rosentau alar.rosentau(\u00e4t)ut.ee Rakendusgeoloogia professor Eesti riigi, &#8230;<\/p>\n","protected":false},"author":69,"featured_media":0,"parent":0,"menu_order":0,"comment_status":"closed","ping_status":"closed","template":"","meta":{"_acf_changed":false,"inline_featured_image":false,"footnotes":""},"class_list":["post-19","page","type-page","status-publish","hentry"],"acf":[],"_links":{"self":[{"href":"https:\/\/sisu.ut.ee\/marek\/wp-json\/wp\/v2\/pages\/19","targetHints":{"allow":["GET"]}}],"collection":[{"href":"https:\/\/sisu.ut.ee\/marek\/wp-json\/wp\/v2\/pages"}],"about":[{"href":"https:\/\/sisu.ut.ee\/marek\/wp-json\/wp\/v2\/types\/page"}],"author":[{"embeddable":true,"href":"https:\/\/sisu.ut.ee\/marek\/wp-json\/wp\/v2\/users\/69"}],"replies":[{"embeddable":true,"href":"https:\/\/sisu.ut.ee\/marek\/wp-json\/wp\/v2\/comments?post=19"}],"version-history":[{"count":4,"href":"https:\/\/sisu.ut.ee\/marek\/wp-json\/wp\/v2\/pages\/19\/revisions"}],"predecessor-version":[{"id":398,"href":"https:\/\/sisu.ut.ee\/marek\/wp-json\/wp\/v2\/pages\/19\/revisions\/398"}],"wp:attachment":[{"href":"https:\/\/sisu.ut.ee\/marek\/wp-json\/wp\/v2\/media?parent=19"}],"curies":[{"name":"wp","href":"https:\/\/api.w.org\/{rel}","templated":true}]}}