{"id":18,"date":"2024-04-04T01:55:39","date_gmt":"2024-04-03T22:55:39","guid":{"rendered":"https:\/\/sisu.ut.ee\/marek\/maapoue_uuringud\/"},"modified":"2024-04-29T13:06:02","modified_gmt":"2024-04-29T10:06:02","slug":"maapoue_uuringud","status":"publish","type":"page","link":"https:\/\/sisu.ut.ee\/marek\/maapoue_uuringud\/","title":{"rendered":"MAAP\u00d5UE UURINGUD"},"content":{"rendered":"<p style=\"text-align: justify;\">MAREK anal\u00fc\u00fcsikeskuse n\u00e4ol on tasakaaluliselt ja k\u00f5rgel teaduslikul tasemel esindatud ja integreeritud maap\u00f5ueressursside kasutamise erinevad aspektid: ressursside olemasolu ja kvaliteet, majanduslik potentsiaal ja planeerimine, spetsialistide olemasolu ja koolitamine, keskkonnakaitse ja sotsioloogia koos suhtekorraldusega, tehnoloogiline innovatsioon. MAREK v\u00f5imaldab akadeemilise potentsiaali igak\u00fclgset kasutamist erinevat laadi praktiliste maap\u00f5ue uuringute, maavarade otsingute, kaevandus- ja t\u00f6\u00f6tlemistehnoloogiate planeerimise, kasutamise ja eluts\u00fckli l\u00f5petamisega seotud k\u00fcsimuste lahendamiseks nii riigi, omavalitsuste kui ka eraettev\u00f5tluse tasemel.<\/p>\n<p>Meie poole v\u00f5ite p\u00f6\u00f6rduda \u00fcksikule probleemile lahenduse saamiseks kui ka komplekssete uuringute l\u00e4biviimiseks<\/p>\n<h3><a href=\"https:\/\/sisu.ut.ee\/marek\/geof%C3%BC%C3%BCsikalised-uuringud\" target=\"_blank\" rel=\"noopener\" data-url=\"https:\/\/sisu.ut.ee\/marek\/geof%C3%BC%C3%BCsikalised-uuringud\">Geof\u00fc\u00fcsikalised uuringud<\/a><\/h3>\n<p style=\"text-align: justify;\"><span style=\"color: #4c4c4c;\">Maap\u00f5ue uuringute ja m<\/span><span style=\"color: #4c4c4c;\">aavarade otsingute <\/span><span style=\"color: #4c4c4c;\">algusj\u00e4rgu etapp koos planeerimisega. Lihtsaim ja soodsaim meetod kirjeldamaks vajaliku detailsusega huvipakkuva maaala geoloogilist ehitust ning <\/span><span style=\"color: #4c4c4c;\">hindamaks maap\u00f5ueressursside paiknemist ja edasiste uuringute vajadust. Samuti anname hinnangu pinnase stabiilsuse kohta infrastruktuuriobjektide rajamise ja ka \u00fcksikute ehitiste p\u00fcstitamise planeerimiseks.<\/span><\/p>\n<p><strong>Kontakt: <\/strong><a href=\"https:\/\/sisu.ut.ee\/marek\/inimesed\">Argo J\u00f5eleht<\/a> <span style=\"color: #333333;\">argo.joeleht(\u00e4t)ut.ee<\/span> &amp; <a href=\"https:\/\/sisu.ut.ee\/marek\/inimesed\">J\u00fcri Plado<\/a> <span style=\"color: #333333;\">juri.plado(\u00e4t)ut.ee<\/span><\/p>\n<h3>H\u00fcdrogeoloogilised uuringud<\/h3>\n<p style=\"text-align: justify;\"><span style=\"color: #4c4c4c;\">Maavarade kaevandamisega ja ehitiste rajamisega kaasneva veere\u017eiimi muutuste uuringud ja modelleerimine ning eksperthinnangu andmine prognoositavate m\u00f5jude suuna ja kestuse kohta.\u00a0 <\/span><\/p>\n<p><strong>Kontakt:<\/strong>\u00a0<a href=\"https:\/\/sisu.ut.ee\/marek\/inimesed\">Argo J\u00f5eleht <\/a><span style=\"color: #333333;\">argo.joeleht(\u00e4t)ut.ee<\/span> &amp; <a href=\"https:\/\/sisu.ut.ee\/marek\/inimesed\">Marko Kohv<\/a> marko.kohv(\u00e4t)ut.ee<\/p>\n<h3><a href=\"https:\/\/sisu.ut.ee\/marek\/geokeemilised-uuringud\" target=\"_blank\" rel=\"noopener\" data-url=\"https:\/\/sisu.ut.ee\/marek\/geokeemilised-uuringud\">Geokeemia-ja mineraloogia<\/a><\/h3>\n<p style=\"text-align: justify;\"><span style=\"color: #4c4c4c;\">Maap\u00f5ueressursside f\u00fc\u00fcsikaliste omaduste ja keemilise ning mineralse koostise m\u00e4\u00e4ramine ning selle alusel hinnangu andmine materjali kvaliteedi ja kasutatavuse suhtes. T\u00f6\u00f6stustoodangu ja muude tahkete ainete koostise m\u00e4\u00e4ramine, kvaliteediprobleemide v\u00e4lja selgitamine, t\u00f6\u00f6stusj\u00e4\u00e4tmete keskkonnariski identifitseerimine ja hindamine.<\/span><\/p>\n<p><strong>Kontakt: <\/strong><a href=\"https:\/\/sisu.ut.ee\/marek\/inimesed\">Kalle Kirsim\u00e4e<\/a> kalle.kirsimae(\u00e4t)ut.ee<\/p>\n","protected":false},"excerpt":{"rendered":"<p>MAREK anal\u00fc\u00fcsikeskuse n\u00e4ol on tasakaaluliselt ja k\u00f5rgel teaduslikul tasemel esindatud ja integreeritud maap\u00f5ueressursside kasutamise erinevad aspektid: ressursside olemasolu ja kvaliteet, majanduslik potentsiaal ja planeerimine, spetsialistide olemasolu ja koolitamine, keskkonnakaitse ja sotsioloogia koos suhtekorraldusega, tehnoloogiline innovatsioon. MAREK v\u00f5imaldab akadeemilise potentsiaali igak\u00fclgset &#8230;<\/p>\n","protected":false},"author":69,"featured_media":0,"parent":0,"menu_order":0,"comment_status":"closed","ping_status":"closed","template":"","meta":{"_acf_changed":false,"inline_featured_image":false,"footnotes":""},"class_list":["post-18","page","type-page","status-publish","hentry"],"acf":[],"_links":{"self":[{"href":"https:\/\/sisu.ut.ee\/marek\/wp-json\/wp\/v2\/pages\/18","targetHints":{"allow":["GET"]}}],"collection":[{"href":"https:\/\/sisu.ut.ee\/marek\/wp-json\/wp\/v2\/pages"}],"about":[{"href":"https:\/\/sisu.ut.ee\/marek\/wp-json\/wp\/v2\/types\/page"}],"author":[{"embeddable":true,"href":"https:\/\/sisu.ut.ee\/marek\/wp-json\/wp\/v2\/users\/69"}],"replies":[{"embeddable":true,"href":"https:\/\/sisu.ut.ee\/marek\/wp-json\/wp\/v2\/comments?post=18"}],"version-history":[{"count":2,"href":"https:\/\/sisu.ut.ee\/marek\/wp-json\/wp\/v2\/pages\/18\/revisions"}],"predecessor-version":[{"id":406,"href":"https:\/\/sisu.ut.ee\/marek\/wp-json\/wp\/v2\/pages\/18\/revisions\/406"}],"wp:attachment":[{"href":"https:\/\/sisu.ut.ee\/marek\/wp-json\/wp\/v2\/media?parent=18"}],"curies":[{"name":"wp","href":"https:\/\/api.w.org\/{rel}","templated":true}]}}