{"id":16,"date":"2024-04-04T01:55:39","date_gmt":"2024-04-03T22:55:39","guid":{"rendered":"https:\/\/sisu.ut.ee\/marek\/teenused\/"},"modified":"2024-04-04T01:57:25","modified_gmt":"2024-04-03T22:57:25","slug":"teenused","status":"publish","type":"page","link":"https:\/\/sisu.ut.ee\/marek\/teenused\/","title":{"rendered":"TEENUSED"},"content":{"rendered":"<p>Geoloogia osakonna teadlaste kompetents ja anal\u00fc\u00fctilised v\u00f5imalused lubavad v\u00e4ga erinevate keskkonna- ja maap\u00f5ue k\u00fcsimuste lahendamist, alates \u00fcksikute fossiili-,\u00a0kivimi- ja mineraalileidude m\u00e4\u00e4ramisest, petrof\u00fc\u00fcsikalistest-geof\u00fc\u00fcsikalistest\u00a0uuringutest\u00a0kuni suuremahuliste\u00a0v\u00e4liuuringute\u00a0ning ekspertiisideni.<\/p>\n<p><strong>Pakume konsultatsioone ja anal\u00fc\u00fcsi- ning uuringutev\u00f5imalusi kindla probleemi v\u00f5i laiema probleemideringi lahendamiseks.<\/strong><\/p>\n<p><strong>Teostame uuringuid\/anal\u00fc\u00fcse ja pakume konsultatsioone j\u00e4rgmistes valdkondades:<\/strong><\/p>\n<ul>\n<li><a href=\"https:\/\/sisu.ut.ee\/marek\/geokeemilised-uuringud\" data-url=\"https:\/\/sisu.ut.ee\/marek\/geokeemilised-uuringud\">Geokeemia<\/a><\/li>\n<li><a href=\"https:\/\/sisu.ut.ee\/marek\/geof%C3%BC%C3%BCsikalised-uuringud\" data-url=\"https:\/\/sisu.ut.ee\/marek\/geof%C3%BC%C3%BCsikalised-uuringud\">Geof\u00fc\u00fcsika<\/a><\/li>\n<li><a href=\"https:\/\/sisu.ut.ee\/marek\/hudrogeoloogilised-uuringud\" data-url=\"https:\/\/sisu.ut.ee\/marek\/hudrogeoloogilised-uuringud\">H\u00fcdrogeoloogia<\/a><\/li>\n<li><a href=\"https:\/\/sisu.ut.ee\/marek\/pinnakate%20ja%20alusp%C3%B5hi\" data-url=\"https:\/\/sisu.ut.ee\/marek\/pinnakate%20ja%20alusp%C3%B5hi\">Pinnakate ja alusp\u00f5hi<\/a><\/li>\n<\/ul>\n","protected":false},"excerpt":{"rendered":"<p>Geoloogia osakonna teadlaste kompetents ja anal\u00fc\u00fctilised v\u00f5imalused lubavad v\u00e4ga erinevate keskkonna- ja maap\u00f5ue k\u00fcsimuste lahendamist, alates \u00fcksikute fossiili-,\u00a0kivimi- ja mineraalileidude m\u00e4\u00e4ramisest, petrof\u00fc\u00fcsikalistest-geof\u00fc\u00fcsikalistest\u00a0uuringutest\u00a0kuni suuremahuliste\u00a0v\u00e4liuuringute\u00a0ning ekspertiisideni. Pakume konsultatsioone ja anal\u00fc\u00fcsi- ning uuringutev\u00f5imalusi kindla probleemi v\u00f5i laiema probleemideringi lahendamiseks. Teostame uuringuid\/anal\u00fc\u00fcse ja pakume &#8230;<\/p>\n","protected":false},"author":69,"featured_media":0,"parent":0,"menu_order":0,"comment_status":"closed","ping_status":"closed","template":"","meta":{"_acf_changed":false,"inline_featured_image":false,"footnotes":""},"class_list":["post-16","page","type-page","status-publish","hentry"],"acf":[],"_links":{"self":[{"href":"https:\/\/sisu.ut.ee\/marek\/wp-json\/wp\/v2\/pages\/16","targetHints":{"allow":["GET"]}}],"collection":[{"href":"https:\/\/sisu.ut.ee\/marek\/wp-json\/wp\/v2\/pages"}],"about":[{"href":"https:\/\/sisu.ut.ee\/marek\/wp-json\/wp\/v2\/types\/page"}],"author":[{"embeddable":true,"href":"https:\/\/sisu.ut.ee\/marek\/wp-json\/wp\/v2\/users\/69"}],"replies":[{"embeddable":true,"href":"https:\/\/sisu.ut.ee\/marek\/wp-json\/wp\/v2\/comments?post=16"}],"version-history":[{"count":1,"href":"https:\/\/sisu.ut.ee\/marek\/wp-json\/wp\/v2\/pages\/16\/revisions"}],"predecessor-version":[{"id":367,"href":"https:\/\/sisu.ut.ee\/marek\/wp-json\/wp\/v2\/pages\/16\/revisions\/367"}],"wp:attachment":[{"href":"https:\/\/sisu.ut.ee\/marek\/wp-json\/wp\/v2\/media?parent=16"}],"curies":[{"name":"wp","href":"https:\/\/api.w.org\/{rel}","templated":true}]}}