{"id":21,"date":"2024-04-04T08:58:45","date_gmt":"2024-04-04T05:58:45","guid":{"rendered":"https:\/\/sisu.ut.ee\/makingidentitycount\/publikatsioonid\/"},"modified":"2026-02-20T15:00:16","modified_gmt":"2026-02-20T13:00:16","slug":"publikatsioonid","status":"publish","type":"page","link":"https:\/\/sisu.ut.ee\/makingidentitycount\/publikatsioonid\/?lang=et","title":{"rendered":"Publikatsioonid"},"content":{"rendered":"<p data-olk-copy-source=\"MessageBody\">Belova-Dalton, Oksana. 2026. Perspectives of Estonian youth on the risk of political violence and its prevention in Estonia. <em>Behavioral Sciences of Terrorism and Political Aggression<\/em>, 1<span data-olk-copy-source=\"MessageBody\">\u2212<\/span>19. https:\/\/doi.org\/10.1080\/19434472.2026.2629899.<\/p>\n<p data-olk-copy-source=\"MessageBody\">Makarychev, Andrey. 2026. Linguistic Sovereignty and Vernacular Biopolitics: Estonian Russophones as a Postcolonial Phenomenon. In\u00a0<i>Languages in Conflict and War<\/i>, edited by K. Vamling, N. Kiss, B. Petersson, and L. Pidkuimukha (pp. 127\u2013149). Palgrave Studies in Languages at War. Cham: Palgrave Macmillan.\u00a0<a title=\"https:\/\/doi.org\/10.1007\/978-3-032-08419-4_6\" href=\"https:\/\/doi.org\/10.1007\/978-3-032-08419-4_6\" target=\"_blank\" rel=\"noopener noreferrer\" data-auth=\"NotApplicable\" data-linkindex=\"0\">https:\/\/doi.org\/10.1007\/978-3-032-08419-4_6<\/a>.<\/p>\n<p data-olk-copy-source=\"MessageBody\">Tadevosyan, Azniv. 2025. Hideous Macabre: Grotesque Resistance in Contemporary Russian Popular Music. <i>Journal of Pacifism and Nonviolence<\/i>\u00a01.aop (2025): 1-30.\u00a0<a title=\"https:\/\/doi.org\/10.1163\/27727882-bja00056\" href=\"https:\/\/doi.org\/10.1163\/27727882-bja00056\" target=\"_blank\" rel=\"noopener noreferrer\" data-auth=\"NotApplicable\" data-linkindex=\"1\">https:\/\/doi.org\/10.1163\/27727882-bja00056<\/a>. (<a title=\"https:\/\/brill.com\/downloadpdf\/view\/journals\/jpn\/aop\/article-10.1163-27727882-bja00056\/article-10.1163-27727882-bja00056.pdf\" href=\"https:\/\/brill.com\/downloadpdf\/view\/journals\/jpn\/aop\/article-10.1163-27727882-bja00056\/article-10.1163-27727882-bja00056.pdf\" target=\"_blank\" rel=\"noopener noreferrer\" data-auth=\"NotApplicable\" data-linkindex=\"2\">open access<\/a>)<\/p>\n<p data-olk-copy-source=\"MessageBody\"><span data-olk-copy-source=\"MessageBody\">Luika, Lelde. 2025. Lingering dream of \u201cEurope\u201d: Negotiating in-betweeness and East-West divide. <em>Baltic Worlds<\/em>, 4, 70\u221273.\u00a0<a title=\"https:\/\/balticworlds.com\/wp-content\/uploads\/2025\/12\/BW.2025.4..Theme_.Luika_.70.102.pdf\" href=\"https:\/\/balticworlds.com\/wp-content\/uploads\/2025\/12\/BW.2025.4..Theme_.Luika_.70.102.pdf\" target=\"_blank\" rel=\"noopener noreferrer\" data-auth=\"NotApplicable\" data-linkindex=\"0\">https:\/\/balticworlds.com\/wp-content\/uploads\/2025\/12\/BW.2025.4..Theme_.Luika_.70.102.pdf<\/a><\/span><\/p>\n<p data-olk-copy-source=\"MessageBody\">Nurseitova, Aigerim. 2025. <span data-olk-copy-source=\"MessageBody\">Rahvusidentiteedi raport \u2013 Venemaa 2020<\/span>. <a id=\"anchor-cef6167d-c659-f3ff-7711-8e4fbd9ffd46\" title=\"https:\/\/doi.org\/10.58009\/aere-perennius0193\" href=\"https:\/\/doi.org\/10.58009\/aere-perennius0193\" target=\"_blank\" rel=\"noopener noreferrer\" data-auth=\"NotApplicable\" data-linkindex=\"0\">https:\/\/doi.org\/10.58009\/aere-perennius0193<\/a>.<\/p>\n<p class=\"x_MsoNormal\" data-olk-copy-source=\"MessageBody\">Kilp, Alar, ptk 15. Usuvabadus. Egert R\u00fcnne (toim.) Inim\u00f5igused Eestis 2026: areng aastatel 2024-2025. Inim\u00f5iguste Keskus, 9. detsember 2025, <a title=\"https:\/\/humanrights.ee\/materjalid\/inimoigused-eestis-2026\/usuvabadus\/\" href=\"https:\/\/humanrights.ee\/materjalid\/inimoigused-eestis-2026\/usuvabadus\/\" target=\"_blank\" rel=\"noopener noreferrer\" data-auth=\"NotApplicable\" data-linkindex=\"0\">https:\/\/humanrights.ee\/materjalid\/inimoigused-eestis-2026\/usuvabadus\/<\/a>.<\/p>\n<p class=\"x_MsoNormal\">Kilp, Alar, Ch. 15. Freedom of Religion. In: Egert R\u00fcnne (ed.) Human Rights in Estonia 2026: development in the years 2024-2025. Estonian Human Rights Center, 9 December 2025,\u00a0 <a title=\"https:\/\/humanrights.ee\/en\/materials\/inimoigused-eestis-2026\/usuvabadus\/\" href=\"https:\/\/humanrights.ee\/en\/materials\/inimoigused-eestis-2026\/usuvabadus\/\" target=\"_blank\" rel=\"noopener noreferrer\" data-auth=\"NotApplicable\" data-linkindex=\"1\">https:\/\/humanrights.ee\/en\/materials\/inimoigused-eestis-2026\/usuvabadus\/<\/a>.<\/p>\n<p>Pavlova, Elena, 2025. <a href=\"https:\/\/www.mke.ee\/persona\/vzglyad-uchenogo-kak-oshhushhayut-sebya-russkoyazychnye-zhiteli-estonii-i-chto-vliyaet-na-ih-samoopredelenie\/\">\u0412\u0437\u0433\u043b\u044f\u0434 \u0443\u0447\u0435\u043d\u043e\u0433\u043e: \u043a\u0430\u043a \u043e\u0449\u0443\u0449\u0430\u044e\u0442 \u0441\u0435\u0431\u044f \u0440\u0443\u0441\u0441\u043a\u043e\u044f\u0437\u044b\u0447\u043d\u044b\u0435 \u0436\u0438\u0442\u0435\u043b\u0438 \u042d\u0441\u0442\u043e\u043d\u0438\u0438 \u0438 \u0447\u0442\u043e \u0432\u043b\u0438\u044f\u0435\u0442 \u043d\u0430 \u0438\u0445 \u0441\u0430\u043c\u043e\u043e\u043f\u0440\u0435\u0434\u0435\u043b\u0435\u043d\u0438\u0435? \u2014 \u041c\u041a-\u042d\u0441\u0442\u043e\u043d\u0438\u044f<\/a> <em>\u041c\u041a Estonia<\/em>, 29. juuni 2025.<\/p>\n<p>Pavlova, Elena, Paert, Irina, 2025. Fictionalizing the Past in Estonia: Cultural Memory in Women\u2019s Literature. <i>East European Politics and Societies<\/i>, 39 (3), pp. 511\u2212530. <u><a id=\"LPlnk\" class=\"x_OWAAutoLink x_elementToProof\" title=\"https:\/\/doi.org\/10.1177\/08883254251324523\" href=\"https:\/\/doi.org\/10.1177\/08883254251324523\" target=\"_blank\" rel=\"noopener noreferrer\" data-auth=\"NotApplicable\" data-linkindex=\"0\">https:\/\/doi.org\/10.1177\/08883254251324523<\/a>.<\/u><\/p>\n<p>Pavlova, Elena, 2025. Kes me siin oleme? Narva 1990. aasta venekeelses ajakirjanduses. [V\u00f5rgumaterjal] Leitav: https:\/\/www.folklore.ee\/tagused\/nr91\/pavlova.pdf<\/p>\n<p><span data-olk-copy-source=\"MessageBody\">Kilp, Alar, Pankhurst, Jerry G., 2025. The Mandate of the World Russian People\u2019s Council and the Russian Political Imagination: Scripture, Politics and War. Religions, 16 (4). <a title=\"https:\/\/www.mdpi.com\/2077-1444\/16\/4\/466\" href=\"https:\/\/www.mdpi.com\/2077-1444\/16\/4\/466\" target=\"_blank\" rel=\"noopener noreferrer\" data-auth=\"NotApplicable\" data-linkindex=\"0\">https:\/\/www.mdpi.com\/2077-1444\/16\/4\/466<\/a><\/span>\u00a0;\u00a0\u00a0<a title=\"https:\/\/doi.org\/10.3390\/rel16040466\" href=\"https:\/\/doi.org\/10.3390\/rel16040466\" target=\"_blank\" rel=\"noopener noreferrer\" data-auth=\"NotApplicable\" data-linkindex=\"1\">https:\/\/doi.org\/10.3390\/rel16040466<\/a>.<\/p>\n<p>Kilp, Alar, Pankhurst, Jerry G., <a title=\"https:\/\/brill.com\/view\/journals\/jrat\/aop\/article-10.30965-23642807-bja10129\/article-10.30965-23642807-bja10129.xml\" href=\"https:\/\/brill.com\/view\/journals\/jrat\/aop\/article-10.30965-23642807-bja10129\/article-10.30965-23642807-bja10129.xml\" target=\"_blank\" rel=\"noopener noreferrer\" data-auth=\"NotApplicable\" data-linkindex=\"0\">2025<\/a>. State, Church and Values during the Ukraine Crisis: the Dynamics of Charisma in Russia and Estonia. Interdisciplinary Journal for Religion and Transformation in Contemporary Society, 1\u221226. DOI:\u00a0<a title=\"https:\/\/doi.org\/10.30965\/23642807-bja10129\" href=\"https:\/\/doi.org\/10.30965\/23642807-bja10129\" target=\"_blank\" rel=\"noopener noreferrer\" data-auth=\"NotApplicable\" data-linkindex=\"1\">10.30965\/23642807-bja10129<\/a>.<\/p>\n<p>Hallik, Airika, 2024. \u201eEesti rahvas hakkab v\u00e4iksuskompleksi seljatama\u201c, artikkel Alar Kilbi loengust \u201cOlevikulised teised eestlaste rahvusloos: 1990, 1995 ja t\u00e4na\u201c 10.10.2024 Tartu \u00dclikooli Tallinna esinduses, <i>Novaator<\/i>, 10.17.2024. [V\u00f5rgumaterjal] Leitav: <a id=\"LPlnk934897\" href=\"https:\/\/novaator.err.ee\/1609494556\/eesti-rahvas-hakkab-vaiksuskompleksi-seljatama\" target=\"_blank\" rel=\"noopener noreferrer\" data-auth=\"NotApplicable\" data-linkindex=\"0\">https:\/\/novaator.err.ee\/1609494556\/eesti-rahvas-hakkab-vaiksuskompleksi-seljatama<\/a><\/p>\n<p>Kilp, Alar, 2024. Securitization of Orthodoxy in the Baltic States. Ninna M\u00f6rner (toim.) <em>A World Order in Transformation?: A Comparative Study of Consequences of the War and Reactions to These Changes in the Region, pp. <\/em>37\u221243. Huddinge: S\u00f6dert\u00f6rns h\u00f6gskola: Centre for Baltic and East European Studies, CBEES, S\u00f6dert\u00f6rn University. [V\u00f5rgumaterjal] Leitav: <a href=\"https:\/\/sh.diva-portal.org\/smash\/get\/diva2:1846696\/FULLTEXT01.pdf\" target=\"_blank\" rel=\"noopener noreferrer\" data-auth=\"NotApplicable\" data-linkindex=\"0\">https:\/\/sh.diva-portal.org\/smash\/get\/diva2:1846696\/FULLTEXT01.pdf<\/a><\/p>\n<p>Lutter, Sofia, 2023.\u00a0Politoloog: kohalikud venelased vastandavad end eestlaste asemel venemaalastele. <em>ERR Nauka<\/em>, 10. detsember 2023.\u00a0[V\u00f5rgumaterjal] Leitav: https:\/\/novaator.err.ee\/1609189000\/politoloog-kohalikud-venelased-vastandavad-end-eestlaste-asemel-venemaalastele.<\/p>\n<p>Lutter, Sofia, 2023. \u041f\u043e\u043b\u0438\u0442\u043e\u043b\u043e\u0433: \u043c\u0435\u0441\u0442\u043d\u044b\u0435 \u0440\u0443\u0441\u0441\u043a\u0438\u0435 \u043f\u0440\u043e\u0442\u0438\u0432\u043e\u043f\u043e\u0441\u0442\u0430\u0432\u043b\u044f\u044e\u0442 \u0441\u0435\u0431\u044f \u0440\u043e\u0441\u0441\u0438\u044f\u043d\u0430\u043c, \u0430 \u043d\u0435 \u044d\u0441\u0442\u043e\u043d\u0446\u0430\u043c. <em>ERR Nauka<\/em>, 29. november\u00a02023. [V\u00f5rgumaterjal] Leitav:\u00a0https:\/\/nauka.err.ee\/1609179139\/politolog-mestnye-russkie-protivopostavljajut-sebja-rossijanam-a-ne-jestoncam.<\/p>\n<p>Pavlova, Elena, Vilson, Maili, 2023. \u201cWe\u201d versus \u201cothers\u201d in Estonian fiction: the question of national identity in the works of contemporary women writers. <em>Journal of Baltic Studies<\/em>,\u00a0DOI:\u00a0<a href=\"https:\/\/doi.org\/10.1080\/01629778.2023.2271890\">10.1080\/01629778.2023.2271890<\/a>.<\/p>\n<p>Pavlova, Elena, 2023.\u00a0VENELASED VERSUS VENELASED KAASAEGSES VENEKEELSES EESTI KIRJANDUSES. <em>Keel ja Kirjandus<\/em>, 10. [V\u00f5rgumaterjal] Leitav:\u00a0<a href=\"https:\/\/keeljakirjandus.ee\/ee\/archives\/35866\">Venelased versus venelased kaasaegses venekeelses eesti kirjanduses \u2013 Keel ja Kirjandus<\/a>.<\/p>\n<p>Palvola, Elena, 2023. <a href=\"https:\/\/rus.postimees.ee\/7800708\/ot-politologa-russkoyazychnoe-naselenie-estonii-identichnost-ili-identitet\">\u041e\u0422 \u041f\u041e\u041b\u0418\u0422\u041e\u041b\u041e\u0413\u0410 \u27e9 \u0420\u0443\u0441\u0441\u043a\u043e\u044f\u0437\u044b\u0447\u043d\u043e\u0435 \u043d\u0430\u0441\u0435\u043b\u0435\u043d\u0438\u0435 \u042d\u0441\u0442\u043e\u043d\u0438\u0438: \u0438\u0434\u0435\u043d\u0442\u0438\u0447\u043d\u043e\u0441\u0442\u044c \u0438\u043b\u0438 \u0438\u0434\u0435\u043d\u0442\u0438\u0442\u0435\u0442? (postimees.ee)<\/a>\u00a0<em>Postimees<\/em>,\u00a04. juuli\u00a02023.<\/p>\n<p>Morozov, Viacheslav; Reshetnikov, Anatoly; Gaufman, Elizaveta, 2022. <a href=\"https:\/\/www.etis.ee\/portal\/publications\/display\/5db2c8e3-f809-404b-a3de-82b32b5069e4\">\u201cF*** tha police!\u201d \u00e0 la Russe: Ranci\u00e8re and the Metamodernist Turn in Contemporary Russian Music<\/a>.\u00a0<em>Nationalities Papers<\/em>, \u00a01\u221227. DOI: 10.1017\/nps.2022.112.<\/p>\n<p>Pavlova, Elena, 2022. <a href=\"https:\/\/www.etis.ee\/portal\/publications\/display\/bc130e79-f3be-44d7-946b-1e993449b05d\">\u0420\u0443\u0441\u0441\u043a\u043e\u0435 \u0437\u0430\u0440\u0443\u0431\u0435\u0436\u044c\u0435. \u0412\u0437\u0433\u043b\u044f\u0434 \u0432 \u0437\u0435\u0440\u043a\u0430\u043b\u043e<\/a>.\u00a0<em>\u041d\u043e\u0432\u044b\u0439 \u043c\u0438\u0440<\/em>, 1, \u00a0167\u2212170.<\/p>\n<p>Morozov, Viacheslav, 2021. <a title=\"\" href=\"http:\/\/dx.doi.org\/10.1177\/2336825X211052974\" target=\"_blank\" rel=\"noopener\">Class, culture and political representation of the native in Russia and East Central Europe: Paving the way for the New Right?<\/a>\u00a0<em>New Perspectives<\/em>\u00a029 (4), 349\u2212363. DOI: 10.1177\/2336825X211052974.<\/p>\n","protected":false},"excerpt":{"rendered":"<p>Belova-Dalton, Oksana. 2026. Perspectives of Estonian youth on the risk of political violence and its prevention in Estonia. Behavioral Sciences of Terrorism and Political Aggression, 1\u221219. https:\/\/doi.org\/10.1080\/19434472.2026.2629899. Makarychev, Andrey. 2026. Linguistic Sovereignty and Vernacular Biopolitics: Estonian Russophones as a Postcolonial &#8230;<\/p>\n","protected":false},"author":322,"featured_media":0,"parent":0,"menu_order":0,"comment_status":"closed","ping_status":"closed","template":"","meta":{"_acf_changed":false,"inline_featured_image":false,"footnotes":""},"class_list":["post-21","page","type-page","status-publish","hentry"],"acf":[],"_links":{"self":[{"href":"https:\/\/sisu.ut.ee\/makingidentitycount\/wp-json\/wp\/v2\/pages\/21","targetHints":{"allow":["GET"]}}],"collection":[{"href":"https:\/\/sisu.ut.ee\/makingidentitycount\/wp-json\/wp\/v2\/pages"}],"about":[{"href":"https:\/\/sisu.ut.ee\/makingidentitycount\/wp-json\/wp\/v2\/types\/page"}],"author":[{"embeddable":true,"href":"https:\/\/sisu.ut.ee\/makingidentitycount\/wp-json\/wp\/v2\/users\/322"}],"replies":[{"embeddable":true,"href":"https:\/\/sisu.ut.ee\/makingidentitycount\/wp-json\/wp\/v2\/comments?post=21"}],"version-history":[{"count":12,"href":"https:\/\/sisu.ut.ee\/makingidentitycount\/wp-json\/wp\/v2\/pages\/21\/revisions"}],"predecessor-version":[{"id":405,"href":"https:\/\/sisu.ut.ee\/makingidentitycount\/wp-json\/wp\/v2\/pages\/21\/revisions\/405"}],"wp:attachment":[{"href":"https:\/\/sisu.ut.ee\/makingidentitycount\/wp-json\/wp\/v2\/media?parent=21"}],"curies":[{"name":"wp","href":"https:\/\/api.w.org\/{rel}","templated":true}]}}