{"id":5,"date":"2024-04-03T23:20:45","date_gmt":"2024-04-03T20:20:45","guid":{"rendered":"https:\/\/sisu.ut.ee\/majutus\/majutusettevotte-tookorralduse-sisu\/"},"modified":"2024-04-03T23:20:48","modified_gmt":"2024-04-03T20:20:48","slug":"majutusettevotte-tookorralduse-sisu","status":"publish","type":"page","link":"https:\/\/sisu.ut.ee\/majutus\/majutusettevotte-tookorralduse-sisu\/","title":{"rendered":"Majutusettev\u00f5tte t\u00f6\u00f6korralduse sisu"},"content":{"rendered":"<p><strong>Majutusettev\u00f5tte t\u00f6\u00f6korralduse<\/strong> v\u00f5ib jagada kolmeks\u00a0peamiseks valdkonnaks:<\/p>\n<ul>\n<li>v\u00e4liskliendi teekonna t\u00f6\u00f6korraldus;<\/li>\n<li>sisekliendiga ehk<strong> <\/strong>majutusettev\u00f5tte\u00a0t\u00f6\u00f6tajtega\u00a0 seonduv t\u00f6\u00f6korraldus;<\/li>\n<li>aruandlus, planeerimine ja kontroll.<\/li>\n<\/ul>\n<p>Majutusettev\u00f5tte t\u00f6\u00f6korralduse erip\u00e4rad johtuvad:<\/p>\n<ul>\n<li>majutusettev\u00f5tte \u00e4riideest;<\/li>\n<li>majutusettev\u00f5tte liigist.<\/li>\n<\/ul>\n<p>Majutusettev\u00f5tte \u00f6\u00f6korraldusega kaasnevate ressursside juhtimine:<\/p>\n<ul>\n<li>finantsressursid \u2013 k\u00e4ive ehk sissetulek ja kulud;<\/li>\n<li>f\u00fc\u00fcsiline ressurss \u2013 majutusettev\u00f5tte kliendipiirkond ja t\u00f6\u00f6tajate piirkond;<\/li>\n<li>inimressurss \u2013 t\u00f6\u00f6j\u00f5ud, kvalifikatsioon.<\/li>\n<\/ul>\n<p>Majutusettev\u00f5tte t\u00f6\u00f6korraldust m\u00f5jutavad nii ettev\u00f5tte sisesed kui v\u00e4lised tegurid.<\/p>\n<p>N\u00e4ide v\u00e4liskeskkonnast tulenevatest majutusettev\u00f5tte t\u00f6\u00f6korraldusega seotud m\u00f5juteguritest:<\/p>\n<table class=\"table table-hover\" border=\"1\" cellspacing=\"0\" cellpadding=\"0\">\n<tbody>\n<tr>\n<td valign=\"top\">\n<p><strong>\u00d5igusakt v\u00f5i kontrollorgan<\/strong><\/p>\n<\/td>\n<td valign=\"top\">\n<p><strong>Kontrollib \/ m\u00e4\u00e4rab<\/strong><\/p>\n<\/td>\n<\/tr>\n<tr>\n<td>\n<p>1)\u00a0\u00a0 \u00a0 Turismiseadus<\/p>\n<\/td>\n<td>\n<p align=\"left\">kehtestab majutusteenuse\u00a0\u00a0kasutaja registreerimise\u00a0n\u00f5uded ja\u00a0k\u00fclastajakaardi kohustusliku sisu<\/p>\n<\/td>\n<\/tr>\n<tr>\n<td>\n<p>2)\u00a0\u00a0 \u00a0 N\u00f5uded majutusettev\u00f5ttele (m\u00e4\u00e4rus)<\/p>\n<\/td>\n<td>\n<p>\u2013 kehtestab majutusettev\u00f5tte \u00fcldn\u00f5uded, mis on k\u00f5igile kohustuslikud<\/p>\n<p>\u2013 kehtestab\u00a0 spetsiifilised n\u00f5uded vastavalt majutusettev\u00f5tte\u00a0 liigile ning\u00a0n\u00f5uded majutus- ja h\u00fcgieeniruumidele<\/p>\n<\/td>\n<\/tr>\n<tr>\n<td>\n<p>3)\u00a0\u00a0 \u00a0 Statistikaamet<\/p>\n<\/td>\n<td>\n<p>soovivad saada majutusstatistikat, lisaks k\u00fclastajate reisieesm\u00e4rki ja rahvust<\/p>\n<\/td>\n<\/tr>\n<tr>\n<td>\n<p>4)\u00a0\u00a0 \u00a0 Politsei- ja Piirivalveamet<\/p>\n<\/td>\n<td>\n<p>kontrollivad \u00a0majutusettev\u00f5ttes \u00a0k\u00fclastajakaartide t\u00e4itmist<\/p>\n<\/td>\n<\/tr>\n<tr>\n<td>\n<p>5)\u00a0\u00a0 \u00a0 Veterinaar- ja Toiduamet<\/p>\n<\/td>\n<td>\n<p>kontrollivad \u00a0majutusettev\u00f5ttes toitlustusega seotud\u00a0h\u00fcgieenin\u00f5uded ja dokumentatsiooni<\/p>\n<\/td>\n<\/tr>\n<tr>\n<td>\n<p>6)\u00a0\u00a0 \u00a0 Terviseamet<\/p>\n<\/td>\n<td>\n<p>kontrollivad \u00a0majutusettev\u00f5ttes pesuladu, majutusruumide puhtust<\/p>\n<\/td>\n<\/tr>\n<tr>\n<td>\n<p>7)\u00a0\u00a0 \u00a0 Maksu- ja Tolliamet<\/p>\n<\/td>\n<td>\n<p>kontrollivad \u00a0majutusettev\u00f5ttes t\u00f6\u00f6lepinguid<\/p>\n<\/td>\n<\/tr>\n<tr>\n<td>\n<p>8)\u00a0\u00a0 \u00a0 P\u00e4\u00e4steamet<\/p>\n<\/td>\n<td>\n<p>kontrollivad \u00a0majutusettev\u00f5ttes tuleohutusn\u00f5udeid ja dokumentatsiooni<\/p>\n<\/td>\n<\/tr>\n<\/tbody>\n<\/table>\n","protected":false},"excerpt":{"rendered":"<p>Majutusettev\u00f5tte t\u00f6\u00f6korralduse v\u00f5ib jagada kolmeks\u00a0peamiseks valdkonnaks: v\u00e4liskliendi teekonna t\u00f6\u00f6korraldus; sisekliendiga ehk majutusettev\u00f5tte\u00a0t\u00f6\u00f6tajtega\u00a0 seonduv t\u00f6\u00f6korraldus; aruandlus, planeerimine ja kontroll. Majutusettev\u00f5tte t\u00f6\u00f6korralduse erip\u00e4rad johtuvad: majutusettev\u00f5tte \u00e4riideest; majutusettev\u00f5tte liigist. Majutusettev\u00f5tte \u00f6\u00f6korraldusega kaasnevate ressursside juhtimine: finantsressursid \u2013 k\u00e4ive ehk sissetulek ja kulud; f\u00fc\u00fcsiline ressurss &#8230;<\/p>\n","protected":false},"author":23,"featured_media":0,"parent":0,"menu_order":0,"comment_status":"closed","ping_status":"closed","template":"","meta":{"_acf_changed":false,"inline_featured_image":false,"footnotes":""},"class_list":["post-5","page","type-page","status-publish","hentry"],"acf":[],"_links":{"self":[{"href":"https:\/\/sisu.ut.ee\/majutus\/wp-json\/wp\/v2\/pages\/5","targetHints":{"allow":["GET"]}}],"collection":[{"href":"https:\/\/sisu.ut.ee\/majutus\/wp-json\/wp\/v2\/pages"}],"about":[{"href":"https:\/\/sisu.ut.ee\/majutus\/wp-json\/wp\/v2\/types\/page"}],"author":[{"embeddable":true,"href":"https:\/\/sisu.ut.ee\/majutus\/wp-json\/wp\/v2\/users\/23"}],"replies":[{"embeddable":true,"href":"https:\/\/sisu.ut.ee\/majutus\/wp-json\/wp\/v2\/comments?post=5"}],"version-history":[{"count":1,"href":"https:\/\/sisu.ut.ee\/majutus\/wp-json\/wp\/v2\/pages\/5\/revisions"}],"predecessor-version":[{"id":41,"href":"https:\/\/sisu.ut.ee\/majutus\/wp-json\/wp\/v2\/pages\/5\/revisions\/41"}],"wp:attachment":[{"href":"https:\/\/sisu.ut.ee\/majutus\/wp-json\/wp\/v2\/media?parent=5"}],"curies":[{"name":"wp","href":"https:\/\/api.w.org\/{rel}","templated":true}]}}