{"id":4,"date":"2024-04-03T23:20:45","date_gmt":"2024-04-03T20:20:45","guid":{"rendered":"https:\/\/sisu.ut.ee\/majutus\/majutusettevotte-tuumikuksused\/"},"modified":"2024-04-03T23:20:48","modified_gmt":"2024-04-03T20:20:48","slug":"majutusettevotte-tuumikuksused","status":"publish","type":"page","link":"https:\/\/sisu.ut.ee\/majutus\/majutusettevotte-tuumikuksused\/","title":{"rendered":"Majutusettev\u00f5tte tuumik\u00fcksused"},"content":{"rendered":"<p style=\"text-align: justify\"><span style=\"font-family: verdana,geneva;font-size: small\">Majutusettev\u00f5ttes t\u00f6\u00f6 korraldamine vajab <strong>f\u00fc\u00fcsilist keskkonda<\/strong>, mis h\u00f5lmab k\u00fclastajale n\u00e4htavat ala ja k\u00fclastajatele n\u00e4htamatut ala ehk tagalat, kus\u00a0 tegutsevad vaid ettev\u00f5tte t\u00f6\u00f6tajad<\/span><\/p>\n<p style=\"text-align: justify\"><span style=\"font-family: verdana,geneva;font-size: small\">\u00dcldistame, et s\u00f5ltumata majutusettev\u00f5tte suurusest v\u00f5i liigist on p\u00f5hiteenuseks majutusruumi pakkumine koos hommikus\u00f6\u00f6gi v\u00f5imalusega. Selleks on majutusettev\u00f5ttes t\u00f6\u00f6korralduslikult vaja kolme t\u00f6\u00f6\u00fcksust, mida suuremates majutusettev\u00f5tetes nimetatakse osakondadeks. Nendeks on vastuv\u00f5tt, majapidamine ja toitlustus (vt. joonis 1):<\/span><\/p>\n<ul>\n<li style=\"text-align: justify\"><span style=\"font-family: verdana,geneva;font-size: small\">paksema \/ tumeda joonega m\u00e4rgistatud = majutusettev\u00f5tte kliendipiirkond ehk \u00a0k\u00fclastajale n\u00e4htavad ruumid ja alad, kus teenuseid pakutakse;<\/span><\/li>\n<li style=\"text-align: justify\"><span style=\"font-family: verdana,geneva;font-size: small\">peenema \/ heleda joonega m\u00e4rgistatud = majutusettev\u00f5tte t\u00f6\u00f6tajate piirkond ehk k\u00fclastajatele n\u00e4htamatu ruumid, \u00a0tagala. Need ruumid on t\u00f6\u00f6korralduslikult vajalikud teenuse pakkumiseks. N\u00e4iteks vastuv\u00f5tujuhi, majapidamisjuhi v\u00f5i majutusjuhi t\u00f6\u00f6ruum \/ kontor; t\u00f6\u00f6tajate riietusruum, laod jms.<\/span><\/li>\n<li style=\"text-align: justify\"><span style=\"font-family: verdana,geneva;font-size: small\">punktiirjoonega m\u00e4rgistatud = v\u00e4hemlevinumad ruumid majutusettev\u00f5tte t\u00f6\u00f6tajate piirkonnas. N\u00e4iteks igas majutusettev\u00f5ttes ei ole oma pesumaja vaid pesu pesemiseks kasutatakse pesupesemisteenust.<\/span><\/li>\n<\/ul>\n<p><span style=\"font-family: verdana,geneva;font-size: small\"><span style=\"font-family: verdana,geneva;font-size: small\"><img loading=\"lazy\" decoding=\"async\" width=\"558\" height=\"341\" class=\"alignnone wp-image-15\" style=\"margin-right: auto;margin-left: auto\" src=\"https:\/\/sisu.ut.ee\/wp-content\/uploads\/sites\/81\/joonis_1.jpg\" title=\"joonis_1.jpg\" alt=\"Majutusettev\u00f5tte \u00fcksused\" srcset=\"https:\/\/sisu.ut.ee\/wp-content\/uploads\/sites\/81\/joonis_1.jpg 558w, https:\/\/sisu.ut.ee\/wp-content\/uploads\/sites\/81\/joonis_1-300x183.jpg 300w\" sizes=\"auto, (max-width: 558px) 100vw, 558px\"><\/span><\/span><\/p>\n<p><span style=\"font-family: verdana,geneva;font-size: small\">Joonis 1. Lihtsustatud mudel majutusettev\u00f5tte f\u00fc\u00fcsilisest kekskkonnast (Allikas: autori koostatud).<\/span><\/p>\n","protected":false},"excerpt":{"rendered":"<p>Majutusettev\u00f5ttes t\u00f6\u00f6 korraldamine vajab f\u00fc\u00fcsilist keskkonda, mis h\u00f5lmab k\u00fclastajale n\u00e4htavat ala ja k\u00fclastajatele n\u00e4htamatut ala ehk tagalat, kus\u00a0 tegutsevad vaid ettev\u00f5tte t\u00f6\u00f6tajad \u00dcldistame, et s\u00f5ltumata majutusettev\u00f5tte suurusest v\u00f5i liigist on p\u00f5hiteenuseks majutusruumi pakkumine koos hommikus\u00f6\u00f6gi v\u00f5imalusega. Selleks on majutusettev\u00f5ttes t\u00f6\u00f6korralduslikult &#8230;<\/p>\n","protected":false},"author":23,"featured_media":0,"parent":0,"menu_order":0,"comment_status":"closed","ping_status":"closed","template":"","meta":{"_acf_changed":false,"inline_featured_image":false,"footnotes":""},"class_list":["post-4","page","type-page","status-publish","hentry"],"acf":[],"_links":{"self":[{"href":"https:\/\/sisu.ut.ee\/majutus\/wp-json\/wp\/v2\/pages\/4","targetHints":{"allow":["GET"]}}],"collection":[{"href":"https:\/\/sisu.ut.ee\/majutus\/wp-json\/wp\/v2\/pages"}],"about":[{"href":"https:\/\/sisu.ut.ee\/majutus\/wp-json\/wp\/v2\/types\/page"}],"author":[{"embeddable":true,"href":"https:\/\/sisu.ut.ee\/majutus\/wp-json\/wp\/v2\/users\/23"}],"replies":[{"embeddable":true,"href":"https:\/\/sisu.ut.ee\/majutus\/wp-json\/wp\/v2\/comments?post=4"}],"version-history":[{"count":1,"href":"https:\/\/sisu.ut.ee\/majutus\/wp-json\/wp\/v2\/pages\/4\/revisions"}],"predecessor-version":[{"id":40,"href":"https:\/\/sisu.ut.ee\/majutus\/wp-json\/wp\/v2\/pages\/4\/revisions\/40"}],"wp:attachment":[{"href":"https:\/\/sisu.ut.ee\/majutus\/wp-json\/wp\/v2\/media?parent=4"}],"curies":[{"name":"wp","href":"https:\/\/api.w.org\/{rel}","templated":true}]}}