{"id":3,"date":"2024-04-03T23:20:45","date_gmt":"2024-04-03T20:20:45","guid":{"rendered":"https:\/\/sisu.ut.ee\/majutus\/avaleht\/"},"modified":"2024-04-03T23:20:48","modified_gmt":"2024-04-03T20:20:48","slug":"avaleht","status":"publish","type":"page","link":"https:\/\/sisu.ut.ee\/majutus\/","title":{"rendered":"Avaleht"},"content":{"rendered":"<p><span style=\"font-family: verdana,geneva;font-size: medium\"><strong><span>Majutusettev\u00f5tte t\u00f6\u00f6korralduse p\u00f5hiprotsessid<\/span><\/strong><\/span><\/p>\n<p><span>Teema maht:<\/span> 0,2 EAP<\/p>\n<p>\u00d5piobjekti\u00a0<strong><span>eesm\u00e4rgiks<\/span><\/strong> on\u00a0Teile tutvustada majutusettev\u00f5tte sise- ja v\u00e4liskliendi teenindamiseks ning aruandluse, planeerimise ja kontrolli teostamiseks vajalikke t\u00f6\u00f6protsesse.<\/p>\n<p style=\"text-align: justify\">\u00d5ppematerjali l\u00e4bit\u00f6\u00f6tamisel\u00a0<span><strong>oskate<\/strong><\/span> kirjeldada\u00a0majutusettev\u00f5tte tuumik\u00fcksuseid ning\u00a0t\u00f6\u00f6korraldusega seotud tegevusi sise- ja v\u00e4liskliendi teenindamisel.<\/p>\n<p><span>Head avastamisr\u00f5\u00f5mu!<\/span><\/p>\n<p>Tiina Tamm, MSc <br>Tartu \u00dclikooli P\u00e4rnu kolledz <br>2013<\/p>\n<p><span style=\"font-family: verdana,geneva;font-size: medium\"><strong><span><img loading=\"lazy\" decoding=\"async\" width=\"169\" height=\"82\" class=\"alignnone wp-image-14\" src=\"https:\/\/sisu.ut.ee\/wp-content\/uploads\/sites\/81\/best_logo.jpg\" title=\"best_logo.jpg\" alt=\"Best logo\"><\/span><\/strong><\/span><\/p>\n","protected":false},"excerpt":{"rendered":"<p>Majutusettev\u00f5tte t\u00f6\u00f6korralduse p\u00f5hiprotsessid Teema maht: 0,2 EAP \u00d5piobjekti\u00a0eesm\u00e4rgiks on\u00a0Teile tutvustada majutusettev\u00f5tte sise- ja v\u00e4liskliendi teenindamiseks ning aruandluse, planeerimise ja kontrolli teostamiseks vajalikke t\u00f6\u00f6protsesse. \u00d5ppematerjali l\u00e4bit\u00f6\u00f6tamisel\u00a0oskate kirjeldada\u00a0majutusettev\u00f5tte tuumik\u00fcksuseid ning\u00a0t\u00f6\u00f6korraldusega seotud tegevusi sise- ja v\u00e4liskliendi teenindamisel. Head avastamisr\u00f5\u00f5mu! Tiina Tamm, MSc Tartu &#8230;<\/p>\n","protected":false},"author":23,"featured_media":0,"parent":0,"menu_order":0,"comment_status":"closed","ping_status":"closed","template":"","meta":{"_acf_changed":false,"inline_featured_image":false,"footnotes":""},"class_list":["post-3","page","type-page","status-publish","hentry"],"acf":[],"_links":{"self":[{"href":"https:\/\/sisu.ut.ee\/majutus\/wp-json\/wp\/v2\/pages\/3","targetHints":{"allow":["GET"]}}],"collection":[{"href":"https:\/\/sisu.ut.ee\/majutus\/wp-json\/wp\/v2\/pages"}],"about":[{"href":"https:\/\/sisu.ut.ee\/majutus\/wp-json\/wp\/v2\/types\/page"}],"author":[{"embeddable":true,"href":"https:\/\/sisu.ut.ee\/majutus\/wp-json\/wp\/v2\/users\/23"}],"replies":[{"embeddable":true,"href":"https:\/\/sisu.ut.ee\/majutus\/wp-json\/wp\/v2\/comments?post=3"}],"version-history":[{"count":1,"href":"https:\/\/sisu.ut.ee\/majutus\/wp-json\/wp\/v2\/pages\/3\/revisions"}],"predecessor-version":[{"id":39,"href":"https:\/\/sisu.ut.ee\/majutus\/wp-json\/wp\/v2\/pages\/3\/revisions\/39"}],"wp:attachment":[{"href":"https:\/\/sisu.ut.ee\/majutus\/wp-json\/wp\/v2\/media?parent=3"}],"curies":[{"name":"wp","href":"https:\/\/api.w.org\/{rel}","templated":true}]}}