{"id":8,"date":"2024-04-04T06:13:15","date_gmt":"2024-04-04T03:13:15","guid":{"rendered":"https:\/\/sisu.ut.ee\/maavarad\/turvas\/"},"modified":"2024-04-04T06:13:31","modified_gmt":"2024-04-04T03:13:31","slug":"turvas","status":"publish","type":"page","link":"https:\/\/sisu.ut.ee\/maavarad\/turvas\/","title":{"rendered":"Turvas"},"content":{"rendered":"<p><b>Turvas<\/b>\u00a0on orgaaniline maavara, milles mineraalainete sisaldus ei tohi \u00fcletada 35% kuivaine massist. Turvas kujuneb soodes surnud taimeosakestest, kus need vees hapnikuvaegusel t\u00e4ielikult ei lagune. Turvas on suure veesisaldusega (88-92%) orgaaniline aine, mis koosneb s\u00fcsinikust (50-60%), vesinikust (5-7%), hapnikust, sisaldab alati l\u00e4mmastikku (2-3%), fosforit (&lt;0,2%) ja mittep\u00f5levaid koostisosasid (mineraalsed toiteelemendid).<\/p>\n<p>\n\tEesti on maailma \u00fcks sooderikkamaid paiku \u2013 22,3% meie territooriumist on soode all. Soode teke algas varsti p\u00e4rast mandrij\u00e4\u00e4\u00a0taandumist, kui kliima muutus pehmemaks \u2013 9100-8800 aastat tagasi, nagu n\u00e4itavad radioaktiivse s\u00fcsiniku (C<sup>14<\/sup>) meetodil saadud uurimistulemused. Suurimad sood on Puhatu (57 000 ha), Epu-Kakerdi (39 000 ha), Endla (25 100 ha), Lavassaare (37 800 ha), Suursoo (17 100 ha), Peedla (15 500 ha). Valdavaks on siiski v\u00e4ikesood \u2013 9836 soost 85% on pindalaga 1-10 ha.\n<\/p>\n<p>\n\t<img loading=\"lazy\" decoding=\"async\" width=\"488\" height=\"316\" class=\"alignnone wp-image-30\" src=\"https:\/\/sisu.ut.ee\/wp-content\/uploads\/sites\/433\/turbamaardlad.jpg\" title=\"turbamaardlad.jpg\" alt=\"turbamaardlad\" srcset=\"https:\/\/sisu.ut.ee\/wp-content\/uploads\/sites\/433\/turbamaardlad.jpg 488w, https:\/\/sisu.ut.ee\/wp-content\/uploads\/sites\/433\/turbamaardlad-300x194.jpg 300w\" sizes=\"auto, (max-width: 488px) 100vw, 488px\">\n<\/p>\n<p>\n\tTurbavarude jaotumine Eesti alal on eba\u00fchtlane, suurimad on Ida-Virumaa l\u00f5unaosa ja P\u00e4rnumaa soode varud. M\u00e4rkimisv\u00e4\u00e4rsed on varud ka Kesk- ja Vahe-Eesti soomassiivides. Turbamaardlatena k\u00e4sitatakse praegu 0,9 m paksuse turbakihiga \u00fcle 10 ha pindalaga soid. Sellistele tingimustele vastab 1626 sood, neist 520 on majanduslikult huvipakkuvad. Suuremate soode turbakihi paksus on keskmiselt 4-5 m, harva ka 7-8 m. \u00dcksikutes soodes leidub anomaalse paksusega kihte \u2013 18 m V\u00e4llam\u00e4e ja 12 m Napsi soos. Aastane turba juurdekasv on umbes 0,9 mm; juurdekasv soodes on suurim aasta jahedal ja niiskel perioodil.\n<\/p>\n<p>\n\t\u00a0\n<\/p>\n<p>\t<img loading=\"lazy\" decoding=\"async\" width=\"395\" height=\"368\" class=\"alignnone wp-image-31\" src=\"https:\/\/sisu.ut.ee\/wp-content\/uploads\/sites\/433\/napsi1_p.jpg\" title=\"napsi1_p.jpg\" alt=\"napsi1\" srcset=\"https:\/\/sisu.ut.ee\/wp-content\/uploads\/sites\/433\/napsi1_p.jpg 395w, https:\/\/sisu.ut.ee\/wp-content\/uploads\/sites\/433\/napsi1_p-300x279.jpg 300w\" sizes=\"auto, (max-width: 395px) 100vw, 395px\"><\/p>\n<p>\n\tTurvas on olulise t\u00e4htsusega energeetiline maavara, mis loob Eesti alal lootustandva perspektiivi tuleviku tarbeks. Turbavaru Eestis on v\u00e4ga suur. Asume turba tekkeks soodsates kliimaoludes \u2013 niiskete ja soojade atlantiliste atmosf\u00e4\u00e4rihoovuste m\u00f5jusf\u00e4\u00e4ris, mis tagab selle maavararessursi pideva juurdekasvu umbes 0,9 mm aastas, muutes ta niiviisi isegi osaliselt taatuvaks maavaraks. Sood v\u00f5ivad tekkida kas maismaa soostumise tulemusel v\u00f5i veekogude kinnikasvamisel. V\u00e4hemalt 2\/3 Eesti soodest on kujunenud maismaa soostumise tulemusel. Nii maismaa kui veekogude soostumine on seotud Holotseenis toimunud kliima muutumisega. Eesti alal algas intensiivsem maismaa soostumine umbes 8000 aastat tagasi, kuid veekogude kinnikasvamisega kaasnav sagenes pea 1500 aastat hiljem, seega umbes 6500 aastat tagasi.\n<\/p>\n<p>\n\tTurvas jaotub oma tekkeviisilt ja kasutusalalt kaheks alat\u00fc\u00fcbiks. P\u00f5hjaveest toitunud\u00a0<b>h\u00e4stilagunenud madalsooturvast<\/b>\u00a0kasutatakse peamiselt k\u00fctteturbana, v\u00e4hem v\u00e4etiste ja kompostide valmistamiseks ning meditsiinis. H\u00e4stilagunenud turvas moodustab 85% varude \u00fcldhulgast. Sademeteveest toitunud\u00a0<b>v\u00e4helagunenud k\u00f5rgsoo- ehk rabaturvast<\/b>\u00a0kasutatakse p\u00f5llumajanduses alusturbana, v\u00e4hem aianduses ning absorbeerivate materjalide tootmiseks. Moodustab 15% varude \u00fcldhulgast.\n<\/p>\n<p>\n\tTurvas maavarana on lihtsast energeetikatoormest siiski mitmepalgelisem. Suurt osa sellest kasutatakse v\u00e4etise- v\u00f5i aiandusturbana \u2013 komposti koostisosana, kasvustimulaatorina, muldade struktuuri parandajana. Suurt tulu saadakse aiandusturba ekspordist. Kasutusviise v\u00f5iks leida teisigi \u2013 meditsiinis, kosmeetikas, keemiat\u00f6\u00f6stuses.\n<\/p>\n<p>\n\t2009. aastal toodeti 842 300 tonni turvast, sealhulgas 380 400 tonni v\u00e4helagunenud turvast ja 461 900 tonni h\u00e4stilagunenud turvast (<a href=\"http:\/\/geoportaal.maaamet.ee\/est\/Andmed-ja-kaardid\/Geoloogilised-andmed\/Maardlad-p83.html\">Maa-amet<\/a>).\n<\/p>\n<p>\n\tFreesturba algmaterjaliks on v\u00e4helagunenud k\u00f5rgsooturvas, mis freesitakse rabapinnalt lahti, kuivatatkse, vallitakse ja kogutakse auna. Freesturvast kasutatakse iluaedade rajamisel, aedade mullastruktuuri parandamisel, allapanuna loomakasvatuses ja fekaalgaaside sidujana kuivk\u00e4imlates.\n<\/p>\n<p>\n\tK\u00fcttefreesturba algmaterjaliks on h\u00e4stilagunenud madalsooturvas. Freesitava kihi paksus on keskmiselt 11 mm. Freesturvast toodetakse mai algusest kuni augusti l\u00f5puni. \u00dcks ts\u00fckkel freesturba tootmisel koosneb j\u00e4rgmistest operatsioonidest: freesimine, p\u00f6\u00f6ramine, vallitamine, kogumine, aunatamine. K\u00f5igi nende operatsioonide tegemiseks on spetsiaalsed masinad, mida v\u00f5ib \u00fche operatsiooni jaoks olla v\u00e4ga erinevaid. K\u00fcttefreesturvast kasutatakse eelk\u00f5ige suurtes katlamajades k\u00fcttena. Lisaks on kasutusel ka kuivatatud freesturbast pressitud peened s\u00f5rmej\u00e4medused turbapulgad, mida nimetatkse turbapelletiteks ehk graanuliteks. Ka turbabriketti valmistamiselatakse k\u00fcttefreesturbast.\n<\/p>\n<p>\n\tTurbav\u00e4ljade fotod p\u00e4rinevas Lavassaare rabast (AS Tootsi Turvas)\n<\/p>\n<p>\n\t<img loading=\"lazy\" decoding=\"async\" width=\"520\" height=\"390\" class=\"alignnone wp-image-32\" src=\"https:\/\/sisu.ut.ee\/wp-content\/uploads\/sites\/433\/frees1a.jpg\" title=\"frees1a.jpg\" alt=\"frees1a\" srcset=\"https:\/\/sisu.ut.ee\/wp-content\/uploads\/sites\/433\/frees1a.jpg 520w, https:\/\/sisu.ut.ee\/wp-content\/uploads\/sites\/433\/frees1a-300x225.jpg 300w\" sizes=\"auto, (max-width: 520px) 100vw, 520px\">\n<\/p>\n<p>\n\t<b>Freesturba lahtifreesimine Lavassaares<\/b>\n<\/p>\n<p>\n\t\u00a0\n<\/p>\n<p>\n\t\u00a0\n<\/p>\n<p>\n\t<img loading=\"lazy\" decoding=\"async\" width=\"520\" height=\"390\" class=\"alignnone wp-image-33\" src=\"https:\/\/sisu.ut.ee\/wp-content\/uploads\/sites\/433\/pneumo1a.jpg\" title=\"pneumo1a.jpg\" alt=\"pneumo1a\" srcset=\"https:\/\/sisu.ut.ee\/wp-content\/uploads\/sites\/433\/pneumo1a.jpg 520w, https:\/\/sisu.ut.ee\/wp-content\/uploads\/sites\/433\/pneumo1a-300x225.jpg 300w\" sizes=\"auto, (max-width: 520px) 100vw, 520px\">\n<\/p>\n<p>\n\t<b>Freesturba kogumine moodsa pneumokogujaga Lavassaares<\/b>\n<\/p>\n<p>\n\t\u00a0\n<\/p>\n<p>\n\t\u00a0\n<\/p>\n<p>\n\t<img loading=\"lazy\" decoding=\"async\" width=\"520\" height=\"390\" class=\"alignnone wp-image-34\" src=\"https:\/\/sisu.ut.ee\/wp-content\/uploads\/sites\/433\/tykk_t2a.jpg\" title=\"tykk_t2a.jpg\" alt=\"tykk\" srcset=\"https:\/\/sisu.ut.ee\/wp-content\/uploads\/sites\/433\/tykk_t2a.jpg 520w, https:\/\/sisu.ut.ee\/wp-content\/uploads\/sites\/433\/tykk_t2a-300x225.jpg 300w\" sizes=\"auto, (max-width: 520px) 100vw, 520px\">\n<\/p>\n<p>\n\t<b>Kokkupressitud t\u00fckkturvas kuivab<\/b>\n<\/p>\n<p>\n\t\u00a0\n<\/p>\n<p>\n\t\u00a0\n<\/p>\n<p>\n\t<img loading=\"lazy\" decoding=\"async\" width=\"520\" height=\"390\" class=\"alignnone wp-image-35\" src=\"https:\/\/sisu.ut.ee\/wp-content\/uploads\/sites\/433\/tykk_t1a.jpg\" title=\"tykk_t1a.jpg\" alt=\"tykk2\" srcset=\"https:\/\/sisu.ut.ee\/wp-content\/uploads\/sites\/433\/tykk_t1a.jpg 520w, https:\/\/sisu.ut.ee\/wp-content\/uploads\/sites\/433\/tykk_t1a-300x225.jpg 300w\" sizes=\"auto, (max-width: 520px) 100vw, 520px\">\n<\/p>\n<p>\n\t<b>Ladustatud t\u00fckkturvas<\/b>\n<\/p>\n<p>\n\t\u00a0\n<\/p>\n<p>\n\t\u00a0\n<\/p>\n<p>\n\t<img loading=\"lazy\" decoding=\"async\" width=\"520\" height=\"390\" class=\"alignnone wp-image-36\" src=\"https:\/\/sisu.ut.ee\/wp-content\/uploads\/sites\/433\/plokk_t2a.jpg\" title=\"plokk_t2a.jpg\" alt=\"plokk_t2a\" srcset=\"https:\/\/sisu.ut.ee\/wp-content\/uploads\/sites\/433\/plokk_t2a.jpg 520w, https:\/\/sisu.ut.ee\/wp-content\/uploads\/sites\/433\/plokk_t2a-300x225.jpg 300w\" sizes=\"auto, (max-width: 520px) 100vw, 520px\">\n<\/p>\n<p>\n\t<b>Lahtil\u00f5igatud kuivav plokkturvas<\/b>\n<\/p>\n<p>\n\t\u00a0\n<\/p>\n<p>\n\t\u00a0\n<\/p>\n<p>\n\t<img loading=\"lazy\" decoding=\"async\" width=\"520\" height=\"390\" class=\"alignnone wp-image-37\" src=\"https:\/\/sisu.ut.ee\/wp-content\/uploads\/sites\/433\/plokk_t3a.jpg\" title=\"plokk_t3a.jpg\" alt=\"plokkt3a\" srcset=\"https:\/\/sisu.ut.ee\/wp-content\/uploads\/sites\/433\/plokk_t3a.jpg 520w, https:\/\/sisu.ut.ee\/wp-content\/uploads\/sites\/433\/plokk_t3a-300x225.jpg 300w\" sizes=\"auto, (max-width: 520px) 100vw, 520px\">\n<\/p>\n<p>\n\t<b>Ladustatud plokkturvas<\/b>\n<\/p>\n<p>\n\t\u00a0\n<\/p>\n<p>\n\t<img loading=\"lazy\" decoding=\"async\" width=\"520\" height=\"390\" class=\"alignnone wp-image-38\" src=\"https:\/\/sisu.ut.ee\/wp-content\/uploads\/sites\/433\/vallist1a.jpg\" title=\"vallist1a.jpg\" alt=\"vallist1a\" srcset=\"https:\/\/sisu.ut.ee\/wp-content\/uploads\/sites\/433\/vallist1a.jpg 520w, https:\/\/sisu.ut.ee\/wp-content\/uploads\/sites\/433\/vallist1a-300x225.jpg 300w\" sizes=\"auto, (max-width: 520px) 100vw, 520px\">\n<\/p>\n<p>\n\t<b>Kuivanud freesturba kogumine vallist<\/b>\n<\/p>\n<p>\n\t\u00a0\n<\/p>\n<p>\n\tToodetud kuivturvas ja sellest valmistatud brikett on \u00fcks paremaid k\u00fctuseliike nii v\u00e4hese tuhasuse, k\u00f5rge k\u00fcttev\u00e4\u00e4rtuse kui ka keskkonnaohtlike lisandite madala sisalduse t\u00f5ttu.\n<\/p>\n<p>\n\t<img loading=\"lazy\" decoding=\"async\" width=\"390\" height=\"520\" class=\"alignnone wp-image-39\" src=\"https:\/\/sisu.ut.ee\/wp-content\/uploads\/sites\/433\/sqelut_t1a.jpg\" title=\"sqelut_t1a.jpg\" alt=\"sqelut_t1a\" srcset=\"https:\/\/sisu.ut.ee\/wp-content\/uploads\/sites\/433\/sqelut_t1a.jpg 390w, https:\/\/sisu.ut.ee\/wp-content\/uploads\/sites\/433\/sqelut_t1a-225x300.jpg 225w\" sizes=\"auto, (max-width: 390px) 100vw, 390px\">\n<\/p>\n<p>\n\t<b>Enne k\u00fcttebriketi valmistamist s\u00f5elutakse turvas, AS Sangla Turvas<\/b>\n<\/p>\n<p>\n\t\u00a0\n<\/p>\n<p>\n\t<img loading=\"lazy\" decoding=\"async\" width=\"520\" height=\"391\" class=\"alignnone wp-image-40\" src=\"https:\/\/sisu.ut.ee\/wp-content\/uploads\/sites\/433\/pqqrahi_sangla1a.jpg\" title=\"pqqrahi_sangla1a.jpg\" alt=\"sangla1\" srcset=\"https:\/\/sisu.ut.ee\/wp-content\/uploads\/sites\/433\/pqqrahi_sangla1a.jpg 520w, https:\/\/sisu.ut.ee\/wp-content\/uploads\/sites\/433\/pqqrahi_sangla1a-300x226.jpg 300w\" sizes=\"auto, (max-width: 520px) 100vw, 520px\">\n<\/p>\n<p>\n\t<b>Turvas kuivatatakse l\u00f5plikult p\u00f6\u00f6rdahjus, AS Sangla Turvas<\/b>\n<\/p>\n<p>\n\t\u00a0\n<\/p>\n<p>\n\t\u00a0\n<\/p>\n<p>\n\t<img loading=\"lazy\" decoding=\"async\" width=\"520\" height=\"390\" class=\"alignnone wp-image-41\" src=\"https:\/\/sisu.ut.ee\/wp-content\/uploads\/sites\/433\/t_pakk1a.jpg\" title=\"t_pakk1a.jpg\" alt=\"t_pakk1a\" srcset=\"https:\/\/sisu.ut.ee\/wp-content\/uploads\/sites\/433\/t_pakk1a.jpg 520w, https:\/\/sisu.ut.ee\/wp-content\/uploads\/sites\/433\/t_pakk1a-300x225.jpg 300w\" sizes=\"auto, (max-width: 520px) 100vw, 520px\">\n<\/p>\n<p>\n\t<b>Turbabriketi pakkimine m\u00fc\u00fcgiks, AS Sangla Turvas<\/b>\n<\/p>\n<p>\n\t\u00a0\n<\/p>\n<p>\n\t<b>Vaata videoid\u00a0turba tootmisest siit:\u00a0<\/b><a data-url=\"https:\/\/www.uttv.ee\/naita?id=4911\" href=\"https:\/\/www.uttv.ee\/naita?id=4911\" target=\"_blank\" title=\"\" rel=\"noopener\">Turba tootmine<\/a><\/p>\n","protected":false},"excerpt":{"rendered":"<p>Turvas\u00a0on orgaaniline maavara, milles mineraalainete sisaldus ei tohi \u00fcletada 35% kuivaine massist. Turvas kujuneb soodes surnud taimeosakestest, kus need vees hapnikuvaegusel t\u00e4ielikult ei lagune. Turvas on suure veesisaldusega (88-92%) orgaaniline aine, mis koosneb s\u00fcsinikust (50-60%), vesinikust (5-7%), hapnikust, sisaldab alati &#8230;<\/p>\n","protected":false},"author":226,"featured_media":0,"parent":0,"menu_order":0,"comment_status":"closed","ping_status":"closed","template":"","meta":{"_acf_changed":false,"inline_featured_image":false,"footnotes":""},"class_list":["post-8","page","type-page","status-publish","hentry"],"acf":[],"_links":{"self":[{"href":"https:\/\/sisu.ut.ee\/maavarad\/wp-json\/wp\/v2\/pages\/8","targetHints":{"allow":["GET"]}}],"collection":[{"href":"https:\/\/sisu.ut.ee\/maavarad\/wp-json\/wp\/v2\/pages"}],"about":[{"href":"https:\/\/sisu.ut.ee\/maavarad\/wp-json\/wp\/v2\/types\/page"}],"author":[{"embeddable":true,"href":"https:\/\/sisu.ut.ee\/maavarad\/wp-json\/wp\/v2\/users\/226"}],"replies":[{"embeddable":true,"href":"https:\/\/sisu.ut.ee\/maavarad\/wp-json\/wp\/v2\/comments?post=8"}],"version-history":[{"count":1,"href":"https:\/\/sisu.ut.ee\/maavarad\/wp-json\/wp\/v2\/pages\/8\/revisions"}],"predecessor-version":[{"id":164,"href":"https:\/\/sisu.ut.ee\/maavarad\/wp-json\/wp\/v2\/pages\/8\/revisions\/164"}],"wp:attachment":[{"href":"https:\/\/sisu.ut.ee\/maavarad\/wp-json\/wp\/v2\/media?parent=8"}],"curies":[{"name":"wp","href":"https:\/\/api.w.org\/{rel}","templated":true}]}}