{"id":7,"date":"2024-04-04T06:13:15","date_gmt":"2024-04-04T03:13:15","guid":{"rendered":"https:\/\/sisu.ut.ee\/maavarad\/maarajad-ja-oppevahendid\/"},"modified":"2024-04-16T14:01:40","modified_gmt":"2024-04-16T11:01:40","slug":"maarajad-ja-oppevahendid","status":"publish","type":"page","link":"https:\/\/sisu.ut.ee\/maavarad\/maarajad-ja-oppevahendid\/","title":{"rendered":"M\u00e4\u00e4rajad ja \u00f5ppevahendid"},"content":{"rendered":"<ul>\n<li><a href=\"https:\/\/sisu.ut.ee\/wp-content\/uploads\/sites\/433\/moisted.pdf\" data-fid=\"51919\">Maavarade kasutamisega seotud m\u00f5isted<\/a><\/li>\n<li><a href=\"https:\/\/sisu.ut.ee\/wp-content\/uploads\/sites\/433\/nouded.pdf\" data-fid=\"51920\">N\u00f5uded maavaradele maavaravaruna arvele v\u00f5tmiseks jamaavaravarude kasutusalad<\/a><\/li>\n<li><a href=\"https:\/\/sisu.ut.ee\/wp-content\/uploads\/sites\/433\/yleriigilised.pdf\" data-fid=\"51922\">\u00dcleriigilise t\u00e4htsusega maardlad<\/a><\/li>\n<li><a href=\"https:\/\/sisu.ut.ee\/wp-content\/uploads\/sites\/433\/maapou.pdf\" data-fid=\"51921\">Eesti maap\u00f5ue rikkused jamaavarade klassifikatsioon<\/a><\/li>\n<li><a href=\"https:\/\/sisu.ut.ee\/wp-content\/uploads\/sites\/433\/polevkivi.pdf\" data-fid=\"51923\">P\u00f5levkivi<\/a><\/li>\n<li><a href=\"https:\/\/sisu.ut.ee\/wp-content\/uploads\/sites\/433\/graptoliitargilliit.pdf\" data-fid=\"51924\">Graptoliitargilliit<\/a><\/li>\n<li><a href=\"https:\/\/sisu.ut.ee\/wp-content\/uploads\/sites\/433\/turvas.pdf\" data-fid=\"51925\">Turvas<\/a><\/li>\n<li><a href=\"https:\/\/sisu.ut.ee\/wp-content\/uploads\/sites\/433\/sood.pdf\" data-fid=\"51926\">Sood<\/a><\/li>\n<li><a href=\"https:\/\/sisu.ut.ee\/wp-content\/uploads\/sites\/433\/lubjakivi_dolomiit.pdf\" data-fid=\"51927\">Lubjakivi ja dolomiit<\/a><\/li>\n<li><a href=\"https:\/\/sisu.ut.ee\/wp-content\/uploads\/sites\/433\/liiv_kruus.pdf\" data-fid=\"51928\">Liiv ja kruus<\/a><\/li>\n<li><a href=\"https:\/\/sisu.ut.ee\/wp-content\/uploads\/sites\/433\/graniit.pdf\" data-fid=\"51929\">Graniit<\/a><\/li>\n<li><a href=\"https:\/\/sisu.ut.ee\/wp-content\/uploads\/sites\/433\/savi.pdf\" data-fid=\"51930\">Savi<\/a><\/li>\n<li><a href=\"https:\/\/sisu.ut.ee\/wp-content\/uploads\/sites\/433\/rauamaak.pdf\" data-fid=\"51931\">Rauamaak<\/a><\/li>\n<li><a href=\"https:\/\/sisu.ut.ee\/wp-content\/uploads\/sites\/433\/fosforiit.pdf\" data-fid=\"51932\">Fosforiit<\/a><\/li>\n<li><a href=\"https:\/\/sisu.ut.ee\/wp-content\/uploads\/sites\/433\/jarvemuda.pdf\" data-fid=\"51933\">J\u00e4rvemuda ja meremuda<\/a><\/li>\n<li><a href=\"https:\/\/sisu.ut.ee\/wp-content\/uploads\/sites\/433\/jarvelubi.pdf\" data-fid=\"51934\">J\u00e4rvelubi<\/a><\/li>\n<\/ul>\n<p>\u00a0<\/p>\n\n\n<div class=\"wp-block-group attached-files-group is-layout-constrained wp-block-group-is-layout-constrained\">\n<div class=\"wp-block-file\"><a id=\"wp-block-file--media-5f90cc55-4e7b-4f52-8dd4-b612d63b37b8\" href=\"https:\/\/sisu.ut.ee\/wp-content\/uploads\/sites\/433\/moisted.pdf\" target=\"_blank\" rel=\"noreferrer noopener\">moisted.pdf<\/a><\/div>\n\n\n\n<div class=\"wp-block-file\"><a id=\"wp-block-file--media-d9822ba0-c6c6-4cf5-bfe5-d61896358023\" href=\"https:\/\/sisu.ut.ee\/wp-content\/uploads\/sites\/433\/nouded.pdf\" target=\"_blank\" rel=\"noreferrer noopener\">nouded.pdf<\/a><\/div>\n\n\n\n<div class=\"wp-block-file\"><a id=\"wp-block-file--media-447e9086-59c3-4bec-840e-1cc30bdca668\" href=\"https:\/\/sisu.ut.ee\/wp-content\/uploads\/sites\/433\/maapou.pdf\" target=\"_blank\" rel=\"noreferrer noopener\">maapou.pdf<\/a><\/div>\n\n\n\n<div class=\"wp-block-file\"><a id=\"wp-block-file--media-e0e55896-0612-47e6-b9b5-5764154cbda8\" href=\"https:\/\/sisu.ut.ee\/wp-content\/uploads\/sites\/433\/yleriigilised.pdf\" target=\"_blank\" rel=\"noreferrer noopener\">yleriigilised.pdf<\/a><\/div>\n\n\n\n<div class=\"wp-block-file\"><a id=\"wp-block-file--media-4fee2a7d-ee4d-4bef-9c1c-bb5ad46c1409\" href=\"https:\/\/sisu.ut.ee\/wp-content\/uploads\/sites\/433\/polevkivi.pdf\" target=\"_blank\" rel=\"noreferrer noopener\">polevkivi.pdf<\/a><\/div>\n<\/div>\n","protected":false},"excerpt":{"rendered":"<p>Maavarade kasutamisega seotud m\u00f5isted N\u00f5uded maavaradele maavaravaruna arvele v\u00f5tmiseks jamaavaravarude kasutusalad \u00dcleriigilise t\u00e4htsusega maardlad Eesti maap\u00f5ue rikkused jamaavarade klassifikatsioon P\u00f5levkivi Graptoliitargilliit Turvas Sood Lubjakivi ja dolomiit Liiv ja kruus Graniit Savi Rauamaak Fosforiit J\u00e4rvemuda ja meremuda J\u00e4rvelubi \u00a0<\/p>\n","protected":false},"author":226,"featured_media":0,"parent":0,"menu_order":0,"comment_status":"closed","ping_status":"closed","template":"","meta":{"_acf_changed":false,"inline_featured_image":false,"footnotes":""},"class_list":["post-7","page","type-page","status-publish","hentry"],"acf":[],"_links":{"self":[{"href":"https:\/\/sisu.ut.ee\/maavarad\/wp-json\/wp\/v2\/pages\/7","targetHints":{"allow":["GET"]}}],"collection":[{"href":"https:\/\/sisu.ut.ee\/maavarad\/wp-json\/wp\/v2\/pages"}],"about":[{"href":"https:\/\/sisu.ut.ee\/maavarad\/wp-json\/wp\/v2\/types\/page"}],"author":[{"embeddable":true,"href":"https:\/\/sisu.ut.ee\/maavarad\/wp-json\/wp\/v2\/users\/226"}],"replies":[{"embeddable":true,"href":"https:\/\/sisu.ut.ee\/maavarad\/wp-json\/wp\/v2\/comments?post=7"}],"version-history":[{"count":3,"href":"https:\/\/sisu.ut.ee\/maavarad\/wp-json\/wp\/v2\/pages\/7\/revisions"}],"predecessor-version":[{"id":178,"href":"https:\/\/sisu.ut.ee\/maavarad\/wp-json\/wp\/v2\/pages\/7\/revisions\/178"}],"wp:attachment":[{"href":"https:\/\/sisu.ut.ee\/maavarad\/wp-json\/wp\/v2\/media?parent=7"}],"curies":[{"name":"wp","href":"https:\/\/api.w.org\/{rel}","templated":true}]}}