{"id":5,"date":"2024-04-04T06:13:15","date_gmt":"2024-04-04T03:13:15","guid":{"rendered":"https:\/\/sisu.ut.ee\/maavarad\/kirjandust\/"},"modified":"2024-04-04T06:13:31","modified_gmt":"2024-04-04T03:13:31","slug":"kirjandust","status":"publish","type":"page","link":"https:\/\/sisu.ut.ee\/maavarad\/kirjandust\/","title":{"rendered":"Kirjandust Eesti maavaradest"},"content":{"rendered":"<p>\n\t<b>Aaloe, A.<\/b>\u00a01989. Kukersiidi geoloogilise uurimise ja kasutamise ajaloost. Teaduse ajaloo lehek\u00fclgi Eestist. VII kogumik, Geoloogia arengust Eestis, lk. 25-41.\n<\/p>\n<p>\n\t<b>Aaloe, A., Bauert, H. &amp; Soesoo, A.<\/b>\u00a02006. Kukersiit \u2013 Eesti p\u00f5levkivi. MT\u00dc GeoGuide Baltoscandia, Tallinn, 32 lk.\u00a0<a href=\"http:\/\/www.geoeducation.info\/geoturism\/polevkivi.php\" target=\"_blank\" rel=\"noopener\">Internet:<\/a>\n<\/p>\n<p>\n\t<b>Aarna, A.<\/b>\u00a01985. P\u00f5levkivi \u2013 meie t\u00e4htsaim maavara. Eesti Loodus, 3, 130-137.\n<\/p>\n<p>\n\t<b>Adamson, A. &amp; Pirrus, E.<\/b>\u00a01994. Eesti oma graniit. Eesti Loodus, 9, 280-282.\n<\/p>\n<p>\n\t<b>Allikmaa, A.<\/b>\u00a02000. Paekivist ehitus-viimistlusmaterjali tootmisest meil ja mujal. Keskkonnatehnika 3\/2000.\n<\/p>\n<p>\n\t<b>Bauert, H., Kattai, V., Petersell, V., Raudsep, R., Orru, M., Suuroja, K., Klein, V., Teedum\u00e4e, A., R\u00e4\u00e4gel, V., Pirrus, E., Ramst, R., Kask, J., Saarse, L.<\/b>\u00a01997. Mineral resources.\u00a0<i>In\u00a0<\/i>Raukas, A. and Teedum\u00e4e, A. (eds). Geology and Mineral Resources of Estonia, lk. 313-373.\u00a0<a href=\"http:\/\/sarv.gi.ee\/geology\/\" target=\"_blank\" rel=\"noopener\">Internet:<\/a>\n<\/p>\n<p>\n\t<b>Eesti Keskkonnategevuskava aastateks 2007-2013.<\/b>\u00a0Keskkonnaministeerium.\u00a0<a href=\"http:\/\/www.envir.ee\/orb.aw\/class=file\/action=preview\/id=380093\/Keskkonnategevuskava+2007-2013_20022007_rtf_1.pdf\" target=\"_blank\" rel=\"noopener\">Internet:<\/a>\n<\/p>\n<p>\n\t<b>Eesti looduskaitse arengukava aastani 2020 (eeln\u00f5u).<\/b>\u00a0Keskkonnaministeerium.\u00a0<a href=\"http:\/\/www.envir.ee\/1690\" target=\"_blank\" rel=\"noopener\">Internet:<\/a>\n<\/p>\n<p>\n\t<b>Eesti s\u00e4\u00e4stva arengu riiklik strateegia S\u00e4\u00e4stev Eesti 21.<\/b>\u00a0<a href=\"http:\/\/www.riigikantselei.ee\/failid\/Saastev_Eesti_21.pdf\" target=\"_blank\" rel=\"noopener\">Internet:<\/a>\n<\/p>\n<p>\n\t<b>Eesti Statistika.<\/b>\u00a0Loodusvarad ja nende kasutamine. Maavara kasutus 2009. aastal.\u00a0<a href=\"http:\/\/www.stat.ee\/loodusvarad-ja-nende-kasutamine\" target=\"_blank\" rel=\"noopener\">Internet:<\/a>\n<\/p>\n<p>\n\t<b>Ehitusmaavarade kaevandamise riiklik korraldamine.<\/b>\u00a0Riigikontrolli aruanne Riigikogule. Tallinn, 14. mai 2009.\u00a0<a href=\"http:\/\/www.environmental-auditing.org\/Portals\/0\/AuditFiles\/Estonia_f_est_Arrangement%20of%20Mining%20Mineral%20Resources%20Used%20in%20Construction.pdf\" target=\"_blank\" rel=\"noopener\">Internet:<\/a>\n<\/p>\n<p>\n\t<b>Ilomets, M.<\/b>\u00a01998. Sood \u2013 meie kaasavara Euroopa Liitu. Eesti Loodus 5-6.\n<\/p>\n<p>\n\t<b>Juske, A.<\/b>\u00a0Turba tootmine ja kasutamine l\u00e4bi aegade. Eesti Turvas, 1\/2 1993, 1\/1994.\n<\/p>\n<p>\n\t<b>Kaevandamisseadus.<\/b>\u00a0Majandus- ja Kommunikatsiooniministeerium.\u00a0<a href=\"https:\/\/www.riigiteataja.ee\/akt\/828901\" target=\"_blank\" rel=\"noopener\">Internet:<\/a>\n<\/p>\n<p>\n\t<b>Kask, J.<\/b>\u00a01976. Eesti tervisemudad ja nende uurimine. Eesti Loodus, 7, 430-434\n<\/p>\n<p>\n\t<b>Kask, J. &amp; Lutt, J.<\/b>\u00a01980. Haapsalu, Voosi ja Suurlahe tervisemuda. Eesti Loodus, 1, 18-20.\n<\/p>\n<p>\n\t<b>Kattai, V. and Lokk, U.<\/b>\u00a01995. Eesti p\u00f5levkivimaardla uuritusest ja bilansi seisundist. Eesti Geoloogiakeskuse Toimetised, 5\/1, 20-25\n<\/p>\n<p>\n\t<b>Kattai, V., Saadre, T., Savitski, L.<\/b>\u00a02000. Eesti p\u00f5levkivi geoloogia, ressurss, kaevandamistingimused. Tallinn, 226 lk.\n<\/p>\n<p>\n\t<b>Keskkonnaregistri maardlate nimistu.<\/b>\u00a0Maa-amet.\u00a0<a href=\"http:\/\/www.maaamet.ee\/index.php?lang_id=1&amp;page_id=280&amp;menu_id=0\" target=\"_blank\" rel=\"noopener\">Internet:<\/a>\n<\/p>\n<p>\n\t<b>Kevvai, L. &amp; K\u00e4rblane, H.<\/b>\u00a01992. Kas Maardu karj\u00e4\u00e4rialadel v\u00f5iks taastada p\u00f5llud? Eesti Loodus, 1, 46-48.\n<\/p>\n<p>\n\t<b>Kivim\u00e4gi, E.<\/b>\u00a01971. Eesti fosforiidivarud. Eesti Loodus, 3, 293-295.\n<\/p>\n<p>\n\t<b>Kivim\u00e4gi, E.<\/b>\u00a01974. Dikt\u00fconeemaargilliit \u2013 Eesti senikasutamata maavara. Eesti Loodus, 4 ja 5.\n<\/p>\n<p>\n\t<b>Lauringson, A.<\/b>\u00a01979. Kuidas soomaagist rauda saadi. Eesti Loodus, 3, 179-181\n<\/p>\n<p>\n\t<b>Liblik, V., Punning, J.-M.<\/b>\u00a01999. P\u00f5levkivi kaevandamise ja t\u00f6\u00f6tlemise keskkonnam\u00f5jud Kirde-Eestis. TP\u00dc \u00d6koloogia Instituut, Publikatsioonid 6\/1999, lk. 130-142.\n<\/p>\n<p>\n\t<b>Lode, E.<\/b>\u00a0Soode taastamine \u2013 eetika, esteetika ja keskkonnateadvuse k\u00fcsimus! Eesti Turvas 3-4\/1998; 1-3\/1999.\n<\/p>\n<p>\n\t<b>Looduslike ehitusmaterjalide kasutamise riiklik arengukava 2010\u20132020.<\/b>\u00a02010. Eesti vabariigi keskkonnaministeerium, Tallinn, 60 lk.\u00a0<a href=\"http:\/\/www.envir.ee\/orb.aw\/class=file\/action=preview\/id=1157758\/ArengukavaEelnou.PDF\" target=\"_blank\" rel=\"noopener\">Internet:<\/a>\n<\/p>\n<p>\n\t<b>Luha, A.<\/b>\u00a01946. Eesti maavarad. Rakendusgeoloogiline kokkuv\u00f5tlik \u00fclevaade. Tartu, 176 lk.\n<\/p>\n<p>\n\t<b>Maap\u00f5ueseadus.<\/b>\u00a0Keskkonnaministeerium.\u00a0<a href=\"https:\/\/www.riigiteataja.ee\/akt\/1011618\" target=\"_blank\" rel=\"noopener\">Internet:<\/a>\n<\/p>\n<p>\n\t<b>Mustj\u00f5gi, E.<\/b>\u00a01987. Rakvere fosforiidid ja nende kasutamisv\u00f5imalused. Eesti Loodus, 5, 315-317.\n<\/p>\n<p>\n\t<b>M\u00fc\u00fcrisepp, K. &amp; Heinsalu, H.<\/b>\u00a01989. Fosforiidi uurimisest ja kaevandamisest Eestis. Teaduse ajaloo lehek\u00fclgi Eestist. VII kogumik, Geoloogia arengust Eestis, lk. 43-55.\n<\/p>\n<p>\n\t<b>Oil Shale<\/b>, 1998, vol. 15, No. 2 Special. M\u00e4einstituudi eriv\u00e4ljaanne.\n<\/p>\n<p>\n\t<b>Oja, T.<\/b>\u00a02010. Fosforiidist on maailmas saamas valge kuld. Inseneeria, 10, 44-45\n<\/p>\n<p>\n\t<b>Orru, M.<\/b>\u00a01985. Kui palju on Eestis soid? Eesti Loodus, 10, 646-652.\n<\/p>\n<p>\n\t<b>Orru, M.<\/b>\u00a01995. Eesti turbasood. Teatmik. Eesti Geoloogiakeskus, Tallinn, 240 lk.\n<\/p>\n<p>\n\t<b>Orru, M., Orru, H.<\/b>\u00a02003. Kahjulikud elemendid Eesti turbas. Eesti Geoloogiakeskus.\n<\/p>\n<p>\n\t<b>Orru, M., Sirokova, M., Veldre, M.<\/b>\u00a01992. Eesti turbavaru. \u2013 Monograafia, Tallinn, 146 lk.\n<\/p>\n<p>\n\t<b>Palmre, H.<\/b>\u00a01946. Eesti klaasiliiv. Eesti NSV T\u00f6\u00f6stuse teadusliku uurimise instituut, Tartu, 55 lk.\n<\/p>\n<p>\n\t<b>Palmre, H.\u00a0<\/b>1961. Pol\u00fcmetalliliste maakide esinemisest ja uurimisest Eesti NSV-s. Eesti Loodus, 6, 359-361.\n<\/p>\n<p>\n\t<b>Perens, H.\u00a0<\/b>1997. Igale vallale oma kivi. Eesti Loodused 2\u201312\/1997.\n<\/p>\n<p>\n\t<b>Perens, H.\u00a0<\/b>1999. Esialgu aitab Eesti viie olulisema raidpae tundmisest. Keskkonnatehnika 6\/1999.\n<\/p>\n<p>\n\t<b>Perens, H.\u00a0<\/b>2003. Paekivi Eesti ehitistes I. \u00dcldiseloomustus. L\u00e4\u00e4ne-Eesti. Eesti Geoloogiakeskus, 132 lk.\n<\/p>\n<p>\n\t<b>Perens, H.<\/b>\u00a02004. Paekivi Eesti ehitistes II. Harju, Rapla ja J\u00e4rva maakond. Eesti Geoloogiakeskus, 144 lk.\n<\/p>\n<p>\n\t<b>Perens, H.\u00a0<\/b>2006. Paekivi Eesti ehitistes III. L\u00e4\u00e4ne-Viru, Ida-Viru ja J\u00f5geva maakond. Eesti Geoloogiakeskus.\n<\/p>\n<p>\n\t<b>Perens, H.\u00a0<\/b>2006. Maakivi kasutamisest L\u00f5una-Eestis. Keskkonnatehnika 1\/2006.\n<\/p>\n<p>\n\t<b>Pihlak, A.\u00a0<\/b>1985. P\u00f5levkivide s\u00fcttimine. Eesti Loodus, 11.\n<\/p>\n<p>\n\t<b>Pirrus, E.\u00a0<\/b>1973. Mida teame sinisavist. Eesti Loodus 11, 646-653.\n<\/p>\n<p>\n\t<b>Pirrus, E.\u00a0<\/b>1995. Kaoliniiti sisaldavad savid \u2013 L\u00f5una-Eesti hinnalisemaid maavarasid. Liivimaa Geoloogia, Tartu, lk. 85-94.\n<\/p>\n<p>\n\t<b>Pirrus, E.\u00a0<\/b>2000. Maavarade geoloogia. Tallinna Tehnika\u00fclikooli m\u00e4einstituut. Tallinn, 83 lk.\n<\/p>\n<p>\n\t<b>Pirrus, E. &amp; Tallinn, K.\u00a0<\/b>1993. Savi \u2013 meie rikkus ja vaesus. Eesti Loodus, 2: 40-42, 3: 106-108 4: 155-157.\n<\/p>\n<p>\n\t<b>Pobul, E.\u00a0<\/b>1959. Magnetilistest anomaaliatest Eesti NSV-s. Eesti Loodus, 2, 72-75.\n<\/p>\n<p>\n\t<b>Puura, I.\u00a0<\/b>(toim.) 1999. Eesti geoloogide kolmas \u00fclemaailmne kokkutulek. Eesti Maavarad. S\u00fcmpoosiumi materjalid ja ekskursioonijuht. Eesti Geoloogia Seltsi B\u00fcllet\u00e4\u00e4n 4, 80 lk.\n<\/p>\n<p>\n\t<b>P\u00f5ldvere, A.<\/b>\u00a02003. Kagu-Eesti rikas p\u00f5u. Eesti Loodus, 7\/8,\u00a0<a href=\"http:\/\/www.loodusajakiri.ee\/eesti_loodus\/artikkel417_415.html\" target=\"_blank\" rel=\"noopener\">Internet:<\/a>\n<\/p>\n<p>\n\t<b>Rahvatervise seadus.<\/b>\u00a0Sotsiaalministeerium.\u00a0<a href=\"https:\/\/www.riigiteataja.ee\/akt\/832080\" target=\"_blank\" rel=\"noopener\">Internet:<\/a>\n<\/p>\n<p>\n\t<b>Ramst, R.<\/b>\u00a01992. Eesti j\u00e4rvemudavaru. RE Eesti Geoloogiakeskus, Tallinn, 24 lk.\n<\/p>\n<p>\n\t<b>Ramst, R.<\/b>\u00a01999. Eesti j\u00e4rvemudade uurimisest ja kasutamisest. Eesti Turvas 1-3\/1999.\n<\/p>\n<p>\n\t<b>Rattas, M.; Kalm, V.; Kihno, K.; Liivrand, E.; Tinn, O.; T\u00e4navsuu-Milkeviciene, K.; Sakson, M.<\/b>\u00a02010. Chronology of Late Saalian and Middle Weichselian episodes of ice free lacustrine sedimentation recorded in the Arumetsa section, southwestern Estonia. Estonian Journal of Earth Sciences, 59, 2, 125-140.\u00a0<a href=\"http:\/\/www.kirj.ee\/17452\" target=\"_blank\" rel=\"noopener\">Internet:<\/a>\n<\/p>\n<p>\n\t<b>Raudsep, R.\u00a0<\/b>1982. Eesti fosforiit ja selle uued maardlad. Eesti Loodus, 8, 517-523.\n<\/p>\n<p>\n\t<b>Raudsep, R.<\/b>\u00a01987. Rakvere fosforiidi tekkelugu. Eesti Loodus, 7, 426-431.\n<\/p>\n<p>\n\t<b>Raudsep, R.<\/b>\u00a01997. K\u00fcmme aastat fosforiidis\u00f5jast. Eesti Loodus, 7, 316-318.\n<\/p>\n<p>\n\t<b>Raudsep, R.<\/b>\u00a02002. Maavarad. Eesti Ents\u00fcklopeedia 11. Tallinn, lk.107-112.\n<\/p>\n<p>\n\t<b>Raudsep, R., R\u00e4\u00e4gel, V.<\/b>\u00a0(koost.) 1993. Eesti maap\u00f5uerikkusi. Eesti Geoloogiakeskus, Tallinn, 34 lk.\n<\/p>\n<p>\n\t<b>Raudsep, R., R\u00e4\u00e4gel, V., Savitskaja, L. Orru, M., Kattai, V.<\/b>\u00a01993. Eesti maap\u00f5uerikkusi. Tallinn, 64 lk.\n<\/p>\n<p>\n\t<b>Raukas, A.<\/b>\u00a01995. Eesti Loodus. Maavarad, 74-91.\n<\/p>\n<p>\n\t<b>Reinsalu, E.<\/b>\u00a01998. M\u00e4emajandus. Tallinna Tehnika\u00fclikooli M\u00e4einstituut. Tallinn, 160 lk\n<\/p>\n<p>\n\t<b>Reinsalu E.<\/b>\u00a0(toim.) 2000. P\u00f5levkivi talutav kaevandamine. Konverentsi teesid ja artiklid, 26. mai 2000 J\u00f5hvi.\n<\/p>\n<p>\n\t<b>Reinsalu, E.\u00a0<\/b>2001. Altkaevandatud maa kasutamise tingimused ja piirangud. Keskkonnatehnika 5\/2001.\n<\/p>\n<p>\n\t<b>Reinsalu, E.<\/b>\u00a02001. Sillam\u00e4e uraanikaevandus. Keskkonnatehnika 2\/2001.\n<\/p>\n<p>\n\t<b>Reinsalu, E.\u00a0<\/b>2008. M\u00e4emajandus. Parandatud ja kommenteeritud elektrooniline teavik. Tallinna Tehnika\u00fclikool, Energeetikateaduskond, M\u00e4einstituut, 156 lk.\u00a0<a href=\"http:\/\/digi.lib.ttu.ee\/i\/?164\" target=\"_blank\" rel=\"noopener\">Internet:<\/a>\n<\/p>\n<p>\n\t<b>Reinsalu, E., Toomik, E., Valgma, I.<\/b>\u00a02002. Kaevandatud maa. Tallinna Tehnika\u00fclikooli m\u00e4einstituut. Tallinn, 97 lk.\n<\/p>\n<p>\n\t<b>R\u00f5\u00f5musoks, A.<\/b>\u00a01983. Eesti alusp\u00f5hja geoloogia. Tallinn 1983.\n<\/p>\n<p>\n\t<b>Riigi j\u00e4\u00e4tmekava 2008-2013.<\/b>\u00a0Keskkonnaministeerium.\u00a0<a href=\"http:\/\/www.envir.ee\/orb.aw\/class=file\/action=preview\/id=1075103\/RIIGI+J%C4%C4TMEKAVA+2008-2013.pdf\" target=\"_blank\" rel=\"noopener\">Internet:<\/a>\n<\/p>\n<p>\n\t<b>Siirde, A.<\/b>\u00a02011. Energeetika: juhtmeidpidi p\u00f5levkivi k\u00fcljes. Horisont, 2, 32-39\n<\/p>\n<p>\n\t<b>Sulbi, L.\u00a0<\/b>1988. Fosforiidialased hinnangud, anal\u00fc\u00fcsid ja ettepanekud \u2013 on need usutavad? Eesti Loodus, 1, 50-55.\n<\/p>\n<p>\n\t<b>S\u00e4\u00e4stva arengu seadus.<\/b>\u00a0Keskkonnaministeerium.\u00a0<a href=\"http:\/\/www.riigiteataja.ee\/ert\/act.jsp?id=13148461\" target=\"_blank\" rel=\"noopener\">Internet:<\/a>\n<\/p>\n<p>\n\t<b>Tallinn, K., R\u00e4\u00e4gel, V., Kurik, E.<\/b>\u00a01970. Joosu savileiukoht ja devoni kivistised. Eesti Loodus 12, 739-741.\n<\/p>\n<p>\n\t<b>Teedum\u00e4e, A.<\/b>\u00a01990. Lubjakivid Toolse fosforiidimaardlas. Eesti TA Toimetised. Geoloogia, 39, 33-38.\n<\/p>\n<p>\n\t<b>Teedum\u00e4e, A.\u00a0<\/b>1996. Maavararessursside klassifikatsioonidest. Eesti TA Toimetised. Geoloogia, 45, 46-50.\n<\/p>\n<p>\n\t<b>Tomberg, E.<\/b>\u00a02001. Eesti paekivivarud ja nende kasutamine. Keskkonnatehnika, 2\n<\/p>\n<p>\n\t<b>Tomberg, E.\u00a0<\/b>2003. Varangu j\u00e4rvekriit L\u00e4\u00e4ne-Viru rohelise maakonna kontseptsioonis. Keskkonnatehnika 4\/2003\n<\/p>\n<p>\n\t<b>Tomberg, E.\u00a0<\/b>2005. Rakke lubjatehase ajaloost. Keskkonnatehnika 2\/2005.\n<\/p>\n<p>\n\t<b>Turbas\u00f5da: muutused l\u00e4\u00e4nerindel.\u00a0<\/b>Eesti Loodus 2\/3, 2003: eriv\u00e4ljaanne.\n<\/p>\n<p>\n\t<b>Valgma, I.\u00a0<\/b>(koostaja) 2003. M\u00e4emasinad ja m\u00e4etehnika. Eesti M\u00e4ekonverentsi 2003 kogumik.\n<\/p>\n<p>\n\t<b>Valgma, I.\u00a0<\/b>(koostaja) 2005. Ehitusmaterjalide kaevandamine ja varud. Eesti M\u00e4ekonverentsi 2005 kogumik.\n<\/p>\n<p>\n\t<b>Valk, U.\u00a0<\/b>1988. Eesti sood. Tallinn Valgus.\n<\/p>\n<p>\n\t<b>Valgma, I.\u00a0<\/b>(koostaja) 2006. 90 aastat p\u00f5levkivi kaevandamisest Eestis. Eesti M\u00e4ekonverentsi 2006 kogumik.\n<\/p>\n<p>\n\t<b>Veiderma, M.\u00a0<\/b>1985. Eesti NSV fosforiidimaardlate ratsionaalne kasutamine. Eesti Loodus, 5, 284-289.\n<\/p>\n<p>\n\t<b>Veiderma, M.\u00a0<\/b>1982. Rakvere fosforiit. Eesti Loodus, 9, 576-580.\n<\/p>\n<p>\n\t<b>Veiderma, M. &amp; Viisimaa, L.\u00a0<\/b>1989. Mikrokomponendid fosfaattoormes ja v\u00e4etistes. Eesti Loodus, 12, 766-772.\n<\/p>\n<p>\n\t<b>V\u00e4lis\u00f5hu kaitse seadus.<\/b>\u00a0Keskkonnaministeerium.<a href=\"http:\/\/www.riigiteataja.ee\/ert\/act.jsp?id=13202035\" target=\"_blank\" rel=\"noopener\">\u00a0Internet:<\/a>\n<\/p>\n<p>\n\t<b>Zhang, Y.-D., &amp; Lenz, A. C.\u00a0<\/b>1997. Uppermost Wenlock and Ludlow graptolites from southern Yunnan, China. Canadian Journal of Earth Sciences, 34, 1220-1238<\/p>\n","protected":false},"excerpt":{"rendered":"<p>Aaloe, A.\u00a01989. Kukersiidi geoloogilise uurimise ja kasutamise ajaloost. Teaduse ajaloo lehek\u00fclgi Eestist. VII kogumik, Geoloogia arengust Eestis, lk. 25-41. Aaloe, A., Bauert, H. &amp; Soesoo, A.\u00a02006. Kukersiit \u2013 Eesti p\u00f5levkivi. MT\u00dc GeoGuide Baltoscandia, Tallinn, 32 lk.\u00a0Internet: Aarna, A.\u00a01985. P\u00f5levkivi \u2013 &#8230;<\/p>\n","protected":false},"author":226,"featured_media":0,"parent":0,"menu_order":0,"comment_status":"closed","ping_status":"closed","template":"","meta":{"_acf_changed":false,"inline_featured_image":false,"footnotes":""},"class_list":["post-5","page","type-page","status-publish","hentry"],"acf":[],"_links":{"self":[{"href":"https:\/\/sisu.ut.ee\/maavarad\/wp-json\/wp\/v2\/pages\/5","targetHints":{"allow":["GET"]}}],"collection":[{"href":"https:\/\/sisu.ut.ee\/maavarad\/wp-json\/wp\/v2\/pages"}],"about":[{"href":"https:\/\/sisu.ut.ee\/maavarad\/wp-json\/wp\/v2\/types\/page"}],"author":[{"embeddable":true,"href":"https:\/\/sisu.ut.ee\/maavarad\/wp-json\/wp\/v2\/users\/226"}],"replies":[{"embeddable":true,"href":"https:\/\/sisu.ut.ee\/maavarad\/wp-json\/wp\/v2\/comments?post=5"}],"version-history":[{"count":1,"href":"https:\/\/sisu.ut.ee\/maavarad\/wp-json\/wp\/v2\/pages\/5\/revisions"}],"predecessor-version":[{"id":167,"href":"https:\/\/sisu.ut.ee\/maavarad\/wp-json\/wp\/v2\/pages\/5\/revisions\/167"}],"wp:attachment":[{"href":"https:\/\/sisu.ut.ee\/maavarad\/wp-json\/wp\/v2\/media?parent=5"}],"curies":[{"name":"wp","href":"https:\/\/api.w.org\/{rel}","templated":true}]}}