{"id":4,"date":"2024-04-04T06:13:15","date_gmt":"2024-04-04T03:13:15","guid":{"rendered":"https:\/\/sisu.ut.ee\/maavarad\/tanu\/"},"modified":"2024-04-04T06:13:31","modified_gmt":"2024-04-04T03:13:31","slug":"tanu","status":"publish","type":"page","link":"https:\/\/sisu.ut.ee\/maavarad\/tanu\/","title":{"rendered":"T\u00e4nuavaldused"},"content":{"rendered":"<p>\n\tKodulehe valmimise eest olen v\u00e4ga t\u00e4nulik firmadele, kes lubasid meil k\u00fclastada oma tootmist ja jagasid seal lahkelt juhatusi. Suurt vastutulelikkust ilmutasid firmad\u00a0<a href=\"http:\/\/www.keemiatoostus.ee\/\" target=\"_blank\" rel=\"noopener\"><b>Kivi\u00f5li Keemiat\u00f6\u00f6stuse O\u00dc<\/b><\/a>,\u00a0<a href=\"http:\/\/www.vapo.ee\/\" target=\"_blank\" rel=\"noopener\"><b>AS Tootsi Turvas (Vapo OY)<\/b><\/a>,\u00a0<a href=\"http:\/\/www.sanglaturvas.ee\/\" target=\"_blank\" rel=\"noopener\"><b>AS Sangla Turvas<\/b><\/a>,\u00a0<a href=\"http:\/\/www.heidelbergcement.com\/ee\/et\/kunda\/home.htm\" target=\"_blank\" rel=\"noopener\"><b>AS Kunda Nordic Tsement<\/b><\/a>,\u00a0<a href=\"http:\/\/www.wienerberger.ee\/servlet\/Satellite?pagename=Wienerberger\/Page\/Start05&amp;sl=wb_ee_home_et\" target=\"_blank\" rel=\"noopener\"><b>AS Wienerberger Aseri tehas<\/b><\/a>,\u00a0<a href=\"http:\/\/www.revalstone.com\/\" target=\"_blank\" rel=\"noopener\"><b>Reval Stone \u2013 O\u00dc Saare Dolomiit \u2013 V\u00e4okivi<\/b><\/a>. Isiklikult soovin t\u00e4nu avaldada\u00a0<b>Andrei Karevile<\/b>\u00a0Aserist,\u00a0<b>\u00dclari Paile<\/b>\u00a0ja\u00a0<b>Peeter Toomile<\/b>\u00a0Kundast, suurep\u00e4rastele giidile P\u00f5hja-Kivi\u00f5li karj\u00e4\u00e4ris, Lavassaare rabas, Sangla rabas ja tehases ning V\u00e4okivi tehases ja karj\u00e4\u00e4ris. Suurt tuge sain ka kollegidelt\u00a0<b>Juho Kirsilt<\/b>\u00a0ja\u00a0<b>Maris Rattaselt<\/b>, kes tegid arvukalt parandusi ja t\u00e4iendusi.\n<\/p>\n<p>\n\t\u00a0\n<\/p>\n<p>\n\t\t<img loading=\"lazy\" decoding=\"async\" width=\"520\" height=\"390\" class=\"alignnone wp-image-19\" src=\"https:\/\/sisu.ut.ee\/wp-content\/uploads\/sites\/433\/aseri1a.jpg\" title=\"aseri1a.jpg\" alt=\"aseri1\" srcset=\"https:\/\/sisu.ut.ee\/wp-content\/uploads\/sites\/433\/aseri1a.jpg 520w, https:\/\/sisu.ut.ee\/wp-content\/uploads\/sites\/433\/aseri1a-300x225.jpg 300w\" sizes=\"auto, (max-width: 520px) 100vw, 520px\">\n\t<\/p>\n<p>\n\t\tAndrei Karev Aseris\n\t<\/p>\n<p>\n\t\t<img loading=\"lazy\" decoding=\"async\" width=\"520\" height=\"390\" class=\"alignnone wp-image-20\" src=\"https:\/\/sisu.ut.ee\/wp-content\/uploads\/sites\/433\/sangla1a.jpg\" title=\"sangla1a.jpg\" alt=\"sangla1\" srcset=\"https:\/\/sisu.ut.ee\/wp-content\/uploads\/sites\/433\/sangla1a.jpg 520w, https:\/\/sisu.ut.ee\/wp-content\/uploads\/sites\/433\/sangla1a-300x225.jpg 300w\" sizes=\"auto, (max-width: 520px) 100vw, 520px\">\n\t<\/p>\n<p>\n\t\tSuurep\u00e4rane giid Sanglas\n\t<\/p>\n<p>\n\t\t<img loading=\"lazy\" decoding=\"async\" width=\"520\" height=\"390\" class=\"alignnone wp-image-21\" src=\"https:\/\/sisu.ut.ee\/wp-content\/uploads\/sites\/433\/vao1a.jpg\" title=\"vao1a.jpg\" alt=\"vao1a\" srcset=\"https:\/\/sisu.ut.ee\/wp-content\/uploads\/sites\/433\/vao1a.jpg 520w, https:\/\/sisu.ut.ee\/wp-content\/uploads\/sites\/433\/vao1a-300x225.jpg 300w\" sizes=\"auto, (max-width: 520px) 100vw, 520px\">\n\t<\/p>\n<p>\n\t\tTootmisdirektor V\u00e4os\n\t<\/p>\n","protected":false},"excerpt":{"rendered":"<p>Kodulehe valmimise eest olen v\u00e4ga t\u00e4nulik firmadele, kes lubasid meil k\u00fclastada oma tootmist ja jagasid seal lahkelt juhatusi. Suurt vastutulelikkust ilmutasid firmad\u00a0Kivi\u00f5li Keemiat\u00f6\u00f6stuse O\u00dc,\u00a0AS Tootsi Turvas (Vapo OY),\u00a0AS Sangla Turvas,\u00a0AS Kunda Nordic Tsement,\u00a0AS Wienerberger Aseri tehas,\u00a0Reval Stone \u2013 O\u00dc Saare &#8230;<\/p>\n","protected":false},"author":226,"featured_media":0,"parent":0,"menu_order":0,"comment_status":"closed","ping_status":"closed","template":"","meta":{"_acf_changed":false,"inline_featured_image":false,"footnotes":""},"class_list":["post-4","page","type-page","status-publish","hentry"],"acf":[],"_links":{"self":[{"href":"https:\/\/sisu.ut.ee\/maavarad\/wp-json\/wp\/v2\/pages\/4","targetHints":{"allow":["GET"]}}],"collection":[{"href":"https:\/\/sisu.ut.ee\/maavarad\/wp-json\/wp\/v2\/pages"}],"about":[{"href":"https:\/\/sisu.ut.ee\/maavarad\/wp-json\/wp\/v2\/types\/page"}],"author":[{"embeddable":true,"href":"https:\/\/sisu.ut.ee\/maavarad\/wp-json\/wp\/v2\/users\/226"}],"replies":[{"embeddable":true,"href":"https:\/\/sisu.ut.ee\/maavarad\/wp-json\/wp\/v2\/comments?post=4"}],"version-history":[{"count":1,"href":"https:\/\/sisu.ut.ee\/maavarad\/wp-json\/wp\/v2\/pages\/4\/revisions"}],"predecessor-version":[{"id":168,"href":"https:\/\/sisu.ut.ee\/maavarad\/wp-json\/wp\/v2\/pages\/4\/revisions\/168"}],"wp:attachment":[{"href":"https:\/\/sisu.ut.ee\/maavarad\/wp-json\/wp\/v2\/media?parent=4"}],"curies":[{"name":"wp","href":"https:\/\/api.w.org\/{rel}","templated":true}]}}